{"id":46654,"date":"2024-02-14T06:42:48","date_gmt":"2024-02-14T05:42:48","guid":{"rendered":"https:\/\/truusk.store\/product\/akbar-barnbil-mercedes-benz-design-300-s-design-svart\/"},"modified":"2026-03-12T09:31:35","modified_gmt":"2026-03-12T08:31:35","slug":"truusk-transportvagn-for-hundar-och-katter-2-i-1-design-hopfallbar-regnskydd-natventiler-kudde-for-djur-upp-till-10","status":"publish","type":"product","link":"https:\/\/truusk.store\/sv\/produkt\/truusk-transportvagn-for-hundar-och-katter-2-i-1-design-hopfallbar-regnskydd-natventiler-kudde-for-djur-upp-till-10\/","title":{"rendered":"TRUUSK Transportvagn f\u00f6r hundar och katter &#8211; 2-i-1 design &#8211; Hopf\u00e4llbar &#8211; Regnskydd &#8211; N\u00e4tventiler &#8211; Kudde &#8211; F\u00f6r djur upp till 10"},"content":{"rendered":"<p>Sl\u00e4pp loss det roliga med v\u00e5r barnrutschkana! F\u00f6rvaringsutrymmet under sitsen ger plats f\u00f6r leksaker och g\u00f6r att du kan fylla det med \u00e4nnu fler tillbeh\u00f6r om du vill ge ditt barn det roliga med en cool utomhusleksak. Denna bil designades med s\u00e4rskild uppm\u00e4rksamhet p\u00e5 s\u00e4kerhet och har en anti-rollover-anordning. Denna \u00e5kande bil \u00e4r en fantastisk present som omedelbart kommer att bli en favoritleksak.<\/p>\n<h3>Beskrivning:<\/h3>\n<ul>\n<li>F\u00f6rvaringsutrymme under sitsen, din lilla hemliga bas f\u00f6r att f\u00f6rvara snacks och leksaker<\/li>\n<li>Officiellt licensierad av Mercedes-Benz 300S<\/li>\n<li>Har en anti-rollover-anordning f\u00f6r att f\u00f6rhindra v\u00e4ltning.<\/li>\n<li>Stor ratt, l\u00e4tt att styra<\/li>\n<li>Fot-till-mark-design, perfekt som \u00e5kbil<\/li>\n<li>Montering kr\u00e4vs<\/li>\n<\/ul>\n<h3>Teknisk data:<\/h3>\n<ul>\n<li>Svart f\u00e4rg<\/li>\n<li>Material: plast, metall<\/li>\n<li>\u00d6vergripande m\u00e5tt: 77,5L x 41,5W x 45H cm<\/li>\n<li>Sitsens m\u00e5tt: 15W x 30D x 27H cm (fr\u00e5n golvet)<\/li>\n<li>Ryggst\u00f6dsm\u00e5tt: 15W x 10H cm<\/li>\n<li>F\u00f6rvaringsm\u00e5tt: 25L x 15W x 19H cm<\/li>\n<li>Hjulm\u00e5tt: 18cm<\/li>\n<li>Viktkapacitet: 25 kg<\/li>\n<li>Kvalificerings\u00e5lder\/l\u00e4mplig \u00e5lder: 18-48 m\u00e5nader<\/li>\n<\/ul>\n<h3>Leveransens omfattning:<\/h3>\n<ul>\n<li>1 x \u00e5kbil<\/li>\n<li>1 x Instruktioner<\/li>\n<\/ul>\n","protected":false},"excerpt":{"rendered":"<p>Sl\u00e4pp loss det roliga med v\u00e5r barnrutschkana! F\u00f6rvaringsutrymmet under sitsen ger plats f\u00f6r leksaker och g\u00f6r att du kan fylla&#8230;<\/p>\n","protected":false},"featured_media":46655,"template":"","meta":[],"product_brand":[],"product_cat":[609,613,610],"product_tag":[],"class_list":{"0":"post-46654","1":"product","2":"type-product","3":"status-publish","4":"has-post-thumbnail","6":"product_cat-baby-barn","7":"product_cat-balansera-cyklar-och-akande","8":"product_cat-barnfordon","10":"first","11":"instock","12":"sale","13":"taxable","14":"shipping-taxable","15":"purchasable","16":"product-type-simple"},"yoast_head":"<!-- This site is optimized with the Yoast SEO plugin v25.4 - https:\/\/yoast.com\/wordpress\/plugins\/seo\/ -->\n<title>TRUUSK Transportvagn f\u00f6r hundar och katter - 2-i-1 design - Hopf\u00e4llbar - Regnskydd - N\u00e4tventiler - Kudde - F\u00f6r djur upp till 10 - TRUUSK - Hem, Tr\u00e4dg\u00e5rd &amp; Fritid<\/title>\n<meta name=\"robots\" content=\"index, follow, max-snippet:-1, max-image-preview:large, max-video-preview:-1\" \/>\n<link rel=\"canonical\" href=\"https:\/\/truusk.store\/sv\/produkt\/truusk-transportvagn-for-hundar-och-katter-2-i-1-design-hopfallbar-regnskydd-natventiler-kudde-for-djur-upp-till-10\/\" \/>\n<meta property=\"og:locale\" content=\"sv_SE\" \/>\n<meta property=\"og:type\" content=\"article\" \/>\n<meta property=\"og:title\" content=\"TRUUSK Transportvagn f\u00f6r hundar och katter - 2-i-1 design - Hopf\u00e4llbar - Regnskydd - N\u00e4tventiler - Kudde - F\u00f6r djur upp till 10 - TRUUSK - Hem, Tr\u00e4dg\u00e5rd &amp; Fritid\" \/>\n<meta property=\"og:description\" content=\"Sl\u00e4pp loss det roliga med v\u00e5r barnrutschkana! F\u00f6rvaringsutrymmet under sitsen ger plats f\u00f6r leksaker och g\u00f6r att du kan fylla...\" \/>\n<meta property=\"og:url\" content=\"https:\/\/truusk.store\/sv\/produkt\/truusk-transportvagn-for-hundar-och-katter-2-i-1-design-hopfallbar-regnskydd-natventiler-kudde-for-djur-upp-till-10\/\" \/>\n<meta property=\"og:site_name\" content=\"TRUUSK - Hem, Tr\u00e4dg\u00e5rd &amp; Fritid\" \/>\n<meta property=\"article:modified_time\" content=\"2026-03-12T08:31:35+00:00\" \/>\n<meta property=\"og:image\" content=\"https:\/\/i0.wp.com\/truusk.se\/wp-content\/uploads\/2024\/02\/akbar-barnbil-mercedes-benz-design-300-s-design-svart.webp?fit=800%2C800&ssl=1\" \/>\n\t<meta property=\"og:image:width\" content=\"800\" \/>\n\t<meta property=\"og:image:height\" content=\"800\" \/>\n\t<meta property=\"og:image:type\" content=\"image\/webp\" \/>\n<meta name=\"twitter:card\" content=\"summary_large_image\" \/>\n<meta name=\"twitter:label1\" content=\"Ber\u00e4knad l\u00e4stid\" \/>\n\t<meta name=\"twitter:data1\" content=\"1 minut\" \/>\n<!-- \/ Yoast SEO plugin. -->","yoast_head_json":{"title":"TRUUSK Transportvagn f\u00f6r hundar och katter - 2-i-1 design - Hopf\u00e4llbar - Regnskydd - N\u00e4tventiler - Kudde - F\u00f6r djur upp till 10 - TRUUSK - Hem, Tr\u00e4dg\u00e5rd &amp; Fritid","robots":{"index":"index","follow":"follow","max-snippet":"max-snippet:-1","max-image-preview":"max-image-preview:large","max-video-preview":"max-video-preview:-1"},"canonical":"https:\/\/truusk.store\/sv\/produkt\/truusk-transportvagn-for-hundar-och-katter-2-i-1-design-hopfallbar-regnskydd-natventiler-kudde-for-djur-upp-till-10\/","og_locale":"sv_SE","og_type":"article","og_title":"TRUUSK Transportvagn f\u00f6r hundar och katter - 2-i-1 design - Hopf\u00e4llbar - Regnskydd - N\u00e4tventiler - Kudde - F\u00f6r djur upp till 10 - TRUUSK - Hem, Tr\u00e4dg\u00e5rd &amp; Fritid","og_description":"Sl\u00e4pp loss det roliga med v\u00e5r barnrutschkana! F\u00f6rvaringsutrymmet under sitsen ger plats f\u00f6r leksaker och g\u00f6r att du kan fylla...","og_url":"https:\/\/truusk.store\/sv\/produkt\/truusk-transportvagn-for-hundar-och-katter-2-i-1-design-hopfallbar-regnskydd-natventiler-kudde-for-djur-upp-till-10\/","og_site_name":"TRUUSK - Hem, Tr\u00e4dg\u00e5rd &amp; Fritid","article_modified_time":"2026-03-12T08:31:35+00:00","og_image":[{"width":800,"height":800,"url":"https:\/\/i0.wp.com\/truusk.se\/wp-content\/uploads\/2024\/02\/akbar-barnbil-mercedes-benz-design-300-s-design-svart.webp?fit=800%2C800&ssl=1","type":"image\/webp"}],"twitter_card":"summary_large_image","twitter_misc":{"Ber\u00e4knad l\u00e4stid":"1 minut"},"schema":{"@context":"https:\/\/schema.org","@graph":[{"@type":"WebPage","@id":"https:\/\/truusk.store\/sv\/produkt\/truusk-transportvagn-for-hundar-och-katter-2-i-1-design-hopfallbar-regnskydd-natventiler-kudde-for-djur-upp-till-10\/","url":"https:\/\/truusk.store\/sv\/produkt\/truusk-transportvagn-for-hundar-och-katter-2-i-1-design-hopfallbar-regnskydd-natventiler-kudde-for-djur-upp-till-10\/","name":"TRUUSK Transportvagn f\u00f6r hundar och katter - 2-i-1 design - Hopf\u00e4llbar - Regnskydd - N\u00e4tventiler - Kudde - F\u00f6r djur upp till 10 - TRUUSK - Hem, Tr\u00e4dg\u00e5rd &amp; Fritid","isPartOf":{"@id":"https:\/\/truusk.store\/sv\/#website"},"primaryImageOfPage":{"@id":"https:\/\/truusk.store\/sv\/produkt\/truusk-transportvagn-for-hundar-och-katter-2-i-1-design-hopfallbar-regnskydd-natventiler-kudde-for-djur-upp-till-10\/#primaryimage"},"image":{"@id":"https:\/\/truusk.store\/sv\/produkt\/truusk-transportvagn-for-hundar-och-katter-2-i-1-design-hopfallbar-regnskydd-natventiler-kudde-for-djur-upp-till-10\/#primaryimage"},"thumbnailUrl":"https:\/\/i0.wp.com\/truusk.store\/wp-content\/uploads\/2024\/02\/akbar-barnbil-mercedes-benz-design-300-s-design-svart.webp?fit=800%2C800&ssl=1","datePublished":"2024-02-14T05:42:48+00:00","dateModified":"2026-03-12T08:31:35+00:00","breadcrumb":{"@id":"https:\/\/truusk.store\/sv\/produkt\/truusk-transportvagn-for-hundar-och-katter-2-i-1-design-hopfallbar-regnskydd-natventiler-kudde-for-djur-upp-till-10\/#breadcrumb"},"inLanguage":"sv-SE","potentialAction":[{"@type":"ReadAction","target":["https:\/\/truusk.store\/sv\/produkt\/truusk-transportvagn-for-hundar-och-katter-2-i-1-design-hopfallbar-regnskydd-natventiler-kudde-for-djur-upp-till-10\/"]}]},{"@type":"ImageObject","inLanguage":"sv-SE","@id":"https:\/\/truusk.store\/sv\/produkt\/truusk-transportvagn-for-hundar-och-katter-2-i-1-design-hopfallbar-regnskydd-natventiler-kudde-for-djur-upp-till-10\/#primaryimage","url":"https:\/\/i0.wp.com\/truusk.store\/wp-content\/uploads\/2024\/02\/akbar-barnbil-mercedes-benz-design-300-s-design-svart.webp?fit=800%2C800&ssl=1","contentUrl":"https:\/\/i0.wp.com\/truusk.store\/wp-content\/uploads\/2024\/02\/akbar-barnbil-mercedes-benz-design-300-s-design-svart.webp?fit=800%2C800&ssl=1","width":800,"height":800,"caption":"\u00c5kbar Barnbil Mercedes Benz Design 300 S Design, Svart 1"},{"@type":"BreadcrumbList","@id":"https:\/\/truusk.store\/sv\/produkt\/truusk-transportvagn-for-hundar-och-katter-2-i-1-design-hopfallbar-regnskydd-natventiler-kudde-for-djur-upp-till-10\/#breadcrumb","itemListElement":[{"@type":"ListItem","position":1,"name":"Home","item":"https:\/\/truusk.store\/sv\/"},{"@type":"ListItem","position":2,"name":"Shop","item":"https:\/\/truusk.store\/shop\/"},{"@type":"ListItem","position":3,"name":"TRUUSK Transportvagn f\u00f6r hundar och katter &#8211; 2-i-1 design &#8211; Hopf\u00e4llbar &#8211; Regnskydd &#8211; N\u00e4tventiler &#8211; Kudde &#8211; F\u00f6r djur upp till 10"}]},{"@type":"WebSite","@id":"https:\/\/truusk.store\/sv\/#website","url":"https:\/\/truusk.store\/sv\/","name":"TRUUSK - Hem, Tr\u00e4dg\u00e5rd & Fritid","description":"","publisher":{"@id":"https:\/\/truusk.store\/sv\/#organization"},"potentialAction":[{"@type":"SearchAction","target":{"@type":"EntryPoint","urlTemplate":"https:\/\/truusk.store\/sv\/?s={search_term_string}"},"query-input":{"@type":"PropertyValueSpecification","valueRequired":true,"valueName":"search_term_string"}}],"inLanguage":"sv-SE"},{"@type":"Organization","@id":"https:\/\/truusk.store\/sv\/#organization","name":"TRUUSK - Hem, Tr\u00e4dg\u00e5rd & Fritid","url":"https:\/\/truusk.store\/sv\/","logo":{"@type":"ImageObject","inLanguage":"sv-SE","@id":"https:\/\/truusk.store\/sv\/#\/schema\/logo\/image\/","url":"https:\/\/i0.wp.com\/truusk.store\/wp-content\/uploads\/2026\/03\/cropped-TRUUSK.png?fit=2032%2C917&ssl=1","contentUrl":"https:\/\/i0.wp.com\/truusk.store\/wp-content\/uploads\/2026\/03\/cropped-TRUUSK.png?fit=2032%2C917&ssl=1","width":2032,"height":917,"caption":"TRUUSK - Hem, Tr\u00e4dg\u00e5rd & Fritid"},"image":{"@id":"https:\/\/truusk.store\/sv\/#\/schema\/logo\/image\/"}}]}},"jetpack_sharing_enabled":true,"_links":{"self":[{"href":"https:\/\/truusk.store\/sv\/wp-json\/wp\/v2\/product\/46654","targetHints":{"allow":["GET"]}}],"collection":[{"href":"https:\/\/truusk.store\/sv\/wp-json\/wp\/v2\/product"}],"about":[{"href":"https:\/\/truusk.store\/sv\/wp-json\/wp\/v2\/types\/product"}],"wp:featuredmedia":[{"embeddable":true,"href":"https:\/\/truusk.store\/sv\/wp-json\/wp\/v2\/media\/46655"}],"wp:attachment":[{"href":"https:\/\/truusk.store\/sv\/wp-json\/wp\/v2\/media?parent=46654"}],"wp:term":[{"taxonomy":"product_brand","embeddable":true,"href":"https:\/\/truusk.store\/sv\/wp-json\/wp\/v2\/product_brand?post=46654"},{"taxonomy":"product_cat","embeddable":true,"href":"https:\/\/truusk.store\/sv\/wp-json\/wp\/v2\/product_cat?post=46654"},{"taxonomy":"product_tag","embeddable":true,"href":"https:\/\/truusk.store\/sv\/wp-json\/wp\/v2\/product_tag?post=46654"}],"curies":[{"name":"wp","href":"https:\/\/api.w.org\/{rel}","templated":true}]}}