{"id":46665,"date":"2024-02-14T06:43:27","date_gmt":"2024-02-14T05:43:27","guid":{"rendered":"https:\/\/truusk.store\/product\/industriell-design-sidobord-soffbord-sangbord-1-hylla-svart\/"},"modified":"2026-03-12T09:31:35","modified_gmt":"2026-03-12T08:31:35","slug":"truusk-svart-sidobord-med-industriell-design-perfekt-som-soffbord-eller-sangbord-1-hylla-modern-och-stilren-hallbar-och","status":"publish","type":"product","link":"https:\/\/truusk.store\/sv\/produkt\/truusk-svart-sidobord-med-industriell-design-perfekt-som-soffbord-eller-sangbord-1-hylla-modern-och-stilren-hallbar-och\/","title":{"rendered":"TRUUSK Svart Sidobord med Industriell Design &#8211; Perfekt som Soffbord eller S\u00e4ngbord &#8211; 1 Hylla &#8211; Modern och Stilren &#8211; H\u00e5llbar och"},"content":{"rendered":"<p>Om du beh\u00f6ver extra f\u00f6rvaring men har begr\u00e4nsat utrymme \u00e4r detta soffbord med f\u00f6rvaring den perfekta l\u00f6sningen. Med tv\u00e5 niv\u00e5er kan du visa blomvaser, b\u00f6cker, foton och andra dekorationer, ett utm\u00e4rkt st\u00e4lle att h\u00e5lla ihop dina favoritplagg. Den kompakta strukturen passar perfekt i tr\u00e5nga utrymmen och kan placeras bredvid en soffa eller s\u00e4ng.<\/p>\n<h3>Beskrivning:<\/h3>\n<ul>\n<li>Den sl\u00e5ende industriella designen ger en speciell touch till din heminredning<\/li>\n<li>Detta m\u00e5ngsidiga bord fungerar utm\u00e4rkt som nattduksbord, soffbord eller platsbesparande arrang\u00f6r f\u00f6r mindre utrymmen<\/li>\n<li>Med en rymlig bordsskiva och en f\u00f6rvaringstavla ger den tillr\u00e4ckligt med f\u00f6rvaringsutrymme f\u00f6r vardagliga f\u00f6rem\u00e5l<\/li>\n<li>Den robusta st\u00e5lramen \u00e4r helt pulverlackerad<\/li>\n<li>Den upph\u00f6jda basen g\u00f6r reng\u00f6ringen underifr\u00e5n enkel och dina f\u00f6rem\u00e5l f\u00f6rblir torra, \u00e4ven i h\u00e4ndelse av spill<\/li>\n<li>De halkfria fotskydden skyddar ditt golv fr\u00e5n repor<\/li>\n<li>Montering kr\u00e4vs<\/li>\n<\/ul>\n<h3>Teknisk data:<\/h3>\n<ul>\n<li>Svart f\u00e4rg<\/li>\n<li>Material: st\u00e5l<\/li>\n<li>\u00d6vergripande m\u00e5tt: 40L x 40W x 45H cm<\/li>\n<li>Hyllstorlek: 40L x 40W cm<\/li>\n<li>Hyllavst\u00e5nd: 29,5 cm<\/li>\n<li>Benh\u00f6jd: 14 cm<\/li>\n<li>Viktkapacitet: 20 kg (totalt), 10 kg (per hylla)<\/li>\n<\/ul>\n<h3>Leveransens omfattning:<\/h3>\n<ul>\n<li>1 x Sidobord<\/li>\n<li>1 x manuell<\/li>\n<\/ul>\n","protected":false},"excerpt":{"rendered":"<p>Om du beh\u00f6ver extra f\u00f6rvaring men har begr\u00e4nsat utrymme \u00e4r detta soffbord med f\u00f6rvaring den perfekta l\u00f6sningen. Med tv\u00e5 niv\u00e5er&#8230;<\/p>\n","protected":false},"featured_media":46666,"template":"","meta":[],"product_brand":[],"product_cat":[485,505,501],"product_tag":[],"class_list":{"0":"post-46665","1":"product","2":"type-product","3":"status-publish","4":"has-post-thumbnail","6":"product_cat-hus-bo","7":"product_cat-soffa-och-sidobord","8":"product_cat-tabeller","10":"first","11":"instock","12":"sale","13":"taxable","14":"shipping-taxable","15":"purchasable","16":"product-type-simple"},"yoast_head":"<!-- This site is optimized with the Yoast SEO plugin v25.4 - https:\/\/yoast.com\/wordpress\/plugins\/seo\/ -->\n<title>TRUUSK Svart Sidobord med Industriell Design - Perfekt som Soffbord eller S\u00e4ngbord - 1 Hylla - Modern och Stilren - H\u00e5llbar och - TRUUSK - Hem, Tr\u00e4dg\u00e5rd &amp; Fritid<\/title>\n<meta name=\"robots\" content=\"index, follow, max-snippet:-1, max-image-preview:large, max-video-preview:-1\" \/>\n<link rel=\"canonical\" href=\"https:\/\/truusk.store\/sv\/produkt\/truusk-svart-sidobord-med-industriell-design-perfekt-som-soffbord-eller-sangbord-1-hylla-modern-och-stilren-hallbar-och\/\" \/>\n<meta property=\"og:locale\" content=\"sv_SE\" \/>\n<meta property=\"og:type\" content=\"article\" \/>\n<meta property=\"og:title\" content=\"TRUUSK Svart Sidobord med Industriell Design - Perfekt som Soffbord eller S\u00e4ngbord - 1 Hylla - Modern och Stilren - H\u00e5llbar och - TRUUSK - Hem, Tr\u00e4dg\u00e5rd &amp; Fritid\" \/>\n<meta property=\"og:description\" content=\"Om du beh\u00f6ver extra f\u00f6rvaring men har begr\u00e4nsat utrymme \u00e4r detta soffbord med f\u00f6rvaring den perfekta l\u00f6sningen. Med tv\u00e5 niv\u00e5er...\" \/>\n<meta property=\"og:url\" content=\"https:\/\/truusk.store\/sv\/produkt\/truusk-svart-sidobord-med-industriell-design-perfekt-som-soffbord-eller-sangbord-1-hylla-modern-och-stilren-hallbar-och\/\" \/>\n<meta property=\"og:site_name\" content=\"TRUUSK - Hem, Tr\u00e4dg\u00e5rd &amp; Fritid\" \/>\n<meta property=\"article:modified_time\" content=\"2026-03-12T08:31:35+00:00\" \/>\n<meta property=\"og:image\" content=\"https:\/\/i0.wp.com\/truusk.se\/wp-content\/uploads\/2024\/02\/industriell-design-sidobord-soffbord-sangbord-1-hylla-svart.webp?fit=800%2C800&ssl=1\" \/>\n\t<meta property=\"og:image:width\" content=\"800\" \/>\n\t<meta property=\"og:image:height\" content=\"800\" \/>\n\t<meta property=\"og:image:type\" content=\"image\/webp\" \/>\n<meta name=\"twitter:card\" content=\"summary_large_image\" \/>\n<meta name=\"twitter:label1\" content=\"Ber\u00e4knad l\u00e4stid\" \/>\n\t<meta name=\"twitter:data1\" content=\"1 minut\" \/>\n<!-- \/ Yoast SEO plugin. -->","yoast_head_json":{"title":"TRUUSK Svart Sidobord med Industriell Design - Perfekt som Soffbord eller S\u00e4ngbord - 1 Hylla - Modern och Stilren - H\u00e5llbar och - TRUUSK - Hem, Tr\u00e4dg\u00e5rd &amp; Fritid","robots":{"index":"index","follow":"follow","max-snippet":"max-snippet:-1","max-image-preview":"max-image-preview:large","max-video-preview":"max-video-preview:-1"},"canonical":"https:\/\/truusk.store\/sv\/produkt\/truusk-svart-sidobord-med-industriell-design-perfekt-som-soffbord-eller-sangbord-1-hylla-modern-och-stilren-hallbar-och\/","og_locale":"sv_SE","og_type":"article","og_title":"TRUUSK Svart Sidobord med Industriell Design - Perfekt som Soffbord eller S\u00e4ngbord - 1 Hylla - Modern och Stilren - H\u00e5llbar och - TRUUSK - Hem, Tr\u00e4dg\u00e5rd &amp; Fritid","og_description":"Om du beh\u00f6ver extra f\u00f6rvaring men har begr\u00e4nsat utrymme \u00e4r detta soffbord med f\u00f6rvaring den perfekta l\u00f6sningen. Med tv\u00e5 niv\u00e5er...","og_url":"https:\/\/truusk.store\/sv\/produkt\/truusk-svart-sidobord-med-industriell-design-perfekt-som-soffbord-eller-sangbord-1-hylla-modern-och-stilren-hallbar-och\/","og_site_name":"TRUUSK - Hem, Tr\u00e4dg\u00e5rd &amp; Fritid","article_modified_time":"2026-03-12T08:31:35+00:00","og_image":[{"width":800,"height":800,"url":"https:\/\/i0.wp.com\/truusk.se\/wp-content\/uploads\/2024\/02\/industriell-design-sidobord-soffbord-sangbord-1-hylla-svart.webp?fit=800%2C800&ssl=1","type":"image\/webp"}],"twitter_card":"summary_large_image","twitter_misc":{"Ber\u00e4knad l\u00e4stid":"1 minut"},"schema":{"@context":"https:\/\/schema.org","@graph":[{"@type":"WebPage","@id":"https:\/\/truusk.store\/sv\/produkt\/truusk-svart-sidobord-med-industriell-design-perfekt-som-soffbord-eller-sangbord-1-hylla-modern-och-stilren-hallbar-och\/","url":"https:\/\/truusk.store\/sv\/produkt\/truusk-svart-sidobord-med-industriell-design-perfekt-som-soffbord-eller-sangbord-1-hylla-modern-och-stilren-hallbar-och\/","name":"TRUUSK Svart Sidobord med Industriell Design - Perfekt som Soffbord eller S\u00e4ngbord - 1 Hylla - Modern och Stilren - H\u00e5llbar och - TRUUSK - Hem, Tr\u00e4dg\u00e5rd &amp; Fritid","isPartOf":{"@id":"https:\/\/truusk.store\/sv\/#website"},"primaryImageOfPage":{"@id":"https:\/\/truusk.store\/sv\/produkt\/truusk-svart-sidobord-med-industriell-design-perfekt-som-soffbord-eller-sangbord-1-hylla-modern-och-stilren-hallbar-och\/#primaryimage"},"image":{"@id":"https:\/\/truusk.store\/sv\/produkt\/truusk-svart-sidobord-med-industriell-design-perfekt-som-soffbord-eller-sangbord-1-hylla-modern-och-stilren-hallbar-och\/#primaryimage"},"thumbnailUrl":"https:\/\/i0.wp.com\/truusk.store\/wp-content\/uploads\/2024\/02\/industriell-design-sidobord-soffbord-sangbord-1-hylla-svart.webp?fit=800%2C800&ssl=1","datePublished":"2024-02-14T05:43:27+00:00","dateModified":"2026-03-12T08:31:35+00:00","breadcrumb":{"@id":"https:\/\/truusk.store\/sv\/produkt\/truusk-svart-sidobord-med-industriell-design-perfekt-som-soffbord-eller-sangbord-1-hylla-modern-och-stilren-hallbar-och\/#breadcrumb"},"inLanguage":"sv-SE","potentialAction":[{"@type":"ReadAction","target":["https:\/\/truusk.store\/sv\/produkt\/truusk-svart-sidobord-med-industriell-design-perfekt-som-soffbord-eller-sangbord-1-hylla-modern-och-stilren-hallbar-och\/"]}]},{"@type":"ImageObject","inLanguage":"sv-SE","@id":"https:\/\/truusk.store\/sv\/produkt\/truusk-svart-sidobord-med-industriell-design-perfekt-som-soffbord-eller-sangbord-1-hylla-modern-och-stilren-hallbar-och\/#primaryimage","url":"https:\/\/i0.wp.com\/truusk.store\/wp-content\/uploads\/2024\/02\/industriell-design-sidobord-soffbord-sangbord-1-hylla-svart.webp?fit=800%2C800&ssl=1","contentUrl":"https:\/\/i0.wp.com\/truusk.store\/wp-content\/uploads\/2024\/02\/industriell-design-sidobord-soffbord-sangbord-1-hylla-svart.webp?fit=800%2C800&ssl=1","width":800,"height":800,"caption":"Industriell Design Sidobord, Soffbord, S\u00e4ngbord, 1 Hylla, Svart 1"},{"@type":"BreadcrumbList","@id":"https:\/\/truusk.store\/sv\/produkt\/truusk-svart-sidobord-med-industriell-design-perfekt-som-soffbord-eller-sangbord-1-hylla-modern-och-stilren-hallbar-och\/#breadcrumb","itemListElement":[{"@type":"ListItem","position":1,"name":"Home","item":"https:\/\/truusk.store\/sv\/"},{"@type":"ListItem","position":2,"name":"Shop","item":"https:\/\/truusk.store\/shop\/"},{"@type":"ListItem","position":3,"name":"TRUUSK Svart Sidobord med Industriell Design &#8211; Perfekt som Soffbord eller S\u00e4ngbord &#8211; 1 Hylla &#8211; Modern och Stilren &#8211; H\u00e5llbar och"}]},{"@type":"WebSite","@id":"https:\/\/truusk.store\/sv\/#website","url":"https:\/\/truusk.store\/sv\/","name":"TRUUSK - Hem, Tr\u00e4dg\u00e5rd & Fritid","description":"","publisher":{"@id":"https:\/\/truusk.store\/sv\/#organization"},"potentialAction":[{"@type":"SearchAction","target":{"@type":"EntryPoint","urlTemplate":"https:\/\/truusk.store\/sv\/?s={search_term_string}"},"query-input":{"@type":"PropertyValueSpecification","valueRequired":true,"valueName":"search_term_string"}}],"inLanguage":"sv-SE"},{"@type":"Organization","@id":"https:\/\/truusk.store\/sv\/#organization","name":"TRUUSK - Hem, Tr\u00e4dg\u00e5rd & Fritid","url":"https:\/\/truusk.store\/sv\/","logo":{"@type":"ImageObject","inLanguage":"sv-SE","@id":"https:\/\/truusk.store\/sv\/#\/schema\/logo\/image\/","url":"https:\/\/i0.wp.com\/truusk.store\/wp-content\/uploads\/2026\/03\/cropped-TRUUSK.png?fit=2032%2C917&ssl=1","contentUrl":"https:\/\/i0.wp.com\/truusk.store\/wp-content\/uploads\/2026\/03\/cropped-TRUUSK.png?fit=2032%2C917&ssl=1","width":2032,"height":917,"caption":"TRUUSK - Hem, Tr\u00e4dg\u00e5rd & Fritid"},"image":{"@id":"https:\/\/truusk.store\/sv\/#\/schema\/logo\/image\/"}}]}},"jetpack_sharing_enabled":true,"_links":{"self":[{"href":"https:\/\/truusk.store\/sv\/wp-json\/wp\/v2\/product\/46665","targetHints":{"allow":["GET"]}}],"collection":[{"href":"https:\/\/truusk.store\/sv\/wp-json\/wp\/v2\/product"}],"about":[{"href":"https:\/\/truusk.store\/sv\/wp-json\/wp\/v2\/types\/product"}],"wp:featuredmedia":[{"embeddable":true,"href":"https:\/\/truusk.store\/sv\/wp-json\/wp\/v2\/media\/46666"}],"wp:attachment":[{"href":"https:\/\/truusk.store\/sv\/wp-json\/wp\/v2\/media?parent=46665"}],"wp:term":[{"taxonomy":"product_brand","embeddable":true,"href":"https:\/\/truusk.store\/sv\/wp-json\/wp\/v2\/product_brand?post=46665"},{"taxonomy":"product_cat","embeddable":true,"href":"https:\/\/truusk.store\/sv\/wp-json\/wp\/v2\/product_cat?post=46665"},{"taxonomy":"product_tag","embeddable":true,"href":"https:\/\/truusk.store\/sv\/wp-json\/wp\/v2\/product_tag?post=46665"}],"curies":[{"name":"wp","href":"https:\/\/api.w.org\/{rel}","templated":true}]}}