{"id":46672,"date":"2024-02-14T06:43:43","date_gmt":"2024-02-14T05:43:43","guid":{"rendered":"https:\/\/truusk.store\/product\/sidobord-laptopbord-c-format-soffbord-med-stalstomme-svart\/"},"modified":"2026-03-12T09:31:36","modified_gmt":"2026-03-12T08:31:36","slug":"truusk-sidobord-laptopbord-c-format-soffbord-med-stalstomme-svart","status":"publish","type":"product","link":"https:\/\/truusk.store\/sv\/produkt\/truusk-sidobord-laptopbord-c-format-soffbord-med-stalstomme-svart\/","title":{"rendered":"TRUUSK Sidobord, Laptopbord, C-format Soffbord &#8211; Med St\u00e5lstomme &#8211; Svart"},"content":{"rendered":"<p>Ta din livsstil till en ny niv\u00e5 med sidobordet. Dess eleganta &#8221;C&#8221;-form m\u00f6jligg\u00f6r platsbesparande placering p\u00e5 kanten av din soffa, s\u00e4ng eller andra ytor utan att ta upp mycket plats. Tillverkad av robust st\u00e5l s\u00e4kerst\u00e4ller den en h\u00e5llbar konstruktion som enkelt uppfyller kraven f\u00f6r daglig anv\u00e4ndning och s\u00e4kerst\u00e4ller stabilitet hela tiden.<\/p>\n<h3>Beskrivning:<\/h3>\n<ul>\n<li>Den industriella designen ger ditt hem eller kontor ett attraktivt utseende<\/li>\n<li>Den unika C-formen \u00f6ppnar upp f\u00f6r ett brett utbud av installationsm\u00f6jligheter<\/li>\n<li>Den rymliga bordsskivan ger plats f\u00f6r drinkar, snacks och dekorationer<\/li>\n<li>Den pulverlackerade st\u00e5lramen s\u00e4kerst\u00e4ller stabilitet och livsl\u00e4ngd<\/li>\n<li>Tack vare de halkfria fotskydden f\u00f6rblir ditt golv repfritt<\/li>\n<li>Enkel montering kr\u00e4vs<\/li>\n<\/ul>\n<h3>Teknisk data:<\/h3>\n<ul>\n<li>Svart f\u00e4rg<\/li>\n<li>Material: st\u00e5l<\/li>\n<li>Totala m\u00e5tt: 46L x 26W x 60Hcm<\/li>\n<li>Bordsskivans storlek: 46L x 26Bcm<\/li>\n<li>Viktkapacitet: 8kg<\/li>\n<\/ul>\n<h3>Leveransens omfattning:<\/h3>\n<ul>\n<li>1 x Sidobord<\/li>\n<li>1 x manuell<\/li>\n<\/ul>\n","protected":false},"excerpt":{"rendered":"<p>Ta din livsstil till en ny niv\u00e5 med sidobordet. Dess eleganta &#8221;C&#8221;-form m\u00f6jligg\u00f6r platsbesparande placering p\u00e5 kanten av din soffa,&#8230;<\/p>\n","protected":false},"featured_media":46673,"template":"","meta":[],"product_brand":[],"product_cat":[485,505,501],"product_tag":[],"class_list":{"0":"post-46672","1":"product","2":"type-product","3":"status-publish","4":"has-post-thumbnail","6":"product_cat-hus-bo","7":"product_cat-soffa-och-sidobord","8":"product_cat-tabeller","10":"first","11":"instock","12":"sale","13":"taxable","14":"shipping-taxable","15":"purchasable","16":"product-type-simple"},"yoast_head":"<!-- This site is optimized with the Yoast SEO plugin v25.4 - https:\/\/yoast.com\/wordpress\/plugins\/seo\/ -->\n<title>TRUUSK Sidobord, Laptopbord, C-format Soffbord - Med St\u00e5lstomme - Svart - TRUUSK - Hem, Tr\u00e4dg\u00e5rd &amp; Fritid<\/title>\n<meta name=\"robots\" content=\"index, follow, max-snippet:-1, max-image-preview:large, max-video-preview:-1\" \/>\n<link rel=\"canonical\" href=\"https:\/\/truusk.store\/sv\/produkt\/truusk-sidobord-laptopbord-c-format-soffbord-med-stalstomme-svart\/\" \/>\n<meta property=\"og:locale\" content=\"sv_SE\" \/>\n<meta property=\"og:type\" content=\"article\" \/>\n<meta property=\"og:title\" content=\"TRUUSK Sidobord, Laptopbord, C-format Soffbord - Med St\u00e5lstomme - Svart - TRUUSK - Hem, Tr\u00e4dg\u00e5rd &amp; Fritid\" \/>\n<meta property=\"og:description\" content=\"Ta din livsstil till en ny niv\u00e5 med sidobordet. Dess eleganta &#8221;C&#8221;-form m\u00f6jligg\u00f6r platsbesparande placering p\u00e5 kanten av din soffa,...\" \/>\n<meta property=\"og:url\" content=\"https:\/\/truusk.store\/sv\/produkt\/truusk-sidobord-laptopbord-c-format-soffbord-med-stalstomme-svart\/\" \/>\n<meta property=\"og:site_name\" content=\"TRUUSK - Hem, Tr\u00e4dg\u00e5rd &amp; Fritid\" \/>\n<meta property=\"article:modified_time\" content=\"2026-03-12T08:31:36+00:00\" \/>\n<meta property=\"og:image\" content=\"https:\/\/i0.wp.com\/truusk.se\/wp-content\/uploads\/2024\/02\/sidobord-laptopbord-c-format-soffbord-med-stalstomme-svart.webp?fit=800%2C800&ssl=1\" \/>\n\t<meta property=\"og:image:width\" content=\"800\" \/>\n\t<meta property=\"og:image:height\" content=\"800\" \/>\n\t<meta property=\"og:image:type\" content=\"image\/webp\" \/>\n<meta name=\"twitter:card\" content=\"summary_large_image\" \/>\n<meta name=\"twitter:label1\" content=\"Ber\u00e4knad l\u00e4stid\" \/>\n\t<meta name=\"twitter:data1\" content=\"1 minut\" \/>\n<!-- \/ Yoast SEO plugin. -->","yoast_head_json":{"title":"TRUUSK Sidobord, Laptopbord, C-format Soffbord - Med St\u00e5lstomme - Svart - TRUUSK - Hem, Tr\u00e4dg\u00e5rd &amp; Fritid","robots":{"index":"index","follow":"follow","max-snippet":"max-snippet:-1","max-image-preview":"max-image-preview:large","max-video-preview":"max-video-preview:-1"},"canonical":"https:\/\/truusk.store\/sv\/produkt\/truusk-sidobord-laptopbord-c-format-soffbord-med-stalstomme-svart\/","og_locale":"sv_SE","og_type":"article","og_title":"TRUUSK Sidobord, Laptopbord, C-format Soffbord - Med St\u00e5lstomme - Svart - TRUUSK - Hem, Tr\u00e4dg\u00e5rd &amp; Fritid","og_description":"Ta din livsstil till en ny niv\u00e5 med sidobordet. Dess eleganta &#8221;C&#8221;-form m\u00f6jligg\u00f6r platsbesparande placering p\u00e5 kanten av din soffa,...","og_url":"https:\/\/truusk.store\/sv\/produkt\/truusk-sidobord-laptopbord-c-format-soffbord-med-stalstomme-svart\/","og_site_name":"TRUUSK - Hem, Tr\u00e4dg\u00e5rd &amp; Fritid","article_modified_time":"2026-03-12T08:31:36+00:00","og_image":[{"width":800,"height":800,"url":"https:\/\/i0.wp.com\/truusk.se\/wp-content\/uploads\/2024\/02\/sidobord-laptopbord-c-format-soffbord-med-stalstomme-svart.webp?fit=800%2C800&ssl=1","type":"image\/webp"}],"twitter_card":"summary_large_image","twitter_misc":{"Ber\u00e4knad l\u00e4stid":"1 minut"},"schema":{"@context":"https:\/\/schema.org","@graph":[{"@type":"WebPage","@id":"https:\/\/truusk.store\/sv\/produkt\/truusk-sidobord-laptopbord-c-format-soffbord-med-stalstomme-svart\/","url":"https:\/\/truusk.store\/sv\/produkt\/truusk-sidobord-laptopbord-c-format-soffbord-med-stalstomme-svart\/","name":"TRUUSK Sidobord, Laptopbord, C-format Soffbord - Med St\u00e5lstomme - Svart - TRUUSK - Hem, Tr\u00e4dg\u00e5rd &amp; Fritid","isPartOf":{"@id":"https:\/\/truusk.store\/sv\/#website"},"primaryImageOfPage":{"@id":"https:\/\/truusk.store\/sv\/produkt\/truusk-sidobord-laptopbord-c-format-soffbord-med-stalstomme-svart\/#primaryimage"},"image":{"@id":"https:\/\/truusk.store\/sv\/produkt\/truusk-sidobord-laptopbord-c-format-soffbord-med-stalstomme-svart\/#primaryimage"},"thumbnailUrl":"https:\/\/i0.wp.com\/truusk.store\/wp-content\/uploads\/2024\/02\/sidobord-laptopbord-c-format-soffbord-med-stalstomme-svart.webp?fit=800%2C800&ssl=1","datePublished":"2024-02-14T05:43:43+00:00","dateModified":"2026-03-12T08:31:36+00:00","breadcrumb":{"@id":"https:\/\/truusk.store\/sv\/produkt\/truusk-sidobord-laptopbord-c-format-soffbord-med-stalstomme-svart\/#breadcrumb"},"inLanguage":"sv-SE","potentialAction":[{"@type":"ReadAction","target":["https:\/\/truusk.store\/sv\/produkt\/truusk-sidobord-laptopbord-c-format-soffbord-med-stalstomme-svart\/"]}]},{"@type":"ImageObject","inLanguage":"sv-SE","@id":"https:\/\/truusk.store\/sv\/produkt\/truusk-sidobord-laptopbord-c-format-soffbord-med-stalstomme-svart\/#primaryimage","url":"https:\/\/i0.wp.com\/truusk.store\/wp-content\/uploads\/2024\/02\/sidobord-laptopbord-c-format-soffbord-med-stalstomme-svart.webp?fit=800%2C800&ssl=1","contentUrl":"https:\/\/i0.wp.com\/truusk.store\/wp-content\/uploads\/2024\/02\/sidobord-laptopbord-c-format-soffbord-med-stalstomme-svart.webp?fit=800%2C800&ssl=1","width":800,"height":800,"caption":"Sidobord, Laptopbord, C-format Soffbord, Med St\u00e5lstomme, Svart 1"},{"@type":"BreadcrumbList","@id":"https:\/\/truusk.store\/sv\/produkt\/truusk-sidobord-laptopbord-c-format-soffbord-med-stalstomme-svart\/#breadcrumb","itemListElement":[{"@type":"ListItem","position":1,"name":"Home","item":"https:\/\/truusk.store\/sv\/"},{"@type":"ListItem","position":2,"name":"Shop","item":"https:\/\/truusk.store\/shop\/"},{"@type":"ListItem","position":3,"name":"TRUUSK Sidobord, Laptopbord, C-format Soffbord &#8211; Med St\u00e5lstomme &#8211; Svart"}]},{"@type":"WebSite","@id":"https:\/\/truusk.store\/sv\/#website","url":"https:\/\/truusk.store\/sv\/","name":"TRUUSK - Hem, Tr\u00e4dg\u00e5rd & Fritid","description":"","publisher":{"@id":"https:\/\/truusk.store\/sv\/#organization"},"potentialAction":[{"@type":"SearchAction","target":{"@type":"EntryPoint","urlTemplate":"https:\/\/truusk.store\/sv\/?s={search_term_string}"},"query-input":{"@type":"PropertyValueSpecification","valueRequired":true,"valueName":"search_term_string"}}],"inLanguage":"sv-SE"},{"@type":"Organization","@id":"https:\/\/truusk.store\/sv\/#organization","name":"TRUUSK - Hem, Tr\u00e4dg\u00e5rd & Fritid","url":"https:\/\/truusk.store\/sv\/","logo":{"@type":"ImageObject","inLanguage":"sv-SE","@id":"https:\/\/truusk.store\/sv\/#\/schema\/logo\/image\/","url":"https:\/\/i0.wp.com\/truusk.store\/wp-content\/uploads\/2026\/03\/cropped-TRUUSK.png?fit=2032%2C917&ssl=1","contentUrl":"https:\/\/i0.wp.com\/truusk.store\/wp-content\/uploads\/2026\/03\/cropped-TRUUSK.png?fit=2032%2C917&ssl=1","width":2032,"height":917,"caption":"TRUUSK - Hem, Tr\u00e4dg\u00e5rd & Fritid"},"image":{"@id":"https:\/\/truusk.store\/sv\/#\/schema\/logo\/image\/"}}]}},"jetpack_sharing_enabled":true,"_links":{"self":[{"href":"https:\/\/truusk.store\/sv\/wp-json\/wp\/v2\/product\/46672","targetHints":{"allow":["GET"]}}],"collection":[{"href":"https:\/\/truusk.store\/sv\/wp-json\/wp\/v2\/product"}],"about":[{"href":"https:\/\/truusk.store\/sv\/wp-json\/wp\/v2\/types\/product"}],"wp:featuredmedia":[{"embeddable":true,"href":"https:\/\/truusk.store\/sv\/wp-json\/wp\/v2\/media\/46673"}],"wp:attachment":[{"href":"https:\/\/truusk.store\/sv\/wp-json\/wp\/v2\/media?parent=46672"}],"wp:term":[{"taxonomy":"product_brand","embeddable":true,"href":"https:\/\/truusk.store\/sv\/wp-json\/wp\/v2\/product_brand?post=46672"},{"taxonomy":"product_cat","embeddable":true,"href":"https:\/\/truusk.store\/sv\/wp-json\/wp\/v2\/product_cat?post=46672"},{"taxonomy":"product_tag","embeddable":true,"href":"https:\/\/truusk.store\/sv\/wp-json\/wp\/v2\/product_tag?post=46672"}],"curies":[{"name":"wp","href":"https:\/\/api.w.org\/{rel}","templated":true}]}}