{"id":46683,"date":"2024-02-14T06:44:04","date_gmt":"2024-02-14T05:44:04","guid":{"rendered":"https:\/\/truusk.store\/product\/konsolbord-skank-2-plan-pulverlackerat-stal-90-x-30-x-75-cm-svart\/"},"modified":"2026-03-12T09:31:37","modified_gmt":"2026-03-12T08:31:37","slug":"truusk-konsolbord-och-skank-2-plan-pulverlackerat-stal-90-x-30-x-75-cm-svart","status":"publish","type":"product","link":"https:\/\/truusk.store\/sv\/produkt\/truusk-konsolbord-och-skank-2-plan-pulverlackerat-stal-90-x-30-x-75-cm-svart\/","title":{"rendered":"TRUUSK Konsolbord och Sk\u00e4nk &#8211; 2 Plan &#8211; Pulverlackerat St\u00e5l &#8211; 90 X 30 X 75 Cm &#8211; Svart"},"content":{"rendered":"<p>Letar du efter en elegant f\u00f6rvaringsl\u00f6sning och en snygg uppdatering f\u00f6r din entr\u00e9? Detta tidl\u00f6sa konsolbord \u00e4r en perfekt h\u00f6jdpunkt f\u00f6r att visa upp n\u00e5gra av dina mest v\u00e4rdefulla skatter. De breda, \u00f6ppna hyllorna och den stora bordsskivan p\u00e5 hallbordet ger dig gott om f\u00f6rvaringsutrymme f\u00f6r heminredning, f\u00f6rvaringsl\u00e5dor och mycket mer. m.<\/p>\n<h3>Beskrivning:<\/h3>\n<ul>\n<li>Bordsskivan och den \u00f6ppna hyllan p\u00e5 konsolbordet ger plats f\u00f6r saker du vill visa upp, s\u00e5som vaser, foton etc.<\/li>\n<li>Den slimmade designen passar utan anstr\u00e4ngning i begr\u00e4nsade utrymmen samtidigt som den ger gott om f\u00f6rvaringsutrymme<\/li>\n<li>Det medf\u00f6ljande tippskyddet kan f\u00e4stas p\u00e5 v\u00e4ggen f\u00f6r att garantera s\u00e4kerheten<\/li>\n<li>De halkfria golvskydden skyddar ditt golv fr\u00e5n repor<\/li>\n<li>Tillverkad av pulverlackerat st\u00e5l, robust f\u00f6r dagligt bruk<\/li>\n<li>Enkel montering kr\u00e4vs<\/li>\n<\/ul>\n<h3>Teknisk data:<\/h3>\n<ul>\n<li>Svart f\u00e4rg<\/li>\n<li>Material: st\u00e5l<\/li>\n<li>\u00d6vergripande m\u00e5tt: 90L x 30W x 75H cm<\/li>\n<li>Hyllm\u00e5tt: 90L x 30W cm<\/li>\n<li>Avst\u00e5nd mellan hyllor: 36,5 cm<\/li>\n<li>Lastkapacitet: 20 kg (totalt), 10 kg (per hylla)<\/li>\n<\/ul>\n<h3>Leveransens omfattning:<\/h3>\n<ul>\n<li>1 x konsolbord<\/li>\n<li>1 x Instruktioner<\/li>\n<\/ul>\n","protected":false},"excerpt":{"rendered":"<p>Letar du efter en elegant f\u00f6rvaringsl\u00f6sning och en snygg uppdatering f\u00f6r din entr\u00e9? Detta tidl\u00f6sa konsolbord \u00e4r en perfekt h\u00f6jdpunkt&#8230;<\/p>\n","protected":false},"featured_media":46684,"template":"","meta":[],"product_brand":[],"product_cat":[485,514,501],"product_tag":[],"class_list":{"0":"post-46683","1":"product","2":"type-product","3":"status-publish","4":"has-post-thumbnail","6":"product_cat-hus-bo","7":"product_cat-konsolbord","8":"product_cat-tabeller","10":"first","11":"instock","12":"sale","13":"taxable","14":"shipping-taxable","15":"purchasable","16":"product-type-simple"},"yoast_head":"<!-- This site is optimized with the Yoast SEO plugin v25.4 - https:\/\/yoast.com\/wordpress\/plugins\/seo\/ -->\n<title>TRUUSK Konsolbord och Sk\u00e4nk - 2 Plan - Pulverlackerat St\u00e5l - 90 X 30 X 75 Cm - Svart - TRUUSK - Hem, Tr\u00e4dg\u00e5rd &amp; Fritid<\/title>\n<meta name=\"robots\" content=\"index, follow, max-snippet:-1, max-image-preview:large, max-video-preview:-1\" \/>\n<link rel=\"canonical\" href=\"https:\/\/truusk.store\/sv\/produkt\/truusk-konsolbord-och-skank-2-plan-pulverlackerat-stal-90-x-30-x-75-cm-svart\/\" \/>\n<meta property=\"og:locale\" content=\"sv_SE\" \/>\n<meta property=\"og:type\" content=\"article\" \/>\n<meta property=\"og:title\" content=\"TRUUSK Konsolbord och Sk\u00e4nk - 2 Plan - Pulverlackerat St\u00e5l - 90 X 30 X 75 Cm - Svart - TRUUSK - Hem, Tr\u00e4dg\u00e5rd &amp; Fritid\" \/>\n<meta property=\"og:description\" content=\"Letar du efter en elegant f\u00f6rvaringsl\u00f6sning och en snygg uppdatering f\u00f6r din entr\u00e9? Detta tidl\u00f6sa konsolbord \u00e4r en perfekt h\u00f6jdpunkt...\" \/>\n<meta property=\"og:url\" content=\"https:\/\/truusk.store\/sv\/produkt\/truusk-konsolbord-och-skank-2-plan-pulverlackerat-stal-90-x-30-x-75-cm-svart\/\" \/>\n<meta property=\"og:site_name\" content=\"TRUUSK - Hem, Tr\u00e4dg\u00e5rd &amp; Fritid\" \/>\n<meta property=\"article:modified_time\" content=\"2026-03-12T08:31:37+00:00\" \/>\n<meta property=\"og:image\" content=\"https:\/\/i0.wp.com\/truusk.se\/wp-content\/uploads\/2024\/02\/konsolbord-skank-2-plan-pulverlackerat-stal-90-x-30-x-75-cm-svart.webp?fit=800%2C800&ssl=1\" \/>\n\t<meta property=\"og:image:width\" content=\"800\" \/>\n\t<meta property=\"og:image:height\" content=\"800\" \/>\n\t<meta property=\"og:image:type\" content=\"image\/webp\" \/>\n<meta name=\"twitter:card\" content=\"summary_large_image\" \/>\n<meta name=\"twitter:label1\" content=\"Ber\u00e4knad l\u00e4stid\" \/>\n\t<meta name=\"twitter:data1\" content=\"1 minut\" \/>\n<!-- \/ Yoast SEO plugin. -->","yoast_head_json":{"title":"TRUUSK Konsolbord och Sk\u00e4nk - 2 Plan - Pulverlackerat St\u00e5l - 90 X 30 X 75 Cm - Svart - TRUUSK - Hem, Tr\u00e4dg\u00e5rd &amp; Fritid","robots":{"index":"index","follow":"follow","max-snippet":"max-snippet:-1","max-image-preview":"max-image-preview:large","max-video-preview":"max-video-preview:-1"},"canonical":"https:\/\/truusk.store\/sv\/produkt\/truusk-konsolbord-och-skank-2-plan-pulverlackerat-stal-90-x-30-x-75-cm-svart\/","og_locale":"sv_SE","og_type":"article","og_title":"TRUUSK Konsolbord och Sk\u00e4nk - 2 Plan - Pulverlackerat St\u00e5l - 90 X 30 X 75 Cm - Svart - TRUUSK - Hem, Tr\u00e4dg\u00e5rd &amp; Fritid","og_description":"Letar du efter en elegant f\u00f6rvaringsl\u00f6sning och en snygg uppdatering f\u00f6r din entr\u00e9? Detta tidl\u00f6sa konsolbord \u00e4r en perfekt h\u00f6jdpunkt...","og_url":"https:\/\/truusk.store\/sv\/produkt\/truusk-konsolbord-och-skank-2-plan-pulverlackerat-stal-90-x-30-x-75-cm-svart\/","og_site_name":"TRUUSK - Hem, Tr\u00e4dg\u00e5rd &amp; Fritid","article_modified_time":"2026-03-12T08:31:37+00:00","og_image":[{"width":800,"height":800,"url":"https:\/\/i0.wp.com\/truusk.se\/wp-content\/uploads\/2024\/02\/konsolbord-skank-2-plan-pulverlackerat-stal-90-x-30-x-75-cm-svart.webp?fit=800%2C800&ssl=1","type":"image\/webp"}],"twitter_card":"summary_large_image","twitter_misc":{"Ber\u00e4knad l\u00e4stid":"1 minut"},"schema":{"@context":"https:\/\/schema.org","@graph":[{"@type":"WebPage","@id":"https:\/\/truusk.store\/sv\/produkt\/truusk-konsolbord-och-skank-2-plan-pulverlackerat-stal-90-x-30-x-75-cm-svart\/","url":"https:\/\/truusk.store\/sv\/produkt\/truusk-konsolbord-och-skank-2-plan-pulverlackerat-stal-90-x-30-x-75-cm-svart\/","name":"TRUUSK Konsolbord och Sk\u00e4nk - 2 Plan - Pulverlackerat St\u00e5l - 90 X 30 X 75 Cm - Svart - TRUUSK - Hem, Tr\u00e4dg\u00e5rd &amp; Fritid","isPartOf":{"@id":"https:\/\/truusk.store\/sv\/#website"},"primaryImageOfPage":{"@id":"https:\/\/truusk.store\/sv\/produkt\/truusk-konsolbord-och-skank-2-plan-pulverlackerat-stal-90-x-30-x-75-cm-svart\/#primaryimage"},"image":{"@id":"https:\/\/truusk.store\/sv\/produkt\/truusk-konsolbord-och-skank-2-plan-pulverlackerat-stal-90-x-30-x-75-cm-svart\/#primaryimage"},"thumbnailUrl":"https:\/\/i0.wp.com\/truusk.store\/wp-content\/uploads\/2024\/02\/konsolbord-skank-2-plan-pulverlackerat-stal-90-x-30-x-75-cm-svart.webp?fit=800%2C800&ssl=1","datePublished":"2024-02-14T05:44:04+00:00","dateModified":"2026-03-12T08:31:37+00:00","breadcrumb":{"@id":"https:\/\/truusk.store\/sv\/produkt\/truusk-konsolbord-och-skank-2-plan-pulverlackerat-stal-90-x-30-x-75-cm-svart\/#breadcrumb"},"inLanguage":"sv-SE","potentialAction":[{"@type":"ReadAction","target":["https:\/\/truusk.store\/sv\/produkt\/truusk-konsolbord-och-skank-2-plan-pulverlackerat-stal-90-x-30-x-75-cm-svart\/"]}]},{"@type":"ImageObject","inLanguage":"sv-SE","@id":"https:\/\/truusk.store\/sv\/produkt\/truusk-konsolbord-och-skank-2-plan-pulverlackerat-stal-90-x-30-x-75-cm-svart\/#primaryimage","url":"https:\/\/i0.wp.com\/truusk.store\/wp-content\/uploads\/2024\/02\/konsolbord-skank-2-plan-pulverlackerat-stal-90-x-30-x-75-cm-svart.webp?fit=800%2C800&ssl=1","contentUrl":"https:\/\/i0.wp.com\/truusk.store\/wp-content\/uploads\/2024\/02\/konsolbord-skank-2-plan-pulverlackerat-stal-90-x-30-x-75-cm-svart.webp?fit=800%2C800&ssl=1","width":800,"height":800,"caption":"Konsolbord, Sk\u00e4nk, 2 Plan, Pulverlackerat St\u00e5l, 90 X 30 X 75 Cm, Svart 1"},{"@type":"BreadcrumbList","@id":"https:\/\/truusk.store\/sv\/produkt\/truusk-konsolbord-och-skank-2-plan-pulverlackerat-stal-90-x-30-x-75-cm-svart\/#breadcrumb","itemListElement":[{"@type":"ListItem","position":1,"name":"Home","item":"https:\/\/truusk.store\/sv\/"},{"@type":"ListItem","position":2,"name":"Shop","item":"https:\/\/truusk.store\/shop\/"},{"@type":"ListItem","position":3,"name":"TRUUSK Konsolbord och Sk\u00e4nk &#8211; 2 Plan &#8211; Pulverlackerat St\u00e5l &#8211; 90 X 30 X 75 Cm &#8211; Svart"}]},{"@type":"WebSite","@id":"https:\/\/truusk.store\/sv\/#website","url":"https:\/\/truusk.store\/sv\/","name":"TRUUSK - Hem, Tr\u00e4dg\u00e5rd & Fritid","description":"","publisher":{"@id":"https:\/\/truusk.store\/sv\/#organization"},"potentialAction":[{"@type":"SearchAction","target":{"@type":"EntryPoint","urlTemplate":"https:\/\/truusk.store\/sv\/?s={search_term_string}"},"query-input":{"@type":"PropertyValueSpecification","valueRequired":true,"valueName":"search_term_string"}}],"inLanguage":"sv-SE"},{"@type":"Organization","@id":"https:\/\/truusk.store\/sv\/#organization","name":"TRUUSK - Hem, Tr\u00e4dg\u00e5rd & Fritid","url":"https:\/\/truusk.store\/sv\/","logo":{"@type":"ImageObject","inLanguage":"sv-SE","@id":"https:\/\/truusk.store\/sv\/#\/schema\/logo\/image\/","url":"https:\/\/i0.wp.com\/truusk.store\/wp-content\/uploads\/2026\/03\/cropped-TRUUSK.png?fit=2032%2C917&ssl=1","contentUrl":"https:\/\/i0.wp.com\/truusk.store\/wp-content\/uploads\/2026\/03\/cropped-TRUUSK.png?fit=2032%2C917&ssl=1","width":2032,"height":917,"caption":"TRUUSK - Hem, Tr\u00e4dg\u00e5rd & Fritid"},"image":{"@id":"https:\/\/truusk.store\/sv\/#\/schema\/logo\/image\/"}}]}},"jetpack_sharing_enabled":true,"_links":{"self":[{"href":"https:\/\/truusk.store\/sv\/wp-json\/wp\/v2\/product\/46683","targetHints":{"allow":["GET"]}}],"collection":[{"href":"https:\/\/truusk.store\/sv\/wp-json\/wp\/v2\/product"}],"about":[{"href":"https:\/\/truusk.store\/sv\/wp-json\/wp\/v2\/types\/product"}],"wp:featuredmedia":[{"embeddable":true,"href":"https:\/\/truusk.store\/sv\/wp-json\/wp\/v2\/media\/46684"}],"wp:attachment":[{"href":"https:\/\/truusk.store\/sv\/wp-json\/wp\/v2\/media?parent=46683"}],"wp:term":[{"taxonomy":"product_brand","embeddable":true,"href":"https:\/\/truusk.store\/sv\/wp-json\/wp\/v2\/product_brand?post=46683"},{"taxonomy":"product_cat","embeddable":true,"href":"https:\/\/truusk.store\/sv\/wp-json\/wp\/v2\/product_cat?post=46683"},{"taxonomy":"product_tag","embeddable":true,"href":"https:\/\/truusk.store\/sv\/wp-json\/wp\/v2\/product_tag?post=46683"}],"curies":[{"name":"wp","href":"https:\/\/api.w.org\/{rel}","templated":true}]}}