{"id":46690,"date":"2024-02-14T06:44:24","date_gmt":"2024-02-14T05:44:24","guid":{"rendered":"https:\/\/truusk.store\/product\/kontorsstol-datorstol-135-lutningsfunktion-hojdjusterbar-70-cm-x-66-cm-x-120-128-cm-gra\/"},"modified":"2026-03-12T09:31:38","modified_gmt":"2026-03-12T08:31:38","slug":"truusk-kontorsstol-datorstol-135-lutningsfunktion-hojdjusterbar-70x66x120-128cm-gra","status":"publish","type":"product","link":"https:\/\/truusk.store\/sv\/produkt\/truusk-kontorsstol-datorstol-135-lutningsfunktion-hojdjusterbar-70x66x120-128cm-gra\/","title":{"rendered":"TRUUSK Kontorsstol Datorstol 135 &#8211; Lutningsfunktion &#8211; H\u00f6jdjusterbar &#8211; 70x66x120-128cm &#8211; Gr\u00e5"},"content":{"rendered":"<p>Om du arbetar hemifr\u00e5n eller tillbringar mycket tid p\u00e5 ditt kontor beh\u00f6ver du en stol som h\u00e5ller n\u00e4r du pluggar till ett viktigt slutprov eller arbetar med ett stort arbetsprojekt. Denna datorstol \u00f6vertr\u00e4ffar alla f\u00f6rv\u00e4ntningar med sin tjocka stoppning och liggfunktion. Komfort och funktionalitet \u00e4r viktigt f\u00f6r en kontorsstol f\u00f6r hemmakontor, och vi vet hur vi ska leverera det.<\/p>\n<h3>Beskrivning:<\/h3>\n<ul>\n<li>Kontorsstolen kan lutas upp till 135 grader<\/li>\n<li>Sitsen \u00e4r justerbar i h\u00f6jdled och kan flyttas fram\u00e5t eller bak\u00e5t f\u00f6r att passa din sittstil<\/li>\n<li>Justera h\u00f6jden och motst\u00e5ndet p\u00e5 svankst\u00f6den f\u00f6r att lindra nedre ryggtrycket<\/li>\n<li>Nackst\u00f6det kan flyttas upp eller ner, vridas och tas bort<\/li>\n<li>3D-armst\u00f6den kan flyttas upp eller ner och roteras<\/li>\n<li>Datorstolens meshtyg andas och \u00e4r mjukt<\/li>\n<li>Roterande hjul och s\u00e4te s\u00e4kerst\u00e4ller enkel och snabb r\u00f6rlighet<\/li>\n<li>Montering kr\u00e4vs<\/li>\n<\/ul>\n<h3>Teknisk data:<\/h3>\n<ul>\n<li>F\u00e4rg gr\u00e5<\/li>\n<li>Material: Mesh (100% polyester), plast, skum, nylon, MDF<\/li>\n<li>Totala m\u00e5tt: 70L x 66W x 120-128H cm<\/li>\n<li>Liggm\u00e5tt: 50W x 11D x 62H cm<\/li>\n<li>Sitsstorlek: 53W x 52D cm<\/li>\n<li>Sitth\u00f6jd: 48-56cm<\/li>\n<li>Armst\u00f6dsh\u00f6jd till sits: 16cm<\/li>\n<li>M\u00e5tt bak: 50W x 62H cm<\/li>\n<li>Viktkapacitet: 150 kg<\/li>\n<\/ul>\n<h3>Leveransens omfattning:<\/h3>\n<ul>\n<li>1 x Kontorsstol<\/li>\n<li>1 x manuell<\/li>\n<\/ul>\n","protected":false},"excerpt":{"rendered":"<p>Om du arbetar hemifr\u00e5n eller tillbringar mycket tid p\u00e5 ditt kontor beh\u00f6ver du en stol som h\u00e5ller n\u00e4r du pluggar&#8230;<\/p>\n","protected":false},"featured_media":46691,"template":"","meta":[],"product_brand":[],"product_cat":[485,516,515],"product_tag":[],"class_list":{"0":"post-46690","1":"product","2":"type-product","3":"status-publish","4":"has-post-thumbnail","6":"product_cat-hus-bo","7":"product_cat-kontorsstolar","8":"product_cat-stolar","10":"first","11":"instock","12":"sale","13":"taxable","14":"shipping-taxable","15":"purchasable","16":"product-type-simple"},"yoast_head":"<!-- This site is optimized with the Yoast SEO plugin v25.4 - https:\/\/yoast.com\/wordpress\/plugins\/seo\/ -->\n<title>TRUUSK Kontorsstol Datorstol 135 - Lutningsfunktion - H\u00f6jdjusterbar - 70x66x120-128cm - Gr\u00e5 - TRUUSK - Hem, Tr\u00e4dg\u00e5rd &amp; Fritid<\/title>\n<meta name=\"robots\" content=\"index, follow, max-snippet:-1, max-image-preview:large, max-video-preview:-1\" \/>\n<link rel=\"canonical\" href=\"https:\/\/truusk.store\/sv\/produkt\/truusk-kontorsstol-datorstol-135-lutningsfunktion-hojdjusterbar-70x66x120-128cm-gra\/\" \/>\n<meta property=\"og:locale\" content=\"sv_SE\" \/>\n<meta property=\"og:type\" content=\"article\" \/>\n<meta property=\"og:title\" content=\"TRUUSK Kontorsstol Datorstol 135 - Lutningsfunktion - H\u00f6jdjusterbar - 70x66x120-128cm - Gr\u00e5 - TRUUSK - Hem, Tr\u00e4dg\u00e5rd &amp; Fritid\" \/>\n<meta property=\"og:description\" content=\"Om du arbetar hemifr\u00e5n eller tillbringar mycket tid p\u00e5 ditt kontor beh\u00f6ver du en stol som h\u00e5ller n\u00e4r du pluggar...\" \/>\n<meta property=\"og:url\" content=\"https:\/\/truusk.store\/sv\/produkt\/truusk-kontorsstol-datorstol-135-lutningsfunktion-hojdjusterbar-70x66x120-128cm-gra\/\" \/>\n<meta property=\"og:site_name\" content=\"TRUUSK - Hem, Tr\u00e4dg\u00e5rd &amp; Fritid\" \/>\n<meta property=\"article:modified_time\" content=\"2026-03-12T08:31:38+00:00\" \/>\n<meta property=\"og:image\" content=\"https:\/\/i0.wp.com\/truusk.se\/wp-content\/uploads\/2024\/02\/kontorsstol-datorstol-135-lutningsfunktion-hojdjusterbar-70-cm-x-66-cm-x-120-128-cm-gra.webp?fit=800%2C800&ssl=1\" \/>\n\t<meta property=\"og:image:width\" content=\"800\" \/>\n\t<meta property=\"og:image:height\" content=\"800\" \/>\n\t<meta property=\"og:image:type\" content=\"image\/webp\" \/>\n<meta name=\"twitter:card\" content=\"summary_large_image\" \/>\n<meta name=\"twitter:label1\" content=\"Ber\u00e4knad l\u00e4stid\" \/>\n\t<meta name=\"twitter:data1\" content=\"1 minut\" \/>\n<!-- \/ Yoast SEO plugin. -->","yoast_head_json":{"title":"TRUUSK Kontorsstol Datorstol 135 - Lutningsfunktion - H\u00f6jdjusterbar - 70x66x120-128cm - Gr\u00e5 - TRUUSK - Hem, Tr\u00e4dg\u00e5rd &amp; Fritid","robots":{"index":"index","follow":"follow","max-snippet":"max-snippet:-1","max-image-preview":"max-image-preview:large","max-video-preview":"max-video-preview:-1"},"canonical":"https:\/\/truusk.store\/sv\/produkt\/truusk-kontorsstol-datorstol-135-lutningsfunktion-hojdjusterbar-70x66x120-128cm-gra\/","og_locale":"sv_SE","og_type":"article","og_title":"TRUUSK Kontorsstol Datorstol 135 - Lutningsfunktion - H\u00f6jdjusterbar - 70x66x120-128cm - Gr\u00e5 - TRUUSK - Hem, Tr\u00e4dg\u00e5rd &amp; Fritid","og_description":"Om du arbetar hemifr\u00e5n eller tillbringar mycket tid p\u00e5 ditt kontor beh\u00f6ver du en stol som h\u00e5ller n\u00e4r du pluggar...","og_url":"https:\/\/truusk.store\/sv\/produkt\/truusk-kontorsstol-datorstol-135-lutningsfunktion-hojdjusterbar-70x66x120-128cm-gra\/","og_site_name":"TRUUSK - Hem, Tr\u00e4dg\u00e5rd &amp; Fritid","article_modified_time":"2026-03-12T08:31:38+00:00","og_image":[{"width":800,"height":800,"url":"https:\/\/i0.wp.com\/truusk.se\/wp-content\/uploads\/2024\/02\/kontorsstol-datorstol-135-lutningsfunktion-hojdjusterbar-70-cm-x-66-cm-x-120-128-cm-gra.webp?fit=800%2C800&ssl=1","type":"image\/webp"}],"twitter_card":"summary_large_image","twitter_misc":{"Ber\u00e4knad l\u00e4stid":"1 minut"},"schema":{"@context":"https:\/\/schema.org","@graph":[{"@type":"WebPage","@id":"https:\/\/truusk.store\/sv\/produkt\/truusk-kontorsstol-datorstol-135-lutningsfunktion-hojdjusterbar-70x66x120-128cm-gra\/","url":"https:\/\/truusk.store\/sv\/produkt\/truusk-kontorsstol-datorstol-135-lutningsfunktion-hojdjusterbar-70x66x120-128cm-gra\/","name":"TRUUSK Kontorsstol Datorstol 135 - Lutningsfunktion - H\u00f6jdjusterbar - 70x66x120-128cm - Gr\u00e5 - TRUUSK - Hem, Tr\u00e4dg\u00e5rd &amp; Fritid","isPartOf":{"@id":"https:\/\/truusk.store\/sv\/#website"},"primaryImageOfPage":{"@id":"https:\/\/truusk.store\/sv\/produkt\/truusk-kontorsstol-datorstol-135-lutningsfunktion-hojdjusterbar-70x66x120-128cm-gra\/#primaryimage"},"image":{"@id":"https:\/\/truusk.store\/sv\/produkt\/truusk-kontorsstol-datorstol-135-lutningsfunktion-hojdjusterbar-70x66x120-128cm-gra\/#primaryimage"},"thumbnailUrl":"https:\/\/i0.wp.com\/truusk.store\/wp-content\/uploads\/2024\/02\/kontorsstol-datorstol-135-lutningsfunktion-hojdjusterbar-70-cm-x-66-cm-x-120-128-cm-gra.webp?fit=800%2C800&ssl=1","datePublished":"2024-02-14T05:44:24+00:00","dateModified":"2026-03-12T08:31:38+00:00","breadcrumb":{"@id":"https:\/\/truusk.store\/sv\/produkt\/truusk-kontorsstol-datorstol-135-lutningsfunktion-hojdjusterbar-70x66x120-128cm-gra\/#breadcrumb"},"inLanguage":"sv-SE","potentialAction":[{"@type":"ReadAction","target":["https:\/\/truusk.store\/sv\/produkt\/truusk-kontorsstol-datorstol-135-lutningsfunktion-hojdjusterbar-70x66x120-128cm-gra\/"]}]},{"@type":"ImageObject","inLanguage":"sv-SE","@id":"https:\/\/truusk.store\/sv\/produkt\/truusk-kontorsstol-datorstol-135-lutningsfunktion-hojdjusterbar-70x66x120-128cm-gra\/#primaryimage","url":"https:\/\/i0.wp.com\/truusk.store\/wp-content\/uploads\/2024\/02\/kontorsstol-datorstol-135-lutningsfunktion-hojdjusterbar-70-cm-x-66-cm-x-120-128-cm-gra.webp?fit=800%2C800&ssl=1","contentUrl":"https:\/\/i0.wp.com\/truusk.store\/wp-content\/uploads\/2024\/02\/kontorsstol-datorstol-135-lutningsfunktion-hojdjusterbar-70-cm-x-66-cm-x-120-128-cm-gra.webp?fit=800%2C800&ssl=1","width":800,"height":800,"caption":"Kontorsstol Datorstol 135 Lutningsfunktion, H\u00f6jdjusterbar, 70 Cm X 66 Cm X 120-128 Cm, Gr\u00e5 1"},{"@type":"BreadcrumbList","@id":"https:\/\/truusk.store\/sv\/produkt\/truusk-kontorsstol-datorstol-135-lutningsfunktion-hojdjusterbar-70x66x120-128cm-gra\/#breadcrumb","itemListElement":[{"@type":"ListItem","position":1,"name":"Home","item":"https:\/\/truusk.store\/sv\/"},{"@type":"ListItem","position":2,"name":"Shop","item":"https:\/\/truusk.store\/shop\/"},{"@type":"ListItem","position":3,"name":"TRUUSK Kontorsstol Datorstol 135 &#8211; Lutningsfunktion &#8211; H\u00f6jdjusterbar &#8211; 70x66x120-128cm &#8211; Gr\u00e5"}]},{"@type":"WebSite","@id":"https:\/\/truusk.store\/sv\/#website","url":"https:\/\/truusk.store\/sv\/","name":"TRUUSK - Hem, Tr\u00e4dg\u00e5rd & Fritid","description":"","publisher":{"@id":"https:\/\/truusk.store\/sv\/#organization"},"potentialAction":[{"@type":"SearchAction","target":{"@type":"EntryPoint","urlTemplate":"https:\/\/truusk.store\/sv\/?s={search_term_string}"},"query-input":{"@type":"PropertyValueSpecification","valueRequired":true,"valueName":"search_term_string"}}],"inLanguage":"sv-SE"},{"@type":"Organization","@id":"https:\/\/truusk.store\/sv\/#organization","name":"TRUUSK - Hem, Tr\u00e4dg\u00e5rd & Fritid","url":"https:\/\/truusk.store\/sv\/","logo":{"@type":"ImageObject","inLanguage":"sv-SE","@id":"https:\/\/truusk.store\/sv\/#\/schema\/logo\/image\/","url":"https:\/\/i0.wp.com\/truusk.store\/wp-content\/uploads\/2026\/03\/cropped-TRUUSK.png?fit=2032%2C917&ssl=1","contentUrl":"https:\/\/i0.wp.com\/truusk.store\/wp-content\/uploads\/2026\/03\/cropped-TRUUSK.png?fit=2032%2C917&ssl=1","width":2032,"height":917,"caption":"TRUUSK - Hem, Tr\u00e4dg\u00e5rd & Fritid"},"image":{"@id":"https:\/\/truusk.store\/sv\/#\/schema\/logo\/image\/"}}]}},"jetpack_sharing_enabled":true,"_links":{"self":[{"href":"https:\/\/truusk.store\/sv\/wp-json\/wp\/v2\/product\/46690","targetHints":{"allow":["GET"]}}],"collection":[{"href":"https:\/\/truusk.store\/sv\/wp-json\/wp\/v2\/product"}],"about":[{"href":"https:\/\/truusk.store\/sv\/wp-json\/wp\/v2\/types\/product"}],"wp:featuredmedia":[{"embeddable":true,"href":"https:\/\/truusk.store\/sv\/wp-json\/wp\/v2\/media\/46691"}],"wp:attachment":[{"href":"https:\/\/truusk.store\/sv\/wp-json\/wp\/v2\/media?parent=46690"}],"wp:term":[{"taxonomy":"product_brand","embeddable":true,"href":"https:\/\/truusk.store\/sv\/wp-json\/wp\/v2\/product_brand?post=46690"},{"taxonomy":"product_cat","embeddable":true,"href":"https:\/\/truusk.store\/sv\/wp-json\/wp\/v2\/product_cat?post=46690"},{"taxonomy":"product_tag","embeddable":true,"href":"https:\/\/truusk.store\/sv\/wp-json\/wp\/v2\/product_tag?post=46690"}],"curies":[{"name":"wp","href":"https:\/\/api.w.org\/{rel}","templated":true}]}}