{"id":46697,"date":"2024-02-14T06:44:41","date_gmt":"2024-02-14T05:44:41","guid":{"rendered":"https:\/\/truusk.store\/product\/stansboll-hojdjusterbar-147-165cm-fyllbar-bas-stal-svartrodvit\/"},"modified":"2026-03-12T09:31:39","modified_gmt":"2026-03-12T08:31:39","slug":"truusk-stansboll-hojdjusterbar-147-165cm-fyllbar-bas-stal-svartrodvit","status":"publish","type":"product","link":"https:\/\/truusk.store\/sv\/produkt\/truusk-stansboll-hojdjusterbar-147-165cm-fyllbar-bas-stal-svartrodvit\/","title":{"rendered":"TRUUSK Stansboll &#8211; H\u00f6jdjusterbar 147-165cm &#8211; Fyllbar Bas &#8211; St\u00e5l &#8211; Svart+r\u00f6d+vit"},"content":{"rendered":"<p>Uppt\u00e4ck en fitnesspartner i toppklass med den snabba reflex- och styrketr\u00e4ningsenheten. Denna stansboll har designats speciellt f\u00f6r att f\u00f6rb\u00e4ttra din reaktionstid, precision och smidighet. Den h\u00f6j- och s\u00e4nkbara st\u00e5ngen \u00e4r f\u00e4st p\u00e5 en fyllbar bas, medan den robusta metallfj\u00e4dern g\u00f6r att den sl\u00e5ende gl\u00f6dlampan snabbt kan \u00e5terg\u00e5 till sitt ursprungliga l\u00e4ge efter slaget. Dessutom s\u00e4kerst\u00e4ller sugkopparna p\u00e5 basen perfekt grepp.<\/p>\n<h3>Beskrivning:<\/h3>\n<ul>\n<li>Stansbollen med stativ hj\u00e4lper dig att \u00f6ka din slaghastighet och dina musklers elasticitet<\/li>\n<li>St\u00f6dst\u00e5ngens h\u00f6jd \u00e4r justerbar fr\u00e5n 147 cm till 165 cm<\/li>\n<li>Tack vare sugkopparna f\u00f6rblir stativet stabilt<\/li>\n<li>Basen kan fyllas med 15 kg vatten, 25 kg sand eller en blandning av b\u00e5da<\/li>\n<li>Den mjuka fj\u00e4dringen m\u00f6jligg\u00f6r snabba reflexr\u00f6relser<\/li>\n<\/ul>\n<h3>Teknisk data:<\/h3>\n<ul>\n<li>F\u00e4rg: R\u00f6d+svart<\/li>\n<li>Material: konstl\u00e4der, plast, st\u00e5l<\/li>\n<li>M\u00e5tt: 48 x 147-165H cm<\/li>\n<li>Basstorlek: 48 x 23H cm<\/li>\n<li>Boxing p\u00e4ron storlek: 25 cm<\/li>\n<\/ul>\n<h3>Leveransens omfattning:<\/h3>\n<ul>\n<li>1 x stansboll<\/li>\n<li>1 x Instruktioner<\/li>\n<\/ul>\n","protected":false},"excerpt":{"rendered":"<p>Uppt\u00e4ck en fitnesspartner i toppklass med den snabba reflex- och styrketr\u00e4ningsenheten. Denna stansboll har designats speciellt f\u00f6r att f\u00f6rb\u00e4ttra din&#8230;<\/p>\n","protected":false},"featured_media":46698,"template":"","meta":[],"product_brand":[],"product_cat":[667,661,647],"product_tag":[],"class_list":{"0":"post-46697","1":"product","2":"type-product","3":"status-publish","4":"has-post-thumbnail","6":"product_cat-boxningssack","7":"product_cat-kondition-styrketraning","8":"product_cat-sport-fritid","10":"first","11":"instock","12":"sale","13":"taxable","14":"shipping-taxable","15":"purchasable","16":"product-type-simple"},"yoast_head":"<!-- This site is optimized with the Yoast SEO plugin v25.4 - https:\/\/yoast.com\/wordpress\/plugins\/seo\/ -->\n<title>TRUUSK Stansboll - H\u00f6jdjusterbar 147-165cm - Fyllbar Bas - St\u00e5l - Svart+r\u00f6d+vit - TRUUSK - Hem, Tr\u00e4dg\u00e5rd &amp; Fritid<\/title>\n<meta name=\"robots\" content=\"index, follow, max-snippet:-1, max-image-preview:large, max-video-preview:-1\" \/>\n<link rel=\"canonical\" href=\"https:\/\/truusk.store\/sv\/produkt\/truusk-stansboll-hojdjusterbar-147-165cm-fyllbar-bas-stal-svartrodvit\/\" \/>\n<meta property=\"og:locale\" content=\"sv_SE\" \/>\n<meta property=\"og:type\" content=\"article\" \/>\n<meta property=\"og:title\" content=\"TRUUSK Stansboll - H\u00f6jdjusterbar 147-165cm - Fyllbar Bas - St\u00e5l - Svart+r\u00f6d+vit - TRUUSK - Hem, Tr\u00e4dg\u00e5rd &amp; Fritid\" \/>\n<meta property=\"og:description\" content=\"Uppt\u00e4ck en fitnesspartner i toppklass med den snabba reflex- och styrketr\u00e4ningsenheten. Denna stansboll har designats speciellt f\u00f6r att f\u00f6rb\u00e4ttra din...\" \/>\n<meta property=\"og:url\" content=\"https:\/\/truusk.store\/sv\/produkt\/truusk-stansboll-hojdjusterbar-147-165cm-fyllbar-bas-stal-svartrodvit\/\" \/>\n<meta property=\"og:site_name\" content=\"TRUUSK - Hem, Tr\u00e4dg\u00e5rd &amp; Fritid\" \/>\n<meta property=\"article:modified_time\" content=\"2026-03-12T08:31:39+00:00\" \/>\n<meta property=\"og:image\" content=\"https:\/\/i0.wp.com\/truusk.se\/wp-content\/uploads\/2024\/02\/stansboll-hojdjusterbar-147-165cm-fyllbar-bas-stal-svartrodvit.webp?fit=800%2C800&ssl=1\" \/>\n\t<meta property=\"og:image:width\" content=\"800\" \/>\n\t<meta property=\"og:image:height\" content=\"800\" \/>\n\t<meta property=\"og:image:type\" content=\"image\/webp\" \/>\n<meta name=\"twitter:card\" content=\"summary_large_image\" \/>\n<meta name=\"twitter:label1\" content=\"Ber\u00e4knad l\u00e4stid\" \/>\n\t<meta name=\"twitter:data1\" content=\"1 minut\" \/>\n<!-- \/ Yoast SEO plugin. -->","yoast_head_json":{"title":"TRUUSK Stansboll - H\u00f6jdjusterbar 147-165cm - Fyllbar Bas - St\u00e5l - Svart+r\u00f6d+vit - TRUUSK - Hem, Tr\u00e4dg\u00e5rd &amp; Fritid","robots":{"index":"index","follow":"follow","max-snippet":"max-snippet:-1","max-image-preview":"max-image-preview:large","max-video-preview":"max-video-preview:-1"},"canonical":"https:\/\/truusk.store\/sv\/produkt\/truusk-stansboll-hojdjusterbar-147-165cm-fyllbar-bas-stal-svartrodvit\/","og_locale":"sv_SE","og_type":"article","og_title":"TRUUSK Stansboll - H\u00f6jdjusterbar 147-165cm - Fyllbar Bas - St\u00e5l - Svart+r\u00f6d+vit - TRUUSK - Hem, Tr\u00e4dg\u00e5rd &amp; Fritid","og_description":"Uppt\u00e4ck en fitnesspartner i toppklass med den snabba reflex- och styrketr\u00e4ningsenheten. Denna stansboll har designats speciellt f\u00f6r att f\u00f6rb\u00e4ttra din...","og_url":"https:\/\/truusk.store\/sv\/produkt\/truusk-stansboll-hojdjusterbar-147-165cm-fyllbar-bas-stal-svartrodvit\/","og_site_name":"TRUUSK - Hem, Tr\u00e4dg\u00e5rd &amp; Fritid","article_modified_time":"2026-03-12T08:31:39+00:00","og_image":[{"width":800,"height":800,"url":"https:\/\/i0.wp.com\/truusk.se\/wp-content\/uploads\/2024\/02\/stansboll-hojdjusterbar-147-165cm-fyllbar-bas-stal-svartrodvit.webp?fit=800%2C800&ssl=1","type":"image\/webp"}],"twitter_card":"summary_large_image","twitter_misc":{"Ber\u00e4knad l\u00e4stid":"1 minut"},"schema":{"@context":"https:\/\/schema.org","@graph":[{"@type":"WebPage","@id":"https:\/\/truusk.store\/sv\/produkt\/truusk-stansboll-hojdjusterbar-147-165cm-fyllbar-bas-stal-svartrodvit\/","url":"https:\/\/truusk.store\/sv\/produkt\/truusk-stansboll-hojdjusterbar-147-165cm-fyllbar-bas-stal-svartrodvit\/","name":"TRUUSK Stansboll - H\u00f6jdjusterbar 147-165cm - Fyllbar Bas - St\u00e5l - Svart+r\u00f6d+vit - TRUUSK - Hem, Tr\u00e4dg\u00e5rd &amp; Fritid","isPartOf":{"@id":"https:\/\/truusk.store\/sv\/#website"},"primaryImageOfPage":{"@id":"https:\/\/truusk.store\/sv\/produkt\/truusk-stansboll-hojdjusterbar-147-165cm-fyllbar-bas-stal-svartrodvit\/#primaryimage"},"image":{"@id":"https:\/\/truusk.store\/sv\/produkt\/truusk-stansboll-hojdjusterbar-147-165cm-fyllbar-bas-stal-svartrodvit\/#primaryimage"},"thumbnailUrl":"https:\/\/i0.wp.com\/truusk.store\/wp-content\/uploads\/2024\/02\/stansboll-hojdjusterbar-147-165cm-fyllbar-bas-stal-svartrodvit.webp?fit=800%2C800&ssl=1","datePublished":"2024-02-14T05:44:41+00:00","dateModified":"2026-03-12T08:31:39+00:00","breadcrumb":{"@id":"https:\/\/truusk.store\/sv\/produkt\/truusk-stansboll-hojdjusterbar-147-165cm-fyllbar-bas-stal-svartrodvit\/#breadcrumb"},"inLanguage":"sv-SE","potentialAction":[{"@type":"ReadAction","target":["https:\/\/truusk.store\/sv\/produkt\/truusk-stansboll-hojdjusterbar-147-165cm-fyllbar-bas-stal-svartrodvit\/"]}]},{"@type":"ImageObject","inLanguage":"sv-SE","@id":"https:\/\/truusk.store\/sv\/produkt\/truusk-stansboll-hojdjusterbar-147-165cm-fyllbar-bas-stal-svartrodvit\/#primaryimage","url":"https:\/\/i0.wp.com\/truusk.store\/wp-content\/uploads\/2024\/02\/stansboll-hojdjusterbar-147-165cm-fyllbar-bas-stal-svartrodvit.webp?fit=800%2C800&ssl=1","contentUrl":"https:\/\/i0.wp.com\/truusk.store\/wp-content\/uploads\/2024\/02\/stansboll-hojdjusterbar-147-165cm-fyllbar-bas-stal-svartrodvit.webp?fit=800%2C800&ssl=1","width":800,"height":800,"caption":"Stansboll, H\u00f6jdjusterbar 147-165cm, Fyllbar Bas, St\u00e5l, Svart+r\u00f6d+vit 1"},{"@type":"BreadcrumbList","@id":"https:\/\/truusk.store\/sv\/produkt\/truusk-stansboll-hojdjusterbar-147-165cm-fyllbar-bas-stal-svartrodvit\/#breadcrumb","itemListElement":[{"@type":"ListItem","position":1,"name":"Home","item":"https:\/\/truusk.store\/sv\/"},{"@type":"ListItem","position":2,"name":"Shop","item":"https:\/\/truusk.store\/shop\/"},{"@type":"ListItem","position":3,"name":"TRUUSK Stansboll &#8211; H\u00f6jdjusterbar 147-165cm &#8211; Fyllbar Bas &#8211; St\u00e5l &#8211; Svart+r\u00f6d+vit"}]},{"@type":"WebSite","@id":"https:\/\/truusk.store\/sv\/#website","url":"https:\/\/truusk.store\/sv\/","name":"TRUUSK - Hem, Tr\u00e4dg\u00e5rd & Fritid","description":"","publisher":{"@id":"https:\/\/truusk.store\/sv\/#organization"},"potentialAction":[{"@type":"SearchAction","target":{"@type":"EntryPoint","urlTemplate":"https:\/\/truusk.store\/sv\/?s={search_term_string}"},"query-input":{"@type":"PropertyValueSpecification","valueRequired":true,"valueName":"search_term_string"}}],"inLanguage":"sv-SE"},{"@type":"Organization","@id":"https:\/\/truusk.store\/sv\/#organization","name":"TRUUSK - Hem, Tr\u00e4dg\u00e5rd & Fritid","url":"https:\/\/truusk.store\/sv\/","logo":{"@type":"ImageObject","inLanguage":"sv-SE","@id":"https:\/\/truusk.store\/sv\/#\/schema\/logo\/image\/","url":"https:\/\/i0.wp.com\/truusk.store\/wp-content\/uploads\/2026\/03\/cropped-TRUUSK.png?fit=2032%2C917&ssl=1","contentUrl":"https:\/\/i0.wp.com\/truusk.store\/wp-content\/uploads\/2026\/03\/cropped-TRUUSK.png?fit=2032%2C917&ssl=1","width":2032,"height":917,"caption":"TRUUSK - Hem, Tr\u00e4dg\u00e5rd & Fritid"},"image":{"@id":"https:\/\/truusk.store\/sv\/#\/schema\/logo\/image\/"}}]}},"jetpack_sharing_enabled":true,"_links":{"self":[{"href":"https:\/\/truusk.store\/sv\/wp-json\/wp\/v2\/product\/46697","targetHints":{"allow":["GET"]}}],"collection":[{"href":"https:\/\/truusk.store\/sv\/wp-json\/wp\/v2\/product"}],"about":[{"href":"https:\/\/truusk.store\/sv\/wp-json\/wp\/v2\/types\/product"}],"wp:featuredmedia":[{"embeddable":true,"href":"https:\/\/truusk.store\/sv\/wp-json\/wp\/v2\/media\/46698"}],"wp:attachment":[{"href":"https:\/\/truusk.store\/sv\/wp-json\/wp\/v2\/media?parent=46697"}],"wp:term":[{"taxonomy":"product_brand","embeddable":true,"href":"https:\/\/truusk.store\/sv\/wp-json\/wp\/v2\/product_brand?post=46697"},{"taxonomy":"product_cat","embeddable":true,"href":"https:\/\/truusk.store\/sv\/wp-json\/wp\/v2\/product_cat?post=46697"},{"taxonomy":"product_tag","embeddable":true,"href":"https:\/\/truusk.store\/sv\/wp-json\/wp\/v2\/product_tag?post=46697"}],"curies":[{"name":"wp","href":"https:\/\/api.w.org\/{rel}","templated":true}]}}