{"id":46711,"date":"2024-02-14T06:45:13","date_gmt":"2024-02-14T05:45:13","guid":{"rendered":"https:\/\/truusk.store\/product\/sekretessskarm-tradgardsparti-geometriska-former-metall-122-x-45-x-198-cm-svart\/"},"modified":"2026-03-12T09:31:39","modified_gmt":"2026-03-12T08:31:39","slug":"truusk-sekretessskarm-tradgardsparti-geometriska-former-metall-122-x-45-x-198-cm-svart","status":"publish","type":"product","link":"https:\/\/truusk.store\/sv\/produkt\/truusk-sekretessskarm-tradgardsparti-geometriska-former-metall-122-x-45-x-198-cm-svart\/","title":{"rendered":"TRUUSK Sekretesssk\u00e4rm Tr\u00e4dg\u00e5rdsparti &#8211; Geometriska Former &#8211; Metall &#8211; 122 x 45 x 198 cm &#8211; Svart"},"content":{"rendered":"<p>Dessa tr\u00e4dg\u00e5rdsv\u00e4ggar kanske inte g\u00f6r utrymmet mer privat, men det betyder inte att de saknar dekoration. erbjuder ett urval av uteplatsskydd som avsev\u00e4rt kommer att f\u00f6rb\u00e4ttra stilen i din tr\u00e4dg\u00e5rd. De har en triangul\u00e4r design som g\u00f6r att du kan leka med ljus och skugga samtidigt som du skapar stigar och stigar. Dessa avdelare \u00e4r idealiska f\u00f6r tr\u00e4dg\u00e5rden och erbjuder m\u00e5nga nischer och h\u00f6rn, vilket g\u00f6r dem perfekta som spalj\u00e9 f\u00f6r dina kl\u00e4tterv\u00e4xter.<\/p>\n<h3>Beskrivning:<\/h3>\n<ul>\n<li>St\u00e5lram f\u00f6r utomhusbruk med vattenavvisande f\u00e4rg<\/li>\n<li>Moderna, geometriska former<\/li>\n<li>Utm\u00e4rkt som spalj\u00e9 f\u00f6r kl\u00e4tterv\u00e4xter<\/li>\n<li>Sammansatt vertikalt av tre paneler<\/li>\n<li>Breda f\u00f6tter och fyra skruvar f\u00f6r fasts\u00e4ttning i marken<\/li>\n<li>Vi rekommenderar att du l\u00e4gger till vikter f\u00f6r att s\u00e4kerst\u00e4lla stabilitet<\/li>\n<li>Montering kr\u00e4vs<\/li>\n<li>Endast l\u00e4mplig f\u00f6r dekorativa \u00e4ndam\u00e5l\/rumsseparation, denna sekretesssk\u00e4rm \u00e4r genomskinlig<\/li>\n<\/ul>\n<h3>Teknisk data:<\/h3>\n<ul>\n<li>Stil: Triangel<\/li>\n<li>Svart f\u00e4rg<\/li>\n<li>Material: st\u00e5l<\/li>\n<li>\u00d6vergripande m\u00e5tt: 122L x 45W x 198H cm<\/li>\n<li>Varje panel m\u00e5tt: 120L x 60H cm<\/li>\n<li>Panelgolvh\u00f6jd: 18 cm<\/li>\n<li>Denna sekretesssk\u00e4rm \u00e4r endast avsedd f\u00f6r dekorativa \u00e4ndam\u00e5l\/rumsseparation och \u00e4r genomskinlig<\/li>\n<\/ul>\n<h3>Leveransens omfattning:<\/h3>\n<ul>\n<li>1 x insynsskydd utomhus<\/li>\n<li>4 x Expansionsskruv<\/li>\n<\/ul>\n","protected":false},"excerpt":{"rendered":"<p>Dessa tr\u00e4dg\u00e5rdsv\u00e4ggar kanske inte g\u00f6r utrymmet mer privat, men det betyder inte att de saknar dekoration. erbjuder ett urval av&#8230;<\/p>\n","protected":false},"featured_media":46712,"template":"","meta":[],"product_brand":[],"product_cat":[471,435],"product_tag":[],"class_list":{"0":"post-46711","1":"product","2":"type-product","3":"status-publish","4":"has-post-thumbnail","6":"product_cat-solskydd-integritetsskydd","7":"product_cat-tradgard-och-terrass","9":"first","10":"instock","11":"sale","12":"taxable","13":"shipping-taxable","14":"purchasable","15":"product-type-simple"},"yoast_head":"<!-- This site is optimized with the Yoast SEO plugin v25.4 - https:\/\/yoast.com\/wordpress\/plugins\/seo\/ -->\n<title>TRUUSK Sekretesssk\u00e4rm Tr\u00e4dg\u00e5rdsparti - Geometriska Former - Metall - 122 x 45 x 198 cm - Svart - TRUUSK - Hem, Tr\u00e4dg\u00e5rd &amp; Fritid<\/title>\n<meta name=\"robots\" content=\"index, follow, max-snippet:-1, max-image-preview:large, max-video-preview:-1\" \/>\n<link rel=\"canonical\" href=\"https:\/\/truusk.store\/sv\/produkt\/truusk-sekretessskarm-tradgardsparti-geometriska-former-metall-122-x-45-x-198-cm-svart\/\" \/>\n<meta property=\"og:locale\" content=\"sv_SE\" \/>\n<meta property=\"og:type\" content=\"article\" \/>\n<meta property=\"og:title\" content=\"TRUUSK Sekretesssk\u00e4rm Tr\u00e4dg\u00e5rdsparti - Geometriska Former - Metall - 122 x 45 x 198 cm - Svart - TRUUSK - Hem, Tr\u00e4dg\u00e5rd &amp; Fritid\" \/>\n<meta property=\"og:description\" content=\"Dessa tr\u00e4dg\u00e5rdsv\u00e4ggar kanske inte g\u00f6r utrymmet mer privat, men det betyder inte att de saknar dekoration. erbjuder ett urval av...\" \/>\n<meta property=\"og:url\" content=\"https:\/\/truusk.store\/sv\/produkt\/truusk-sekretessskarm-tradgardsparti-geometriska-former-metall-122-x-45-x-198-cm-svart\/\" \/>\n<meta property=\"og:site_name\" content=\"TRUUSK - Hem, Tr\u00e4dg\u00e5rd &amp; Fritid\" \/>\n<meta property=\"article:modified_time\" content=\"2026-03-12T08:31:39+00:00\" \/>\n<meta property=\"og:image\" content=\"https:\/\/i0.wp.com\/truusk.se\/wp-content\/uploads\/2024\/02\/sekretessskarm-tradgardsparti-geometriska-former-metall-122-x-45-x-198-cm-svart.webp?fit=800%2C800&ssl=1\" \/>\n\t<meta property=\"og:image:width\" content=\"800\" \/>\n\t<meta property=\"og:image:height\" content=\"800\" \/>\n\t<meta property=\"og:image:type\" content=\"image\/webp\" \/>\n<meta name=\"twitter:card\" content=\"summary_large_image\" \/>\n<meta name=\"twitter:label1\" content=\"Ber\u00e4knad l\u00e4stid\" \/>\n\t<meta name=\"twitter:data1\" content=\"1 minut\" \/>\n<!-- \/ Yoast SEO plugin. -->","yoast_head_json":{"title":"TRUUSK Sekretesssk\u00e4rm Tr\u00e4dg\u00e5rdsparti - Geometriska Former - Metall - 122 x 45 x 198 cm - Svart - TRUUSK - Hem, Tr\u00e4dg\u00e5rd &amp; Fritid","robots":{"index":"index","follow":"follow","max-snippet":"max-snippet:-1","max-image-preview":"max-image-preview:large","max-video-preview":"max-video-preview:-1"},"canonical":"https:\/\/truusk.store\/sv\/produkt\/truusk-sekretessskarm-tradgardsparti-geometriska-former-metall-122-x-45-x-198-cm-svart\/","og_locale":"sv_SE","og_type":"article","og_title":"TRUUSK Sekretesssk\u00e4rm Tr\u00e4dg\u00e5rdsparti - Geometriska Former - Metall - 122 x 45 x 198 cm - Svart - TRUUSK - Hem, Tr\u00e4dg\u00e5rd &amp; Fritid","og_description":"Dessa tr\u00e4dg\u00e5rdsv\u00e4ggar kanske inte g\u00f6r utrymmet mer privat, men det betyder inte att de saknar dekoration. erbjuder ett urval av...","og_url":"https:\/\/truusk.store\/sv\/produkt\/truusk-sekretessskarm-tradgardsparti-geometriska-former-metall-122-x-45-x-198-cm-svart\/","og_site_name":"TRUUSK - Hem, Tr\u00e4dg\u00e5rd &amp; Fritid","article_modified_time":"2026-03-12T08:31:39+00:00","og_image":[{"width":800,"height":800,"url":"https:\/\/i0.wp.com\/truusk.se\/wp-content\/uploads\/2024\/02\/sekretessskarm-tradgardsparti-geometriska-former-metall-122-x-45-x-198-cm-svart.webp?fit=800%2C800&ssl=1","type":"image\/webp"}],"twitter_card":"summary_large_image","twitter_misc":{"Ber\u00e4knad l\u00e4stid":"1 minut"},"schema":{"@context":"https:\/\/schema.org","@graph":[{"@type":"WebPage","@id":"https:\/\/truusk.store\/sv\/produkt\/truusk-sekretessskarm-tradgardsparti-geometriska-former-metall-122-x-45-x-198-cm-svart\/","url":"https:\/\/truusk.store\/sv\/produkt\/truusk-sekretessskarm-tradgardsparti-geometriska-former-metall-122-x-45-x-198-cm-svart\/","name":"TRUUSK Sekretesssk\u00e4rm Tr\u00e4dg\u00e5rdsparti - Geometriska Former - Metall - 122 x 45 x 198 cm - Svart - TRUUSK - Hem, Tr\u00e4dg\u00e5rd &amp; Fritid","isPartOf":{"@id":"https:\/\/truusk.store\/sv\/#website"},"primaryImageOfPage":{"@id":"https:\/\/truusk.store\/sv\/produkt\/truusk-sekretessskarm-tradgardsparti-geometriska-former-metall-122-x-45-x-198-cm-svart\/#primaryimage"},"image":{"@id":"https:\/\/truusk.store\/sv\/produkt\/truusk-sekretessskarm-tradgardsparti-geometriska-former-metall-122-x-45-x-198-cm-svart\/#primaryimage"},"thumbnailUrl":"https:\/\/i0.wp.com\/truusk.store\/wp-content\/uploads\/2024\/02\/sekretessskarm-tradgardsparti-geometriska-former-metall-122-x-45-x-198-cm-svart.webp?fit=800%2C800&ssl=1","datePublished":"2024-02-14T05:45:13+00:00","dateModified":"2026-03-12T08:31:39+00:00","breadcrumb":{"@id":"https:\/\/truusk.store\/sv\/produkt\/truusk-sekretessskarm-tradgardsparti-geometriska-former-metall-122-x-45-x-198-cm-svart\/#breadcrumb"},"inLanguage":"sv-SE","potentialAction":[{"@type":"ReadAction","target":["https:\/\/truusk.store\/sv\/produkt\/truusk-sekretessskarm-tradgardsparti-geometriska-former-metall-122-x-45-x-198-cm-svart\/"]}]},{"@type":"ImageObject","inLanguage":"sv-SE","@id":"https:\/\/truusk.store\/sv\/produkt\/truusk-sekretessskarm-tradgardsparti-geometriska-former-metall-122-x-45-x-198-cm-svart\/#primaryimage","url":"https:\/\/i0.wp.com\/truusk.store\/wp-content\/uploads\/2024\/02\/sekretessskarm-tradgardsparti-geometriska-former-metall-122-x-45-x-198-cm-svart.webp?fit=800%2C800&ssl=1","contentUrl":"https:\/\/i0.wp.com\/truusk.store\/wp-content\/uploads\/2024\/02\/sekretessskarm-tradgardsparti-geometriska-former-metall-122-x-45-x-198-cm-svart.webp?fit=800%2C800&ssl=1","width":800,"height":800,"caption":"Sekretesssk\u00e4rm Tr\u00e4dg\u00e5rdsparti, Geometriska Former, Metall, 122 X 45 X 198 Cm, Svart 1"},{"@type":"BreadcrumbList","@id":"https:\/\/truusk.store\/sv\/produkt\/truusk-sekretessskarm-tradgardsparti-geometriska-former-metall-122-x-45-x-198-cm-svart\/#breadcrumb","itemListElement":[{"@type":"ListItem","position":1,"name":"Home","item":"https:\/\/truusk.store\/sv\/"},{"@type":"ListItem","position":2,"name":"Shop","item":"https:\/\/truusk.store\/shop\/"},{"@type":"ListItem","position":3,"name":"TRUUSK Sekretesssk\u00e4rm Tr\u00e4dg\u00e5rdsparti &#8211; Geometriska Former &#8211; Metall &#8211; 122 x 45 x 198 cm &#8211; Svart"}]},{"@type":"WebSite","@id":"https:\/\/truusk.store\/sv\/#website","url":"https:\/\/truusk.store\/sv\/","name":"TRUUSK - Hem, Tr\u00e4dg\u00e5rd & Fritid","description":"","publisher":{"@id":"https:\/\/truusk.store\/sv\/#organization"},"potentialAction":[{"@type":"SearchAction","target":{"@type":"EntryPoint","urlTemplate":"https:\/\/truusk.store\/sv\/?s={search_term_string}"},"query-input":{"@type":"PropertyValueSpecification","valueRequired":true,"valueName":"search_term_string"}}],"inLanguage":"sv-SE"},{"@type":"Organization","@id":"https:\/\/truusk.store\/sv\/#organization","name":"TRUUSK - Hem, Tr\u00e4dg\u00e5rd & Fritid","url":"https:\/\/truusk.store\/sv\/","logo":{"@type":"ImageObject","inLanguage":"sv-SE","@id":"https:\/\/truusk.store\/sv\/#\/schema\/logo\/image\/","url":"https:\/\/i0.wp.com\/truusk.store\/wp-content\/uploads\/2026\/03\/cropped-TRUUSK.png?fit=2032%2C917&ssl=1","contentUrl":"https:\/\/i0.wp.com\/truusk.store\/wp-content\/uploads\/2026\/03\/cropped-TRUUSK.png?fit=2032%2C917&ssl=1","width":2032,"height":917,"caption":"TRUUSK - Hem, Tr\u00e4dg\u00e5rd & Fritid"},"image":{"@id":"https:\/\/truusk.store\/sv\/#\/schema\/logo\/image\/"}}]}},"jetpack_sharing_enabled":true,"_links":{"self":[{"href":"https:\/\/truusk.store\/sv\/wp-json\/wp\/v2\/product\/46711","targetHints":{"allow":["GET"]}}],"collection":[{"href":"https:\/\/truusk.store\/sv\/wp-json\/wp\/v2\/product"}],"about":[{"href":"https:\/\/truusk.store\/sv\/wp-json\/wp\/v2\/types\/product"}],"wp:featuredmedia":[{"embeddable":true,"href":"https:\/\/truusk.store\/sv\/wp-json\/wp\/v2\/media\/46712"}],"wp:attachment":[{"href":"https:\/\/truusk.store\/sv\/wp-json\/wp\/v2\/media?parent=46711"}],"wp:term":[{"taxonomy":"product_brand","embeddable":true,"href":"https:\/\/truusk.store\/sv\/wp-json\/wp\/v2\/product_brand?post=46711"},{"taxonomy":"product_cat","embeddable":true,"href":"https:\/\/truusk.store\/sv\/wp-json\/wp\/v2\/product_cat?post=46711"},{"taxonomy":"product_tag","embeddable":true,"href":"https:\/\/truusk.store\/sv\/wp-json\/wp\/v2\/product_tag?post=46711"}],"curies":[{"name":"wp","href":"https:\/\/api.w.org\/{rel}","templated":true}]}}