{"id":46765,"date":"2024-02-14T06:47:17","date_gmt":"2024-02-14T05:47:17","guid":{"rendered":"https:\/\/truusk.store\/product\/gazebogardiner-set-om-2-for-3x6m-eller-3x3m-tradgardspaviljonger-med-fonster-och-dorrar-bla\/"},"modified":"2026-03-12T09:31:41","modified_gmt":"2026-03-12T08:31:41","slug":"truusk-gazebo-gardiner-set-om-2-for-tradgardspaviljonger-3x6m-eller-3x3m-med-fonster-och-dorrar-bla","status":"publish","type":"product","link":"https:\/\/truusk.store\/sv\/produkt\/truusk-gazebo-gardiner-set-om-2-for-tradgardspaviljonger-3x6m-eller-3x3m-med-fonster-och-dorrar-bla\/","title":{"rendered":"TRUUSK Gazebo Gardiner Set om 2 &#8211; F\u00f6r Tr\u00e4dg\u00e5rdspaviljonger 3x6m eller 3x3m &#8211; Med F\u00f6nster och D\u00f6rrar &#8211; Bl\u00e5"},"content":{"rendered":"<p>Bl\u00e5s nytt liv i din tr\u00e4dg\u00e5rdspaviljong med ers\u00e4ttningsgardiner! Denna upps\u00e4ttning med tv\u00e5 sidov\u00e4ggar passar de flesta 3 x 3 m eller 3 x 6 m pop-up lusthus och \u00e4r gjord av slitstark Oxford polyester. Har tv\u00e5lagers rullf\u00f6nster f\u00f6r l\u00e4tta och dragkedjef\u00f6rsedda d\u00f6rrar f\u00f6r enkel \u00e5tkomst. Tack vare de speciella remmarna \u00e4r inf\u00e4stning en barnlek. Observera att endast sidopanelerna ing\u00e5r; paviljongstommen ing\u00e5r ej.<\/p>\n<h3>Beskrivning:<\/h3>\n<ul>\n<li>Set med tv\u00e5 paviljongsidov\u00e4ggar<\/li>\n<li>L\u00e4mplig f\u00f6r en 3 x 3m eller 3 x 6m paviljong<\/li>\n<li>F\u00f6nster sl\u00e4pper in mycket ljus och ger fri utsikt \u00f6ver omgivningarna<\/li>\n<li>D\u00f6rrar med dragkedja f\u00f6r enkel \u00e5tkomst<\/li>\n<li>210D Oxford polyester s\u00e4kerst\u00e4ller h\u00e5llbarhet<\/li>\n<li>Remmar f\u00f6r enkel montering<\/li>\n<\/ul>\n<h3>Teknisk data:<\/h3>\n<ul>\n<li>F\u00e4rg bl\u00e5<\/li>\n<li>Material: Oxford (100% polyester)<\/li>\n<li>M\u00e5tt per sidov\u00e4gg: 295W x 195H cm<\/li>\n<li>F\u00f6nsterstorlek: 143W x 130H cm<\/li>\n<li>Tr storlek: 145W x 190H cm<\/li>\n<li>L\u00e4mplig f\u00f6r en 3 x 3 m eller 3 x 6 m tr\u00e4dg\u00e5rdspaviljong<\/li>\n<\/ul>\n<h3>Leveransens omfattning:<\/h3>\n<ul>\n<li>2 x sidov\u00e4ggar;<\/li>\n<\/ul>\n","protected":false},"excerpt":{"rendered":"<p>Bl\u00e5s nytt liv i din tr\u00e4dg\u00e5rdspaviljong med ers\u00e4ttningsgardiner! Denna upps\u00e4ttning med tv\u00e5 sidov\u00e4ggar passar de flesta 3 x 3 m&#8230;<\/p>\n","protected":false},"featured_media":46766,"template":"","meta":[],"product_brand":[],"product_cat":[477,435,476],"product_tag":[],"class_list":{"0":"post-46765","1":"product","2":"type-product","3":"status-publish","4":"has-post-thumbnail","6":"product_cat-paviljonger-partytalt","7":"product_cat-tradgard-och-terrass","8":"product_cat-tradgardspaviljonger","10":"first","11":"instock","12":"sale","13":"taxable","14":"shipping-taxable","15":"purchasable","16":"product-type-simple"},"yoast_head":"<!-- This site is optimized with the Yoast SEO plugin v25.4 - https:\/\/yoast.com\/wordpress\/plugins\/seo\/ -->\n<title>TRUUSK Gazebo Gardiner Set om 2 - F\u00f6r Tr\u00e4dg\u00e5rdspaviljonger 3x6m eller 3x3m - Med F\u00f6nster och D\u00f6rrar - Bl\u00e5 - TRUUSK - Hem, Tr\u00e4dg\u00e5rd &amp; Fritid<\/title>\n<meta name=\"robots\" content=\"index, follow, max-snippet:-1, max-image-preview:large, max-video-preview:-1\" \/>\n<link rel=\"canonical\" href=\"https:\/\/truusk.store\/sv\/produkt\/truusk-gazebo-gardiner-set-om-2-for-tradgardspaviljonger-3x6m-eller-3x3m-med-fonster-och-dorrar-bla\/\" \/>\n<meta property=\"og:locale\" content=\"sv_SE\" \/>\n<meta property=\"og:type\" content=\"article\" \/>\n<meta property=\"og:title\" content=\"TRUUSK Gazebo Gardiner Set om 2 - F\u00f6r Tr\u00e4dg\u00e5rdspaviljonger 3x6m eller 3x3m - Med F\u00f6nster och D\u00f6rrar - Bl\u00e5 - TRUUSK - Hem, Tr\u00e4dg\u00e5rd &amp; Fritid\" \/>\n<meta property=\"og:description\" content=\"Bl\u00e5s nytt liv i din tr\u00e4dg\u00e5rdspaviljong med ers\u00e4ttningsgardiner! Denna upps\u00e4ttning med tv\u00e5 sidov\u00e4ggar passar de flesta 3 x 3 m...\" \/>\n<meta property=\"og:url\" content=\"https:\/\/truusk.store\/sv\/produkt\/truusk-gazebo-gardiner-set-om-2-for-tradgardspaviljonger-3x6m-eller-3x3m-med-fonster-och-dorrar-bla\/\" \/>\n<meta property=\"og:site_name\" content=\"TRUUSK - Hem, Tr\u00e4dg\u00e5rd &amp; Fritid\" \/>\n<meta property=\"article:modified_time\" content=\"2026-03-12T08:31:41+00:00\" \/>\n<meta property=\"og:image\" content=\"https:\/\/i0.wp.com\/truusk.se\/wp-content\/uploads\/2024\/02\/gazebogardiner-set-om-2-for-3x6m-eller-3x3m-tradgardspaviljonger-med-fonster-och-dorrar-bla.webp?fit=800%2C800&ssl=1\" \/>\n\t<meta property=\"og:image:width\" content=\"800\" \/>\n\t<meta property=\"og:image:height\" content=\"800\" \/>\n\t<meta property=\"og:image:type\" content=\"image\/webp\" \/>\n<meta name=\"twitter:card\" content=\"summary_large_image\" \/>\n<meta name=\"twitter:label1\" content=\"Ber\u00e4knad l\u00e4stid\" \/>\n\t<meta name=\"twitter:data1\" content=\"1 minut\" \/>\n<!-- \/ Yoast SEO plugin. -->","yoast_head_json":{"title":"TRUUSK Gazebo Gardiner Set om 2 - F\u00f6r Tr\u00e4dg\u00e5rdspaviljonger 3x6m eller 3x3m - Med F\u00f6nster och D\u00f6rrar - Bl\u00e5 - TRUUSK - Hem, Tr\u00e4dg\u00e5rd &amp; Fritid","robots":{"index":"index","follow":"follow","max-snippet":"max-snippet:-1","max-image-preview":"max-image-preview:large","max-video-preview":"max-video-preview:-1"},"canonical":"https:\/\/truusk.store\/sv\/produkt\/truusk-gazebo-gardiner-set-om-2-for-tradgardspaviljonger-3x6m-eller-3x3m-med-fonster-och-dorrar-bla\/","og_locale":"sv_SE","og_type":"article","og_title":"TRUUSK Gazebo Gardiner Set om 2 - F\u00f6r Tr\u00e4dg\u00e5rdspaviljonger 3x6m eller 3x3m - Med F\u00f6nster och D\u00f6rrar - Bl\u00e5 - TRUUSK - Hem, Tr\u00e4dg\u00e5rd &amp; Fritid","og_description":"Bl\u00e5s nytt liv i din tr\u00e4dg\u00e5rdspaviljong med ers\u00e4ttningsgardiner! Denna upps\u00e4ttning med tv\u00e5 sidov\u00e4ggar passar de flesta 3 x 3 m...","og_url":"https:\/\/truusk.store\/sv\/produkt\/truusk-gazebo-gardiner-set-om-2-for-tradgardspaviljonger-3x6m-eller-3x3m-med-fonster-och-dorrar-bla\/","og_site_name":"TRUUSK - Hem, Tr\u00e4dg\u00e5rd &amp; Fritid","article_modified_time":"2026-03-12T08:31:41+00:00","og_image":[{"width":800,"height":800,"url":"https:\/\/i0.wp.com\/truusk.se\/wp-content\/uploads\/2024\/02\/gazebogardiner-set-om-2-for-3x6m-eller-3x3m-tradgardspaviljonger-med-fonster-och-dorrar-bla.webp?fit=800%2C800&ssl=1","type":"image\/webp"}],"twitter_card":"summary_large_image","twitter_misc":{"Ber\u00e4knad l\u00e4stid":"1 minut"},"schema":{"@context":"https:\/\/schema.org","@graph":[{"@type":"WebPage","@id":"https:\/\/truusk.store\/sv\/produkt\/truusk-gazebo-gardiner-set-om-2-for-tradgardspaviljonger-3x6m-eller-3x3m-med-fonster-och-dorrar-bla\/","url":"https:\/\/truusk.store\/sv\/produkt\/truusk-gazebo-gardiner-set-om-2-for-tradgardspaviljonger-3x6m-eller-3x3m-med-fonster-och-dorrar-bla\/","name":"TRUUSK Gazebo Gardiner Set om 2 - F\u00f6r Tr\u00e4dg\u00e5rdspaviljonger 3x6m eller 3x3m - Med F\u00f6nster och D\u00f6rrar - Bl\u00e5 - TRUUSK - Hem, Tr\u00e4dg\u00e5rd &amp; Fritid","isPartOf":{"@id":"https:\/\/truusk.store\/sv\/#website"},"primaryImageOfPage":{"@id":"https:\/\/truusk.store\/sv\/produkt\/truusk-gazebo-gardiner-set-om-2-for-tradgardspaviljonger-3x6m-eller-3x3m-med-fonster-och-dorrar-bla\/#primaryimage"},"image":{"@id":"https:\/\/truusk.store\/sv\/produkt\/truusk-gazebo-gardiner-set-om-2-for-tradgardspaviljonger-3x6m-eller-3x3m-med-fonster-och-dorrar-bla\/#primaryimage"},"thumbnailUrl":"https:\/\/i0.wp.com\/truusk.store\/wp-content\/uploads\/2024\/02\/gazebogardiner-set-om-2-for-3x6m-eller-3x3m-tradgardspaviljonger-med-fonster-och-dorrar-bla.webp?fit=800%2C800&ssl=1","datePublished":"2024-02-14T05:47:17+00:00","dateModified":"2026-03-12T08:31:41+00:00","breadcrumb":{"@id":"https:\/\/truusk.store\/sv\/produkt\/truusk-gazebo-gardiner-set-om-2-for-tradgardspaviljonger-3x6m-eller-3x3m-med-fonster-och-dorrar-bla\/#breadcrumb"},"inLanguage":"sv-SE","potentialAction":[{"@type":"ReadAction","target":["https:\/\/truusk.store\/sv\/produkt\/truusk-gazebo-gardiner-set-om-2-for-tradgardspaviljonger-3x6m-eller-3x3m-med-fonster-och-dorrar-bla\/"]}]},{"@type":"ImageObject","inLanguage":"sv-SE","@id":"https:\/\/truusk.store\/sv\/produkt\/truusk-gazebo-gardiner-set-om-2-for-tradgardspaviljonger-3x6m-eller-3x3m-med-fonster-och-dorrar-bla\/#primaryimage","url":"https:\/\/i0.wp.com\/truusk.store\/wp-content\/uploads\/2024\/02\/gazebogardiner-set-om-2-for-3x6m-eller-3x3m-tradgardspaviljonger-med-fonster-och-dorrar-bla.webp?fit=800%2C800&ssl=1","contentUrl":"https:\/\/i0.wp.com\/truusk.store\/wp-content\/uploads\/2024\/02\/gazebogardiner-set-om-2-for-3x6m-eller-3x3m-tradgardspaviljonger-med-fonster-och-dorrar-bla.webp?fit=800%2C800&ssl=1","width":800,"height":800,"caption":"Gazebogardiner, Set Om 2, F\u00f6r 3x6m Eller 3x3m Tr\u00e4dg\u00e5rdspaviljonger, Med F\u00f6nster Och D\u00f6rrar, Bl\u00e5 1"},{"@type":"BreadcrumbList","@id":"https:\/\/truusk.store\/sv\/produkt\/truusk-gazebo-gardiner-set-om-2-for-tradgardspaviljonger-3x6m-eller-3x3m-med-fonster-och-dorrar-bla\/#breadcrumb","itemListElement":[{"@type":"ListItem","position":1,"name":"Home","item":"https:\/\/truusk.store\/sv\/"},{"@type":"ListItem","position":2,"name":"Shop","item":"https:\/\/truusk.store\/shop\/"},{"@type":"ListItem","position":3,"name":"TRUUSK Gazebo Gardiner Set om 2 &#8211; F\u00f6r Tr\u00e4dg\u00e5rdspaviljonger 3x6m eller 3x3m &#8211; Med F\u00f6nster och D\u00f6rrar &#8211; Bl\u00e5"}]},{"@type":"WebSite","@id":"https:\/\/truusk.store\/sv\/#website","url":"https:\/\/truusk.store\/sv\/","name":"TRUUSK - Hem, Tr\u00e4dg\u00e5rd & Fritid","description":"","publisher":{"@id":"https:\/\/truusk.store\/sv\/#organization"},"potentialAction":[{"@type":"SearchAction","target":{"@type":"EntryPoint","urlTemplate":"https:\/\/truusk.store\/sv\/?s={search_term_string}"},"query-input":{"@type":"PropertyValueSpecification","valueRequired":true,"valueName":"search_term_string"}}],"inLanguage":"sv-SE"},{"@type":"Organization","@id":"https:\/\/truusk.store\/sv\/#organization","name":"TRUUSK - Hem, Tr\u00e4dg\u00e5rd & Fritid","url":"https:\/\/truusk.store\/sv\/","logo":{"@type":"ImageObject","inLanguage":"sv-SE","@id":"https:\/\/truusk.store\/sv\/#\/schema\/logo\/image\/","url":"https:\/\/i0.wp.com\/truusk.store\/wp-content\/uploads\/2026\/03\/cropped-TRUUSK.png?fit=2032%2C917&ssl=1","contentUrl":"https:\/\/i0.wp.com\/truusk.store\/wp-content\/uploads\/2026\/03\/cropped-TRUUSK.png?fit=2032%2C917&ssl=1","width":2032,"height":917,"caption":"TRUUSK - Hem, Tr\u00e4dg\u00e5rd & Fritid"},"image":{"@id":"https:\/\/truusk.store\/sv\/#\/schema\/logo\/image\/"}}]}},"jetpack_sharing_enabled":true,"_links":{"self":[{"href":"https:\/\/truusk.store\/sv\/wp-json\/wp\/v2\/product\/46765","targetHints":{"allow":["GET"]}}],"collection":[{"href":"https:\/\/truusk.store\/sv\/wp-json\/wp\/v2\/product"}],"about":[{"href":"https:\/\/truusk.store\/sv\/wp-json\/wp\/v2\/types\/product"}],"wp:featuredmedia":[{"embeddable":true,"href":"https:\/\/truusk.store\/sv\/wp-json\/wp\/v2\/media\/46766"}],"wp:attachment":[{"href":"https:\/\/truusk.store\/sv\/wp-json\/wp\/v2\/media?parent=46765"}],"wp:term":[{"taxonomy":"product_brand","embeddable":true,"href":"https:\/\/truusk.store\/sv\/wp-json\/wp\/v2\/product_brand?post=46765"},{"taxonomy":"product_cat","embeddable":true,"href":"https:\/\/truusk.store\/sv\/wp-json\/wp\/v2\/product_cat?post=46765"},{"taxonomy":"product_tag","embeddable":true,"href":"https:\/\/truusk.store\/sv\/wp-json\/wp\/v2\/product_tag?post=46765"}],"curies":[{"name":"wp","href":"https:\/\/api.w.org\/{rel}","templated":true}]}}