{"id":46779,"date":"2024-02-14T06:47:51","date_gmt":"2024-02-14T05:47:51","guid":{"rendered":"https:\/\/truusk.store\/product\/sandsackar-for-lusthus-set-om-4-48-kg-utan-sand-med-fastremmar-vaderbestandig-svart\/"},"modified":"2026-03-12T09:31:41","modified_gmt":"2026-03-12T08:31:41","slug":"truusk-sandsackar-for-lusthus-set-om-4-48-kg-fastremmar-vaderbestandig-svart","status":"publish","type":"product","link":"https:\/\/truusk.store\/sv\/produkt\/truusk-sandsackar-for-lusthus-set-om-4-48-kg-fastremmar-vaderbestandig-svart\/","title":{"rendered":"TRUUSK Sands\u00e4ckar f\u00f6r Lusthus, Set om 4 &#8211; 48 kg &#8211; F\u00e4stremmar &#8211; V\u00e4derbest\u00e4ndig &#8211; Svart"},"content":{"rendered":"<p>Optimera stabiliteten i din paviljong eller t\u00e4lt med v\u00e5rt sands\u00e4cksset (4 delar). Varje p\u00e5se rymmer upp till 12 kg sand (sand ing\u00e5r ej) och erbjuder enast\u00e5ende vindmotst\u00e5nd med tv\u00e5 sp\u00e4nnband. De praktiska blixtl\u00e5ssektionerna m\u00f6jligg\u00f6r snabb fyllning med sand, medan handtaget g\u00f6r den l\u00e4tt att transportera. Ge ditt partyt\u00e4lt den n\u00f6dv\u00e4ndiga stabiliteten med detta set &#8211; en p\u00e5litlig l\u00f6sning f\u00f6r bl\u00e5siga dagar.<\/p>\n<h3>Beskrivning:<\/h3>\n<ul>\n<li>Set med 4 sandp\u00e5sar, vardera inneh\u00e5llande 12 kg sand. (Ingen sand ing\u00e5r)<\/li>\n<li>Tv\u00e5 sp\u00e4nnband f\u00f6r optimal f\u00e4ste p\u00e5 paviljong- eller t\u00e4ltst\u00f6d<\/li>\n<li>Blixtl\u00e5sf\u00f6rsedda sektioner f\u00f6r snabb fyllning med sand<\/li>\n<li>B\u00e4rhandtag f\u00f6r enkel transport<\/li>\n<li>L\u00e4mplig f\u00f6r alla lusthus eller t\u00e4lt (st\u00f6dstorlek: 12L x 12W cm)<\/li>\n<li>N\u00e4r den \u00e4r helt fylld med sand v\u00e4ger varje p\u00e5se 14-18 kg<\/li>\n<\/ul>\n<h3>Teknisk data:<\/h3>\n<ul>\n<li>F\u00e4rg: Svart och Gr\u00e5<\/li>\n<li>Material: 1680D Oxford polyester<\/li>\n<li>M\u00e5tt: 20L x 10W x 43H cm (per sands\u00e4ck)<\/li>\n<li>\u00d6ppningsm\u00e5tt: 11 cm<\/li>\n<li>Handtagsl\u00e4ngd: 13 cm<\/li>\n<li>L\u00e4mplig f\u00f6r lusthus och t\u00e4lt med st\u00f6d 12L x 12W cm<\/li>\n<\/ul>\n<h3>Leveransens omfattning:<\/h3>\n<ul>\n<li>4 x sands\u00e4ck f\u00f6r lusthus;<\/li>\n<\/ul>\n","protected":false},"excerpt":{"rendered":"<p>Optimera stabiliteten i din paviljong eller t\u00e4lt med v\u00e5rt sands\u00e4cksset (4 delar). Varje p\u00e5se rymmer upp till 12 kg sand&#8230;<\/p>\n","protected":false},"featured_media":46780,"template":"","meta":[],"product_brand":[],"product_cat":[477,435,476],"product_tag":[],"class_list":{"0":"post-46779","1":"product","2":"type-product","3":"status-publish","4":"has-post-thumbnail","6":"product_cat-paviljonger-partytalt","7":"product_cat-tradgard-och-terrass","8":"product_cat-tradgardspaviljonger","10":"first","11":"instock","12":"sale","13":"taxable","14":"shipping-taxable","15":"purchasable","16":"product-type-simple"},"yoast_head":"<!-- This site is optimized with the Yoast SEO plugin v25.4 - https:\/\/yoast.com\/wordpress\/plugins\/seo\/ -->\n<title>TRUUSK Sands\u00e4ckar f\u00f6r Lusthus, Set om 4 - 48 kg - F\u00e4stremmar - V\u00e4derbest\u00e4ndig - Svart - TRUUSK - Hem, Tr\u00e4dg\u00e5rd &amp; Fritid<\/title>\n<meta name=\"robots\" content=\"index, follow, max-snippet:-1, max-image-preview:large, max-video-preview:-1\" \/>\n<link rel=\"canonical\" href=\"https:\/\/truusk.store\/sv\/produkt\/truusk-sandsackar-for-lusthus-set-om-4-48-kg-fastremmar-vaderbestandig-svart\/\" \/>\n<meta property=\"og:locale\" content=\"sv_SE\" \/>\n<meta property=\"og:type\" content=\"article\" \/>\n<meta property=\"og:title\" content=\"TRUUSK Sands\u00e4ckar f\u00f6r Lusthus, Set om 4 - 48 kg - F\u00e4stremmar - V\u00e4derbest\u00e4ndig - Svart - TRUUSK - Hem, Tr\u00e4dg\u00e5rd &amp; Fritid\" \/>\n<meta property=\"og:description\" content=\"Optimera stabiliteten i din paviljong eller t\u00e4lt med v\u00e5rt sands\u00e4cksset (4 delar). Varje p\u00e5se rymmer upp till 12 kg sand...\" \/>\n<meta property=\"og:url\" content=\"https:\/\/truusk.store\/sv\/produkt\/truusk-sandsackar-for-lusthus-set-om-4-48-kg-fastremmar-vaderbestandig-svart\/\" \/>\n<meta property=\"og:site_name\" content=\"TRUUSK - Hem, Tr\u00e4dg\u00e5rd &amp; Fritid\" \/>\n<meta property=\"article:modified_time\" content=\"2026-03-12T08:31:41+00:00\" \/>\n<meta property=\"og:image\" content=\"https:\/\/i0.wp.com\/truusk.se\/wp-content\/uploads\/2024\/02\/sandsackar-for-lusthus-set-om-4-48-kg-utan-sand-med-fastremmar-vaderbestandig-svart.webp?fit=800%2C800&ssl=1\" \/>\n\t<meta property=\"og:image:width\" content=\"800\" \/>\n\t<meta property=\"og:image:height\" content=\"800\" \/>\n\t<meta property=\"og:image:type\" content=\"image\/webp\" \/>\n<meta name=\"twitter:card\" content=\"summary_large_image\" \/>\n<meta name=\"twitter:label1\" content=\"Ber\u00e4knad l\u00e4stid\" \/>\n\t<meta name=\"twitter:data1\" content=\"1 minut\" \/>\n<!-- \/ Yoast SEO plugin. -->","yoast_head_json":{"title":"TRUUSK Sands\u00e4ckar f\u00f6r Lusthus, Set om 4 - 48 kg - F\u00e4stremmar - V\u00e4derbest\u00e4ndig - Svart - TRUUSK - Hem, Tr\u00e4dg\u00e5rd &amp; Fritid","robots":{"index":"index","follow":"follow","max-snippet":"max-snippet:-1","max-image-preview":"max-image-preview:large","max-video-preview":"max-video-preview:-1"},"canonical":"https:\/\/truusk.store\/sv\/produkt\/truusk-sandsackar-for-lusthus-set-om-4-48-kg-fastremmar-vaderbestandig-svart\/","og_locale":"sv_SE","og_type":"article","og_title":"TRUUSK Sands\u00e4ckar f\u00f6r Lusthus, Set om 4 - 48 kg - F\u00e4stremmar - V\u00e4derbest\u00e4ndig - Svart - TRUUSK - Hem, Tr\u00e4dg\u00e5rd &amp; Fritid","og_description":"Optimera stabiliteten i din paviljong eller t\u00e4lt med v\u00e5rt sands\u00e4cksset (4 delar). Varje p\u00e5se rymmer upp till 12 kg sand...","og_url":"https:\/\/truusk.store\/sv\/produkt\/truusk-sandsackar-for-lusthus-set-om-4-48-kg-fastremmar-vaderbestandig-svart\/","og_site_name":"TRUUSK - Hem, Tr\u00e4dg\u00e5rd &amp; Fritid","article_modified_time":"2026-03-12T08:31:41+00:00","og_image":[{"width":800,"height":800,"url":"https:\/\/i0.wp.com\/truusk.se\/wp-content\/uploads\/2024\/02\/sandsackar-for-lusthus-set-om-4-48-kg-utan-sand-med-fastremmar-vaderbestandig-svart.webp?fit=800%2C800&ssl=1","type":"image\/webp"}],"twitter_card":"summary_large_image","twitter_misc":{"Ber\u00e4knad l\u00e4stid":"1 minut"},"schema":{"@context":"https:\/\/schema.org","@graph":[{"@type":"WebPage","@id":"https:\/\/truusk.store\/sv\/produkt\/truusk-sandsackar-for-lusthus-set-om-4-48-kg-fastremmar-vaderbestandig-svart\/","url":"https:\/\/truusk.store\/sv\/produkt\/truusk-sandsackar-for-lusthus-set-om-4-48-kg-fastremmar-vaderbestandig-svart\/","name":"TRUUSK Sands\u00e4ckar f\u00f6r Lusthus, Set om 4 - 48 kg - F\u00e4stremmar - V\u00e4derbest\u00e4ndig - Svart - TRUUSK - Hem, Tr\u00e4dg\u00e5rd &amp; Fritid","isPartOf":{"@id":"https:\/\/truusk.store\/sv\/#website"},"primaryImageOfPage":{"@id":"https:\/\/truusk.store\/sv\/produkt\/truusk-sandsackar-for-lusthus-set-om-4-48-kg-fastremmar-vaderbestandig-svart\/#primaryimage"},"image":{"@id":"https:\/\/truusk.store\/sv\/produkt\/truusk-sandsackar-for-lusthus-set-om-4-48-kg-fastremmar-vaderbestandig-svart\/#primaryimage"},"thumbnailUrl":"https:\/\/i0.wp.com\/truusk.store\/wp-content\/uploads\/2024\/02\/sandsackar-for-lusthus-set-om-4-48-kg-utan-sand-med-fastremmar-vaderbestandig-svart.webp?fit=800%2C800&ssl=1","datePublished":"2024-02-14T05:47:51+00:00","dateModified":"2026-03-12T08:31:41+00:00","breadcrumb":{"@id":"https:\/\/truusk.store\/sv\/produkt\/truusk-sandsackar-for-lusthus-set-om-4-48-kg-fastremmar-vaderbestandig-svart\/#breadcrumb"},"inLanguage":"sv-SE","potentialAction":[{"@type":"ReadAction","target":["https:\/\/truusk.store\/sv\/produkt\/truusk-sandsackar-for-lusthus-set-om-4-48-kg-fastremmar-vaderbestandig-svart\/"]}]},{"@type":"ImageObject","inLanguage":"sv-SE","@id":"https:\/\/truusk.store\/sv\/produkt\/truusk-sandsackar-for-lusthus-set-om-4-48-kg-fastremmar-vaderbestandig-svart\/#primaryimage","url":"https:\/\/i0.wp.com\/truusk.store\/wp-content\/uploads\/2024\/02\/sandsackar-for-lusthus-set-om-4-48-kg-utan-sand-med-fastremmar-vaderbestandig-svart.webp?fit=800%2C800&ssl=1","contentUrl":"https:\/\/i0.wp.com\/truusk.store\/wp-content\/uploads\/2024\/02\/sandsackar-for-lusthus-set-om-4-48-kg-utan-sand-med-fastremmar-vaderbestandig-svart.webp?fit=800%2C800&ssl=1","width":800,"height":800,"caption":"Sands\u00e4ckar F\u00f6r Lusthus, Set Om 4, 48 Kg, Utan Sand, Med F\u00e4stremmar, V\u00e4derbest\u00e4ndig, Svart 1"},{"@type":"BreadcrumbList","@id":"https:\/\/truusk.store\/sv\/produkt\/truusk-sandsackar-for-lusthus-set-om-4-48-kg-fastremmar-vaderbestandig-svart\/#breadcrumb","itemListElement":[{"@type":"ListItem","position":1,"name":"Home","item":"https:\/\/truusk.store\/sv\/"},{"@type":"ListItem","position":2,"name":"Shop","item":"https:\/\/truusk.store\/shop\/"},{"@type":"ListItem","position":3,"name":"TRUUSK Sands\u00e4ckar f\u00f6r Lusthus, Set om 4 &#8211; 48 kg &#8211; F\u00e4stremmar &#8211; V\u00e4derbest\u00e4ndig &#8211; Svart"}]},{"@type":"WebSite","@id":"https:\/\/truusk.store\/sv\/#website","url":"https:\/\/truusk.store\/sv\/","name":"TRUUSK - Hem, Tr\u00e4dg\u00e5rd & Fritid","description":"","publisher":{"@id":"https:\/\/truusk.store\/sv\/#organization"},"potentialAction":[{"@type":"SearchAction","target":{"@type":"EntryPoint","urlTemplate":"https:\/\/truusk.store\/sv\/?s={search_term_string}"},"query-input":{"@type":"PropertyValueSpecification","valueRequired":true,"valueName":"search_term_string"}}],"inLanguage":"sv-SE"},{"@type":"Organization","@id":"https:\/\/truusk.store\/sv\/#organization","name":"TRUUSK - Hem, Tr\u00e4dg\u00e5rd & Fritid","url":"https:\/\/truusk.store\/sv\/","logo":{"@type":"ImageObject","inLanguage":"sv-SE","@id":"https:\/\/truusk.store\/sv\/#\/schema\/logo\/image\/","url":"https:\/\/i0.wp.com\/truusk.store\/wp-content\/uploads\/2026\/03\/cropped-TRUUSK.png?fit=2032%2C917&ssl=1","contentUrl":"https:\/\/i0.wp.com\/truusk.store\/wp-content\/uploads\/2026\/03\/cropped-TRUUSK.png?fit=2032%2C917&ssl=1","width":2032,"height":917,"caption":"TRUUSK - Hem, Tr\u00e4dg\u00e5rd & Fritid"},"image":{"@id":"https:\/\/truusk.store\/sv\/#\/schema\/logo\/image\/"}}]}},"jetpack_sharing_enabled":true,"_links":{"self":[{"href":"https:\/\/truusk.store\/sv\/wp-json\/wp\/v2\/product\/46779","targetHints":{"allow":["GET"]}}],"collection":[{"href":"https:\/\/truusk.store\/sv\/wp-json\/wp\/v2\/product"}],"about":[{"href":"https:\/\/truusk.store\/sv\/wp-json\/wp\/v2\/types\/product"}],"wp:featuredmedia":[{"embeddable":true,"href":"https:\/\/truusk.store\/sv\/wp-json\/wp\/v2\/media\/46780"}],"wp:attachment":[{"href":"https:\/\/truusk.store\/sv\/wp-json\/wp\/v2\/media?parent=46779"}],"wp:term":[{"taxonomy":"product_brand","embeddable":true,"href":"https:\/\/truusk.store\/sv\/wp-json\/wp\/v2\/product_brand?post=46779"},{"taxonomy":"product_cat","embeddable":true,"href":"https:\/\/truusk.store\/sv\/wp-json\/wp\/v2\/product_cat?post=46779"},{"taxonomy":"product_tag","embeddable":true,"href":"https:\/\/truusk.store\/sv\/wp-json\/wp\/v2\/product_tag?post=46779"}],"curies":[{"name":"wp","href":"https:\/\/api.w.org\/{rel}","templated":true}]}}