{"id":46786,"date":"2024-02-14T06:48:22","date_gmt":"2024-02-14T05:48:22","guid":{"rendered":"https:\/\/truusk.store\/product\/tradgardsbord-med-skapsfack-arbetsyta-i-aluminium-forvaringsutrymme-112x47x146cm-gra\/"},"modified":"2026-03-12T09:31:42","modified_gmt":"2026-03-12T08:31:42","slug":"truusk-tradgardsbord-med-skapsfack-arbetsyta-i-aluminium-forvaringsutrymme-112x47x146cm-gra","status":"publish","type":"product","link":"https:\/\/truusk.store\/sv\/produkt\/truusk-tradgardsbord-med-skapsfack-arbetsyta-i-aluminium-forvaringsutrymme-112x47x146cm-gra\/","title":{"rendered":"TRUUSK Tr\u00e4dg\u00e5rdsbord med Sk\u00e5psfack &#8211; Arbetsyta i Aluminium &#8211; F\u00f6rvaringsutrymme &#8211; 112x47x146cm &#8211; Gr\u00e5"},"content":{"rendered":"<p>Med v\u00e4xtbordet f\u00e5r du en underbar utomhusarbetsplats som kommer att ge dig mycket n\u00f6je n\u00e4r du sk\u00f6ter ditt tr\u00e4dg\u00e5rdsarbete. Den rymliga arbetsytan och det rymliga f\u00f6rvaringsutrymmet erbjuder tillr\u00e4ckligt med utrymme f\u00f6r att g\u00f6ra ditt tr\u00e4dg\u00e5rdsarbete bekv\u00e4mt och f\u00f6r att f\u00f6rvara dina redskap snyggt. Tack vare den vattenbaserade f\u00e4rgen \u00e4r tr\u00e4dg\u00e5rdsbordet utomhus skyddat fr\u00e5n solljus och regn, s\u00e5 att du inte beh\u00f6ver oroa dig f\u00f6r fukt och rost.<\/p>\n<h3>Beskrivning:<\/h3>\n<ul>\n<li>Ge ditt uteomr\u00e5de en charmig lantlig touch<\/li>\n<li>Den robusta bordsskivan i aluminium b\u00e4r l\u00e4tt upp tunga krukor och jord<\/li>\n<li>Den vattenbaserade finishen p\u00e5 tr\u00e4dg\u00e5rdsm\u00e4starens bord skyddar det fr\u00e5n solljus och fukt<\/li>\n<li>Stabilitet tack vare gummif\u00f6tter<\/li>\n<li>Stort f\u00f6rvaringsutrymme p\u00e5 planteringsbordet med undersk\u00e5p f\u00f6r verktyg och blomg\u00f6dsel<\/li>\n<li>L\u00e4tt att montera f\u00f6r snabb anv\u00e4ndning<\/li>\n<\/ul>\n<h3>Teknisk data:<\/h3>\n<ul>\n<li>F\u00e4rg gr\u00e5<\/li>\n<li>Material: gran, aluminium<\/li>\n<li>\u00d6vergripande m\u00e5tt: 112L x 47W x 146H cm<\/li>\n<li>Arbetsbordsyta: 108L x 45,5W x 85H cm<\/li>\n<li>\u00d6versta hyllan: 106L x 9W x 7,5H cm<\/li>\n<li>F\u00f6rvaringsyta f\u00f6r bordsskivor: 109L x 11W x 60H cm<\/li>\n<li>Sk\u00e5psfack: 43L x 37W x 34H cm (botten), 43L x 37W x 33H cm (\u00f6verst)<\/li>\n<li>H\u00f6ger f\u00f6rvaringsfack: 59L x 38W x 34H cm (botten), 60L x 35W x 33H cm (\u00f6verst)<\/li>\n<li>Tr: 41W x 64H cm<\/li>\n<li>Max belastning: 75 kg (bordsskiva), 5 kg (\u00f6versta hyllan), 10 kg (\u00f6vriga hyllor)<\/li>\n<\/ul>\n<h3>Leveransens omfattning:<\/h3>\n<ul>\n<li>1 x tr\u00e4dg\u00e5rdsbord<\/li>\n<li>1 x manuell<\/li>\n<\/ul>\n","protected":false},"excerpt":{"rendered":"<p>Med v\u00e4xtbordet f\u00e5r du en underbar utomhusarbetsplats som kommer att ge dig mycket n\u00f6je n\u00e4r du sk\u00f6ter ditt tr\u00e4dg\u00e5rdsarbete. Den&#8230;<\/p>\n","protected":false},"featured_media":46787,"template":"","meta":[],"product_brand":[],"product_cat":[446,435,443],"product_tag":[],"class_list":{"0":"post-46786","1":"product","2":"type-product","3":"status-publish","4":"has-post-thumbnail","6":"product_cat-planteringsbord","7":"product_cat-tradgard-och-terrass","8":"product_cat-vaxthus-tradgardsskotsel","10":"first","11":"instock","12":"sale","13":"taxable","14":"shipping-taxable","15":"purchasable","16":"product-type-simple"},"yoast_head":"<!-- This site is optimized with the Yoast SEO plugin v25.4 - https:\/\/yoast.com\/wordpress\/plugins\/seo\/ -->\n<title>TRUUSK Tr\u00e4dg\u00e5rdsbord med Sk\u00e5psfack - Arbetsyta i Aluminium - F\u00f6rvaringsutrymme - 112x47x146cm - Gr\u00e5 - TRUUSK - Hem, Tr\u00e4dg\u00e5rd &amp; Fritid<\/title>\n<meta name=\"robots\" content=\"index, follow, max-snippet:-1, max-image-preview:large, max-video-preview:-1\" \/>\n<link rel=\"canonical\" href=\"https:\/\/truusk.store\/sv\/produkt\/truusk-tradgardsbord-med-skapsfack-arbetsyta-i-aluminium-forvaringsutrymme-112x47x146cm-gra\/\" \/>\n<meta property=\"og:locale\" content=\"sv_SE\" \/>\n<meta property=\"og:type\" content=\"article\" \/>\n<meta property=\"og:title\" content=\"TRUUSK Tr\u00e4dg\u00e5rdsbord med Sk\u00e5psfack - Arbetsyta i Aluminium - F\u00f6rvaringsutrymme - 112x47x146cm - Gr\u00e5 - TRUUSK - Hem, Tr\u00e4dg\u00e5rd &amp; Fritid\" \/>\n<meta property=\"og:description\" content=\"Med v\u00e4xtbordet f\u00e5r du en underbar utomhusarbetsplats som kommer att ge dig mycket n\u00f6je n\u00e4r du sk\u00f6ter ditt tr\u00e4dg\u00e5rdsarbete. Den...\" \/>\n<meta property=\"og:url\" content=\"https:\/\/truusk.store\/sv\/produkt\/truusk-tradgardsbord-med-skapsfack-arbetsyta-i-aluminium-forvaringsutrymme-112x47x146cm-gra\/\" \/>\n<meta property=\"og:site_name\" content=\"TRUUSK - Hem, Tr\u00e4dg\u00e5rd &amp; Fritid\" \/>\n<meta property=\"article:modified_time\" content=\"2026-03-12T08:31:42+00:00\" \/>\n<meta property=\"og:image\" content=\"https:\/\/i0.wp.com\/truusk.se\/wp-content\/uploads\/2024\/02\/tradgardsbord-med-skapsfack-arbetsyta-i-aluminium-forvaringsutrymme-112x47x146cm-gra.webp?fit=800%2C800&ssl=1\" \/>\n\t<meta property=\"og:image:width\" content=\"800\" \/>\n\t<meta property=\"og:image:height\" content=\"800\" \/>\n\t<meta property=\"og:image:type\" content=\"image\/webp\" \/>\n<meta name=\"twitter:card\" content=\"summary_large_image\" \/>\n<meta name=\"twitter:label1\" content=\"Ber\u00e4knad l\u00e4stid\" \/>\n\t<meta name=\"twitter:data1\" content=\"1 minut\" \/>\n<!-- \/ Yoast SEO plugin. -->","yoast_head_json":{"title":"TRUUSK Tr\u00e4dg\u00e5rdsbord med Sk\u00e5psfack - Arbetsyta i Aluminium - F\u00f6rvaringsutrymme - 112x47x146cm - Gr\u00e5 - TRUUSK - Hem, Tr\u00e4dg\u00e5rd &amp; Fritid","robots":{"index":"index","follow":"follow","max-snippet":"max-snippet:-1","max-image-preview":"max-image-preview:large","max-video-preview":"max-video-preview:-1"},"canonical":"https:\/\/truusk.store\/sv\/produkt\/truusk-tradgardsbord-med-skapsfack-arbetsyta-i-aluminium-forvaringsutrymme-112x47x146cm-gra\/","og_locale":"sv_SE","og_type":"article","og_title":"TRUUSK Tr\u00e4dg\u00e5rdsbord med Sk\u00e5psfack - Arbetsyta i Aluminium - F\u00f6rvaringsutrymme - 112x47x146cm - Gr\u00e5 - TRUUSK - Hem, Tr\u00e4dg\u00e5rd &amp; Fritid","og_description":"Med v\u00e4xtbordet f\u00e5r du en underbar utomhusarbetsplats som kommer att ge dig mycket n\u00f6je n\u00e4r du sk\u00f6ter ditt tr\u00e4dg\u00e5rdsarbete. Den...","og_url":"https:\/\/truusk.store\/sv\/produkt\/truusk-tradgardsbord-med-skapsfack-arbetsyta-i-aluminium-forvaringsutrymme-112x47x146cm-gra\/","og_site_name":"TRUUSK - Hem, Tr\u00e4dg\u00e5rd &amp; Fritid","article_modified_time":"2026-03-12T08:31:42+00:00","og_image":[{"width":800,"height":800,"url":"https:\/\/i0.wp.com\/truusk.se\/wp-content\/uploads\/2024\/02\/tradgardsbord-med-skapsfack-arbetsyta-i-aluminium-forvaringsutrymme-112x47x146cm-gra.webp?fit=800%2C800&ssl=1","type":"image\/webp"}],"twitter_card":"summary_large_image","twitter_misc":{"Ber\u00e4knad l\u00e4stid":"1 minut"},"schema":{"@context":"https:\/\/schema.org","@graph":[{"@type":"WebPage","@id":"https:\/\/truusk.store\/sv\/produkt\/truusk-tradgardsbord-med-skapsfack-arbetsyta-i-aluminium-forvaringsutrymme-112x47x146cm-gra\/","url":"https:\/\/truusk.store\/sv\/produkt\/truusk-tradgardsbord-med-skapsfack-arbetsyta-i-aluminium-forvaringsutrymme-112x47x146cm-gra\/","name":"TRUUSK Tr\u00e4dg\u00e5rdsbord med Sk\u00e5psfack - Arbetsyta i Aluminium - F\u00f6rvaringsutrymme - 112x47x146cm - Gr\u00e5 - TRUUSK - Hem, Tr\u00e4dg\u00e5rd &amp; Fritid","isPartOf":{"@id":"https:\/\/truusk.store\/sv\/#website"},"primaryImageOfPage":{"@id":"https:\/\/truusk.store\/sv\/produkt\/truusk-tradgardsbord-med-skapsfack-arbetsyta-i-aluminium-forvaringsutrymme-112x47x146cm-gra\/#primaryimage"},"image":{"@id":"https:\/\/truusk.store\/sv\/produkt\/truusk-tradgardsbord-med-skapsfack-arbetsyta-i-aluminium-forvaringsutrymme-112x47x146cm-gra\/#primaryimage"},"thumbnailUrl":"https:\/\/i0.wp.com\/truusk.store\/wp-content\/uploads\/2024\/02\/tradgardsbord-med-skapsfack-arbetsyta-i-aluminium-forvaringsutrymme-112x47x146cm-gra.webp?fit=800%2C800&ssl=1","datePublished":"2024-02-14T05:48:22+00:00","dateModified":"2026-03-12T08:31:42+00:00","breadcrumb":{"@id":"https:\/\/truusk.store\/sv\/produkt\/truusk-tradgardsbord-med-skapsfack-arbetsyta-i-aluminium-forvaringsutrymme-112x47x146cm-gra\/#breadcrumb"},"inLanguage":"sv-SE","potentialAction":[{"@type":"ReadAction","target":["https:\/\/truusk.store\/sv\/produkt\/truusk-tradgardsbord-med-skapsfack-arbetsyta-i-aluminium-forvaringsutrymme-112x47x146cm-gra\/"]}]},{"@type":"ImageObject","inLanguage":"sv-SE","@id":"https:\/\/truusk.store\/sv\/produkt\/truusk-tradgardsbord-med-skapsfack-arbetsyta-i-aluminium-forvaringsutrymme-112x47x146cm-gra\/#primaryimage","url":"https:\/\/i0.wp.com\/truusk.store\/wp-content\/uploads\/2024\/02\/tradgardsbord-med-skapsfack-arbetsyta-i-aluminium-forvaringsutrymme-112x47x146cm-gra.webp?fit=800%2C800&ssl=1","contentUrl":"https:\/\/i0.wp.com\/truusk.store\/wp-content\/uploads\/2024\/02\/tradgardsbord-med-skapsfack-arbetsyta-i-aluminium-forvaringsutrymme-112x47x146cm-gra.webp?fit=800%2C800&ssl=1","width":800,"height":800,"caption":"Tr\u00e4dg\u00e5rdsbord Med Sk\u00e5psfack, Arbetsyta I Aluminium, F\u00f6rvaringsutrymme, 112x47x146cm, Gr\u00e5 1"},{"@type":"BreadcrumbList","@id":"https:\/\/truusk.store\/sv\/produkt\/truusk-tradgardsbord-med-skapsfack-arbetsyta-i-aluminium-forvaringsutrymme-112x47x146cm-gra\/#breadcrumb","itemListElement":[{"@type":"ListItem","position":1,"name":"Home","item":"https:\/\/truusk.store\/sv\/"},{"@type":"ListItem","position":2,"name":"Shop","item":"https:\/\/truusk.store\/shop\/"},{"@type":"ListItem","position":3,"name":"TRUUSK Tr\u00e4dg\u00e5rdsbord med Sk\u00e5psfack &#8211; Arbetsyta i Aluminium &#8211; F\u00f6rvaringsutrymme &#8211; 112x47x146cm &#8211; Gr\u00e5"}]},{"@type":"WebSite","@id":"https:\/\/truusk.store\/sv\/#website","url":"https:\/\/truusk.store\/sv\/","name":"TRUUSK - Hem, Tr\u00e4dg\u00e5rd & Fritid","description":"","publisher":{"@id":"https:\/\/truusk.store\/sv\/#organization"},"potentialAction":[{"@type":"SearchAction","target":{"@type":"EntryPoint","urlTemplate":"https:\/\/truusk.store\/sv\/?s={search_term_string}"},"query-input":{"@type":"PropertyValueSpecification","valueRequired":true,"valueName":"search_term_string"}}],"inLanguage":"sv-SE"},{"@type":"Organization","@id":"https:\/\/truusk.store\/sv\/#organization","name":"TRUUSK - Hem, Tr\u00e4dg\u00e5rd & Fritid","url":"https:\/\/truusk.store\/sv\/","logo":{"@type":"ImageObject","inLanguage":"sv-SE","@id":"https:\/\/truusk.store\/sv\/#\/schema\/logo\/image\/","url":"https:\/\/i0.wp.com\/truusk.store\/wp-content\/uploads\/2026\/03\/cropped-TRUUSK.png?fit=2032%2C917&ssl=1","contentUrl":"https:\/\/i0.wp.com\/truusk.store\/wp-content\/uploads\/2026\/03\/cropped-TRUUSK.png?fit=2032%2C917&ssl=1","width":2032,"height":917,"caption":"TRUUSK - Hem, Tr\u00e4dg\u00e5rd & Fritid"},"image":{"@id":"https:\/\/truusk.store\/sv\/#\/schema\/logo\/image\/"}}]}},"jetpack_sharing_enabled":true,"_links":{"self":[{"href":"https:\/\/truusk.store\/sv\/wp-json\/wp\/v2\/product\/46786","targetHints":{"allow":["GET"]}}],"collection":[{"href":"https:\/\/truusk.store\/sv\/wp-json\/wp\/v2\/product"}],"about":[{"href":"https:\/\/truusk.store\/sv\/wp-json\/wp\/v2\/types\/product"}],"wp:featuredmedia":[{"embeddable":true,"href":"https:\/\/truusk.store\/sv\/wp-json\/wp\/v2\/media\/46787"}],"wp:attachment":[{"href":"https:\/\/truusk.store\/sv\/wp-json\/wp\/v2\/media?parent=46786"}],"wp:term":[{"taxonomy":"product_brand","embeddable":true,"href":"https:\/\/truusk.store\/sv\/wp-json\/wp\/v2\/product_brand?post=46786"},{"taxonomy":"product_cat","embeddable":true,"href":"https:\/\/truusk.store\/sv\/wp-json\/wp\/v2\/product_cat?post=46786"},{"taxonomy":"product_tag","embeddable":true,"href":"https:\/\/truusk.store\/sv\/wp-json\/wp\/v2\/product_tag?post=46786"}],"curies":[{"name":"wp","href":"https:\/\/api.w.org\/{rel}","templated":true}]}}