{"id":46804,"date":"2024-02-14T06:49:00","date_gmt":"2024-02-14T05:49:00","guid":{"rendered":"https:\/\/truusk.store\/product\/vaxthusersattningspresenning-vaderbestandig-uv-bestandig-140-x-213-x-190-cm-gron\/"},"modified":"2026-03-12T09:32:18","modified_gmt":"2026-03-12T08:32:18","slug":"truusk-vaxthusoverdrag-vaderbestandig-uv-bestandig-140-x-213-x-190-cm-gron","status":"publish","type":"product","link":"https:\/\/truusk.store\/sv\/produkt\/truusk-vaxthusoverdrag-vaderbestandig-uv-bestandig-140-x-213-x-190-cm-gron\/","title":{"rendered":"TRUUSK V\u00e4xthus\u00f6verdrag &#8211; V\u00e4derbest\u00e4ndig &#8211; UV-best\u00e4ndig &#8211; 140 x 213 x 190 cm &#8211; Gr\u00f6n"},"content":{"rendered":"<p>Detta ers\u00e4ttningsv\u00e4xthusskydd g\u00f6r att du kan forts\u00e4tta att odla v\u00e4xter om det gamla locket blir skadat. N\u00e4r vinterfrosten kommer med sina fluktuerande temperaturer, se till att dina v\u00e4xter \u00e4r skyddade. V\u00e5r presenning \u00e4r gjord av ett PE-n\u00e4ttyg som hj\u00e4lper till att h\u00e5lla din sk\u00f6rd vid r\u00e4tt temperatur. F\u00f6rl\u00e4ng livsl\u00e4ngden och v\u00e4rdet p\u00e5 ditt v\u00e4xthus.<\/p>\n<h3>Beskrivning:<\/h3>\n<ul>\n<li>En vattent\u00e4t PE presenning l\u00e4mplig f\u00f6r v\u00e4xthuset: 845-411V02<\/li>\n<li>F\u00f6r att ers\u00e4tta skadade h\u00f6ljen, f\u00f6rb\u00e4ttra produktens livsl\u00e4ngd och spara budget<\/li>\n<li>F\u00e5llf\u00f6rst\u00e4rkning f\u00f6r att stabilisera och f\u00f6rhindra revor i omslaget<\/li>\n<li>Med UV-best\u00e4ndig bel\u00e4ggning f\u00f6r att skydda v\u00e4xter fr\u00e5n intensivt solljus och sakta ner \u00e5ldringsprocessen<\/li>\n<li>Upprullbara d\u00f6rrar och n\u00e4tf\u00f6nster f\u00f6r enkel \u00e5tkomst och b\u00e4ttre tv\u00e4rventilation f\u00f6r att kontrollera temperatur och luftfuktighet<\/li>\n<li>Extra l\u00e5ngt lock f\u00f6r mer stabilitet och s\u00e4kerhet i v\u00e4xthuset<\/li>\n<li>M\u00e4t storleken p\u00e5 ditt v\u00e4xthus innan du k\u00f6per<\/li>\n<\/ul>\n<h3>Teknisk data:<\/h3>\n<ul>\n<li>F\u00e4rg: gr\u00f6n<\/li>\n<li>Material: polyeten (PE)<\/li>\n<li>\u00d6vergripande m\u00e5tt: 140W x 213D x 190Hcm<\/li>\n<li>D\u00f6rrm\u00e5tt: 86W x 157H cm<\/li>\n<li>F\u00f6nsterm\u00e5tt: 30W x 30H cm<\/li>\n<\/ul>\n<h3>Leveransens omfattning:<\/h3>\n<ul>\n<li>1 x v\u00e4xthusskydd;<\/li>\n<\/ul>\n","protected":false},"excerpt":{"rendered":"<p>Detta ers\u00e4ttningsv\u00e4xthusskydd g\u00f6r att du kan forts\u00e4tta att odla v\u00e4xter om det gamla locket blir skadat. N\u00e4r vinterfrosten kommer med&#8230;<\/p>\n","protected":false},"featured_media":46805,"template":"","meta":[],"product_brand":[],"product_cat":[444,435,443],"product_tag":[],"class_list":{"0":"post-46804","1":"product","2":"type-product","3":"status-publish","4":"has-post-thumbnail","6":"product_cat-filma-vaxthus","7":"product_cat-tradgard-och-terrass","8":"product_cat-vaxthus-tradgardsskotsel","10":"first","11":"instock","12":"sale","13":"taxable","14":"shipping-taxable","15":"purchasable","16":"product-type-simple"},"yoast_head":"<!-- This site is optimized with the Yoast SEO plugin v25.4 - https:\/\/yoast.com\/wordpress\/plugins\/seo\/ -->\n<title>TRUUSK V\u00e4xthus\u00f6verdrag - V\u00e4derbest\u00e4ndig - UV-best\u00e4ndig - 140 x 213 x 190 cm - Gr\u00f6n - TRUUSK - Hem, Tr\u00e4dg\u00e5rd &amp; Fritid<\/title>\n<meta name=\"robots\" content=\"index, follow, max-snippet:-1, max-image-preview:large, max-video-preview:-1\" \/>\n<link rel=\"canonical\" href=\"https:\/\/truusk.store\/sv\/produkt\/truusk-vaxthusoverdrag-vaderbestandig-uv-bestandig-140-x-213-x-190-cm-gron\/\" \/>\n<meta property=\"og:locale\" content=\"sv_SE\" \/>\n<meta property=\"og:type\" content=\"article\" \/>\n<meta property=\"og:title\" content=\"TRUUSK V\u00e4xthus\u00f6verdrag - V\u00e4derbest\u00e4ndig - UV-best\u00e4ndig - 140 x 213 x 190 cm - Gr\u00f6n - TRUUSK - Hem, Tr\u00e4dg\u00e5rd &amp; Fritid\" \/>\n<meta property=\"og:description\" content=\"Detta ers\u00e4ttningsv\u00e4xthusskydd g\u00f6r att du kan forts\u00e4tta att odla v\u00e4xter om det gamla locket blir skadat. N\u00e4r vinterfrosten kommer med...\" \/>\n<meta property=\"og:url\" content=\"https:\/\/truusk.store\/sv\/produkt\/truusk-vaxthusoverdrag-vaderbestandig-uv-bestandig-140-x-213-x-190-cm-gron\/\" \/>\n<meta property=\"og:site_name\" content=\"TRUUSK - Hem, Tr\u00e4dg\u00e5rd &amp; Fritid\" \/>\n<meta property=\"article:modified_time\" content=\"2026-03-12T08:32:18+00:00\" \/>\n<meta property=\"og:image\" content=\"https:\/\/i0.wp.com\/truusk.se\/wp-content\/uploads\/2024\/02\/vaxthusersattningspresenning-vaderbestandig-uv-bestandig-140-x-213-x-190-cm-gron.webp?fit=800%2C800&ssl=1\" \/>\n\t<meta property=\"og:image:width\" content=\"800\" \/>\n\t<meta property=\"og:image:height\" content=\"800\" \/>\n\t<meta property=\"og:image:type\" content=\"image\/webp\" \/>\n<meta name=\"twitter:card\" content=\"summary_large_image\" \/>\n<meta name=\"twitter:label1\" content=\"Ber\u00e4knad l\u00e4stid\" \/>\n\t<meta name=\"twitter:data1\" content=\"1 minut\" \/>\n<!-- \/ Yoast SEO plugin. -->","yoast_head_json":{"title":"TRUUSK V\u00e4xthus\u00f6verdrag - V\u00e4derbest\u00e4ndig - UV-best\u00e4ndig - 140 x 213 x 190 cm - Gr\u00f6n - TRUUSK - Hem, Tr\u00e4dg\u00e5rd &amp; Fritid","robots":{"index":"index","follow":"follow","max-snippet":"max-snippet:-1","max-image-preview":"max-image-preview:large","max-video-preview":"max-video-preview:-1"},"canonical":"https:\/\/truusk.store\/sv\/produkt\/truusk-vaxthusoverdrag-vaderbestandig-uv-bestandig-140-x-213-x-190-cm-gron\/","og_locale":"sv_SE","og_type":"article","og_title":"TRUUSK V\u00e4xthus\u00f6verdrag - V\u00e4derbest\u00e4ndig - UV-best\u00e4ndig - 140 x 213 x 190 cm - Gr\u00f6n - TRUUSK - Hem, Tr\u00e4dg\u00e5rd &amp; Fritid","og_description":"Detta ers\u00e4ttningsv\u00e4xthusskydd g\u00f6r att du kan forts\u00e4tta att odla v\u00e4xter om det gamla locket blir skadat. N\u00e4r vinterfrosten kommer med...","og_url":"https:\/\/truusk.store\/sv\/produkt\/truusk-vaxthusoverdrag-vaderbestandig-uv-bestandig-140-x-213-x-190-cm-gron\/","og_site_name":"TRUUSK - Hem, Tr\u00e4dg\u00e5rd &amp; Fritid","article_modified_time":"2026-03-12T08:32:18+00:00","og_image":[{"width":800,"height":800,"url":"https:\/\/i0.wp.com\/truusk.se\/wp-content\/uploads\/2024\/02\/vaxthusersattningspresenning-vaderbestandig-uv-bestandig-140-x-213-x-190-cm-gron.webp?fit=800%2C800&ssl=1","type":"image\/webp"}],"twitter_card":"summary_large_image","twitter_misc":{"Ber\u00e4knad l\u00e4stid":"1 minut"},"schema":{"@context":"https:\/\/schema.org","@graph":[{"@type":"WebPage","@id":"https:\/\/truusk.store\/sv\/produkt\/truusk-vaxthusoverdrag-vaderbestandig-uv-bestandig-140-x-213-x-190-cm-gron\/","url":"https:\/\/truusk.store\/sv\/produkt\/truusk-vaxthusoverdrag-vaderbestandig-uv-bestandig-140-x-213-x-190-cm-gron\/","name":"TRUUSK V\u00e4xthus\u00f6verdrag - V\u00e4derbest\u00e4ndig - UV-best\u00e4ndig - 140 x 213 x 190 cm - Gr\u00f6n - TRUUSK - Hem, Tr\u00e4dg\u00e5rd &amp; Fritid","isPartOf":{"@id":"https:\/\/truusk.store\/sv\/#website"},"primaryImageOfPage":{"@id":"https:\/\/truusk.store\/sv\/produkt\/truusk-vaxthusoverdrag-vaderbestandig-uv-bestandig-140-x-213-x-190-cm-gron\/#primaryimage"},"image":{"@id":"https:\/\/truusk.store\/sv\/produkt\/truusk-vaxthusoverdrag-vaderbestandig-uv-bestandig-140-x-213-x-190-cm-gron\/#primaryimage"},"thumbnailUrl":"https:\/\/i0.wp.com\/truusk.store\/wp-content\/uploads\/2024\/02\/vaxthusersattningspresenning-vaderbestandig-uv-bestandig-140-x-213-x-190-cm-gron.webp?fit=800%2C800&ssl=1","datePublished":"2024-02-14T05:49:00+00:00","dateModified":"2026-03-12T08:32:18+00:00","breadcrumb":{"@id":"https:\/\/truusk.store\/sv\/produkt\/truusk-vaxthusoverdrag-vaderbestandig-uv-bestandig-140-x-213-x-190-cm-gron\/#breadcrumb"},"inLanguage":"sv-SE","potentialAction":[{"@type":"ReadAction","target":["https:\/\/truusk.store\/sv\/produkt\/truusk-vaxthusoverdrag-vaderbestandig-uv-bestandig-140-x-213-x-190-cm-gron\/"]}]},{"@type":"ImageObject","inLanguage":"sv-SE","@id":"https:\/\/truusk.store\/sv\/produkt\/truusk-vaxthusoverdrag-vaderbestandig-uv-bestandig-140-x-213-x-190-cm-gron\/#primaryimage","url":"https:\/\/i0.wp.com\/truusk.store\/wp-content\/uploads\/2024\/02\/vaxthusersattningspresenning-vaderbestandig-uv-bestandig-140-x-213-x-190-cm-gron.webp?fit=800%2C800&ssl=1","contentUrl":"https:\/\/i0.wp.com\/truusk.store\/wp-content\/uploads\/2024\/02\/vaxthusersattningspresenning-vaderbestandig-uv-bestandig-140-x-213-x-190-cm-gron.webp?fit=800%2C800&ssl=1","width":800,"height":800,"caption":"V\u00e4xthusers\u00e4ttningspresenning, V\u00e4derbest\u00e4ndig, UV-best\u00e4ndig, 140 X 213 X 190 Cm, Gr\u00f6n 1"},{"@type":"BreadcrumbList","@id":"https:\/\/truusk.store\/sv\/produkt\/truusk-vaxthusoverdrag-vaderbestandig-uv-bestandig-140-x-213-x-190-cm-gron\/#breadcrumb","itemListElement":[{"@type":"ListItem","position":1,"name":"Home","item":"https:\/\/truusk.store\/sv\/"},{"@type":"ListItem","position":2,"name":"Shop","item":"https:\/\/truusk.store\/shop\/"},{"@type":"ListItem","position":3,"name":"TRUUSK V\u00e4xthus\u00f6verdrag &#8211; V\u00e4derbest\u00e4ndig &#8211; UV-best\u00e4ndig &#8211; 140 x 213 x 190 cm &#8211; Gr\u00f6n"}]},{"@type":"WebSite","@id":"https:\/\/truusk.store\/sv\/#website","url":"https:\/\/truusk.store\/sv\/","name":"TRUUSK - Hem, Tr\u00e4dg\u00e5rd & Fritid","description":"","publisher":{"@id":"https:\/\/truusk.store\/sv\/#organization"},"potentialAction":[{"@type":"SearchAction","target":{"@type":"EntryPoint","urlTemplate":"https:\/\/truusk.store\/sv\/?s={search_term_string}"},"query-input":{"@type":"PropertyValueSpecification","valueRequired":true,"valueName":"search_term_string"}}],"inLanguage":"sv-SE"},{"@type":"Organization","@id":"https:\/\/truusk.store\/sv\/#organization","name":"TRUUSK - Hem, Tr\u00e4dg\u00e5rd & Fritid","url":"https:\/\/truusk.store\/sv\/","logo":{"@type":"ImageObject","inLanguage":"sv-SE","@id":"https:\/\/truusk.store\/sv\/#\/schema\/logo\/image\/","url":"https:\/\/i0.wp.com\/truusk.store\/wp-content\/uploads\/2026\/03\/cropped-TRUUSK.png?fit=2032%2C917&ssl=1","contentUrl":"https:\/\/i0.wp.com\/truusk.store\/wp-content\/uploads\/2026\/03\/cropped-TRUUSK.png?fit=2032%2C917&ssl=1","width":2032,"height":917,"caption":"TRUUSK - Hem, Tr\u00e4dg\u00e5rd & Fritid"},"image":{"@id":"https:\/\/truusk.store\/sv\/#\/schema\/logo\/image\/"}}]}},"jetpack_sharing_enabled":true,"_links":{"self":[{"href":"https:\/\/truusk.store\/sv\/wp-json\/wp\/v2\/product\/46804","targetHints":{"allow":["GET"]}}],"collection":[{"href":"https:\/\/truusk.store\/sv\/wp-json\/wp\/v2\/product"}],"about":[{"href":"https:\/\/truusk.store\/sv\/wp-json\/wp\/v2\/types\/product"}],"wp:featuredmedia":[{"embeddable":true,"href":"https:\/\/truusk.store\/sv\/wp-json\/wp\/v2\/media\/46805"}],"wp:attachment":[{"href":"https:\/\/truusk.store\/sv\/wp-json\/wp\/v2\/media?parent=46804"}],"wp:term":[{"taxonomy":"product_brand","embeddable":true,"href":"https:\/\/truusk.store\/sv\/wp-json\/wp\/v2\/product_brand?post=46804"},{"taxonomy":"product_cat","embeddable":true,"href":"https:\/\/truusk.store\/sv\/wp-json\/wp\/v2\/product_cat?post=46804"},{"taxonomy":"product_tag","embeddable":true,"href":"https:\/\/truusk.store\/sv\/wp-json\/wp\/v2\/product_tag?post=46804"}],"curies":[{"name":"wp","href":"https:\/\/api.w.org\/{rel}","templated":true}]}}