{"id":46818,"date":"2024-02-14T06:49:37","date_gmt":"2024-02-14T05:49:37","guid":{"rendered":"https:\/\/truusk.store\/product\/ersattningsfilm-for-vaxthus-rulldorr-natfonster-gron-143-x-70-x-190-cm-gron\/"},"modified":"2026-03-12T09:32:19","modified_gmt":"2026-03-12T08:32:19","slug":"truusk-ersattningsfilm-for-vaxthus-rulldorr-natfonster-gron-143-x-70-x-190-cm-uv-skyddad-hogkvalitativ-latt-att","status":"publish","type":"product","link":"https:\/\/truusk.store\/sv\/produkt\/truusk-ersattningsfilm-for-vaxthus-rulldorr-natfonster-gron-143-x-70-x-190-cm-uv-skyddad-hogkvalitativ-latt-att\/","title":{"rendered":"TRUUSK Ers\u00e4ttningsfilm f\u00f6r V\u00e4xthus &#8211; Rulld\u00f6rr &#8211; N\u00e4tf\u00f6nster &#8211; Gr\u00f6n &#8211; 143 x 70 x 190 cm &#8211; UV-skyddad &#8211; H\u00f6gkvalitativ &#8211; L\u00e4tt att"},"content":{"rendered":"<p>Med denna ers\u00e4ttningsfilm kan du f\u00e5 ditt v\u00e4xthus i toppform igen! Skydda dina v\u00e4xter s\u00e4kert fr\u00e5n frost, f\u00e5glar och andra faror. Den transparenta presenningen \u00e4r mogen och l\u00e5ter mycket solljus passera f\u00f6r att m\u00f6jligg\u00f6ra en sund tillv\u00e4xt. Tack vare de uppf\u00e4llbara d\u00f6rrarna och f\u00f6nstren \u00e4r ditt v\u00e4xthus l\u00e4tt att g\u00e5 in i och ventilera, s\u00e5 du har alltid full kontroll \u00f6ver v\u00e4rme, UV-str\u00e5lning och fukt.<\/p>\n<h3>Beskrivning:<\/h3>\n<ul>\n<li>En vattent\u00e4t PE-film, l\u00e4mplig f\u00f6r v\u00e4xthusmodellen 845-511<\/li>\n<li>Idealisk som ers\u00e4ttning f\u00f6r en skadad presenning f\u00f6r att f\u00f6rl\u00e4nga v\u00e4xthusets livsl\u00e4ngd och spara kostnader<\/li>\n<li>F\u00e5llade kanter f\u00f6r att f\u00f6rst\u00e4rka t\u00e4ckningen och skydda mot revor<\/li>\n<li>Med UV-best\u00e4ndig bel\u00e4ggning f\u00f6r att skydda v\u00e4xter fr\u00e5n \u00f6verdrivet solljus och g\u00f6ra locket mer h\u00e5llbart<\/li>\n<li>Rulld\u00f6rrar och n\u00e4tf\u00f6nster ger enkel \u00e5tkomst och f\u00f6rb\u00e4ttrad tv\u00e4rventilation f\u00f6r att reglera temperatur och luftfuktighet<\/li>\n<li>Den extra l\u00e5nga designen av locket s\u00e4kerst\u00e4ller mer stabilitet och s\u00e4kerhet i v\u00e4xthuset<\/li>\n<li>M\u00e4t storleken p\u00e5 ditt v\u00e4xthus innan du k\u00f6per<\/li>\n<\/ul>\n<h3>Teknisk data:<\/h3>\n<ul>\n<li>F\u00e4rg: gr\u00f6n<\/li>\n<li>Material: polyeten (PE)<\/li>\n<li>\u00d6vergripande m\u00e5tt: 140L x 73W x 190H cm<\/li>\n<li>Travm\u00e5tt: 86W x 157H cm<\/li>\n<li>F\u00f6nsterm\u00e5tt: 30W x 30H cm<\/li>\n<\/ul>\n<h3>Leveransens omfattning:<\/h3>\n<ul>\n<li>1 x Ers\u00e4ttningsv\u00e4xthusfilm;<\/li>\n<\/ul>\n","protected":false},"excerpt":{"rendered":"<p>Med denna ers\u00e4ttningsfilm kan du f\u00e5 ditt v\u00e4xthus i toppform igen! Skydda dina v\u00e4xter s\u00e4kert fr\u00e5n frost, f\u00e5glar och andra&#8230;<\/p>\n","protected":false},"featured_media":46819,"template":"","meta":[],"product_brand":[],"product_cat":[444,435,443],"product_tag":[],"class_list":{"0":"post-46818","1":"product","2":"type-product","3":"status-publish","4":"has-post-thumbnail","6":"product_cat-filma-vaxthus","7":"product_cat-tradgard-och-terrass","8":"product_cat-vaxthus-tradgardsskotsel","10":"first","11":"instock","12":"sale","13":"taxable","14":"shipping-taxable","15":"purchasable","16":"product-type-simple"},"yoast_head":"<!-- This site is optimized with the Yoast SEO plugin v25.4 - https:\/\/yoast.com\/wordpress\/plugins\/seo\/ -->\n<title>TRUUSK Ers\u00e4ttningsfilm f\u00f6r V\u00e4xthus - Rulld\u00f6rr - N\u00e4tf\u00f6nster - Gr\u00f6n - 143 x 70 x 190 cm - UV-skyddad - H\u00f6gkvalitativ - L\u00e4tt att - TRUUSK - Hem, Tr\u00e4dg\u00e5rd &amp; Fritid<\/title>\n<meta name=\"robots\" content=\"index, follow, max-snippet:-1, max-image-preview:large, max-video-preview:-1\" \/>\n<link rel=\"canonical\" href=\"https:\/\/truusk.store\/sv\/produkt\/truusk-ersattningsfilm-for-vaxthus-rulldorr-natfonster-gron-143-x-70-x-190-cm-uv-skyddad-hogkvalitativ-latt-att\/\" \/>\n<meta property=\"og:locale\" content=\"sv_SE\" \/>\n<meta property=\"og:type\" content=\"article\" \/>\n<meta property=\"og:title\" content=\"TRUUSK Ers\u00e4ttningsfilm f\u00f6r V\u00e4xthus - Rulld\u00f6rr - N\u00e4tf\u00f6nster - Gr\u00f6n - 143 x 70 x 190 cm - UV-skyddad - H\u00f6gkvalitativ - L\u00e4tt att - TRUUSK - Hem, Tr\u00e4dg\u00e5rd &amp; Fritid\" \/>\n<meta property=\"og:description\" content=\"Med denna ers\u00e4ttningsfilm kan du f\u00e5 ditt v\u00e4xthus i toppform igen! Skydda dina v\u00e4xter s\u00e4kert fr\u00e5n frost, f\u00e5glar och andra...\" \/>\n<meta property=\"og:url\" content=\"https:\/\/truusk.store\/sv\/produkt\/truusk-ersattningsfilm-for-vaxthus-rulldorr-natfonster-gron-143-x-70-x-190-cm-uv-skyddad-hogkvalitativ-latt-att\/\" \/>\n<meta property=\"og:site_name\" content=\"TRUUSK - Hem, Tr\u00e4dg\u00e5rd &amp; Fritid\" \/>\n<meta property=\"article:modified_time\" content=\"2026-03-12T08:32:19+00:00\" \/>\n<meta property=\"og:image\" content=\"https:\/\/i0.wp.com\/truusk.se\/wp-content\/uploads\/2024\/02\/ersattningsfilm-for-vaxthus-rulldorr-natfonster-gron-143-x-70-x-190-cm-gron.webp?fit=800%2C800&ssl=1\" \/>\n\t<meta property=\"og:image:width\" content=\"800\" \/>\n\t<meta property=\"og:image:height\" content=\"800\" \/>\n\t<meta property=\"og:image:type\" content=\"image\/webp\" \/>\n<meta name=\"twitter:card\" content=\"summary_large_image\" \/>\n<meta name=\"twitter:label1\" content=\"Ber\u00e4knad l\u00e4stid\" \/>\n\t<meta name=\"twitter:data1\" content=\"1 minut\" \/>\n<!-- \/ Yoast SEO plugin. -->","yoast_head_json":{"title":"TRUUSK Ers\u00e4ttningsfilm f\u00f6r V\u00e4xthus - Rulld\u00f6rr - N\u00e4tf\u00f6nster - Gr\u00f6n - 143 x 70 x 190 cm - UV-skyddad - H\u00f6gkvalitativ - L\u00e4tt att - TRUUSK - Hem, Tr\u00e4dg\u00e5rd &amp; Fritid","robots":{"index":"index","follow":"follow","max-snippet":"max-snippet:-1","max-image-preview":"max-image-preview:large","max-video-preview":"max-video-preview:-1"},"canonical":"https:\/\/truusk.store\/sv\/produkt\/truusk-ersattningsfilm-for-vaxthus-rulldorr-natfonster-gron-143-x-70-x-190-cm-uv-skyddad-hogkvalitativ-latt-att\/","og_locale":"sv_SE","og_type":"article","og_title":"TRUUSK Ers\u00e4ttningsfilm f\u00f6r V\u00e4xthus - Rulld\u00f6rr - N\u00e4tf\u00f6nster - Gr\u00f6n - 143 x 70 x 190 cm - UV-skyddad - H\u00f6gkvalitativ - L\u00e4tt att - TRUUSK - Hem, Tr\u00e4dg\u00e5rd &amp; Fritid","og_description":"Med denna ers\u00e4ttningsfilm kan du f\u00e5 ditt v\u00e4xthus i toppform igen! Skydda dina v\u00e4xter s\u00e4kert fr\u00e5n frost, f\u00e5glar och andra...","og_url":"https:\/\/truusk.store\/sv\/produkt\/truusk-ersattningsfilm-for-vaxthus-rulldorr-natfonster-gron-143-x-70-x-190-cm-uv-skyddad-hogkvalitativ-latt-att\/","og_site_name":"TRUUSK - Hem, Tr\u00e4dg\u00e5rd &amp; Fritid","article_modified_time":"2026-03-12T08:32:19+00:00","og_image":[{"width":800,"height":800,"url":"https:\/\/i0.wp.com\/truusk.se\/wp-content\/uploads\/2024\/02\/ersattningsfilm-for-vaxthus-rulldorr-natfonster-gron-143-x-70-x-190-cm-gron.webp?fit=800%2C800&ssl=1","type":"image\/webp"}],"twitter_card":"summary_large_image","twitter_misc":{"Ber\u00e4knad l\u00e4stid":"1 minut"},"schema":{"@context":"https:\/\/schema.org","@graph":[{"@type":"WebPage","@id":"https:\/\/truusk.store\/sv\/produkt\/truusk-ersattningsfilm-for-vaxthus-rulldorr-natfonster-gron-143-x-70-x-190-cm-uv-skyddad-hogkvalitativ-latt-att\/","url":"https:\/\/truusk.store\/sv\/produkt\/truusk-ersattningsfilm-for-vaxthus-rulldorr-natfonster-gron-143-x-70-x-190-cm-uv-skyddad-hogkvalitativ-latt-att\/","name":"TRUUSK Ers\u00e4ttningsfilm f\u00f6r V\u00e4xthus - Rulld\u00f6rr - N\u00e4tf\u00f6nster - Gr\u00f6n - 143 x 70 x 190 cm - UV-skyddad - H\u00f6gkvalitativ - L\u00e4tt att - TRUUSK - Hem, Tr\u00e4dg\u00e5rd &amp; Fritid","isPartOf":{"@id":"https:\/\/truusk.store\/sv\/#website"},"primaryImageOfPage":{"@id":"https:\/\/truusk.store\/sv\/produkt\/truusk-ersattningsfilm-for-vaxthus-rulldorr-natfonster-gron-143-x-70-x-190-cm-uv-skyddad-hogkvalitativ-latt-att\/#primaryimage"},"image":{"@id":"https:\/\/truusk.store\/sv\/produkt\/truusk-ersattningsfilm-for-vaxthus-rulldorr-natfonster-gron-143-x-70-x-190-cm-uv-skyddad-hogkvalitativ-latt-att\/#primaryimage"},"thumbnailUrl":"https:\/\/i0.wp.com\/truusk.store\/wp-content\/uploads\/2024\/02\/ersattningsfilm-for-vaxthus-rulldorr-natfonster-gron-143-x-70-x-190-cm-gron.webp?fit=800%2C800&ssl=1","datePublished":"2024-02-14T05:49:37+00:00","dateModified":"2026-03-12T08:32:19+00:00","breadcrumb":{"@id":"https:\/\/truusk.store\/sv\/produkt\/truusk-ersattningsfilm-for-vaxthus-rulldorr-natfonster-gron-143-x-70-x-190-cm-uv-skyddad-hogkvalitativ-latt-att\/#breadcrumb"},"inLanguage":"sv-SE","potentialAction":[{"@type":"ReadAction","target":["https:\/\/truusk.store\/sv\/produkt\/truusk-ersattningsfilm-for-vaxthus-rulldorr-natfonster-gron-143-x-70-x-190-cm-uv-skyddad-hogkvalitativ-latt-att\/"]}]},{"@type":"ImageObject","inLanguage":"sv-SE","@id":"https:\/\/truusk.store\/sv\/produkt\/truusk-ersattningsfilm-for-vaxthus-rulldorr-natfonster-gron-143-x-70-x-190-cm-uv-skyddad-hogkvalitativ-latt-att\/#primaryimage","url":"https:\/\/i0.wp.com\/truusk.store\/wp-content\/uploads\/2024\/02\/ersattningsfilm-for-vaxthus-rulldorr-natfonster-gron-143-x-70-x-190-cm-gron.webp?fit=800%2C800&ssl=1","contentUrl":"https:\/\/i0.wp.com\/truusk.store\/wp-content\/uploads\/2024\/02\/ersattningsfilm-for-vaxthus-rulldorr-natfonster-gron-143-x-70-x-190-cm-gron.webp?fit=800%2C800&ssl=1","width":800,"height":800,"caption":"Ers\u00e4ttningsfilm F\u00f6r V\u00e4xthus, Rulld\u00f6rr, N\u00e4tf\u00f6nster, Gr\u00f6n, 143 X 70 X 190 Cm, Gr\u00f6n 1"},{"@type":"BreadcrumbList","@id":"https:\/\/truusk.store\/sv\/produkt\/truusk-ersattningsfilm-for-vaxthus-rulldorr-natfonster-gron-143-x-70-x-190-cm-uv-skyddad-hogkvalitativ-latt-att\/#breadcrumb","itemListElement":[{"@type":"ListItem","position":1,"name":"Home","item":"https:\/\/truusk.store\/sv\/"},{"@type":"ListItem","position":2,"name":"Shop","item":"https:\/\/truusk.store\/shop\/"},{"@type":"ListItem","position":3,"name":"TRUUSK Ers\u00e4ttningsfilm f\u00f6r V\u00e4xthus &#8211; Rulld\u00f6rr &#8211; N\u00e4tf\u00f6nster &#8211; Gr\u00f6n &#8211; 143 x 70 x 190 cm &#8211; UV-skyddad &#8211; H\u00f6gkvalitativ &#8211; L\u00e4tt att"}]},{"@type":"WebSite","@id":"https:\/\/truusk.store\/sv\/#website","url":"https:\/\/truusk.store\/sv\/","name":"TRUUSK - Hem, Tr\u00e4dg\u00e5rd & Fritid","description":"","publisher":{"@id":"https:\/\/truusk.store\/sv\/#organization"},"potentialAction":[{"@type":"SearchAction","target":{"@type":"EntryPoint","urlTemplate":"https:\/\/truusk.store\/sv\/?s={search_term_string}"},"query-input":{"@type":"PropertyValueSpecification","valueRequired":true,"valueName":"search_term_string"}}],"inLanguage":"sv-SE"},{"@type":"Organization","@id":"https:\/\/truusk.store\/sv\/#organization","name":"TRUUSK - Hem, Tr\u00e4dg\u00e5rd & Fritid","url":"https:\/\/truusk.store\/sv\/","logo":{"@type":"ImageObject","inLanguage":"sv-SE","@id":"https:\/\/truusk.store\/sv\/#\/schema\/logo\/image\/","url":"https:\/\/i0.wp.com\/truusk.store\/wp-content\/uploads\/2026\/03\/cropped-TRUUSK.png?fit=2032%2C917&ssl=1","contentUrl":"https:\/\/i0.wp.com\/truusk.store\/wp-content\/uploads\/2026\/03\/cropped-TRUUSK.png?fit=2032%2C917&ssl=1","width":2032,"height":917,"caption":"TRUUSK - Hem, Tr\u00e4dg\u00e5rd & Fritid"},"image":{"@id":"https:\/\/truusk.store\/sv\/#\/schema\/logo\/image\/"}}]}},"jetpack_sharing_enabled":true,"_links":{"self":[{"href":"https:\/\/truusk.store\/sv\/wp-json\/wp\/v2\/product\/46818","targetHints":{"allow":["GET"]}}],"collection":[{"href":"https:\/\/truusk.store\/sv\/wp-json\/wp\/v2\/product"}],"about":[{"href":"https:\/\/truusk.store\/sv\/wp-json\/wp\/v2\/types\/product"}],"wp:featuredmedia":[{"embeddable":true,"href":"https:\/\/truusk.store\/sv\/wp-json\/wp\/v2\/media\/46819"}],"wp:attachment":[{"href":"https:\/\/truusk.store\/sv\/wp-json\/wp\/v2\/media?parent=46818"}],"wp:term":[{"taxonomy":"product_brand","embeddable":true,"href":"https:\/\/truusk.store\/sv\/wp-json\/wp\/v2\/product_brand?post=46818"},{"taxonomy":"product_cat","embeddable":true,"href":"https:\/\/truusk.store\/sv\/wp-json\/wp\/v2\/product_cat?post=46818"},{"taxonomy":"product_tag","embeddable":true,"href":"https:\/\/truusk.store\/sv\/wp-json\/wp\/v2\/product_tag?post=46818"}],"curies":[{"name":"wp","href":"https:\/\/api.w.org\/{rel}","templated":true}]}}