{"id":46825,"date":"2024-02-14T06:49:55","date_gmt":"2024-02-14T05:49:55","guid":{"rendered":"https:\/\/truusk.store\/product\/ersattningsvagg-for-oltalt-eller-paviljong-vattentat-latt-att-montera-6-x-2-m-vit\/"},"modified":"2026-03-12T09:32:20","modified_gmt":"2026-03-12T08:32:20","slug":"truusk-ersattningsvagg-for-oltalt-eller-paviljong-vattentat-latt-att-montera-6-x-2-m-vit","status":"publish","type":"product","link":"https:\/\/truusk.store\/sv\/produkt\/truusk-ersattningsvagg-for-oltalt-eller-paviljong-vattentat-latt-att-montera-6-x-2-m-vit\/","title":{"rendered":"TRUUSK Ers\u00e4ttningsv\u00e4gg f\u00f6r \u00d6lt\u00e4lt eller Paviljong &#8211; Vattent\u00e4t &#8211; L\u00e4tt att montera &#8211; 6 x 2 m &#8211; Vit"},"content":{"rendered":"<p>F\u00f6rnya dina tr\u00e4dg\u00e5rdsm\u00f6bler med v\u00e5r ers\u00e4ttningsv\u00e4gg f\u00f6r partyt\u00e4lt eller carportar med en sidol\u00e4ngd p\u00e5 6m. Tillverkad av vattenavvisande, robust presenning f\u00f6r l\u00e5ngvarig utomhusbruk. Tre f\u00f6nster sl\u00e4pper in ljus och skapar en trevlig atmosf\u00e4r. L\u00e4tt att f\u00e4sta med elastiska remmar och kardborreband. Observera att endast sidov\u00e4ggen ing\u00e5r, paviljongtaket eller stommen ing\u00e5r inte.<\/p>\n<h3>Beskrivning:<\/h3>\n<ul>\n<li>Utvecklad f\u00f6r partyt\u00e4lt, \u00f6lt\u00e4lt, paviljonger eller carportar med en sidol\u00e4ngd p\u00e5 6m<\/li>\n<li>Tre f\u00f6nster f\u00f6r ljus och fri sikt<\/li>\n<li>Vattenavvisande PE presenning f\u00f6r h\u00e5llbarhet<\/li>\n<li>L\u00e4tt att f\u00e4sta med elastiska remmar och kardborreband<\/li>\n<\/ul>\n<h3>Teknisk data:<\/h3>\n<ul>\n<li>F\u00e4rg vit<\/li>\n<li>Material: PE, plast<\/li>\n<li>M\u00e5tt p\u00e5 sidov\u00e4ggen: 597W x 200H cm<\/li>\n<li>F\u00f6nsterstorlek: 145W x 130H cm<\/li>\n<\/ul>\n<h3>Leveransens omfattning:<\/h3>\n<ul>\n<li>1 x sidopanel<\/li>\n<li>20 x Elastiskt band<\/li>\n<\/ul>\n","protected":false},"excerpt":{"rendered":"<p>F\u00f6rnya dina tr\u00e4dg\u00e5rdsm\u00f6bler med v\u00e5r ers\u00e4ttningsv\u00e4gg f\u00f6r partyt\u00e4lt eller carportar med en sidol\u00e4ngd p\u00e5 6m. Tillverkad av vattenavvisande, robust presenning&#8230;<\/p>\n","protected":false},"featured_media":46826,"template":"","meta":[],"product_brand":[],"product_cat":[477,435,476],"product_tag":[],"class_list":{"0":"post-46825","1":"product","2":"type-product","3":"status-publish","4":"has-post-thumbnail","6":"product_cat-paviljonger-partytalt","7":"product_cat-tradgard-och-terrass","8":"product_cat-tradgardspaviljonger","10":"first","11":"instock","12":"sale","13":"taxable","14":"shipping-taxable","15":"purchasable","16":"product-type-simple"},"yoast_head":"<!-- This site is optimized with the Yoast SEO plugin v25.4 - https:\/\/yoast.com\/wordpress\/plugins\/seo\/ -->\n<title>TRUUSK Ers\u00e4ttningsv\u00e4gg f\u00f6r \u00d6lt\u00e4lt eller Paviljong - Vattent\u00e4t - L\u00e4tt att montera - 6 x 2 m - Vit - TRUUSK - Hem, Tr\u00e4dg\u00e5rd &amp; Fritid<\/title>\n<meta name=\"robots\" content=\"index, follow, max-snippet:-1, max-image-preview:large, max-video-preview:-1\" \/>\n<link rel=\"canonical\" href=\"https:\/\/truusk.store\/sv\/produkt\/truusk-ersattningsvagg-for-oltalt-eller-paviljong-vattentat-latt-att-montera-6-x-2-m-vit\/\" \/>\n<meta property=\"og:locale\" content=\"sv_SE\" \/>\n<meta property=\"og:type\" content=\"article\" \/>\n<meta property=\"og:title\" content=\"TRUUSK Ers\u00e4ttningsv\u00e4gg f\u00f6r \u00d6lt\u00e4lt eller Paviljong - Vattent\u00e4t - L\u00e4tt att montera - 6 x 2 m - Vit - TRUUSK - Hem, Tr\u00e4dg\u00e5rd &amp; Fritid\" \/>\n<meta property=\"og:description\" content=\"F\u00f6rnya dina tr\u00e4dg\u00e5rdsm\u00f6bler med v\u00e5r ers\u00e4ttningsv\u00e4gg f\u00f6r partyt\u00e4lt eller carportar med en sidol\u00e4ngd p\u00e5 6m. Tillverkad av vattenavvisande, robust presenning...\" \/>\n<meta property=\"og:url\" content=\"https:\/\/truusk.store\/sv\/produkt\/truusk-ersattningsvagg-for-oltalt-eller-paviljong-vattentat-latt-att-montera-6-x-2-m-vit\/\" \/>\n<meta property=\"og:site_name\" content=\"TRUUSK - Hem, Tr\u00e4dg\u00e5rd &amp; Fritid\" \/>\n<meta property=\"article:modified_time\" content=\"2026-03-12T08:32:20+00:00\" \/>\n<meta property=\"og:image\" content=\"https:\/\/i0.wp.com\/truusk.se\/wp-content\/uploads\/2024\/02\/ersattningsvagg-for-oltalt-eller-paviljong-vattentat-latt-att-montera-6-x-2-m-vit.webp?fit=800%2C800&ssl=1\" \/>\n\t<meta property=\"og:image:width\" content=\"800\" \/>\n\t<meta property=\"og:image:height\" content=\"800\" \/>\n\t<meta property=\"og:image:type\" content=\"image\/webp\" \/>\n<meta name=\"twitter:card\" content=\"summary_large_image\" \/>\n<meta name=\"twitter:label1\" content=\"Ber\u00e4knad l\u00e4stid\" \/>\n\t<meta name=\"twitter:data1\" content=\"1 minut\" \/>\n<!-- \/ Yoast SEO plugin. -->","yoast_head_json":{"title":"TRUUSK Ers\u00e4ttningsv\u00e4gg f\u00f6r \u00d6lt\u00e4lt eller Paviljong - Vattent\u00e4t - L\u00e4tt att montera - 6 x 2 m - Vit - TRUUSK - Hem, Tr\u00e4dg\u00e5rd &amp; Fritid","robots":{"index":"index","follow":"follow","max-snippet":"max-snippet:-1","max-image-preview":"max-image-preview:large","max-video-preview":"max-video-preview:-1"},"canonical":"https:\/\/truusk.store\/sv\/produkt\/truusk-ersattningsvagg-for-oltalt-eller-paviljong-vattentat-latt-att-montera-6-x-2-m-vit\/","og_locale":"sv_SE","og_type":"article","og_title":"TRUUSK Ers\u00e4ttningsv\u00e4gg f\u00f6r \u00d6lt\u00e4lt eller Paviljong - Vattent\u00e4t - L\u00e4tt att montera - 6 x 2 m - Vit - TRUUSK - Hem, Tr\u00e4dg\u00e5rd &amp; Fritid","og_description":"F\u00f6rnya dina tr\u00e4dg\u00e5rdsm\u00f6bler med v\u00e5r ers\u00e4ttningsv\u00e4gg f\u00f6r partyt\u00e4lt eller carportar med en sidol\u00e4ngd p\u00e5 6m. Tillverkad av vattenavvisande, robust presenning...","og_url":"https:\/\/truusk.store\/sv\/produkt\/truusk-ersattningsvagg-for-oltalt-eller-paviljong-vattentat-latt-att-montera-6-x-2-m-vit\/","og_site_name":"TRUUSK - Hem, Tr\u00e4dg\u00e5rd &amp; Fritid","article_modified_time":"2026-03-12T08:32:20+00:00","og_image":[{"width":800,"height":800,"url":"https:\/\/i0.wp.com\/truusk.se\/wp-content\/uploads\/2024\/02\/ersattningsvagg-for-oltalt-eller-paviljong-vattentat-latt-att-montera-6-x-2-m-vit.webp?fit=800%2C800&ssl=1","type":"image\/webp"}],"twitter_card":"summary_large_image","twitter_misc":{"Ber\u00e4knad l\u00e4stid":"1 minut"},"schema":{"@context":"https:\/\/schema.org","@graph":[{"@type":"WebPage","@id":"https:\/\/truusk.store\/sv\/produkt\/truusk-ersattningsvagg-for-oltalt-eller-paviljong-vattentat-latt-att-montera-6-x-2-m-vit\/","url":"https:\/\/truusk.store\/sv\/produkt\/truusk-ersattningsvagg-for-oltalt-eller-paviljong-vattentat-latt-att-montera-6-x-2-m-vit\/","name":"TRUUSK Ers\u00e4ttningsv\u00e4gg f\u00f6r \u00d6lt\u00e4lt eller Paviljong - Vattent\u00e4t - L\u00e4tt att montera - 6 x 2 m - Vit - TRUUSK - Hem, Tr\u00e4dg\u00e5rd &amp; Fritid","isPartOf":{"@id":"https:\/\/truusk.store\/sv\/#website"},"primaryImageOfPage":{"@id":"https:\/\/truusk.store\/sv\/produkt\/truusk-ersattningsvagg-for-oltalt-eller-paviljong-vattentat-latt-att-montera-6-x-2-m-vit\/#primaryimage"},"image":{"@id":"https:\/\/truusk.store\/sv\/produkt\/truusk-ersattningsvagg-for-oltalt-eller-paviljong-vattentat-latt-att-montera-6-x-2-m-vit\/#primaryimage"},"thumbnailUrl":"https:\/\/i0.wp.com\/truusk.store\/wp-content\/uploads\/2024\/02\/ersattningsvagg-for-oltalt-eller-paviljong-vattentat-latt-att-montera-6-x-2-m-vit.webp?fit=800%2C800&ssl=1","datePublished":"2024-02-14T05:49:55+00:00","dateModified":"2026-03-12T08:32:20+00:00","breadcrumb":{"@id":"https:\/\/truusk.store\/sv\/produkt\/truusk-ersattningsvagg-for-oltalt-eller-paviljong-vattentat-latt-att-montera-6-x-2-m-vit\/#breadcrumb"},"inLanguage":"sv-SE","potentialAction":[{"@type":"ReadAction","target":["https:\/\/truusk.store\/sv\/produkt\/truusk-ersattningsvagg-for-oltalt-eller-paviljong-vattentat-latt-att-montera-6-x-2-m-vit\/"]}]},{"@type":"ImageObject","inLanguage":"sv-SE","@id":"https:\/\/truusk.store\/sv\/produkt\/truusk-ersattningsvagg-for-oltalt-eller-paviljong-vattentat-latt-att-montera-6-x-2-m-vit\/#primaryimage","url":"https:\/\/i0.wp.com\/truusk.store\/wp-content\/uploads\/2024\/02\/ersattningsvagg-for-oltalt-eller-paviljong-vattentat-latt-att-montera-6-x-2-m-vit.webp?fit=800%2C800&ssl=1","contentUrl":"https:\/\/i0.wp.com\/truusk.store\/wp-content\/uploads\/2024\/02\/ersattningsvagg-for-oltalt-eller-paviljong-vattentat-latt-att-montera-6-x-2-m-vit.webp?fit=800%2C800&ssl=1","width":800,"height":800,"caption":"Ers\u00e4ttningsv\u00e4gg F\u00f6r \u00f6lt\u00e4lt Eller Paviljong, Vattent\u00e4t, L\u00e4tt Att Montera, 6 X 2 M, Vit 1"},{"@type":"BreadcrumbList","@id":"https:\/\/truusk.store\/sv\/produkt\/truusk-ersattningsvagg-for-oltalt-eller-paviljong-vattentat-latt-att-montera-6-x-2-m-vit\/#breadcrumb","itemListElement":[{"@type":"ListItem","position":1,"name":"Home","item":"https:\/\/truusk.store\/sv\/"},{"@type":"ListItem","position":2,"name":"Shop","item":"https:\/\/truusk.store\/shop\/"},{"@type":"ListItem","position":3,"name":"TRUUSK Ers\u00e4ttningsv\u00e4gg f\u00f6r \u00d6lt\u00e4lt eller Paviljong &#8211; Vattent\u00e4t &#8211; L\u00e4tt att montera &#8211; 6 x 2 m &#8211; Vit"}]},{"@type":"WebSite","@id":"https:\/\/truusk.store\/sv\/#website","url":"https:\/\/truusk.store\/sv\/","name":"TRUUSK - Hem, Tr\u00e4dg\u00e5rd & Fritid","description":"","publisher":{"@id":"https:\/\/truusk.store\/sv\/#organization"},"potentialAction":[{"@type":"SearchAction","target":{"@type":"EntryPoint","urlTemplate":"https:\/\/truusk.store\/sv\/?s={search_term_string}"},"query-input":{"@type":"PropertyValueSpecification","valueRequired":true,"valueName":"search_term_string"}}],"inLanguage":"sv-SE"},{"@type":"Organization","@id":"https:\/\/truusk.store\/sv\/#organization","name":"TRUUSK - Hem, Tr\u00e4dg\u00e5rd & Fritid","url":"https:\/\/truusk.store\/sv\/","logo":{"@type":"ImageObject","inLanguage":"sv-SE","@id":"https:\/\/truusk.store\/sv\/#\/schema\/logo\/image\/","url":"https:\/\/i0.wp.com\/truusk.store\/wp-content\/uploads\/2026\/03\/cropped-TRUUSK.png?fit=2032%2C917&ssl=1","contentUrl":"https:\/\/i0.wp.com\/truusk.store\/wp-content\/uploads\/2026\/03\/cropped-TRUUSK.png?fit=2032%2C917&ssl=1","width":2032,"height":917,"caption":"TRUUSK - Hem, Tr\u00e4dg\u00e5rd & Fritid"},"image":{"@id":"https:\/\/truusk.store\/sv\/#\/schema\/logo\/image\/"}}]}},"jetpack_sharing_enabled":true,"_links":{"self":[{"href":"https:\/\/truusk.store\/sv\/wp-json\/wp\/v2\/product\/46825","targetHints":{"allow":["GET"]}}],"collection":[{"href":"https:\/\/truusk.store\/sv\/wp-json\/wp\/v2\/product"}],"about":[{"href":"https:\/\/truusk.store\/sv\/wp-json\/wp\/v2\/types\/product"}],"wp:featuredmedia":[{"embeddable":true,"href":"https:\/\/truusk.store\/sv\/wp-json\/wp\/v2\/media\/46826"}],"wp:attachment":[{"href":"https:\/\/truusk.store\/sv\/wp-json\/wp\/v2\/media?parent=46825"}],"wp:term":[{"taxonomy":"product_brand","embeddable":true,"href":"https:\/\/truusk.store\/sv\/wp-json\/wp\/v2\/product_brand?post=46825"},{"taxonomy":"product_cat","embeddable":true,"href":"https:\/\/truusk.store\/sv\/wp-json\/wp\/v2\/product_cat?post=46825"},{"taxonomy":"product_tag","embeddable":true,"href":"https:\/\/truusk.store\/sv\/wp-json\/wp\/v2\/product_tag?post=46825"}],"curies":[{"name":"wp","href":"https:\/\/api.w.org\/{rel}","templated":true}]}}