{"id":46836,"date":"2024-02-14T06:50:17","date_gmt":"2024-02-14T05:50:17","guid":{"rendered":"https:\/\/truusk.store\/product\/mobil-paviljong-med-hjul-inklusive-sandsackar-metallram-3x3m-gra\/"},"modified":"2026-03-12T09:32:20","modified_gmt":"2026-03-12T08:32:20","slug":"truusk-pop-up-paviljong-med-hjul-inklusive-sandsackar-metallram-3x3m-gra","status":"publish","type":"product","link":"https:\/\/truusk.store\/sv\/produkt\/truusk-pop-up-paviljong-med-hjul-inklusive-sandsackar-metallram-3x3m-gra\/","title":{"rendered":"TRUUSK Pop-up Paviljong med Hjul &#8211; Inklusive Sands\u00e4ckar &#8211; Metallram &#8211; 3x3m &#8211; Gr\u00e5"},"content":{"rendered":"<p>Den st\u00f6rsta f\u00f6rdelen med denna tr\u00e4dg\u00e5rdspaviljong \u00e4r dess r\u00f6rlighet. Med inbyggda hjul kan den enkelt flyttas f\u00f6r att justera skugga eller solljus efter behov. Detta \u00e4r s\u00e4rskilt f\u00f6rdelaktigt om du har ett flexibelt sittarrangemang eller vill skapa olika zoner p\u00e5 din uteplats eller tr\u00e4dg\u00e5rd. Staket m\u00e4ter 3&#215;3 m och \u00e4r rymligt och perfekt f\u00f6r att tr\u00e4ffa v\u00e4nner och familj.<\/p>\n<h3>Beskrivning:<\/h3>\n<ul>\n<li>Med inbyggda hjul \u00e4r denna tr\u00e4dg\u00e5rdspaviljong l\u00e4tt att flytta<\/li>\n<li>PA-belagt UV30+ polyestertak<\/li>\n<li>F\u00e4stband f\u00f6r snabb och enkel fasts\u00e4ttning av takpresenningen<\/li>\n<li>Pulverlackerad st\u00e5lram f\u00f6r ett stabilt stativ<\/li>\n<li>Fyra sands\u00e4ckar g\u00f6r lusthuset mer stabilt och vindbest\u00e4ndigt (var och en kan fyllas med 8 kg sand)<\/li>\n<li>Montering kr\u00e4vs<\/li>\n<\/ul>\n<h3>Teknisk data:<\/h3>\n<ul>\n<li>F\u00e4rg: M\u00f6rkgr\u00e5<\/li>\n<li>Material: St\u00e5l, Oxford (100% polyester)<\/li>\n<li>\u00d6vergripande m\u00e5tt: 302L x 302W x 220\/250H cm<\/li>\n<li>Avst\u00e5nd mellan st\u00f6d: 294L x 275W cm<\/li>\n<li>Vindmotst\u00e5ndsniv\u00e5: 4-5 (med sands\u00e4ckar)<\/li>\n<li>Sn\u00f6lastkapacitet: 7 kg\/m<\/li>\n<\/ul>\n<h3>Leveransens omfattning:<\/h3>\n<ul>\n<li>1 x Gazebo<\/li>\n<li>4 x sands\u00e4ck<\/li>\n<li>1 x Instruktioner<\/li>\n<\/ul>\n","protected":false},"excerpt":{"rendered":"<p>Den st\u00f6rsta f\u00f6rdelen med denna tr\u00e4dg\u00e5rdspaviljong \u00e4r dess r\u00f6rlighet. Med inbyggda hjul kan den enkelt flyttas f\u00f6r att justera skugga&#8230;<\/p>\n","protected":false},"featured_media":46837,"template":"","meta":[],"product_brand":[],"product_cat":[477,435,476],"product_tag":[],"class_list":{"0":"post-46836","1":"product","2":"type-product","3":"status-publish","4":"has-post-thumbnail","6":"product_cat-paviljonger-partytalt","7":"product_cat-tradgard-och-terrass","8":"product_cat-tradgardspaviljonger","10":"first","11":"instock","12":"sale","13":"taxable","14":"shipping-taxable","15":"purchasable","16":"product-type-simple"},"yoast_head":"<!-- This site is optimized with the Yoast SEO plugin v25.4 - https:\/\/yoast.com\/wordpress\/plugins\/seo\/ -->\n<title>TRUUSK Pop-up Paviljong med Hjul - Inklusive Sands\u00e4ckar - Metallram - 3x3m - Gr\u00e5 - TRUUSK - Hem, Tr\u00e4dg\u00e5rd &amp; Fritid<\/title>\n<meta name=\"robots\" content=\"index, follow, max-snippet:-1, max-image-preview:large, max-video-preview:-1\" \/>\n<link rel=\"canonical\" href=\"https:\/\/truusk.store\/sv\/produkt\/truusk-pop-up-paviljong-med-hjul-inklusive-sandsackar-metallram-3x3m-gra\/\" \/>\n<meta property=\"og:locale\" content=\"sv_SE\" \/>\n<meta property=\"og:type\" content=\"article\" \/>\n<meta property=\"og:title\" content=\"TRUUSK Pop-up Paviljong med Hjul - Inklusive Sands\u00e4ckar - Metallram - 3x3m - Gr\u00e5 - TRUUSK - Hem, Tr\u00e4dg\u00e5rd &amp; Fritid\" \/>\n<meta property=\"og:description\" content=\"Den st\u00f6rsta f\u00f6rdelen med denna tr\u00e4dg\u00e5rdspaviljong \u00e4r dess r\u00f6rlighet. Med inbyggda hjul kan den enkelt flyttas f\u00f6r att justera skugga...\" \/>\n<meta property=\"og:url\" content=\"https:\/\/truusk.store\/sv\/produkt\/truusk-pop-up-paviljong-med-hjul-inklusive-sandsackar-metallram-3x3m-gra\/\" \/>\n<meta property=\"og:site_name\" content=\"TRUUSK - Hem, Tr\u00e4dg\u00e5rd &amp; Fritid\" \/>\n<meta property=\"article:modified_time\" content=\"2026-03-12T08:32:20+00:00\" \/>\n<meta property=\"og:image\" content=\"https:\/\/i0.wp.com\/truusk.se\/wp-content\/uploads\/2024\/02\/mobil-paviljong-med-hjul-inklusive-sandsackar-metallram-3x3m-gra.webp?fit=800%2C800&ssl=1\" \/>\n\t<meta property=\"og:image:width\" content=\"800\" \/>\n\t<meta property=\"og:image:height\" content=\"800\" \/>\n\t<meta property=\"og:image:type\" content=\"image\/webp\" \/>\n<meta name=\"twitter:card\" content=\"summary_large_image\" \/>\n<meta name=\"twitter:label1\" content=\"Ber\u00e4knad l\u00e4stid\" \/>\n\t<meta name=\"twitter:data1\" content=\"1 minut\" \/>\n<!-- \/ Yoast SEO plugin. -->","yoast_head_json":{"title":"TRUUSK Pop-up Paviljong med Hjul - Inklusive Sands\u00e4ckar - Metallram - 3x3m - Gr\u00e5 - TRUUSK - Hem, Tr\u00e4dg\u00e5rd &amp; Fritid","robots":{"index":"index","follow":"follow","max-snippet":"max-snippet:-1","max-image-preview":"max-image-preview:large","max-video-preview":"max-video-preview:-1"},"canonical":"https:\/\/truusk.store\/sv\/produkt\/truusk-pop-up-paviljong-med-hjul-inklusive-sandsackar-metallram-3x3m-gra\/","og_locale":"sv_SE","og_type":"article","og_title":"TRUUSK Pop-up Paviljong med Hjul - Inklusive Sands\u00e4ckar - Metallram - 3x3m - Gr\u00e5 - TRUUSK - Hem, Tr\u00e4dg\u00e5rd &amp; Fritid","og_description":"Den st\u00f6rsta f\u00f6rdelen med denna tr\u00e4dg\u00e5rdspaviljong \u00e4r dess r\u00f6rlighet. Med inbyggda hjul kan den enkelt flyttas f\u00f6r att justera skugga...","og_url":"https:\/\/truusk.store\/sv\/produkt\/truusk-pop-up-paviljong-med-hjul-inklusive-sandsackar-metallram-3x3m-gra\/","og_site_name":"TRUUSK - Hem, Tr\u00e4dg\u00e5rd &amp; Fritid","article_modified_time":"2026-03-12T08:32:20+00:00","og_image":[{"width":800,"height":800,"url":"https:\/\/i0.wp.com\/truusk.se\/wp-content\/uploads\/2024\/02\/mobil-paviljong-med-hjul-inklusive-sandsackar-metallram-3x3m-gra.webp?fit=800%2C800&ssl=1","type":"image\/webp"}],"twitter_card":"summary_large_image","twitter_misc":{"Ber\u00e4knad l\u00e4stid":"1 minut"},"schema":{"@context":"https:\/\/schema.org","@graph":[{"@type":"WebPage","@id":"https:\/\/truusk.store\/sv\/produkt\/truusk-pop-up-paviljong-med-hjul-inklusive-sandsackar-metallram-3x3m-gra\/","url":"https:\/\/truusk.store\/sv\/produkt\/truusk-pop-up-paviljong-med-hjul-inklusive-sandsackar-metallram-3x3m-gra\/","name":"TRUUSK Pop-up Paviljong med Hjul - Inklusive Sands\u00e4ckar - Metallram - 3x3m - Gr\u00e5 - TRUUSK - Hem, Tr\u00e4dg\u00e5rd &amp; Fritid","isPartOf":{"@id":"https:\/\/truusk.store\/sv\/#website"},"primaryImageOfPage":{"@id":"https:\/\/truusk.store\/sv\/produkt\/truusk-pop-up-paviljong-med-hjul-inklusive-sandsackar-metallram-3x3m-gra\/#primaryimage"},"image":{"@id":"https:\/\/truusk.store\/sv\/produkt\/truusk-pop-up-paviljong-med-hjul-inklusive-sandsackar-metallram-3x3m-gra\/#primaryimage"},"thumbnailUrl":"https:\/\/i0.wp.com\/truusk.store\/wp-content\/uploads\/2024\/02\/mobil-paviljong-med-hjul-inklusive-sandsackar-metallram-3x3m-gra.webp?fit=800%2C800&ssl=1","datePublished":"2024-02-14T05:50:17+00:00","dateModified":"2026-03-12T08:32:20+00:00","breadcrumb":{"@id":"https:\/\/truusk.store\/sv\/produkt\/truusk-pop-up-paviljong-med-hjul-inklusive-sandsackar-metallram-3x3m-gra\/#breadcrumb"},"inLanguage":"sv-SE","potentialAction":[{"@type":"ReadAction","target":["https:\/\/truusk.store\/sv\/produkt\/truusk-pop-up-paviljong-med-hjul-inklusive-sandsackar-metallram-3x3m-gra\/"]}]},{"@type":"ImageObject","inLanguage":"sv-SE","@id":"https:\/\/truusk.store\/sv\/produkt\/truusk-pop-up-paviljong-med-hjul-inklusive-sandsackar-metallram-3x3m-gra\/#primaryimage","url":"https:\/\/i0.wp.com\/truusk.store\/wp-content\/uploads\/2024\/02\/mobil-paviljong-med-hjul-inklusive-sandsackar-metallram-3x3m-gra.webp?fit=800%2C800&ssl=1","contentUrl":"https:\/\/i0.wp.com\/truusk.store\/wp-content\/uploads\/2024\/02\/mobil-paviljong-med-hjul-inklusive-sandsackar-metallram-3x3m-gra.webp?fit=800%2C800&ssl=1","width":800,"height":800,"caption":"Mobil Paviljong, Med Hjul, Inklusive Sands\u00e4ckar, Metallram, 3x3m, Gr\u00e5 1"},{"@type":"BreadcrumbList","@id":"https:\/\/truusk.store\/sv\/produkt\/truusk-pop-up-paviljong-med-hjul-inklusive-sandsackar-metallram-3x3m-gra\/#breadcrumb","itemListElement":[{"@type":"ListItem","position":1,"name":"Home","item":"https:\/\/truusk.store\/sv\/"},{"@type":"ListItem","position":2,"name":"Shop","item":"https:\/\/truusk.store\/shop\/"},{"@type":"ListItem","position":3,"name":"TRUUSK Pop-up Paviljong med Hjul &#8211; Inklusive Sands\u00e4ckar &#8211; Metallram &#8211; 3x3m &#8211; Gr\u00e5"}]},{"@type":"WebSite","@id":"https:\/\/truusk.store\/sv\/#website","url":"https:\/\/truusk.store\/sv\/","name":"TRUUSK - Hem, Tr\u00e4dg\u00e5rd & Fritid","description":"","publisher":{"@id":"https:\/\/truusk.store\/sv\/#organization"},"potentialAction":[{"@type":"SearchAction","target":{"@type":"EntryPoint","urlTemplate":"https:\/\/truusk.store\/sv\/?s={search_term_string}"},"query-input":{"@type":"PropertyValueSpecification","valueRequired":true,"valueName":"search_term_string"}}],"inLanguage":"sv-SE"},{"@type":"Organization","@id":"https:\/\/truusk.store\/sv\/#organization","name":"TRUUSK - Hem, Tr\u00e4dg\u00e5rd & Fritid","url":"https:\/\/truusk.store\/sv\/","logo":{"@type":"ImageObject","inLanguage":"sv-SE","@id":"https:\/\/truusk.store\/sv\/#\/schema\/logo\/image\/","url":"https:\/\/i0.wp.com\/truusk.store\/wp-content\/uploads\/2026\/03\/cropped-TRUUSK.png?fit=2032%2C917&ssl=1","contentUrl":"https:\/\/i0.wp.com\/truusk.store\/wp-content\/uploads\/2026\/03\/cropped-TRUUSK.png?fit=2032%2C917&ssl=1","width":2032,"height":917,"caption":"TRUUSK - Hem, Tr\u00e4dg\u00e5rd & Fritid"},"image":{"@id":"https:\/\/truusk.store\/sv\/#\/schema\/logo\/image\/"}}]}},"jetpack_sharing_enabled":true,"_links":{"self":[{"href":"https:\/\/truusk.store\/sv\/wp-json\/wp\/v2\/product\/46836","targetHints":{"allow":["GET"]}}],"collection":[{"href":"https:\/\/truusk.store\/sv\/wp-json\/wp\/v2\/product"}],"about":[{"href":"https:\/\/truusk.store\/sv\/wp-json\/wp\/v2\/types\/product"}],"wp:featuredmedia":[{"embeddable":true,"href":"https:\/\/truusk.store\/sv\/wp-json\/wp\/v2\/media\/46837"}],"wp:attachment":[{"href":"https:\/\/truusk.store\/sv\/wp-json\/wp\/v2\/media?parent=46836"}],"wp:term":[{"taxonomy":"product_brand","embeddable":true,"href":"https:\/\/truusk.store\/sv\/wp-json\/wp\/v2\/product_brand?post=46836"},{"taxonomy":"product_cat","embeddable":true,"href":"https:\/\/truusk.store\/sv\/wp-json\/wp\/v2\/product_cat?post=46836"},{"taxonomy":"product_tag","embeddable":true,"href":"https:\/\/truusk.store\/sv\/wp-json\/wp\/v2\/product_tag?post=46836"}],"curies":[{"name":"wp","href":"https:\/\/api.w.org\/{rel}","templated":true}]}}