{"id":46857,"date":"2024-02-14T06:51:09","date_gmt":"2024-02-14T05:51:09","guid":{"rendered":"https:\/\/truusk.store\/product\/husdjurstrappor-hundtrappor-furu-halkskyddsbelaggning-90-cm-x-40-cm-x-45-cm-naturlig-gra\/"},"modified":"2026-03-12T09:32:21","modified_gmt":"2026-03-12T08:32:21","slug":"truusk-husdjurstrappor-hundtrappor-i-furu-halkskyddsbelaggning-90-cm-x-40-cm-x-45-cm-naturlig-gra","status":"publish","type":"product","link":"https:\/\/truusk.store\/sv\/produkt\/truusk-husdjurstrappor-hundtrappor-i-furu-halkskyddsbelaggning-90-cm-x-40-cm-x-45-cm-naturlig-gra\/","title":{"rendered":"TRUUSK Husdjurstrappor &#8211; Hundtrappor i Furu &#8211; Halkskyddsbel\u00e4ggning &#8211; 90 cm x 40 cm x 45 cm &#8211; Naturlig + Gr\u00e5"},"content":{"rendered":"<p>Pet Ramp \u00e4r den s\u00e4kra och p\u00e5litliga l\u00f6sningen f\u00f6r att g\u00f6ra det m\u00f6jligt f\u00f6r dina hundar att n\u00e5 h\u00f6ga ytor utan anstr\u00e4ngning. Med en fast h\u00f6jd och en lutningsvinkel p\u00e5 cirka 30, hj\u00e4lper den dig att n\u00e5 soffan och s\u00e4ngen bekv\u00e4mare. Tillverkad av tr\u00e4 i flera lager och med en halkfri yta, ger den p\u00e5litligt st\u00f6d och s\u00e4kerst\u00e4ller ditt husdjurs s\u00e4kerhet under anv\u00e4ndning.<\/p>\n<h3>Beskrivning:<\/h3>\n<ul>\n<li>Den halkfria designen garanterar din s\u00e4kerhet<\/li>\n<li>Fast h\u00f6jd med en ungef\u00e4rlig lutningsvinkel p\u00e5 30<\/li>\n<li>Halkskydd g\u00f6r det l\u00e4ttare att kl\u00e4ttra<\/li>\n<li>Tillverkad av flerskiktspaneler och grantr\u00e4 f\u00f6r att s\u00e4kerst\u00e4lla stabilitet<\/li>\n<li>L\u00e4mplig f\u00f6r medelstora hundar upp till 20 kg och 50 cm<\/li>\n<li>Montering kr\u00e4vs<\/li>\n<\/ul>\n<h3>Teknisk data:<\/h3>\n<ul>\n<li>F\u00e4rg: Natur+Gr\u00e5<\/li>\n<li>Material: flerskiktsskiva, gran, polyester<\/li>\n<li>Totalstorlek: 90L x 40W x 45H cm<\/li>\n<li>Antisladd avst\u00e5nd: 10 cm<\/li>\n<li>Maximal viktkapacitet: 40 kg<\/li>\n<\/ul>\n<h3>Leveransens omfattning:<\/h3>\n<ul>\n<li>1 x Husdjursramp<\/li>\n<li>1 x manuell<\/li>\n<\/ul>\n","protected":false},"excerpt":{"rendered":"<p>Pet Ramp \u00e4r den s\u00e4kra och p\u00e5litliga l\u00f6sningen f\u00f6r att g\u00f6ra det m\u00f6jligt f\u00f6r dina hundar att n\u00e5 h\u00f6ga ytor&#8230;<\/p>\n","protected":false},"featured_media":46858,"template":"","meta":[],"product_brand":[],"product_cat":[574,586,573],"product_tag":[],"class_list":{"0":"post-46857","1":"product","2":"type-product","3":"status-publish","4":"has-post-thumbnail","6":"product_cat-hundtillbehor","7":"product_cat-hundtrappa","8":"product_cat-husdjursmaterial","10":"first","11":"instock","12":"sale","13":"taxable","14":"shipping-taxable","15":"purchasable","16":"product-type-simple"},"yoast_head":"<!-- This site is optimized with the Yoast SEO plugin v25.4 - https:\/\/yoast.com\/wordpress\/plugins\/seo\/ -->\n<title>TRUUSK Husdjurstrappor - Hundtrappor i Furu - Halkskyddsbel\u00e4ggning - 90 cm x 40 cm x 45 cm - Naturlig + Gr\u00e5 - TRUUSK - Hem, Tr\u00e4dg\u00e5rd &amp; Fritid<\/title>\n<meta name=\"robots\" content=\"index, follow, max-snippet:-1, max-image-preview:large, max-video-preview:-1\" \/>\n<link rel=\"canonical\" href=\"https:\/\/truusk.store\/sv\/produkt\/truusk-husdjurstrappor-hundtrappor-i-furu-halkskyddsbelaggning-90-cm-x-40-cm-x-45-cm-naturlig-gra\/\" \/>\n<meta property=\"og:locale\" content=\"sv_SE\" \/>\n<meta property=\"og:type\" content=\"article\" \/>\n<meta property=\"og:title\" content=\"TRUUSK Husdjurstrappor - Hundtrappor i Furu - Halkskyddsbel\u00e4ggning - 90 cm x 40 cm x 45 cm - Naturlig + Gr\u00e5 - TRUUSK - Hem, Tr\u00e4dg\u00e5rd &amp; Fritid\" \/>\n<meta property=\"og:description\" content=\"Pet Ramp \u00e4r den s\u00e4kra och p\u00e5litliga l\u00f6sningen f\u00f6r att g\u00f6ra det m\u00f6jligt f\u00f6r dina hundar att n\u00e5 h\u00f6ga ytor...\" \/>\n<meta property=\"og:url\" content=\"https:\/\/truusk.store\/sv\/produkt\/truusk-husdjurstrappor-hundtrappor-i-furu-halkskyddsbelaggning-90-cm-x-40-cm-x-45-cm-naturlig-gra\/\" \/>\n<meta property=\"og:site_name\" content=\"TRUUSK - Hem, Tr\u00e4dg\u00e5rd &amp; Fritid\" \/>\n<meta property=\"article:modified_time\" content=\"2026-03-12T08:32:21+00:00\" \/>\n<meta property=\"og:image\" content=\"https:\/\/i0.wp.com\/truusk.se\/wp-content\/uploads\/2024\/02\/husdjurstrappor-hundtrappor-furu-halkskyddsbelaggning-90-cm-x-40-cm-x-45-cm-naturlig-gra.webp?fit=800%2C800&ssl=1\" \/>\n\t<meta property=\"og:image:width\" content=\"800\" \/>\n\t<meta property=\"og:image:height\" content=\"800\" \/>\n\t<meta property=\"og:image:type\" content=\"image\/webp\" \/>\n<meta name=\"twitter:card\" content=\"summary_large_image\" \/>\n<meta name=\"twitter:label1\" content=\"Ber\u00e4knad l\u00e4stid\" \/>\n\t<meta name=\"twitter:data1\" content=\"1 minut\" \/>\n<!-- \/ Yoast SEO plugin. -->","yoast_head_json":{"title":"TRUUSK Husdjurstrappor - Hundtrappor i Furu - Halkskyddsbel\u00e4ggning - 90 cm x 40 cm x 45 cm - Naturlig + Gr\u00e5 - TRUUSK - Hem, Tr\u00e4dg\u00e5rd &amp; Fritid","robots":{"index":"index","follow":"follow","max-snippet":"max-snippet:-1","max-image-preview":"max-image-preview:large","max-video-preview":"max-video-preview:-1"},"canonical":"https:\/\/truusk.store\/sv\/produkt\/truusk-husdjurstrappor-hundtrappor-i-furu-halkskyddsbelaggning-90-cm-x-40-cm-x-45-cm-naturlig-gra\/","og_locale":"sv_SE","og_type":"article","og_title":"TRUUSK Husdjurstrappor - Hundtrappor i Furu - Halkskyddsbel\u00e4ggning - 90 cm x 40 cm x 45 cm - Naturlig + Gr\u00e5 - TRUUSK - Hem, Tr\u00e4dg\u00e5rd &amp; Fritid","og_description":"Pet Ramp \u00e4r den s\u00e4kra och p\u00e5litliga l\u00f6sningen f\u00f6r att g\u00f6ra det m\u00f6jligt f\u00f6r dina hundar att n\u00e5 h\u00f6ga ytor...","og_url":"https:\/\/truusk.store\/sv\/produkt\/truusk-husdjurstrappor-hundtrappor-i-furu-halkskyddsbelaggning-90-cm-x-40-cm-x-45-cm-naturlig-gra\/","og_site_name":"TRUUSK - Hem, Tr\u00e4dg\u00e5rd &amp; Fritid","article_modified_time":"2026-03-12T08:32:21+00:00","og_image":[{"width":800,"height":800,"url":"https:\/\/i0.wp.com\/truusk.se\/wp-content\/uploads\/2024\/02\/husdjurstrappor-hundtrappor-furu-halkskyddsbelaggning-90-cm-x-40-cm-x-45-cm-naturlig-gra.webp?fit=800%2C800&ssl=1","type":"image\/webp"}],"twitter_card":"summary_large_image","twitter_misc":{"Ber\u00e4knad l\u00e4stid":"1 minut"},"schema":{"@context":"https:\/\/schema.org","@graph":[{"@type":"WebPage","@id":"https:\/\/truusk.store\/sv\/produkt\/truusk-husdjurstrappor-hundtrappor-i-furu-halkskyddsbelaggning-90-cm-x-40-cm-x-45-cm-naturlig-gra\/","url":"https:\/\/truusk.store\/sv\/produkt\/truusk-husdjurstrappor-hundtrappor-i-furu-halkskyddsbelaggning-90-cm-x-40-cm-x-45-cm-naturlig-gra\/","name":"TRUUSK Husdjurstrappor - Hundtrappor i Furu - Halkskyddsbel\u00e4ggning - 90 cm x 40 cm x 45 cm - Naturlig + Gr\u00e5 - TRUUSK - Hem, Tr\u00e4dg\u00e5rd &amp; Fritid","isPartOf":{"@id":"https:\/\/truusk.store\/sv\/#website"},"primaryImageOfPage":{"@id":"https:\/\/truusk.store\/sv\/produkt\/truusk-husdjurstrappor-hundtrappor-i-furu-halkskyddsbelaggning-90-cm-x-40-cm-x-45-cm-naturlig-gra\/#primaryimage"},"image":{"@id":"https:\/\/truusk.store\/sv\/produkt\/truusk-husdjurstrappor-hundtrappor-i-furu-halkskyddsbelaggning-90-cm-x-40-cm-x-45-cm-naturlig-gra\/#primaryimage"},"thumbnailUrl":"https:\/\/i0.wp.com\/truusk.store\/wp-content\/uploads\/2024\/02\/husdjurstrappor-hundtrappor-furu-halkskyddsbelaggning-90-cm-x-40-cm-x-45-cm-naturlig-gra.webp?fit=800%2C800&ssl=1","datePublished":"2024-02-14T05:51:09+00:00","dateModified":"2026-03-12T08:32:21+00:00","breadcrumb":{"@id":"https:\/\/truusk.store\/sv\/produkt\/truusk-husdjurstrappor-hundtrappor-i-furu-halkskyddsbelaggning-90-cm-x-40-cm-x-45-cm-naturlig-gra\/#breadcrumb"},"inLanguage":"sv-SE","potentialAction":[{"@type":"ReadAction","target":["https:\/\/truusk.store\/sv\/produkt\/truusk-husdjurstrappor-hundtrappor-i-furu-halkskyddsbelaggning-90-cm-x-40-cm-x-45-cm-naturlig-gra\/"]}]},{"@type":"ImageObject","inLanguage":"sv-SE","@id":"https:\/\/truusk.store\/sv\/produkt\/truusk-husdjurstrappor-hundtrappor-i-furu-halkskyddsbelaggning-90-cm-x-40-cm-x-45-cm-naturlig-gra\/#primaryimage","url":"https:\/\/i0.wp.com\/truusk.store\/wp-content\/uploads\/2024\/02\/husdjurstrappor-hundtrappor-furu-halkskyddsbelaggning-90-cm-x-40-cm-x-45-cm-naturlig-gra.webp?fit=800%2C800&ssl=1","contentUrl":"https:\/\/i0.wp.com\/truusk.store\/wp-content\/uploads\/2024\/02\/husdjurstrappor-hundtrappor-furu-halkskyddsbelaggning-90-cm-x-40-cm-x-45-cm-naturlig-gra.webp?fit=800%2C800&ssl=1","width":800,"height":800,"caption":"Husdjurstrappor, Hundtrappor, Furu, Halkskyddsbel\u00e4ggning, 90 Cm X 40 Cm X 45 Cm, Naturlig + Gr\u00e5 1"},{"@type":"BreadcrumbList","@id":"https:\/\/truusk.store\/sv\/produkt\/truusk-husdjurstrappor-hundtrappor-i-furu-halkskyddsbelaggning-90-cm-x-40-cm-x-45-cm-naturlig-gra\/#breadcrumb","itemListElement":[{"@type":"ListItem","position":1,"name":"Home","item":"https:\/\/truusk.store\/sv\/"},{"@type":"ListItem","position":2,"name":"Shop","item":"https:\/\/truusk.store\/shop\/"},{"@type":"ListItem","position":3,"name":"TRUUSK Husdjurstrappor &#8211; Hundtrappor i Furu &#8211; Halkskyddsbel\u00e4ggning &#8211; 90 cm x 40 cm x 45 cm &#8211; Naturlig + Gr\u00e5"}]},{"@type":"WebSite","@id":"https:\/\/truusk.store\/sv\/#website","url":"https:\/\/truusk.store\/sv\/","name":"TRUUSK - Hem, Tr\u00e4dg\u00e5rd & Fritid","description":"","publisher":{"@id":"https:\/\/truusk.store\/sv\/#organization"},"potentialAction":[{"@type":"SearchAction","target":{"@type":"EntryPoint","urlTemplate":"https:\/\/truusk.store\/sv\/?s={search_term_string}"},"query-input":{"@type":"PropertyValueSpecification","valueRequired":true,"valueName":"search_term_string"}}],"inLanguage":"sv-SE"},{"@type":"Organization","@id":"https:\/\/truusk.store\/sv\/#organization","name":"TRUUSK - Hem, Tr\u00e4dg\u00e5rd & Fritid","url":"https:\/\/truusk.store\/sv\/","logo":{"@type":"ImageObject","inLanguage":"sv-SE","@id":"https:\/\/truusk.store\/sv\/#\/schema\/logo\/image\/","url":"https:\/\/i0.wp.com\/truusk.store\/wp-content\/uploads\/2026\/03\/cropped-TRUUSK.png?fit=2032%2C917&ssl=1","contentUrl":"https:\/\/i0.wp.com\/truusk.store\/wp-content\/uploads\/2026\/03\/cropped-TRUUSK.png?fit=2032%2C917&ssl=1","width":2032,"height":917,"caption":"TRUUSK - Hem, Tr\u00e4dg\u00e5rd & Fritid"},"image":{"@id":"https:\/\/truusk.store\/sv\/#\/schema\/logo\/image\/"}}]}},"jetpack_sharing_enabled":true,"_links":{"self":[{"href":"https:\/\/truusk.store\/sv\/wp-json\/wp\/v2\/product\/46857","targetHints":{"allow":["GET"]}}],"collection":[{"href":"https:\/\/truusk.store\/sv\/wp-json\/wp\/v2\/product"}],"about":[{"href":"https:\/\/truusk.store\/sv\/wp-json\/wp\/v2\/types\/product"}],"wp:featuredmedia":[{"embeddable":true,"href":"https:\/\/truusk.store\/sv\/wp-json\/wp\/v2\/media\/46858"}],"wp:attachment":[{"href":"https:\/\/truusk.store\/sv\/wp-json\/wp\/v2\/media?parent=46857"}],"wp:term":[{"taxonomy":"product_brand","embeddable":true,"href":"https:\/\/truusk.store\/sv\/wp-json\/wp\/v2\/product_brand?post=46857"},{"taxonomy":"product_cat","embeddable":true,"href":"https:\/\/truusk.store\/sv\/wp-json\/wp\/v2\/product_cat?post=46857"},{"taxonomy":"product_tag","embeddable":true,"href":"https:\/\/truusk.store\/sv\/wp-json\/wp\/v2\/product_tag?post=46857"}],"curies":[{"name":"wp","href":"https:\/\/api.w.org\/{rel}","templated":true}]}}