{"id":46871,"date":"2024-02-14T06:51:49","date_gmt":"2024-02-14T05:51:49","guid":{"rendered":"https:\/\/truusk.store\/product\/grillpaviljong-2-sidohyllor-krokar-stalram-11-x-23-m-khaki\/"},"modified":"2026-03-12T09:32:22","modified_gmt":"2026-03-12T08:32:22","slug":"truusk-grillpaviljong-2-sidohyllor-krokar-stalram-11-x-23-m-khaki","status":"publish","type":"product","link":"https:\/\/truusk.store\/sv\/produkt\/truusk-grillpaviljong-2-sidohyllor-krokar-stalram-11-x-23-m-khaki\/","title":{"rendered":"TRUUSK Grillpaviljong &#8211; 2 Sidohyllor &#8211; Krokar &#8211; St\u00e5lram &#8211; 1,1 x 2,3 M &#8211; Khaki"},"content":{"rendered":"<p>L\u00e5t aldrig den skoningsl\u00f6sa solen f\u00f6rst\u00f6ra din grill igen! Uppt\u00e4ck denna smarta grillpaviljong nu &#8211; din oers\u00e4ttliga grillhj\u00e4lp: Polyestertaket skyddar dig fr\u00e5n solen, medan de tv\u00e5 sidohyllorna erbjuder gott om plats f\u00f6r tallrikar, kryddor och andra grillredskap. De f\u00f6rskjutna takelementen till\u00e5ter r\u00f6k att rinna ut fritt samtidigt som du f\u00f6rblir s\u00e4kert skyddad fr\u00e5n UV-str\u00e5lar. Detta g\u00f6r grillningen till ett skuggigt n\u00f6je!<\/p>\n<h3>Beskrivning:<\/h3>\n<ul>\n<li>Tv\u00e5 \u00f6verlappande takelement ger utm\u00e4rkt luftcirkulation och v\u00e4rmereduktion<\/li>\n<li>Tv\u00e5 sidohyllor ger plats f\u00f6r mat och dryck<\/li>\n<li>Med 7 krokar kan du ha grillverktyg och utrustning n\u00e4ra till hands<\/li>\n<li>Den pulverlackerade st\u00e5lramen s\u00e4kerst\u00e4ller ett stabilt stativ<\/li>\n<li>I leveransen ing\u00e5r 8 golvspetsar<\/li>\n<li>Passar grillar upp till 100 cm l\u00e5nga<\/li>\n<li>Montering kr\u00e4vs<\/li>\n<\/ul>\n<h3>Teknisk data:<\/h3>\n<ul>\n<li>F\u00e4rg: Khaki<\/li>\n<li>Material: st\u00e5l, polyester<\/li>\n<li>\u00d6vergripande m\u00e5tt: 233L x 110W x 235H cm<\/li>\n<li>Takfotsh\u00f6jd: 195H cm<\/li>\n<li>St\u00f6davst\u00e5nd: 200L x 99W cm<\/li>\n<li>Sidohyllarea: 99L x 20W cm<\/li>\n<li>Hyllh\u00f6jd (fr\u00e5n golvet): 100H cm<\/li>\n<li>Passar grillar upp till 100 cm l\u00e5nga<\/li>\n<li>Vindmotst\u00e5ndsniv\u00e5: 5-6 (med pinnar)<\/li>\n<li>Sn\u00f6belastning: 7 kg\/<\/li>\n<li>Lastkapacitet: 40 kg (hyllor), 20 kg (krokar)<\/li>\n<\/ul>\n<h3>Leveransens omfattning:<\/h3>\n<ul>\n<li>1 x grillpaviljong<\/li>\n<li>8 x Golvspikar<\/li>\n<li>1 x Instruktioner<\/li>\n<\/ul>\n","protected":false},"excerpt":{"rendered":"<p>L\u00e5t aldrig den skoningsl\u00f6sa solen f\u00f6rst\u00f6ra din grill igen! Uppt\u00e4ck denna smarta grillpaviljong nu &#8211; din oers\u00e4ttliga grillhj\u00e4lp: Polyestertaket skyddar&#8230;<\/p>\n","protected":false},"featured_media":46872,"template":"","meta":[],"product_brand":[],"product_cat":[480,435,476],"product_tag":[],"class_list":{"0":"post-46871","1":"product","2":"type-product","3":"status-publish","4":"has-post-thumbnail","6":"product_cat-grillpaviljonger","7":"product_cat-tradgard-och-terrass","8":"product_cat-tradgardspaviljonger","10":"first","11":"instock","12":"sale","13":"taxable","14":"shipping-taxable","15":"purchasable","16":"product-type-simple"},"yoast_head":"<!-- This site is optimized with the Yoast SEO plugin v25.4 - https:\/\/yoast.com\/wordpress\/plugins\/seo\/ -->\n<title>TRUUSK Grillpaviljong - 2 Sidohyllor - Krokar - St\u00e5lram - 1,1 x 2,3 M - Khaki - TRUUSK - Hem, Tr\u00e4dg\u00e5rd &amp; Fritid<\/title>\n<meta name=\"robots\" content=\"index, follow, max-snippet:-1, max-image-preview:large, max-video-preview:-1\" \/>\n<link rel=\"canonical\" href=\"https:\/\/truusk.store\/sv\/produkt\/truusk-grillpaviljong-2-sidohyllor-krokar-stalram-11-x-23-m-khaki\/\" \/>\n<meta property=\"og:locale\" content=\"sv_SE\" \/>\n<meta property=\"og:type\" content=\"article\" \/>\n<meta property=\"og:title\" content=\"TRUUSK Grillpaviljong - 2 Sidohyllor - Krokar - St\u00e5lram - 1,1 x 2,3 M - Khaki - TRUUSK - Hem, Tr\u00e4dg\u00e5rd &amp; Fritid\" \/>\n<meta property=\"og:description\" content=\"L\u00e5t aldrig den skoningsl\u00f6sa solen f\u00f6rst\u00f6ra din grill igen! Uppt\u00e4ck denna smarta grillpaviljong nu &#8211; din oers\u00e4ttliga grillhj\u00e4lp: Polyestertaket skyddar...\" \/>\n<meta property=\"og:url\" content=\"https:\/\/truusk.store\/sv\/produkt\/truusk-grillpaviljong-2-sidohyllor-krokar-stalram-11-x-23-m-khaki\/\" \/>\n<meta property=\"og:site_name\" content=\"TRUUSK - Hem, Tr\u00e4dg\u00e5rd &amp; Fritid\" \/>\n<meta property=\"article:modified_time\" content=\"2026-03-12T08:32:22+00:00\" \/>\n<meta property=\"og:image\" content=\"https:\/\/i0.wp.com\/truusk.se\/wp-content\/uploads\/2024\/02\/grillpaviljong-2-sidohyllor-krokar-stalram-11-x-23-m-khaki.webp?fit=800%2C800&ssl=1\" \/>\n\t<meta property=\"og:image:width\" content=\"800\" \/>\n\t<meta property=\"og:image:height\" content=\"800\" \/>\n\t<meta property=\"og:image:type\" content=\"image\/webp\" \/>\n<meta name=\"twitter:card\" content=\"summary_large_image\" \/>\n<meta name=\"twitter:label1\" content=\"Ber\u00e4knad l\u00e4stid\" \/>\n\t<meta name=\"twitter:data1\" content=\"1 minut\" \/>\n<!-- \/ Yoast SEO plugin. -->","yoast_head_json":{"title":"TRUUSK Grillpaviljong - 2 Sidohyllor - Krokar - St\u00e5lram - 1,1 x 2,3 M - Khaki - TRUUSK - Hem, Tr\u00e4dg\u00e5rd &amp; Fritid","robots":{"index":"index","follow":"follow","max-snippet":"max-snippet:-1","max-image-preview":"max-image-preview:large","max-video-preview":"max-video-preview:-1"},"canonical":"https:\/\/truusk.store\/sv\/produkt\/truusk-grillpaviljong-2-sidohyllor-krokar-stalram-11-x-23-m-khaki\/","og_locale":"sv_SE","og_type":"article","og_title":"TRUUSK Grillpaviljong - 2 Sidohyllor - Krokar - St\u00e5lram - 1,1 x 2,3 M - Khaki - TRUUSK - Hem, Tr\u00e4dg\u00e5rd &amp; Fritid","og_description":"L\u00e5t aldrig den skoningsl\u00f6sa solen f\u00f6rst\u00f6ra din grill igen! Uppt\u00e4ck denna smarta grillpaviljong nu &#8211; din oers\u00e4ttliga grillhj\u00e4lp: Polyestertaket skyddar...","og_url":"https:\/\/truusk.store\/sv\/produkt\/truusk-grillpaviljong-2-sidohyllor-krokar-stalram-11-x-23-m-khaki\/","og_site_name":"TRUUSK - Hem, Tr\u00e4dg\u00e5rd &amp; Fritid","article_modified_time":"2026-03-12T08:32:22+00:00","og_image":[{"width":800,"height":800,"url":"https:\/\/i0.wp.com\/truusk.se\/wp-content\/uploads\/2024\/02\/grillpaviljong-2-sidohyllor-krokar-stalram-11-x-23-m-khaki.webp?fit=800%2C800&ssl=1","type":"image\/webp"}],"twitter_card":"summary_large_image","twitter_misc":{"Ber\u00e4knad l\u00e4stid":"1 minut"},"schema":{"@context":"https:\/\/schema.org","@graph":[{"@type":"WebPage","@id":"https:\/\/truusk.store\/sv\/produkt\/truusk-grillpaviljong-2-sidohyllor-krokar-stalram-11-x-23-m-khaki\/","url":"https:\/\/truusk.store\/sv\/produkt\/truusk-grillpaviljong-2-sidohyllor-krokar-stalram-11-x-23-m-khaki\/","name":"TRUUSK Grillpaviljong - 2 Sidohyllor - Krokar - St\u00e5lram - 1,1 x 2,3 M - Khaki - TRUUSK - Hem, Tr\u00e4dg\u00e5rd &amp; Fritid","isPartOf":{"@id":"https:\/\/truusk.store\/sv\/#website"},"primaryImageOfPage":{"@id":"https:\/\/truusk.store\/sv\/produkt\/truusk-grillpaviljong-2-sidohyllor-krokar-stalram-11-x-23-m-khaki\/#primaryimage"},"image":{"@id":"https:\/\/truusk.store\/sv\/produkt\/truusk-grillpaviljong-2-sidohyllor-krokar-stalram-11-x-23-m-khaki\/#primaryimage"},"thumbnailUrl":"https:\/\/i0.wp.com\/truusk.store\/wp-content\/uploads\/2024\/02\/grillpaviljong-2-sidohyllor-krokar-stalram-11-x-23-m-khaki.webp?fit=800%2C800&ssl=1","datePublished":"2024-02-14T05:51:49+00:00","dateModified":"2026-03-12T08:32:22+00:00","breadcrumb":{"@id":"https:\/\/truusk.store\/sv\/produkt\/truusk-grillpaviljong-2-sidohyllor-krokar-stalram-11-x-23-m-khaki\/#breadcrumb"},"inLanguage":"sv-SE","potentialAction":[{"@type":"ReadAction","target":["https:\/\/truusk.store\/sv\/produkt\/truusk-grillpaviljong-2-sidohyllor-krokar-stalram-11-x-23-m-khaki\/"]}]},{"@type":"ImageObject","inLanguage":"sv-SE","@id":"https:\/\/truusk.store\/sv\/produkt\/truusk-grillpaviljong-2-sidohyllor-krokar-stalram-11-x-23-m-khaki\/#primaryimage","url":"https:\/\/i0.wp.com\/truusk.store\/wp-content\/uploads\/2024\/02\/grillpaviljong-2-sidohyllor-krokar-stalram-11-x-23-m-khaki.webp?fit=800%2C800&ssl=1","contentUrl":"https:\/\/i0.wp.com\/truusk.store\/wp-content\/uploads\/2024\/02\/grillpaviljong-2-sidohyllor-krokar-stalram-11-x-23-m-khaki.webp?fit=800%2C800&ssl=1","width":800,"height":800,"caption":"Grillpaviljong, 2 Sidohyllor, Krokar, St\u00e5lram, 1,1 X 2,3 M, Khaki 1"},{"@type":"BreadcrumbList","@id":"https:\/\/truusk.store\/sv\/produkt\/truusk-grillpaviljong-2-sidohyllor-krokar-stalram-11-x-23-m-khaki\/#breadcrumb","itemListElement":[{"@type":"ListItem","position":1,"name":"Home","item":"https:\/\/truusk.store\/sv\/"},{"@type":"ListItem","position":2,"name":"Shop","item":"https:\/\/truusk.store\/shop\/"},{"@type":"ListItem","position":3,"name":"TRUUSK Grillpaviljong &#8211; 2 Sidohyllor &#8211; Krokar &#8211; St\u00e5lram &#8211; 1,1 x 2,3 M &#8211; Khaki"}]},{"@type":"WebSite","@id":"https:\/\/truusk.store\/sv\/#website","url":"https:\/\/truusk.store\/sv\/","name":"TRUUSK - Hem, Tr\u00e4dg\u00e5rd & Fritid","description":"","publisher":{"@id":"https:\/\/truusk.store\/sv\/#organization"},"potentialAction":[{"@type":"SearchAction","target":{"@type":"EntryPoint","urlTemplate":"https:\/\/truusk.store\/sv\/?s={search_term_string}"},"query-input":{"@type":"PropertyValueSpecification","valueRequired":true,"valueName":"search_term_string"}}],"inLanguage":"sv-SE"},{"@type":"Organization","@id":"https:\/\/truusk.store\/sv\/#organization","name":"TRUUSK - Hem, Tr\u00e4dg\u00e5rd & Fritid","url":"https:\/\/truusk.store\/sv\/","logo":{"@type":"ImageObject","inLanguage":"sv-SE","@id":"https:\/\/truusk.store\/sv\/#\/schema\/logo\/image\/","url":"https:\/\/i0.wp.com\/truusk.store\/wp-content\/uploads\/2026\/03\/cropped-TRUUSK.png?fit=2032%2C917&ssl=1","contentUrl":"https:\/\/i0.wp.com\/truusk.store\/wp-content\/uploads\/2026\/03\/cropped-TRUUSK.png?fit=2032%2C917&ssl=1","width":2032,"height":917,"caption":"TRUUSK - Hem, Tr\u00e4dg\u00e5rd & Fritid"},"image":{"@id":"https:\/\/truusk.store\/sv\/#\/schema\/logo\/image\/"}}]}},"jetpack_sharing_enabled":true,"_links":{"self":[{"href":"https:\/\/truusk.store\/sv\/wp-json\/wp\/v2\/product\/46871","targetHints":{"allow":["GET"]}}],"collection":[{"href":"https:\/\/truusk.store\/sv\/wp-json\/wp\/v2\/product"}],"about":[{"href":"https:\/\/truusk.store\/sv\/wp-json\/wp\/v2\/types\/product"}],"wp:featuredmedia":[{"embeddable":true,"href":"https:\/\/truusk.store\/sv\/wp-json\/wp\/v2\/media\/46872"}],"wp:attachment":[{"href":"https:\/\/truusk.store\/sv\/wp-json\/wp\/v2\/media?parent=46871"}],"wp:term":[{"taxonomy":"product_brand","embeddable":true,"href":"https:\/\/truusk.store\/sv\/wp-json\/wp\/v2\/product_brand?post=46871"},{"taxonomy":"product_cat","embeddable":true,"href":"https:\/\/truusk.store\/sv\/wp-json\/wp\/v2\/product_cat?post=46871"},{"taxonomy":"product_tag","embeddable":true,"href":"https:\/\/truusk.store\/sv\/wp-json\/wp\/v2\/product_tag?post=46871"}],"curies":[{"name":"wp","href":"https:\/\/api.w.org\/{rel}","templated":true}]}}