{"id":46882,"date":"2024-02-14T06:52:09","date_gmt":"2024-02-14T05:52:09","guid":{"rendered":"https:\/\/truusk.store\/product\/miniugn-20-liter-oljefri-stekning-grillning-bakning-varmluft-90-230-c-timer-1400w-svart\/"},"modified":"2026-03-12T09:32:22","modified_gmt":"2026-03-12T08:32:22","slug":"truusk-miniugn-20-liter-oljefri-stekning-grillning-bakning-varmluft-90-230-c-timer-1400w-svart","status":"publish","type":"product","link":"https:\/\/truusk.store\/sv\/produkt\/truusk-miniugn-20-liter-oljefri-stekning-grillning-bakning-varmluft-90-230-c-timer-1400w-svart\/","title":{"rendered":"TRUUSK Miniugn 20 Liter &#8211; Oljefri Stekning &#8211; Grillning &#8211; Bakning &#8211; Varmluft &#8211; 90-230 C &#8211; Timer &#8211; 1400W &#8211; Svart"},"content":{"rendered":"<p>Vill du laga uts\u00f6kt mat till din familj hemma? Varf\u00f6r inte v\u00e4lja den multifunktionella ugnen? Den har 5 funktioner i en enhet: v\u00e4rma upp, grilla, rosta, baka och fritera K\u00f6p en produkt och f\u00e5 flera funktioner samtidigt. Tack vare den justerbara temperaturen och tillagningstiden kan du laga olika r\u00e4tter med den. Enheten har ocks\u00e5 en kapacitet p\u00e5 20 liter f\u00f6r 4 skivor br\u00f6d eller f\u00f6r en 11-tums\/28 cm pizza f\u00f6r hela familjen. Tveka inte och ta den med dig hem!<\/p>\n<h3>Beskrivning:<\/h3>\n<ul>\n<li>5 funktioner: varmh\u00e5llningsfunktion, grill, br\u00f6drost, ugn, varmluftsfrit\u00f6s<\/li>\n<li>360-varmluftscirkulationssystemet s\u00e4kerst\u00e4ller j\u00e4mn och snabb uppv\u00e4rmning<\/li>\n<li>Den stora kapaciteten p\u00e5 20 L l\u00e5ter dig rosta 4 skivor br\u00f6d, en hel kyckling (1,5 kg) eller en 28 cm pizza samtidigt<\/li>\n<li>Inv\u00e4ndig belysning och ett visningsf\u00f6nster ger fri sikt \u00f6ver maten<\/li>\n<li>Explosionss\u00e4ker innerbelysning s\u00e4kerst\u00e4ller st\u00f6rre s\u00e4kerhet<\/li>\n<li>3 hyllplatser och 1 ugnsgaller, 1 stekkorg och 1 bakpl\u00e5t f\u00f6r att tillaga olika matr\u00e4tter<\/li>\n<li>Smulfacket underl\u00e4ttar reng\u00f6ringen och t\u00e5l diskmaskin<\/li>\n<\/ul>\n<h3>Teknisk data:<\/h3>\n<ul>\n<li>Svart f\u00e4rg<\/li>\n<li>Material: j\u00e4rn, ABS, h\u00e4rdat glas, rostfritt st\u00e5l<\/li>\n<li>\u00d6vergripande m\u00e5tt: 36L x 37,7B x 34,5H cm<\/li>\n<li>Innerm\u00e5tt: 28,3B x 28,5D x 21,8H cm<\/li>\n<li>D\u00f6rrinformation: 36,1L x 23,2H cm (storlek), 76-82 (\u00f6ppningsvinkel)<\/li>\n<li>Storlek p\u00e5 tillbeh\u00f6r: 28L x 27W cm (bakpanna), 28L x 27W cm (ugnsgaller), 27,8L x 27,2W cm (stekkorg)<\/li>\n<li>Sp\u00e4nningsstorlek: 230V, 50Hz<\/li>\n<li>Effekt: 1400W<\/li>\n<li>Certifiering: GS<\/li>\n<\/ul>\n<h3>Leveransens omfattning:<\/h3>\n<ul>\n<li>1 x miniugn<\/li>\n<li>1 x frityrkorg<\/li>\n<li>1 x Ugnshylla<\/li>\n<li>1 x bakpl\u00e5t<\/li>\n<li>1 x smulfack<\/li>\n<li>1 x Instruktioner<\/li>\n<\/ul>\n","protected":false},"excerpt":{"rendered":"<p>Vill du laga uts\u00f6kt mat till din familj hemma? Varf\u00f6r inte v\u00e4lja den multifunktionella ugnen? Den har 5 funktioner i&#8230;<\/p>\n","protected":false},"featured_media":46883,"template":"","meta":[],"product_brand":[],"product_cat":[485,498,499],"product_tag":[],"class_list":{"0":"post-46882","1":"product","2":"type-product","3":"status-publish","4":"has-post-thumbnail","6":"product_cat-hus-bo","7":"product_cat-hushallsapparater","8":"product_cat-koksutrustning","10":"first","11":"instock","12":"sale","13":"taxable","14":"shipping-taxable","15":"purchasable","16":"product-type-simple"},"yoast_head":"<!-- This site is optimized with the Yoast SEO plugin v25.4 - https:\/\/yoast.com\/wordpress\/plugins\/seo\/ -->\n<title>TRUUSK Miniugn 20 Liter - Oljefri Stekning - Grillning - Bakning - Varmluft - 90-230 C - Timer - 1400W - Svart - TRUUSK - Hem, Tr\u00e4dg\u00e5rd &amp; Fritid<\/title>\n<meta name=\"robots\" content=\"index, follow, max-snippet:-1, max-image-preview:large, max-video-preview:-1\" \/>\n<link rel=\"canonical\" href=\"https:\/\/truusk.store\/sv\/produkt\/truusk-miniugn-20-liter-oljefri-stekning-grillning-bakning-varmluft-90-230-c-timer-1400w-svart\/\" \/>\n<meta property=\"og:locale\" content=\"sv_SE\" \/>\n<meta property=\"og:type\" content=\"article\" \/>\n<meta property=\"og:title\" content=\"TRUUSK Miniugn 20 Liter - Oljefri Stekning - Grillning - Bakning - Varmluft - 90-230 C - Timer - 1400W - Svart - TRUUSK - Hem, Tr\u00e4dg\u00e5rd &amp; Fritid\" \/>\n<meta property=\"og:description\" content=\"Vill du laga uts\u00f6kt mat till din familj hemma? Varf\u00f6r inte v\u00e4lja den multifunktionella ugnen? Den har 5 funktioner i...\" \/>\n<meta property=\"og:url\" content=\"https:\/\/truusk.store\/sv\/produkt\/truusk-miniugn-20-liter-oljefri-stekning-grillning-bakning-varmluft-90-230-c-timer-1400w-svart\/\" \/>\n<meta property=\"og:site_name\" content=\"TRUUSK - Hem, Tr\u00e4dg\u00e5rd &amp; Fritid\" \/>\n<meta property=\"article:modified_time\" content=\"2026-03-12T08:32:22+00:00\" \/>\n<meta property=\"og:image\" content=\"https:\/\/i0.wp.com\/truusk.se\/wp-content\/uploads\/2024\/02\/miniugn-20-liter-oljefri-stekning-grillning-bakning-varmluft-90-230-c-timer-1400w-svart.webp?fit=800%2C800&ssl=1\" \/>\n\t<meta property=\"og:image:width\" content=\"800\" \/>\n\t<meta property=\"og:image:height\" content=\"800\" \/>\n\t<meta property=\"og:image:type\" content=\"image\/webp\" \/>\n<meta name=\"twitter:card\" content=\"summary_large_image\" \/>\n<meta name=\"twitter:label1\" content=\"Ber\u00e4knad l\u00e4stid\" \/>\n\t<meta name=\"twitter:data1\" content=\"1 minut\" \/>\n<!-- \/ Yoast SEO plugin. -->","yoast_head_json":{"title":"TRUUSK Miniugn 20 Liter - Oljefri Stekning - Grillning - Bakning - Varmluft - 90-230 C - Timer - 1400W - Svart - TRUUSK - Hem, Tr\u00e4dg\u00e5rd &amp; Fritid","robots":{"index":"index","follow":"follow","max-snippet":"max-snippet:-1","max-image-preview":"max-image-preview:large","max-video-preview":"max-video-preview:-1"},"canonical":"https:\/\/truusk.store\/sv\/produkt\/truusk-miniugn-20-liter-oljefri-stekning-grillning-bakning-varmluft-90-230-c-timer-1400w-svart\/","og_locale":"sv_SE","og_type":"article","og_title":"TRUUSK Miniugn 20 Liter - Oljefri Stekning - Grillning - Bakning - Varmluft - 90-230 C - Timer - 1400W - Svart - TRUUSK - Hem, Tr\u00e4dg\u00e5rd &amp; Fritid","og_description":"Vill du laga uts\u00f6kt mat till din familj hemma? Varf\u00f6r inte v\u00e4lja den multifunktionella ugnen? Den har 5 funktioner i...","og_url":"https:\/\/truusk.store\/sv\/produkt\/truusk-miniugn-20-liter-oljefri-stekning-grillning-bakning-varmluft-90-230-c-timer-1400w-svart\/","og_site_name":"TRUUSK - Hem, Tr\u00e4dg\u00e5rd &amp; Fritid","article_modified_time":"2026-03-12T08:32:22+00:00","og_image":[{"width":800,"height":800,"url":"https:\/\/i0.wp.com\/truusk.se\/wp-content\/uploads\/2024\/02\/miniugn-20-liter-oljefri-stekning-grillning-bakning-varmluft-90-230-c-timer-1400w-svart.webp?fit=800%2C800&ssl=1","type":"image\/webp"}],"twitter_card":"summary_large_image","twitter_misc":{"Ber\u00e4knad l\u00e4stid":"1 minut"},"schema":{"@context":"https:\/\/schema.org","@graph":[{"@type":"WebPage","@id":"https:\/\/truusk.store\/sv\/produkt\/truusk-miniugn-20-liter-oljefri-stekning-grillning-bakning-varmluft-90-230-c-timer-1400w-svart\/","url":"https:\/\/truusk.store\/sv\/produkt\/truusk-miniugn-20-liter-oljefri-stekning-grillning-bakning-varmluft-90-230-c-timer-1400w-svart\/","name":"TRUUSK Miniugn 20 Liter - Oljefri Stekning - Grillning - Bakning - Varmluft - 90-230 C - Timer - 1400W - Svart - TRUUSK - Hem, Tr\u00e4dg\u00e5rd &amp; Fritid","isPartOf":{"@id":"https:\/\/truusk.store\/sv\/#website"},"primaryImageOfPage":{"@id":"https:\/\/truusk.store\/sv\/produkt\/truusk-miniugn-20-liter-oljefri-stekning-grillning-bakning-varmluft-90-230-c-timer-1400w-svart\/#primaryimage"},"image":{"@id":"https:\/\/truusk.store\/sv\/produkt\/truusk-miniugn-20-liter-oljefri-stekning-grillning-bakning-varmluft-90-230-c-timer-1400w-svart\/#primaryimage"},"thumbnailUrl":"https:\/\/i0.wp.com\/truusk.store\/wp-content\/uploads\/2024\/02\/miniugn-20-liter-oljefri-stekning-grillning-bakning-varmluft-90-230-c-timer-1400w-svart.webp?fit=800%2C800&ssl=1","datePublished":"2024-02-14T05:52:09+00:00","dateModified":"2026-03-12T08:32:22+00:00","breadcrumb":{"@id":"https:\/\/truusk.store\/sv\/produkt\/truusk-miniugn-20-liter-oljefri-stekning-grillning-bakning-varmluft-90-230-c-timer-1400w-svart\/#breadcrumb"},"inLanguage":"sv-SE","potentialAction":[{"@type":"ReadAction","target":["https:\/\/truusk.store\/sv\/produkt\/truusk-miniugn-20-liter-oljefri-stekning-grillning-bakning-varmluft-90-230-c-timer-1400w-svart\/"]}]},{"@type":"ImageObject","inLanguage":"sv-SE","@id":"https:\/\/truusk.store\/sv\/produkt\/truusk-miniugn-20-liter-oljefri-stekning-grillning-bakning-varmluft-90-230-c-timer-1400w-svart\/#primaryimage","url":"https:\/\/i0.wp.com\/truusk.store\/wp-content\/uploads\/2024\/02\/miniugn-20-liter-oljefri-stekning-grillning-bakning-varmluft-90-230-c-timer-1400w-svart.webp?fit=800%2C800&ssl=1","contentUrl":"https:\/\/i0.wp.com\/truusk.store\/wp-content\/uploads\/2024\/02\/miniugn-20-liter-oljefri-stekning-grillning-bakning-varmluft-90-230-c-timer-1400w-svart.webp?fit=800%2C800&ssl=1","width":800,"height":800,"caption":"Miniugn, 20 Liter, Oljefri Stekning, Grillning, Bakning, Varmluft, 90-230 C, Timer, 1400W, Svart 1"},{"@type":"BreadcrumbList","@id":"https:\/\/truusk.store\/sv\/produkt\/truusk-miniugn-20-liter-oljefri-stekning-grillning-bakning-varmluft-90-230-c-timer-1400w-svart\/#breadcrumb","itemListElement":[{"@type":"ListItem","position":1,"name":"Home","item":"https:\/\/truusk.store\/sv\/"},{"@type":"ListItem","position":2,"name":"Shop","item":"https:\/\/truusk.store\/shop\/"},{"@type":"ListItem","position":3,"name":"TRUUSK Miniugn 20 Liter &#8211; Oljefri Stekning &#8211; Grillning &#8211; Bakning &#8211; Varmluft &#8211; 90-230 C &#8211; Timer &#8211; 1400W &#8211; Svart"}]},{"@type":"WebSite","@id":"https:\/\/truusk.store\/sv\/#website","url":"https:\/\/truusk.store\/sv\/","name":"TRUUSK - Hem, Tr\u00e4dg\u00e5rd & Fritid","description":"","publisher":{"@id":"https:\/\/truusk.store\/sv\/#organization"},"potentialAction":[{"@type":"SearchAction","target":{"@type":"EntryPoint","urlTemplate":"https:\/\/truusk.store\/sv\/?s={search_term_string}"},"query-input":{"@type":"PropertyValueSpecification","valueRequired":true,"valueName":"search_term_string"}}],"inLanguage":"sv-SE"},{"@type":"Organization","@id":"https:\/\/truusk.store\/sv\/#organization","name":"TRUUSK - Hem, Tr\u00e4dg\u00e5rd & Fritid","url":"https:\/\/truusk.store\/sv\/","logo":{"@type":"ImageObject","inLanguage":"sv-SE","@id":"https:\/\/truusk.store\/sv\/#\/schema\/logo\/image\/","url":"https:\/\/i0.wp.com\/truusk.store\/wp-content\/uploads\/2026\/03\/cropped-TRUUSK.png?fit=2032%2C917&ssl=1","contentUrl":"https:\/\/i0.wp.com\/truusk.store\/wp-content\/uploads\/2026\/03\/cropped-TRUUSK.png?fit=2032%2C917&ssl=1","width":2032,"height":917,"caption":"TRUUSK - Hem, Tr\u00e4dg\u00e5rd & Fritid"},"image":{"@id":"https:\/\/truusk.store\/sv\/#\/schema\/logo\/image\/"}}]}},"jetpack_sharing_enabled":true,"_links":{"self":[{"href":"https:\/\/truusk.store\/sv\/wp-json\/wp\/v2\/product\/46882","targetHints":{"allow":["GET"]}}],"collection":[{"href":"https:\/\/truusk.store\/sv\/wp-json\/wp\/v2\/product"}],"about":[{"href":"https:\/\/truusk.store\/sv\/wp-json\/wp\/v2\/types\/product"}],"wp:featuredmedia":[{"embeddable":true,"href":"https:\/\/truusk.store\/sv\/wp-json\/wp\/v2\/media\/46883"}],"wp:attachment":[{"href":"https:\/\/truusk.store\/sv\/wp-json\/wp\/v2\/media?parent=46882"}],"wp:term":[{"taxonomy":"product_brand","embeddable":true,"href":"https:\/\/truusk.store\/sv\/wp-json\/wp\/v2\/product_brand?post=46882"},{"taxonomy":"product_cat","embeddable":true,"href":"https:\/\/truusk.store\/sv\/wp-json\/wp\/v2\/product_cat?post=46882"},{"taxonomy":"product_tag","embeddable":true,"href":"https:\/\/truusk.store\/sv\/wp-json\/wp\/v2\/product_tag?post=46882"}],"curies":[{"name":"wp","href":"https:\/\/api.w.org\/{rel}","templated":true}]}}