{"id":46936,"date":"2024-02-14T06:53:59","date_gmt":"2024-02-14T05:53:59","guid":{"rendered":"https:\/\/truusk.store\/product\/avkopplingsfatolj-med-ottomansk-fatolj-med-fotpall-2-delat-set-gra\/"},"modified":"2026-03-12T09:32:22","modified_gmt":"2026-03-12T08:32:22","slug":"truusk-avkopplingsfatolj-och-ottomansk-2-delat-set-gra","status":"publish","type":"product","link":"https:\/\/truusk.store\/sv\/produkt\/truusk-avkopplingsfatolj-och-ottomansk-2-delat-set-gra\/","title":{"rendered":"TRUUSK Avkopplingsf\u00e5t\u00f6lj och Ottomansk &#8211; 2-delat Set &#8211; Gr\u00e5"},"content":{"rendered":"<p>Detta stoppade stolset inneh\u00e5ller en stor f\u00e5t\u00f6lj och en pall s\u00e5 att du kan slappna av i kroppen medan du vilar benen. I en avslappnad och modern form erbjuder vilstolen gott om utrymme att luta sig tillbaka, med en vadderad sits f\u00f6r komfort och en h\u00f6g rygg f\u00f6r st\u00f6d. Den sammetslena stoppningen bidrar till komforten och kompletteras av de smala benen f\u00f6r en lyxig look.<\/p>\n<h3>Beskrivning:<\/h3>\n<ul>\n<li>Ett bekv\u00e4mt set med vilstol och pall: anv\u00e4nd dem tillsammans eller var f\u00f6r sig<\/li>\n<li>Den stoppade stolen har en vadderad sits f\u00f6r komfort, ett h\u00f6gt ryggst\u00f6d och armst\u00f6d f\u00f6r st\u00f6d<\/li>\n<li>St\u00e5lbenen \u00e4r stabila och har praktiska justerbara fotk\u00e5por<\/li>\n<li>Modern och avslappnad design av f\u00e5t\u00f6ljen: ser lika bra ut som den k\u00e4nns<\/li>\n<li>Montering kr\u00e4vs<\/li>\n<\/ul>\n<h3>Teknisk data:<\/h3>\n<ul>\n<li>F\u00e4rg: ljusgr\u00e5<\/li>\n<li>Material: st\u00e5l, flerskiktsskiva, skum, sammet (100 % polyester)<\/li>\n<li>Stolens m\u00e5tt: 73L x 77,5W x 98H cm<\/li>\n<li>Osmanska m\u00e5tt: 48W x 36D x 37H cm<\/li>\n<li>Sitsstorlek: 48W x 51D x 42H cm<\/li>\n<li>Sitstjocklek: 10 cm<\/li>\n<li>Ryggstorlek: 70L x 73B x 8H cm<\/li>\n<li>Armst\u00f6dsstorlek: 46L x 6W x 20H cm<\/li>\n<li>Benh\u00f6jd: 33 cm<\/li>\n<li>Viktkapacitet: 120 kg<\/li>\n<\/ul>\n<h3>Leveransens omfattning:<\/h3>\n<ul>\n<li>1 x Accent stol<\/li>\n<li>1 x fotpall<\/li>\n<li>1 x manuell<\/li>\n<\/ul>\n","protected":false},"excerpt":{"rendered":"<p>Detta stoppade stolset inneh\u00e5ller en stor f\u00e5t\u00f6lj och en pall s\u00e5 att du kan slappna av i kroppen medan du&#8230;<\/p>\n","protected":false},"featured_media":46937,"template":"","meta":[],"product_brand":[],"product_cat":[521,485,524],"product_tag":[],"class_list":{"0":"post-46936","1":"product","2":"type-product","3":"status-publish","4":"has-post-thumbnail","6":"product_cat-fatolj","7":"product_cat-hus-bo","8":"product_cat-relaxstol-med-pall","10":"first","11":"instock","12":"sale","13":"taxable","14":"shipping-taxable","15":"purchasable","16":"product-type-simple"},"yoast_head":"<!-- This site is optimized with the Yoast SEO plugin v25.4 - https:\/\/yoast.com\/wordpress\/plugins\/seo\/ -->\n<title>TRUUSK Avkopplingsf\u00e5t\u00f6lj och Ottomansk - 2-delat Set - Gr\u00e5 - TRUUSK - Hem, Tr\u00e4dg\u00e5rd &amp; Fritid<\/title>\n<meta name=\"robots\" content=\"index, follow, max-snippet:-1, max-image-preview:large, max-video-preview:-1\" \/>\n<link rel=\"canonical\" href=\"https:\/\/truusk.store\/sv\/produkt\/truusk-avkopplingsfatolj-och-ottomansk-2-delat-set-gra\/\" \/>\n<meta property=\"og:locale\" content=\"sv_SE\" \/>\n<meta property=\"og:type\" content=\"article\" \/>\n<meta property=\"og:title\" content=\"TRUUSK Avkopplingsf\u00e5t\u00f6lj och Ottomansk - 2-delat Set - Gr\u00e5 - TRUUSK - Hem, Tr\u00e4dg\u00e5rd &amp; Fritid\" \/>\n<meta property=\"og:description\" content=\"Detta stoppade stolset inneh\u00e5ller en stor f\u00e5t\u00f6lj och en pall s\u00e5 att du kan slappna av i kroppen medan du...\" \/>\n<meta property=\"og:url\" content=\"https:\/\/truusk.store\/sv\/produkt\/truusk-avkopplingsfatolj-och-ottomansk-2-delat-set-gra\/\" \/>\n<meta property=\"og:site_name\" content=\"TRUUSK - Hem, Tr\u00e4dg\u00e5rd &amp; Fritid\" \/>\n<meta property=\"article:modified_time\" content=\"2026-03-12T08:32:22+00:00\" \/>\n<meta property=\"og:image\" content=\"https:\/\/i0.wp.com\/truusk.se\/wp-content\/uploads\/2024\/02\/avkopplingsfatolj-med-ottomansk-fatolj-med-fotpall-2-delat-set-gra.webp?fit=800%2C800&ssl=1\" \/>\n\t<meta property=\"og:image:width\" content=\"800\" \/>\n\t<meta property=\"og:image:height\" content=\"800\" \/>\n\t<meta property=\"og:image:type\" content=\"image\/webp\" \/>\n<meta name=\"twitter:card\" content=\"summary_large_image\" \/>\n<meta name=\"twitter:label1\" content=\"Ber\u00e4knad l\u00e4stid\" \/>\n\t<meta name=\"twitter:data1\" content=\"1 minut\" \/>\n<!-- \/ Yoast SEO plugin. -->","yoast_head_json":{"title":"TRUUSK Avkopplingsf\u00e5t\u00f6lj och Ottomansk - 2-delat Set - Gr\u00e5 - TRUUSK - Hem, Tr\u00e4dg\u00e5rd &amp; Fritid","robots":{"index":"index","follow":"follow","max-snippet":"max-snippet:-1","max-image-preview":"max-image-preview:large","max-video-preview":"max-video-preview:-1"},"canonical":"https:\/\/truusk.store\/sv\/produkt\/truusk-avkopplingsfatolj-och-ottomansk-2-delat-set-gra\/","og_locale":"sv_SE","og_type":"article","og_title":"TRUUSK Avkopplingsf\u00e5t\u00f6lj och Ottomansk - 2-delat Set - Gr\u00e5 - TRUUSK - Hem, Tr\u00e4dg\u00e5rd &amp; Fritid","og_description":"Detta stoppade stolset inneh\u00e5ller en stor f\u00e5t\u00f6lj och en pall s\u00e5 att du kan slappna av i kroppen medan du...","og_url":"https:\/\/truusk.store\/sv\/produkt\/truusk-avkopplingsfatolj-och-ottomansk-2-delat-set-gra\/","og_site_name":"TRUUSK - Hem, Tr\u00e4dg\u00e5rd &amp; Fritid","article_modified_time":"2026-03-12T08:32:22+00:00","og_image":[{"width":800,"height":800,"url":"https:\/\/i0.wp.com\/truusk.se\/wp-content\/uploads\/2024\/02\/avkopplingsfatolj-med-ottomansk-fatolj-med-fotpall-2-delat-set-gra.webp?fit=800%2C800&ssl=1","type":"image\/webp"}],"twitter_card":"summary_large_image","twitter_misc":{"Ber\u00e4knad l\u00e4stid":"1 minut"},"schema":{"@context":"https:\/\/schema.org","@graph":[{"@type":"WebPage","@id":"https:\/\/truusk.store\/sv\/produkt\/truusk-avkopplingsfatolj-och-ottomansk-2-delat-set-gra\/","url":"https:\/\/truusk.store\/sv\/produkt\/truusk-avkopplingsfatolj-och-ottomansk-2-delat-set-gra\/","name":"TRUUSK Avkopplingsf\u00e5t\u00f6lj och Ottomansk - 2-delat Set - Gr\u00e5 - TRUUSK - Hem, Tr\u00e4dg\u00e5rd &amp; Fritid","isPartOf":{"@id":"https:\/\/truusk.store\/sv\/#website"},"primaryImageOfPage":{"@id":"https:\/\/truusk.store\/sv\/produkt\/truusk-avkopplingsfatolj-och-ottomansk-2-delat-set-gra\/#primaryimage"},"image":{"@id":"https:\/\/truusk.store\/sv\/produkt\/truusk-avkopplingsfatolj-och-ottomansk-2-delat-set-gra\/#primaryimage"},"thumbnailUrl":"https:\/\/i0.wp.com\/truusk.store\/wp-content\/uploads\/2024\/02\/avkopplingsfatolj-med-ottomansk-fatolj-med-fotpall-2-delat-set-gra.webp?fit=800%2C800&ssl=1","datePublished":"2024-02-14T05:53:59+00:00","dateModified":"2026-03-12T08:32:22+00:00","breadcrumb":{"@id":"https:\/\/truusk.store\/sv\/produkt\/truusk-avkopplingsfatolj-och-ottomansk-2-delat-set-gra\/#breadcrumb"},"inLanguage":"sv-SE","potentialAction":[{"@type":"ReadAction","target":["https:\/\/truusk.store\/sv\/produkt\/truusk-avkopplingsfatolj-och-ottomansk-2-delat-set-gra\/"]}]},{"@type":"ImageObject","inLanguage":"sv-SE","@id":"https:\/\/truusk.store\/sv\/produkt\/truusk-avkopplingsfatolj-och-ottomansk-2-delat-set-gra\/#primaryimage","url":"https:\/\/i0.wp.com\/truusk.store\/wp-content\/uploads\/2024\/02\/avkopplingsfatolj-med-ottomansk-fatolj-med-fotpall-2-delat-set-gra.webp?fit=800%2C800&ssl=1","contentUrl":"https:\/\/i0.wp.com\/truusk.store\/wp-content\/uploads\/2024\/02\/avkopplingsfatolj-med-ottomansk-fatolj-med-fotpall-2-delat-set-gra.webp?fit=800%2C800&ssl=1","width":800,"height":800,"caption":"Avkopplingsf\u00e5t\u00f6lj Med Ottomansk F\u00e5t\u00f6lj Med Fotpall, 2-delat Set, Gr\u00e5 1"},{"@type":"BreadcrumbList","@id":"https:\/\/truusk.store\/sv\/produkt\/truusk-avkopplingsfatolj-och-ottomansk-2-delat-set-gra\/#breadcrumb","itemListElement":[{"@type":"ListItem","position":1,"name":"Home","item":"https:\/\/truusk.store\/sv\/"},{"@type":"ListItem","position":2,"name":"Shop","item":"https:\/\/truusk.store\/shop\/"},{"@type":"ListItem","position":3,"name":"TRUUSK Avkopplingsf\u00e5t\u00f6lj och Ottomansk &#8211; 2-delat Set &#8211; Gr\u00e5"}]},{"@type":"WebSite","@id":"https:\/\/truusk.store\/sv\/#website","url":"https:\/\/truusk.store\/sv\/","name":"TRUUSK - Hem, Tr\u00e4dg\u00e5rd & Fritid","description":"","publisher":{"@id":"https:\/\/truusk.store\/sv\/#organization"},"potentialAction":[{"@type":"SearchAction","target":{"@type":"EntryPoint","urlTemplate":"https:\/\/truusk.store\/sv\/?s={search_term_string}"},"query-input":{"@type":"PropertyValueSpecification","valueRequired":true,"valueName":"search_term_string"}}],"inLanguage":"sv-SE"},{"@type":"Organization","@id":"https:\/\/truusk.store\/sv\/#organization","name":"TRUUSK - Hem, Tr\u00e4dg\u00e5rd & Fritid","url":"https:\/\/truusk.store\/sv\/","logo":{"@type":"ImageObject","inLanguage":"sv-SE","@id":"https:\/\/truusk.store\/sv\/#\/schema\/logo\/image\/","url":"https:\/\/i0.wp.com\/truusk.store\/wp-content\/uploads\/2026\/03\/cropped-TRUUSK.png?fit=2032%2C917&ssl=1","contentUrl":"https:\/\/i0.wp.com\/truusk.store\/wp-content\/uploads\/2026\/03\/cropped-TRUUSK.png?fit=2032%2C917&ssl=1","width":2032,"height":917,"caption":"TRUUSK - Hem, Tr\u00e4dg\u00e5rd & Fritid"},"image":{"@id":"https:\/\/truusk.store\/sv\/#\/schema\/logo\/image\/"}}]}},"jetpack_sharing_enabled":true,"_links":{"self":[{"href":"https:\/\/truusk.store\/sv\/wp-json\/wp\/v2\/product\/46936","targetHints":{"allow":["GET"]}}],"collection":[{"href":"https:\/\/truusk.store\/sv\/wp-json\/wp\/v2\/product"}],"about":[{"href":"https:\/\/truusk.store\/sv\/wp-json\/wp\/v2\/types\/product"}],"wp:featuredmedia":[{"embeddable":true,"href":"https:\/\/truusk.store\/sv\/wp-json\/wp\/v2\/media\/46937"}],"wp:attachment":[{"href":"https:\/\/truusk.store\/sv\/wp-json\/wp\/v2\/media?parent=46936"}],"wp:term":[{"taxonomy":"product_brand","embeddable":true,"href":"https:\/\/truusk.store\/sv\/wp-json\/wp\/v2\/product_brand?post=46936"},{"taxonomy":"product_cat","embeddable":true,"href":"https:\/\/truusk.store\/sv\/wp-json\/wp\/v2\/product_cat?post=46936"},{"taxonomy":"product_tag","embeddable":true,"href":"https:\/\/truusk.store\/sv\/wp-json\/wp\/v2\/product_tag?post=46936"}],"curies":[{"name":"wp","href":"https:\/\/api.w.org\/{rel}","templated":true}]}}