{"id":46943,"date":"2024-02-14T06:54:18","date_gmt":"2024-02-14T05:54:18","guid":{"rendered":"https:\/\/truusk.store\/product\/katthus-matplats-med-2-skalar-i-rostfritt-stal-repmatta-mjuk-liggdyna-78-x-48-x-495-cm-gra\/"},"modified":"2026-03-12T09:32:23","modified_gmt":"2026-03-12T08:32:23","slug":"truusk-kattkoja-med-matplats-rostfri-skal-repmatta-mjuk-dyna-78x48x495-cm-gra","status":"publish","type":"product","link":"https:\/\/truusk.store\/sv\/produkt\/truusk-kattkoja-med-matplats-rostfri-skal-repmatta-mjuk-dyna-78x48x495-cm-gra\/","title":{"rendered":"TRUUSK Kattkoja med Matplats &#8211; Rostfri Sk\u00e5l &#8211; Repmatta &#8211; Mjuk Dyna &#8211; 78x48x49,5 cm &#8211; Gr\u00e5"},"content":{"rendered":"<p>Upplev ren lyx f\u00f6r din huskatt med v\u00e5rt innovativa katthus. Denna chica tillflyktsort kombinerar komfort och funktionalitet med oemotst\u00e5ndlig charm. Med tv\u00e5 niv\u00e5er, en mysig interi\u00f6r och en integrerad repmatta ger den ditt husdjur o\u00e4ndliga m\u00f6jligheter att leka och koppla av. \u00d6ka ditt husdjurs v\u00e4lbefinnande med denna eleganta kattgrotta som kommer att avundas alla djur\u00e4gare.<\/p>\n<h3>Beskrivning:<\/h3>\n<ul>\n<li>Katthus med upph\u00f6jd utfodringsyta inneh\u00e5ller 2 sk\u00e5lar i rostfritt st\u00e5l<\/li>\n<li>Kattgrotta med tv\u00e5 v\u00e5ningar f\u00f6r vila och s\u00f6mn<\/li>\n<li>Har en sisal-skrapdyna f\u00f6r att repa och slipa klorna<\/li>\n<li>Med mjuk kudde f\u00f6r komfort<\/li>\n<li>Den halkfria basen p\u00e5 katthuset s\u00e4kerst\u00e4ller stabilitet och f\u00f6rhindrar halkning<\/li>\n<li>L\u00e4mplig f\u00f6r en katt eller liten hund upp till 8 kg vikt, 35 cm kroppsl\u00e4ngd<\/li>\n<li>Enkel konstruktion<\/li>\n<\/ul>\n<h3>Teknisk data:<\/h3>\n<ul>\n<li>F\u00e4rg: Gr\u00e5+Gr\u00e4ddvit<\/li>\n<li>Material: sp\u00e5nskiva, polyester, PP-skum<\/li>\n<li>\u00d6vergripande m\u00e5tt: 78L x 48W x 49,5H cm<\/li>\n<li>Innerm\u00e5tt p\u00e5 nedre v\u00e5ningen: 53,5L x 39W x 43H cm<\/li>\n<li>M\u00e5tt \u00f6verv\u00e5ning: 60L x 48W x 9H cm. Innerm\u00e5tt: 50L x 38W x 4H cm<\/li>\n<li>Travm\u00e5tt: 19 cm<\/li>\n<li>Kuddens m\u00e5tt: 54L x 39W x 2D cm<\/li>\n<li>M\u00e5tt p\u00e5 skraplappen: 16W x 28H cm<\/li>\n<li>Matningsstations m\u00e5tt: 41,5L x 21,5W x 13H cm<\/li>\n<li>Sk\u00e5lens m\u00e5tt: 14 x 4H cm<\/li>\n<li>Sk\u00e5lens kapacitet: 500 ml<\/li>\n<\/ul>\n<h3>Leveransens omfattning:<\/h3>\n<ul>\n<li>1 x Katthus<\/li>\n<li>1 x Instruktioner<\/li>\n<\/ul>\n","protected":false},"excerpt":{"rendered":"<p>Upplev ren lyx f\u00f6r din huskatt med v\u00e5rt innovativa katthus. Denna chica tillflyktsort kombinerar komfort och funktionalitet med oemotst\u00e5ndlig charm&#8230;.<\/p>\n","protected":false},"featured_media":46944,"template":"","meta":[],"product_brand":[],"product_cat":[573,591,588],"product_tag":[],"class_list":{"0":"post-46943","1":"product","2":"type-product","3":"status-publish","4":"has-post-thumbnail","6":"product_cat-husdjursmaterial","7":"product_cat-katthus","8":"product_cat-katttillbehor","10":"first","11":"instock","12":"sale","13":"taxable","14":"shipping-taxable","15":"purchasable","16":"product-type-simple"},"yoast_head":"<!-- This site is optimized with the Yoast SEO plugin v25.4 - https:\/\/yoast.com\/wordpress\/plugins\/seo\/ -->\n<title>TRUUSK Kattkoja med Matplats - Rostfri Sk\u00e5l - Repmatta - Mjuk Dyna - 78x48x49,5 cm - Gr\u00e5 - TRUUSK - Hem, Tr\u00e4dg\u00e5rd &amp; Fritid<\/title>\n<meta name=\"robots\" content=\"index, follow, max-snippet:-1, max-image-preview:large, max-video-preview:-1\" \/>\n<link rel=\"canonical\" href=\"https:\/\/truusk.store\/sv\/produkt\/truusk-kattkoja-med-matplats-rostfri-skal-repmatta-mjuk-dyna-78x48x495-cm-gra\/\" \/>\n<meta property=\"og:locale\" content=\"sv_SE\" \/>\n<meta property=\"og:type\" content=\"article\" \/>\n<meta property=\"og:title\" content=\"TRUUSK Kattkoja med Matplats - Rostfri Sk\u00e5l - Repmatta - Mjuk Dyna - 78x48x49,5 cm - Gr\u00e5 - TRUUSK - Hem, Tr\u00e4dg\u00e5rd &amp; Fritid\" \/>\n<meta property=\"og:description\" content=\"Upplev ren lyx f\u00f6r din huskatt med v\u00e5rt innovativa katthus. Denna chica tillflyktsort kombinerar komfort och funktionalitet med oemotst\u00e5ndlig charm....\" \/>\n<meta property=\"og:url\" content=\"https:\/\/truusk.store\/sv\/produkt\/truusk-kattkoja-med-matplats-rostfri-skal-repmatta-mjuk-dyna-78x48x495-cm-gra\/\" \/>\n<meta property=\"og:site_name\" content=\"TRUUSK - Hem, Tr\u00e4dg\u00e5rd &amp; Fritid\" \/>\n<meta property=\"article:modified_time\" content=\"2026-03-12T08:32:23+00:00\" \/>\n<meta property=\"og:image\" content=\"https:\/\/i0.wp.com\/truusk.se\/wp-content\/uploads\/2024\/02\/katthus-matplats-med-2-skalar-i-rostfritt-stal-repmatta-mjuk-liggdyna-78-x-48-x-495-cm-gra.webp?fit=800%2C800&ssl=1\" \/>\n\t<meta property=\"og:image:width\" content=\"800\" \/>\n\t<meta property=\"og:image:height\" content=\"800\" \/>\n\t<meta property=\"og:image:type\" content=\"image\/webp\" \/>\n<meta name=\"twitter:card\" content=\"summary_large_image\" \/>\n<meta name=\"twitter:label1\" content=\"Ber\u00e4knad l\u00e4stid\" \/>\n\t<meta name=\"twitter:data1\" content=\"1 minut\" \/>\n<!-- \/ Yoast SEO plugin. -->","yoast_head_json":{"title":"TRUUSK Kattkoja med Matplats - Rostfri Sk\u00e5l - Repmatta - Mjuk Dyna - 78x48x49,5 cm - Gr\u00e5 - TRUUSK - Hem, Tr\u00e4dg\u00e5rd &amp; Fritid","robots":{"index":"index","follow":"follow","max-snippet":"max-snippet:-1","max-image-preview":"max-image-preview:large","max-video-preview":"max-video-preview:-1"},"canonical":"https:\/\/truusk.store\/sv\/produkt\/truusk-kattkoja-med-matplats-rostfri-skal-repmatta-mjuk-dyna-78x48x495-cm-gra\/","og_locale":"sv_SE","og_type":"article","og_title":"TRUUSK Kattkoja med Matplats - Rostfri Sk\u00e5l - Repmatta - Mjuk Dyna - 78x48x49,5 cm - Gr\u00e5 - TRUUSK - Hem, Tr\u00e4dg\u00e5rd &amp; Fritid","og_description":"Upplev ren lyx f\u00f6r din huskatt med v\u00e5rt innovativa katthus. Denna chica tillflyktsort kombinerar komfort och funktionalitet med oemotst\u00e5ndlig charm....","og_url":"https:\/\/truusk.store\/sv\/produkt\/truusk-kattkoja-med-matplats-rostfri-skal-repmatta-mjuk-dyna-78x48x495-cm-gra\/","og_site_name":"TRUUSK - Hem, Tr\u00e4dg\u00e5rd &amp; Fritid","article_modified_time":"2026-03-12T08:32:23+00:00","og_image":[{"width":800,"height":800,"url":"https:\/\/i0.wp.com\/truusk.se\/wp-content\/uploads\/2024\/02\/katthus-matplats-med-2-skalar-i-rostfritt-stal-repmatta-mjuk-liggdyna-78-x-48-x-495-cm-gra.webp?fit=800%2C800&ssl=1","type":"image\/webp"}],"twitter_card":"summary_large_image","twitter_misc":{"Ber\u00e4knad l\u00e4stid":"1 minut"},"schema":{"@context":"https:\/\/schema.org","@graph":[{"@type":"WebPage","@id":"https:\/\/truusk.store\/sv\/produkt\/truusk-kattkoja-med-matplats-rostfri-skal-repmatta-mjuk-dyna-78x48x495-cm-gra\/","url":"https:\/\/truusk.store\/sv\/produkt\/truusk-kattkoja-med-matplats-rostfri-skal-repmatta-mjuk-dyna-78x48x495-cm-gra\/","name":"TRUUSK Kattkoja med Matplats - Rostfri Sk\u00e5l - Repmatta - Mjuk Dyna - 78x48x49,5 cm - Gr\u00e5 - TRUUSK - Hem, Tr\u00e4dg\u00e5rd &amp; Fritid","isPartOf":{"@id":"https:\/\/truusk.store\/sv\/#website"},"primaryImageOfPage":{"@id":"https:\/\/truusk.store\/sv\/produkt\/truusk-kattkoja-med-matplats-rostfri-skal-repmatta-mjuk-dyna-78x48x495-cm-gra\/#primaryimage"},"image":{"@id":"https:\/\/truusk.store\/sv\/produkt\/truusk-kattkoja-med-matplats-rostfri-skal-repmatta-mjuk-dyna-78x48x495-cm-gra\/#primaryimage"},"thumbnailUrl":"https:\/\/i0.wp.com\/truusk.store\/wp-content\/uploads\/2024\/02\/katthus-matplats-med-2-skalar-i-rostfritt-stal-repmatta-mjuk-liggdyna-78-x-48-x-495-cm-gra.webp?fit=800%2C800&ssl=1","datePublished":"2024-02-14T05:54:18+00:00","dateModified":"2026-03-12T08:32:23+00:00","breadcrumb":{"@id":"https:\/\/truusk.store\/sv\/produkt\/truusk-kattkoja-med-matplats-rostfri-skal-repmatta-mjuk-dyna-78x48x495-cm-gra\/#breadcrumb"},"inLanguage":"sv-SE","potentialAction":[{"@type":"ReadAction","target":["https:\/\/truusk.store\/sv\/produkt\/truusk-kattkoja-med-matplats-rostfri-skal-repmatta-mjuk-dyna-78x48x495-cm-gra\/"]}]},{"@type":"ImageObject","inLanguage":"sv-SE","@id":"https:\/\/truusk.store\/sv\/produkt\/truusk-kattkoja-med-matplats-rostfri-skal-repmatta-mjuk-dyna-78x48x495-cm-gra\/#primaryimage","url":"https:\/\/i0.wp.com\/truusk.store\/wp-content\/uploads\/2024\/02\/katthus-matplats-med-2-skalar-i-rostfritt-stal-repmatta-mjuk-liggdyna-78-x-48-x-495-cm-gra.webp?fit=800%2C800&ssl=1","contentUrl":"https:\/\/i0.wp.com\/truusk.store\/wp-content\/uploads\/2024\/02\/katthus-matplats-med-2-skalar-i-rostfritt-stal-repmatta-mjuk-liggdyna-78-x-48-x-495-cm-gra.webp?fit=800%2C800&ssl=1","width":800,"height":800,"caption":"Katthus, Matplats Med 2 Sk\u00e5lar I Rostfritt St\u00e5l, Repmatta, Mjuk Liggdyna, 78 X 48 X 49,5 Cm, Gr\u00e5 1"},{"@type":"BreadcrumbList","@id":"https:\/\/truusk.store\/sv\/produkt\/truusk-kattkoja-med-matplats-rostfri-skal-repmatta-mjuk-dyna-78x48x495-cm-gra\/#breadcrumb","itemListElement":[{"@type":"ListItem","position":1,"name":"Home","item":"https:\/\/truusk.store\/sv\/"},{"@type":"ListItem","position":2,"name":"Shop","item":"https:\/\/truusk.store\/shop\/"},{"@type":"ListItem","position":3,"name":"TRUUSK Kattkoja med Matplats &#8211; Rostfri Sk\u00e5l &#8211; Repmatta &#8211; Mjuk Dyna &#8211; 78x48x49,5 cm &#8211; Gr\u00e5"}]},{"@type":"WebSite","@id":"https:\/\/truusk.store\/sv\/#website","url":"https:\/\/truusk.store\/sv\/","name":"TRUUSK - Hem, Tr\u00e4dg\u00e5rd & Fritid","description":"","publisher":{"@id":"https:\/\/truusk.store\/sv\/#organization"},"potentialAction":[{"@type":"SearchAction","target":{"@type":"EntryPoint","urlTemplate":"https:\/\/truusk.store\/sv\/?s={search_term_string}"},"query-input":{"@type":"PropertyValueSpecification","valueRequired":true,"valueName":"search_term_string"}}],"inLanguage":"sv-SE"},{"@type":"Organization","@id":"https:\/\/truusk.store\/sv\/#organization","name":"TRUUSK - Hem, Tr\u00e4dg\u00e5rd & Fritid","url":"https:\/\/truusk.store\/sv\/","logo":{"@type":"ImageObject","inLanguage":"sv-SE","@id":"https:\/\/truusk.store\/sv\/#\/schema\/logo\/image\/","url":"https:\/\/i0.wp.com\/truusk.store\/wp-content\/uploads\/2026\/03\/cropped-TRUUSK.png?fit=2032%2C917&ssl=1","contentUrl":"https:\/\/i0.wp.com\/truusk.store\/wp-content\/uploads\/2026\/03\/cropped-TRUUSK.png?fit=2032%2C917&ssl=1","width":2032,"height":917,"caption":"TRUUSK - Hem, Tr\u00e4dg\u00e5rd & Fritid"},"image":{"@id":"https:\/\/truusk.store\/sv\/#\/schema\/logo\/image\/"}}]}},"jetpack_sharing_enabled":true,"_links":{"self":[{"href":"https:\/\/truusk.store\/sv\/wp-json\/wp\/v2\/product\/46943","targetHints":{"allow":["GET"]}}],"collection":[{"href":"https:\/\/truusk.store\/sv\/wp-json\/wp\/v2\/product"}],"about":[{"href":"https:\/\/truusk.store\/sv\/wp-json\/wp\/v2\/types\/product"}],"wp:featuredmedia":[{"embeddable":true,"href":"https:\/\/truusk.store\/sv\/wp-json\/wp\/v2\/media\/46944"}],"wp:attachment":[{"href":"https:\/\/truusk.store\/sv\/wp-json\/wp\/v2\/media?parent=46943"}],"wp:term":[{"taxonomy":"product_brand","embeddable":true,"href":"https:\/\/truusk.store\/sv\/wp-json\/wp\/v2\/product_brand?post=46943"},{"taxonomy":"product_cat","embeddable":true,"href":"https:\/\/truusk.store\/sv\/wp-json\/wp\/v2\/product_cat?post=46943"},{"taxonomy":"product_tag","embeddable":true,"href":"https:\/\/truusk.store\/sv\/wp-json\/wp\/v2\/product_tag?post=46943"}],"curies":[{"name":"wp","href":"https:\/\/api.w.org\/{rel}","templated":true}]}}