{"id":46976,"date":"2024-02-14T06:55:35","date_gmt":"2024-02-14T05:55:35","guid":{"rendered":"https:\/\/truusk.store\/product\/2-sits-soffa-i-retrolook-mjuk-stoppning-lattskott-overdrag-upp-till-150-kg-117-x-565-x-77-cm-bla\/"},"modified":"2026-03-12T09:32:23","modified_gmt":"2026-03-12T08:32:23","slug":"truusk-2-sits-soffa-i-retrolook-mjuk-stoppning-lattskott-overdrag-upp-till-150-kg-bla","status":"publish","type":"product","link":"https:\/\/truusk.store\/sv\/produkt\/truusk-2-sits-soffa-i-retrolook-mjuk-stoppning-lattskott-overdrag-upp-till-150-kg-bla\/","title":{"rendered":"TRUUSK 2-sits Soffa i Retrolook &#8211; Mjuk Stoppning &#8211; L\u00e4ttsk\u00f6tt \u00f6verdrag &#8211; Upp Till 150 Kg &#8211; Bl\u00e5"},"content":{"rendered":"<p>F\u00f6rdjupa dig i bekv\u00e4mligheten av denna eleganta soffa med retro-utseende, den ultimata tillflykten f\u00f6r filmkv\u00e4llar eller avkopplande drinkar med v\u00e4nner. Denna karakt\u00e4rsfulla, kompakta soffa f\u00f6rvandlar vilket rum som helst till en elegant lounge. Den rymliga och bekv\u00e4ma sitsen inbjuder dig att dr\u00f6ja kvar, medan den robusta tr\u00e4ramen s\u00e4kerst\u00e4ller stabilitet och l\u00e5ng livsl\u00e4ngd. Det l\u00e4ttsk\u00f6tta tyg\u00f6verdraget och den mjuka stoppningen g\u00f6r att du kan sjunka in bekv\u00e4mt och avsluta din vardag p\u00e5 ett mjukt s\u00e4tt.<\/p>\n<h3>Beskrivning:<\/h3>\n<ul>\n<li>117 cm soffa f\u00f6r bekv\u00e4m sittplats f\u00f6r 2 personer<\/li>\n<li>Massiv tr\u00e4ram och f\u00f6rst\u00e4rkta ben f\u00f6r maximal stabilitet<\/li>\n<li>Tjockt och bekv\u00e4mt vadderat<\/li>\n<li>L\u00e4ttsk\u00f6tt och slitstark tygkl\u00e4dsel<\/li>\n<li>Enkel design, l\u00e4mplig f\u00f6r olika milj\u00f6er<\/li>\n<li>Vadderat ryggst\u00f6d f\u00f6r extra st\u00f6d<\/li>\n<li>Montering kr\u00e4vs<\/li>\n<\/ul>\n<h3>Teknisk data:<\/h3>\n<ul>\n<li>F\u00e4rg bl\u00e5<\/li>\n<li>Material: tr\u00e4, polyester, skum<\/li>\n<li>Totalstorlek: 117W x 56,5D x 77H cm<\/li>\n<li>Sitsstorlek: 117W x 42D x 46,7H cm<\/li>\n<li>Lastkapacitet: 150 kg<\/li>\n<\/ul>\n<h3>Leveransens omfattning:<\/h3>\n<ul>\n<li>1 x soffa<\/li>\n<li>1 x Instruktioner<\/li>\n<\/ul>\n","protected":false},"excerpt":{"rendered":"<p>F\u00f6rdjupa dig i bekv\u00e4mligheten av denna eleganta soffa med retro-utseende, den ultimata tillflykten f\u00f6r filmkv\u00e4llar eller avkopplande drinkar med v\u00e4nner&#8230;.<\/p>\n","protected":false},"featured_media":46977,"template":"","meta":[],"product_brand":[],"product_cat":[556,485,554],"product_tag":[],"class_list":{"0":"post-46976","1":"product","2":"type-product","3":"status-publish","4":"has-post-thumbnail","6":"product_cat-enkelsoffor","7":"product_cat-hus-bo","8":"product_cat-soffor-soffor","10":"first","11":"instock","12":"sale","13":"taxable","14":"shipping-taxable","15":"purchasable","16":"product-type-simple"},"yoast_head":"<!-- This site is optimized with the Yoast SEO plugin v25.4 - https:\/\/yoast.com\/wordpress\/plugins\/seo\/ -->\n<title>TRUUSK 2-sits Soffa i Retrolook - Mjuk Stoppning - L\u00e4ttsk\u00f6tt \u00f6verdrag - Upp Till 150 Kg - Bl\u00e5 - TRUUSK - Hem, Tr\u00e4dg\u00e5rd &amp; Fritid<\/title>\n<meta name=\"robots\" content=\"index, follow, max-snippet:-1, max-image-preview:large, max-video-preview:-1\" \/>\n<link rel=\"canonical\" href=\"https:\/\/truusk.store\/sv\/produkt\/truusk-2-sits-soffa-i-retrolook-mjuk-stoppning-lattskott-overdrag-upp-till-150-kg-bla\/\" \/>\n<meta property=\"og:locale\" content=\"sv_SE\" \/>\n<meta property=\"og:type\" content=\"article\" \/>\n<meta property=\"og:title\" content=\"TRUUSK 2-sits Soffa i Retrolook - Mjuk Stoppning - L\u00e4ttsk\u00f6tt \u00f6verdrag - Upp Till 150 Kg - Bl\u00e5 - TRUUSK - Hem, Tr\u00e4dg\u00e5rd &amp; Fritid\" \/>\n<meta property=\"og:description\" content=\"F\u00f6rdjupa dig i bekv\u00e4mligheten av denna eleganta soffa med retro-utseende, den ultimata tillflykten f\u00f6r filmkv\u00e4llar eller avkopplande drinkar med v\u00e4nner....\" \/>\n<meta property=\"og:url\" content=\"https:\/\/truusk.store\/sv\/produkt\/truusk-2-sits-soffa-i-retrolook-mjuk-stoppning-lattskott-overdrag-upp-till-150-kg-bla\/\" \/>\n<meta property=\"og:site_name\" content=\"TRUUSK - Hem, Tr\u00e4dg\u00e5rd &amp; Fritid\" \/>\n<meta property=\"article:modified_time\" content=\"2026-03-12T08:32:23+00:00\" \/>\n<meta property=\"og:image\" content=\"https:\/\/i0.wp.com\/truusk.se\/wp-content\/uploads\/2024\/02\/2-sits-soffa-i-retrolook-mjuk-stoppning-lattskott-overdrag-upp-till-150-kg-117-x-565-x-77-cm-bla.webp?fit=800%2C800&ssl=1\" \/>\n\t<meta property=\"og:image:width\" content=\"800\" \/>\n\t<meta property=\"og:image:height\" content=\"800\" \/>\n\t<meta property=\"og:image:type\" content=\"image\/webp\" \/>\n<meta name=\"twitter:card\" content=\"summary_large_image\" \/>\n<meta name=\"twitter:label1\" content=\"Ber\u00e4knad l\u00e4stid\" \/>\n\t<meta name=\"twitter:data1\" content=\"1 minut\" \/>\n<!-- \/ Yoast SEO plugin. -->","yoast_head_json":{"title":"TRUUSK 2-sits Soffa i Retrolook - Mjuk Stoppning - L\u00e4ttsk\u00f6tt \u00f6verdrag - Upp Till 150 Kg - Bl\u00e5 - TRUUSK - Hem, Tr\u00e4dg\u00e5rd &amp; Fritid","robots":{"index":"index","follow":"follow","max-snippet":"max-snippet:-1","max-image-preview":"max-image-preview:large","max-video-preview":"max-video-preview:-1"},"canonical":"https:\/\/truusk.store\/sv\/produkt\/truusk-2-sits-soffa-i-retrolook-mjuk-stoppning-lattskott-overdrag-upp-till-150-kg-bla\/","og_locale":"sv_SE","og_type":"article","og_title":"TRUUSK 2-sits Soffa i Retrolook - Mjuk Stoppning - L\u00e4ttsk\u00f6tt \u00f6verdrag - Upp Till 150 Kg - Bl\u00e5 - TRUUSK - Hem, Tr\u00e4dg\u00e5rd &amp; Fritid","og_description":"F\u00f6rdjupa dig i bekv\u00e4mligheten av denna eleganta soffa med retro-utseende, den ultimata tillflykten f\u00f6r filmkv\u00e4llar eller avkopplande drinkar med v\u00e4nner....","og_url":"https:\/\/truusk.store\/sv\/produkt\/truusk-2-sits-soffa-i-retrolook-mjuk-stoppning-lattskott-overdrag-upp-till-150-kg-bla\/","og_site_name":"TRUUSK - Hem, Tr\u00e4dg\u00e5rd &amp; Fritid","article_modified_time":"2026-03-12T08:32:23+00:00","og_image":[{"width":800,"height":800,"url":"https:\/\/i0.wp.com\/truusk.se\/wp-content\/uploads\/2024\/02\/2-sits-soffa-i-retrolook-mjuk-stoppning-lattskott-overdrag-upp-till-150-kg-117-x-565-x-77-cm-bla.webp?fit=800%2C800&ssl=1","type":"image\/webp"}],"twitter_card":"summary_large_image","twitter_misc":{"Ber\u00e4knad l\u00e4stid":"1 minut"},"schema":{"@context":"https:\/\/schema.org","@graph":[{"@type":"WebPage","@id":"https:\/\/truusk.store\/sv\/produkt\/truusk-2-sits-soffa-i-retrolook-mjuk-stoppning-lattskott-overdrag-upp-till-150-kg-bla\/","url":"https:\/\/truusk.store\/sv\/produkt\/truusk-2-sits-soffa-i-retrolook-mjuk-stoppning-lattskott-overdrag-upp-till-150-kg-bla\/","name":"TRUUSK 2-sits Soffa i Retrolook - Mjuk Stoppning - L\u00e4ttsk\u00f6tt \u00f6verdrag - Upp Till 150 Kg - Bl\u00e5 - TRUUSK - Hem, Tr\u00e4dg\u00e5rd &amp; Fritid","isPartOf":{"@id":"https:\/\/truusk.store\/sv\/#website"},"primaryImageOfPage":{"@id":"https:\/\/truusk.store\/sv\/produkt\/truusk-2-sits-soffa-i-retrolook-mjuk-stoppning-lattskott-overdrag-upp-till-150-kg-bla\/#primaryimage"},"image":{"@id":"https:\/\/truusk.store\/sv\/produkt\/truusk-2-sits-soffa-i-retrolook-mjuk-stoppning-lattskott-overdrag-upp-till-150-kg-bla\/#primaryimage"},"thumbnailUrl":"https:\/\/i0.wp.com\/truusk.store\/wp-content\/uploads\/2024\/02\/2-sits-soffa-i-retrolook-mjuk-stoppning-lattskott-overdrag-upp-till-150-kg-117-x-565-x-77-cm-bla.webp?fit=800%2C800&ssl=1","datePublished":"2024-02-14T05:55:35+00:00","dateModified":"2026-03-12T08:32:23+00:00","breadcrumb":{"@id":"https:\/\/truusk.store\/sv\/produkt\/truusk-2-sits-soffa-i-retrolook-mjuk-stoppning-lattskott-overdrag-upp-till-150-kg-bla\/#breadcrumb"},"inLanguage":"sv-SE","potentialAction":[{"@type":"ReadAction","target":["https:\/\/truusk.store\/sv\/produkt\/truusk-2-sits-soffa-i-retrolook-mjuk-stoppning-lattskott-overdrag-upp-till-150-kg-bla\/"]}]},{"@type":"ImageObject","inLanguage":"sv-SE","@id":"https:\/\/truusk.store\/sv\/produkt\/truusk-2-sits-soffa-i-retrolook-mjuk-stoppning-lattskott-overdrag-upp-till-150-kg-bla\/#primaryimage","url":"https:\/\/i0.wp.com\/truusk.store\/wp-content\/uploads\/2024\/02\/2-sits-soffa-i-retrolook-mjuk-stoppning-lattskott-overdrag-upp-till-150-kg-117-x-565-x-77-cm-bla.webp?fit=800%2C800&ssl=1","contentUrl":"https:\/\/i0.wp.com\/truusk.store\/wp-content\/uploads\/2024\/02\/2-sits-soffa-i-retrolook-mjuk-stoppning-lattskott-overdrag-upp-till-150-kg-117-x-565-x-77-cm-bla.webp?fit=800%2C800&ssl=1","width":800,"height":800,"caption":"2-sits Soffa I Retrolook, Mjuk Stoppning, L\u00e4ttsk\u00f6tt \u00f6verdrag, Upp Till 150 Kg, 117 X 56,5 X 77 Cm, Bl\u00e5 1"},{"@type":"BreadcrumbList","@id":"https:\/\/truusk.store\/sv\/produkt\/truusk-2-sits-soffa-i-retrolook-mjuk-stoppning-lattskott-overdrag-upp-till-150-kg-bla\/#breadcrumb","itemListElement":[{"@type":"ListItem","position":1,"name":"Home","item":"https:\/\/truusk.store\/sv\/"},{"@type":"ListItem","position":2,"name":"Shop","item":"https:\/\/truusk.store\/shop\/"},{"@type":"ListItem","position":3,"name":"TRUUSK 2-sits Soffa i Retrolook &#8211; Mjuk Stoppning &#8211; L\u00e4ttsk\u00f6tt \u00f6verdrag &#8211; Upp Till 150 Kg &#8211; Bl\u00e5"}]},{"@type":"WebSite","@id":"https:\/\/truusk.store\/sv\/#website","url":"https:\/\/truusk.store\/sv\/","name":"TRUUSK - Hem, Tr\u00e4dg\u00e5rd & Fritid","description":"","publisher":{"@id":"https:\/\/truusk.store\/sv\/#organization"},"potentialAction":[{"@type":"SearchAction","target":{"@type":"EntryPoint","urlTemplate":"https:\/\/truusk.store\/sv\/?s={search_term_string}"},"query-input":{"@type":"PropertyValueSpecification","valueRequired":true,"valueName":"search_term_string"}}],"inLanguage":"sv-SE"},{"@type":"Organization","@id":"https:\/\/truusk.store\/sv\/#organization","name":"TRUUSK - Hem, Tr\u00e4dg\u00e5rd & Fritid","url":"https:\/\/truusk.store\/sv\/","logo":{"@type":"ImageObject","inLanguage":"sv-SE","@id":"https:\/\/truusk.store\/sv\/#\/schema\/logo\/image\/","url":"https:\/\/i0.wp.com\/truusk.store\/wp-content\/uploads\/2026\/03\/cropped-TRUUSK.png?fit=2032%2C917&ssl=1","contentUrl":"https:\/\/i0.wp.com\/truusk.store\/wp-content\/uploads\/2026\/03\/cropped-TRUUSK.png?fit=2032%2C917&ssl=1","width":2032,"height":917,"caption":"TRUUSK - Hem, Tr\u00e4dg\u00e5rd & Fritid"},"image":{"@id":"https:\/\/truusk.store\/sv\/#\/schema\/logo\/image\/"}}]}},"jetpack_sharing_enabled":true,"_links":{"self":[{"href":"https:\/\/truusk.store\/sv\/wp-json\/wp\/v2\/product\/46976","targetHints":{"allow":["GET"]}}],"collection":[{"href":"https:\/\/truusk.store\/sv\/wp-json\/wp\/v2\/product"}],"about":[{"href":"https:\/\/truusk.store\/sv\/wp-json\/wp\/v2\/types\/product"}],"wp:featuredmedia":[{"embeddable":true,"href":"https:\/\/truusk.store\/sv\/wp-json\/wp\/v2\/media\/46977"}],"wp:attachment":[{"href":"https:\/\/truusk.store\/sv\/wp-json\/wp\/v2\/media?parent=46976"}],"wp:term":[{"taxonomy":"product_brand","embeddable":true,"href":"https:\/\/truusk.store\/sv\/wp-json\/wp\/v2\/product_brand?post=46976"},{"taxonomy":"product_cat","embeddable":true,"href":"https:\/\/truusk.store\/sv\/wp-json\/wp\/v2\/product_cat?post=46976"},{"taxonomy":"product_tag","embeddable":true,"href":"https:\/\/truusk.store\/sv\/wp-json\/wp\/v2\/product_tag?post=46976"}],"curies":[{"name":"wp","href":"https:\/\/api.w.org\/{rel}","templated":true}]}}