{"id":46990,"date":"2024-02-14T06:56:10","date_gmt":"2024-02-14T05:56:10","guid":{"rendered":"https:\/\/truusk.store\/product\/katthus-katthydda-kattgrotta-3-djurtrappor-2-matskalar-70-x-50-x-51-cm-gra\/"},"modified":"2026-03-12T09:32:24","modified_gmt":"2026-03-12T08:32:24","slug":"truusk-kattgrotta-med-katthus-inklusive-3-djurtrappor-2-matskalar-matt-70-x-50-x-51-cm-gra","status":"publish","type":"product","link":"https:\/\/truusk.store\/sv\/produkt\/truusk-kattgrotta-med-katthus-inklusive-3-djurtrappor-2-matskalar-matt-70-x-50-x-51-cm-gra\/","title":{"rendered":"TRUUSK Kattgrotta med Katthus &#8211; Inklusive 3 Djurtrappor &#8211; 2 Matsk\u00e5lar &#8211; M\u00e5tt 70 x 50 x 51 cm &#8211; Gr\u00e5"},"content":{"rendered":"<p>Erbjud din fyrbenta v\u00e4n ett kungligt lekrum! V\u00e5rt m\u00e5ngsidiga katthus har konfigurerbara trappor, liggplatser och upph\u00f6jda matsk\u00e5lar. Trappan \u00e4r en l\u00e4ttnad f\u00f6r katter n\u00e4r de str\u00f6var omkring och liggplatserna avlastar \u00e5ldrande leder. En vadderad sovnisch i katthuset \u00e4r perfekt f\u00f6r \u00e4ven de mest kr\u00e4vande katterna. H\u00e4r kan ditt husdjur leka och spionera i det o\u00e4ndliga.<\/p>\n<h3>Beskrivning:<\/h3>\n<ul>\n<li>Arrangemang som trappa, sk\u00e5l eller hus f\u00f6r katter\/hundar<\/li>\n<li>3-stegs hundtrappa med f\u00f6rvaringsutrymme inuti<\/li>\n<li>L\u00e4tt att reng\u00f6ra tack vare den avtagbara halkskyddsmattan<\/li>\n<li>F\u00f6r att skydda den \u00e5ldrande ryggraden h\u00f6js hundhusets sk\u00e5lar<\/li>\n<li>Kattgrottskuddar i botten f\u00f6r vila, topp f\u00f6r att sova<\/li>\n<li>Utrustad med en l\u00f6stagbar inre avdelare<\/li>\n<li>L\u00e4mplig f\u00f6r sm\u00e5 hundar upp till 8 kg, 35 cm kroppsl\u00e4ngd och katter upp till 8 kg<\/li>\n<li>L\u00e4tt att montera<\/li>\n<\/ul>\n<h3>Teknisk data:<\/h3>\n<ul>\n<li>F\u00e4rg: Gr\u00e5+kr\u00e4m<\/li>\n<li>Material: sp\u00e5nskiva, st\u00e5l, polyester<\/li>\n<li>M\u00e5tt hus: 70L x 50W x 51,5H cm. Innerm\u00e5tt: 65L x 44W x 45H cm<\/li>\n<li>Upph\u00f6jd sk\u00e5l m\u00e5tt: 46,5 L x 20 B x 13,5 H cm<\/li>\n<li>Husdjurstrappa M\u00e5tt: 56L x 32W x 37,5H cm<\/li>\n<li>D\u00f6rrm\u00e5tt: 20,5W x 25H cm<\/li>\n<li>M\u00e5tt topp: 70L x 50W x 10H cm<\/li>\n<li>Kuddens m\u00e5tt: 71L x 46W x 2,6H cm<\/li>\n<li>Sk\u00e5lens m\u00e5tt: 14 x 4H cm. Varje volym: 500 ml<\/li>\n<li>M\u00e5tt p\u00e5 varje stegyta: 32L x 19,5W cm. Stegh\u00f6jd (fr\u00e5n botten till toppen): 13,5 cm, 25,5 cm, 37,5 cm<\/li>\n<li>Viktkapacitet: 15 kg (hus\/trappa), 4 kg (sk\u00e5lstativ)<\/li>\n<\/ul>\n<h3>Leveransens omfattning:<\/h3>\n<ul>\n<li>1 x Katthus<\/li>\n<li>1 x kudde<\/li>\n<li>2 x sk\u00e5lar<\/li>\n<li>1 x Instruktioner<\/li>\n<\/ul>\n","protected":false},"excerpt":{"rendered":"<p>Erbjud din fyrbenta v\u00e4n ett kungligt lekrum! V\u00e5rt m\u00e5ngsidiga katthus har konfigurerbara trappor, liggplatser och upph\u00f6jda matsk\u00e5lar. Trappan \u00e4r en&#8230;<\/p>\n","protected":false},"featured_media":46991,"template":"","meta":[],"product_brand":[],"product_cat":[573,590,588],"product_tag":[],"class_list":{"0":"post-46990","1":"product","2":"type-product","3":"status-publish","4":"has-post-thumbnail","6":"product_cat-husdjursmaterial","7":"product_cat-kattgrottor-kattsangar","8":"product_cat-katttillbehor","10":"first","11":"instock","12":"sale","13":"taxable","14":"shipping-taxable","15":"purchasable","16":"product-type-simple"},"yoast_head":"<!-- This site is optimized with the Yoast SEO plugin v25.4 - https:\/\/yoast.com\/wordpress\/plugins\/seo\/ -->\n<title>TRUUSK Kattgrotta med Katthus - Inklusive 3 Djurtrappor - 2 Matsk\u00e5lar - M\u00e5tt 70 x 50 x 51 cm - Gr\u00e5 - TRUUSK - Hem, Tr\u00e4dg\u00e5rd &amp; Fritid<\/title>\n<meta name=\"robots\" content=\"index, follow, max-snippet:-1, max-image-preview:large, max-video-preview:-1\" \/>\n<link rel=\"canonical\" href=\"https:\/\/truusk.store\/sv\/produkt\/truusk-kattgrotta-med-katthus-inklusive-3-djurtrappor-2-matskalar-matt-70-x-50-x-51-cm-gra\/\" \/>\n<meta property=\"og:locale\" content=\"sv_SE\" \/>\n<meta property=\"og:type\" content=\"article\" \/>\n<meta property=\"og:title\" content=\"TRUUSK Kattgrotta med Katthus - Inklusive 3 Djurtrappor - 2 Matsk\u00e5lar - M\u00e5tt 70 x 50 x 51 cm - Gr\u00e5 - TRUUSK - Hem, Tr\u00e4dg\u00e5rd &amp; Fritid\" \/>\n<meta property=\"og:description\" content=\"Erbjud din fyrbenta v\u00e4n ett kungligt lekrum! V\u00e5rt m\u00e5ngsidiga katthus har konfigurerbara trappor, liggplatser och upph\u00f6jda matsk\u00e5lar. Trappan \u00e4r en...\" \/>\n<meta property=\"og:url\" content=\"https:\/\/truusk.store\/sv\/produkt\/truusk-kattgrotta-med-katthus-inklusive-3-djurtrappor-2-matskalar-matt-70-x-50-x-51-cm-gra\/\" \/>\n<meta property=\"og:site_name\" content=\"TRUUSK - Hem, Tr\u00e4dg\u00e5rd &amp; Fritid\" \/>\n<meta property=\"article:modified_time\" content=\"2026-03-12T08:32:24+00:00\" \/>\n<meta property=\"og:image\" content=\"https:\/\/i0.wp.com\/truusk.se\/wp-content\/uploads\/2024\/02\/katthus-katthydda-kattgrotta-3-djurtrappor-2-matskalar-70-x-50-x-51-cm-gra.webp?fit=800%2C800&ssl=1\" \/>\n\t<meta property=\"og:image:width\" content=\"800\" \/>\n\t<meta property=\"og:image:height\" content=\"800\" \/>\n\t<meta property=\"og:image:type\" content=\"image\/webp\" \/>\n<meta name=\"twitter:card\" content=\"summary_large_image\" \/>\n<meta name=\"twitter:label1\" content=\"Ber\u00e4knad l\u00e4stid\" \/>\n\t<meta name=\"twitter:data1\" content=\"1 minut\" \/>\n<!-- \/ Yoast SEO plugin. -->","yoast_head_json":{"title":"TRUUSK Kattgrotta med Katthus - Inklusive 3 Djurtrappor - 2 Matsk\u00e5lar - M\u00e5tt 70 x 50 x 51 cm - Gr\u00e5 - TRUUSK - Hem, Tr\u00e4dg\u00e5rd &amp; Fritid","robots":{"index":"index","follow":"follow","max-snippet":"max-snippet:-1","max-image-preview":"max-image-preview:large","max-video-preview":"max-video-preview:-1"},"canonical":"https:\/\/truusk.store\/sv\/produkt\/truusk-kattgrotta-med-katthus-inklusive-3-djurtrappor-2-matskalar-matt-70-x-50-x-51-cm-gra\/","og_locale":"sv_SE","og_type":"article","og_title":"TRUUSK Kattgrotta med Katthus - Inklusive 3 Djurtrappor - 2 Matsk\u00e5lar - M\u00e5tt 70 x 50 x 51 cm - Gr\u00e5 - TRUUSK - Hem, Tr\u00e4dg\u00e5rd &amp; Fritid","og_description":"Erbjud din fyrbenta v\u00e4n ett kungligt lekrum! V\u00e5rt m\u00e5ngsidiga katthus har konfigurerbara trappor, liggplatser och upph\u00f6jda matsk\u00e5lar. Trappan \u00e4r en...","og_url":"https:\/\/truusk.store\/sv\/produkt\/truusk-kattgrotta-med-katthus-inklusive-3-djurtrappor-2-matskalar-matt-70-x-50-x-51-cm-gra\/","og_site_name":"TRUUSK - Hem, Tr\u00e4dg\u00e5rd &amp; Fritid","article_modified_time":"2026-03-12T08:32:24+00:00","og_image":[{"width":800,"height":800,"url":"https:\/\/i0.wp.com\/truusk.se\/wp-content\/uploads\/2024\/02\/katthus-katthydda-kattgrotta-3-djurtrappor-2-matskalar-70-x-50-x-51-cm-gra.webp?fit=800%2C800&ssl=1","type":"image\/webp"}],"twitter_card":"summary_large_image","twitter_misc":{"Ber\u00e4knad l\u00e4stid":"1 minut"},"schema":{"@context":"https:\/\/schema.org","@graph":[{"@type":"WebPage","@id":"https:\/\/truusk.store\/sv\/produkt\/truusk-kattgrotta-med-katthus-inklusive-3-djurtrappor-2-matskalar-matt-70-x-50-x-51-cm-gra\/","url":"https:\/\/truusk.store\/sv\/produkt\/truusk-kattgrotta-med-katthus-inklusive-3-djurtrappor-2-matskalar-matt-70-x-50-x-51-cm-gra\/","name":"TRUUSK Kattgrotta med Katthus - Inklusive 3 Djurtrappor - 2 Matsk\u00e5lar - M\u00e5tt 70 x 50 x 51 cm - Gr\u00e5 - TRUUSK - Hem, Tr\u00e4dg\u00e5rd &amp; Fritid","isPartOf":{"@id":"https:\/\/truusk.store\/sv\/#website"},"primaryImageOfPage":{"@id":"https:\/\/truusk.store\/sv\/produkt\/truusk-kattgrotta-med-katthus-inklusive-3-djurtrappor-2-matskalar-matt-70-x-50-x-51-cm-gra\/#primaryimage"},"image":{"@id":"https:\/\/truusk.store\/sv\/produkt\/truusk-kattgrotta-med-katthus-inklusive-3-djurtrappor-2-matskalar-matt-70-x-50-x-51-cm-gra\/#primaryimage"},"thumbnailUrl":"https:\/\/i0.wp.com\/truusk.store\/wp-content\/uploads\/2024\/02\/katthus-katthydda-kattgrotta-3-djurtrappor-2-matskalar-70-x-50-x-51-cm-gra.webp?fit=800%2C800&ssl=1","datePublished":"2024-02-14T05:56:10+00:00","dateModified":"2026-03-12T08:32:24+00:00","breadcrumb":{"@id":"https:\/\/truusk.store\/sv\/produkt\/truusk-kattgrotta-med-katthus-inklusive-3-djurtrappor-2-matskalar-matt-70-x-50-x-51-cm-gra\/#breadcrumb"},"inLanguage":"sv-SE","potentialAction":[{"@type":"ReadAction","target":["https:\/\/truusk.store\/sv\/produkt\/truusk-kattgrotta-med-katthus-inklusive-3-djurtrappor-2-matskalar-matt-70-x-50-x-51-cm-gra\/"]}]},{"@type":"ImageObject","inLanguage":"sv-SE","@id":"https:\/\/truusk.store\/sv\/produkt\/truusk-kattgrotta-med-katthus-inklusive-3-djurtrappor-2-matskalar-matt-70-x-50-x-51-cm-gra\/#primaryimage","url":"https:\/\/i0.wp.com\/truusk.store\/wp-content\/uploads\/2024\/02\/katthus-katthydda-kattgrotta-3-djurtrappor-2-matskalar-70-x-50-x-51-cm-gra.webp?fit=800%2C800&ssl=1","contentUrl":"https:\/\/i0.wp.com\/truusk.store\/wp-content\/uploads\/2024\/02\/katthus-katthydda-kattgrotta-3-djurtrappor-2-matskalar-70-x-50-x-51-cm-gra.webp?fit=800%2C800&ssl=1","width":800,"height":800,"caption":"Katthus, Katthydda, Kattgrotta, 3 Djurtrappor, 2 Matsk\u00e5lar, 70 X 50 X 51 Cm, Gr\u00e5 1"},{"@type":"BreadcrumbList","@id":"https:\/\/truusk.store\/sv\/produkt\/truusk-kattgrotta-med-katthus-inklusive-3-djurtrappor-2-matskalar-matt-70-x-50-x-51-cm-gra\/#breadcrumb","itemListElement":[{"@type":"ListItem","position":1,"name":"Home","item":"https:\/\/truusk.store\/sv\/"},{"@type":"ListItem","position":2,"name":"Shop","item":"https:\/\/truusk.store\/shop\/"},{"@type":"ListItem","position":3,"name":"TRUUSK Kattgrotta med Katthus &#8211; Inklusive 3 Djurtrappor &#8211; 2 Matsk\u00e5lar &#8211; M\u00e5tt 70 x 50 x 51 cm &#8211; Gr\u00e5"}]},{"@type":"WebSite","@id":"https:\/\/truusk.store\/sv\/#website","url":"https:\/\/truusk.store\/sv\/","name":"TRUUSK - Hem, Tr\u00e4dg\u00e5rd & Fritid","description":"","publisher":{"@id":"https:\/\/truusk.store\/sv\/#organization"},"potentialAction":[{"@type":"SearchAction","target":{"@type":"EntryPoint","urlTemplate":"https:\/\/truusk.store\/sv\/?s={search_term_string}"},"query-input":{"@type":"PropertyValueSpecification","valueRequired":true,"valueName":"search_term_string"}}],"inLanguage":"sv-SE"},{"@type":"Organization","@id":"https:\/\/truusk.store\/sv\/#organization","name":"TRUUSK - Hem, Tr\u00e4dg\u00e5rd & Fritid","url":"https:\/\/truusk.store\/sv\/","logo":{"@type":"ImageObject","inLanguage":"sv-SE","@id":"https:\/\/truusk.store\/sv\/#\/schema\/logo\/image\/","url":"https:\/\/i0.wp.com\/truusk.store\/wp-content\/uploads\/2026\/03\/cropped-TRUUSK.png?fit=2032%2C917&ssl=1","contentUrl":"https:\/\/i0.wp.com\/truusk.store\/wp-content\/uploads\/2026\/03\/cropped-TRUUSK.png?fit=2032%2C917&ssl=1","width":2032,"height":917,"caption":"TRUUSK - Hem, Tr\u00e4dg\u00e5rd & Fritid"},"image":{"@id":"https:\/\/truusk.store\/sv\/#\/schema\/logo\/image\/"}}]}},"jetpack_sharing_enabled":true,"_links":{"self":[{"href":"https:\/\/truusk.store\/sv\/wp-json\/wp\/v2\/product\/46990","targetHints":{"allow":["GET"]}}],"collection":[{"href":"https:\/\/truusk.store\/sv\/wp-json\/wp\/v2\/product"}],"about":[{"href":"https:\/\/truusk.store\/sv\/wp-json\/wp\/v2\/types\/product"}],"wp:featuredmedia":[{"embeddable":true,"href":"https:\/\/truusk.store\/sv\/wp-json\/wp\/v2\/media\/46991"}],"wp:attachment":[{"href":"https:\/\/truusk.store\/sv\/wp-json\/wp\/v2\/media?parent=46990"}],"wp:term":[{"taxonomy":"product_brand","embeddable":true,"href":"https:\/\/truusk.store\/sv\/wp-json\/wp\/v2\/product_brand?post=46990"},{"taxonomy":"product_cat","embeddable":true,"href":"https:\/\/truusk.store\/sv\/wp-json\/wp\/v2\/product_cat?post=46990"},{"taxonomy":"product_tag","embeddable":true,"href":"https:\/\/truusk.store\/sv\/wp-json\/wp\/v2\/product_tag?post=46990"}],"curies":[{"name":"wp","href":"https:\/\/api.w.org\/{rel}","templated":true}]}}