{"id":47038,"date":"2024-02-14T06:58:05","date_gmt":"2024-02-14T05:58:05","guid":{"rendered":"https:\/\/truusk.store\/product\/skrapstolpe-katttrad-1-kattgrotta-2-liggplatser-60-cm-x-40-cm-x-104-cm-gra-naturlig\/"},"modified":"2026-03-12T09:32:25","modified_gmt":"2026-03-12T08:32:25","slug":"truusk-katttrad-med-skrapstolpe-1-kattgrotta-2-liggplatser-60-cm-x-40-cm-x-104-cm-gra-naturlig","status":"publish","type":"product","link":"https:\/\/truusk.store\/sv\/produkt\/truusk-katttrad-med-skrapstolpe-1-kattgrotta-2-liggplatser-60-cm-x-40-cm-x-104-cm-gra-naturlig\/","title":{"rendered":"TRUUSK Katttr\u00e4d med Skrapstolpe &#8211; 1 Kattgrotta &#8211; 2 Liggplatser &#8211; 60 cm x 40 cm x 104 cm &#8211; Gr\u00e5 + Naturlig"},"content":{"rendered":"<p>Erbjud din katt en s\u00e4ker lekplats med detta katttr\u00e4d! Detta inomhuskatttr\u00e4d har sisalrepstolpar, en h\u00e4ngande boll och ett rep f\u00f6r extra n\u00f6je. Detta g\u00f6r att dina livliga katter kan slipa sina klor utan att skada dina m\u00f6bler. Fr\u00e5n att koppla av till att leka, detta katttr\u00e4d ger dina husdjur en plats att vila, klia och mer.<\/p>\n<h3>Beskrivning:<\/h3>\n<ul>\n<li>Sisalrepstolpar tillfredsst\u00e4ller dina katters behov av att klia och avskr\u00e4cker dem fr\u00e5n att anv\u00e4nda m\u00f6bler<\/li>\n<li>Den \u00f6vre s\u00e4ngen p\u00e5 skrapstolpen erbjuder mysiga platser att koppla av och sova<\/li>\n<li>Kattskrapstolpens design p\u00e5 flera niv\u00e5er tillfredsst\u00e4ller din \u00f6nskan om att utforska<\/li>\n<li>Leksaker h\u00e5ller katter aktiva och underh\u00e5llna<\/li>\n<li>L\u00e4mplig f\u00f6r en katt under 5 kg<\/li>\n<li>Montering kr\u00e4vs<\/li>\n<\/ul>\n<h3>Teknisk data:<\/h3>\n<ul>\n<li>F\u00e4rg: Gr\u00e5+Beige+Cream<\/li>\n<li>Material: sp\u00e5nskiva, plysch, linneimitation (100% polyester), sisal<\/li>\n<li>\u00d6vergripande m\u00e5tt: 60L x 40W x 104H cm<\/li>\n<li>Basm\u00e5tt: 60W x 40D cm<\/li>\n<li>S\u00e4ngstorlek: 51W x 33D x 3Hcm, 47W x 29D x 5H cm (inuti)<\/li>\n<li>Plattformsstorlek: 31L x 29W cm<\/li>\n<li>Tunnelstorlek: 32 x 40L cm, 29 cm (inuti)<\/li>\n<li>Skrapstolpe: 7,1 cm<\/li>\n<li>Maximal rekommenderad belastning: Mindre \u00e4n 5 kg<\/li>\n<\/ul>\n<h3>Leveransens omfattning:<\/h3>\n<ul>\n<li>1 x skrapstolpe<\/li>\n<li>1 x Instruktioner<\/li>\n<\/ul>\n","protected":false},"excerpt":{"rendered":"<p>Erbjud din katt en s\u00e4ker lekplats med detta katttr\u00e4d! Detta inomhuskatttr\u00e4d har sisalrepstolpar, en h\u00e4ngande boll och ett rep f\u00f6r&#8230;<\/p>\n","protected":false},"featured_media":47039,"template":"","meta":[],"product_brand":[],"product_cat":[573,588,589],"product_tag":[],"class_list":{"0":"post-47038","1":"product","2":"type-product","3":"status-publish","4":"has-post-thumbnail","6":"product_cat-husdjursmaterial","7":"product_cat-katttillbehor","8":"product_cat-skrapande-inlagg","10":"first","11":"instock","12":"sale","13":"taxable","14":"shipping-taxable","15":"purchasable","16":"product-type-simple"},"yoast_head":"<!-- This site is optimized with the Yoast SEO plugin v25.4 - https:\/\/yoast.com\/wordpress\/plugins\/seo\/ -->\n<title>TRUUSK Katttr\u00e4d med Skrapstolpe - 1 Kattgrotta - 2 Liggplatser - 60 cm x 40 cm x 104 cm - Gr\u00e5 + Naturlig - TRUUSK - Hem, Tr\u00e4dg\u00e5rd &amp; Fritid<\/title>\n<meta name=\"robots\" content=\"index, follow, max-snippet:-1, max-image-preview:large, max-video-preview:-1\" \/>\n<link rel=\"canonical\" href=\"https:\/\/truusk.store\/sv\/produkt\/truusk-katttrad-med-skrapstolpe-1-kattgrotta-2-liggplatser-60-cm-x-40-cm-x-104-cm-gra-naturlig\/\" \/>\n<meta property=\"og:locale\" content=\"sv_SE\" \/>\n<meta property=\"og:type\" content=\"article\" \/>\n<meta property=\"og:title\" content=\"TRUUSK Katttr\u00e4d med Skrapstolpe - 1 Kattgrotta - 2 Liggplatser - 60 cm x 40 cm x 104 cm - Gr\u00e5 + Naturlig - TRUUSK - Hem, Tr\u00e4dg\u00e5rd &amp; Fritid\" \/>\n<meta property=\"og:description\" content=\"Erbjud din katt en s\u00e4ker lekplats med detta katttr\u00e4d! Detta inomhuskatttr\u00e4d har sisalrepstolpar, en h\u00e4ngande boll och ett rep f\u00f6r...\" \/>\n<meta property=\"og:url\" content=\"https:\/\/truusk.store\/sv\/produkt\/truusk-katttrad-med-skrapstolpe-1-kattgrotta-2-liggplatser-60-cm-x-40-cm-x-104-cm-gra-naturlig\/\" \/>\n<meta property=\"og:site_name\" content=\"TRUUSK - Hem, Tr\u00e4dg\u00e5rd &amp; Fritid\" \/>\n<meta property=\"article:modified_time\" content=\"2026-03-12T08:32:25+00:00\" \/>\n<meta property=\"og:image\" content=\"https:\/\/i0.wp.com\/truusk.se\/wp-content\/uploads\/2024\/02\/skrapstolpe-katttrad-1-kattgrotta-2-liggplatser-60-cm-x-40-cm-x-104-cm-gra-naturlig.webp?fit=800%2C800&ssl=1\" \/>\n\t<meta property=\"og:image:width\" content=\"800\" \/>\n\t<meta property=\"og:image:height\" content=\"800\" \/>\n\t<meta property=\"og:image:type\" content=\"image\/webp\" \/>\n<meta name=\"twitter:card\" content=\"summary_large_image\" \/>\n<meta name=\"twitter:label1\" content=\"Ber\u00e4knad l\u00e4stid\" \/>\n\t<meta name=\"twitter:data1\" content=\"1 minut\" \/>\n<!-- \/ Yoast SEO plugin. -->","yoast_head_json":{"title":"TRUUSK Katttr\u00e4d med Skrapstolpe - 1 Kattgrotta - 2 Liggplatser - 60 cm x 40 cm x 104 cm - Gr\u00e5 + Naturlig - TRUUSK - Hem, Tr\u00e4dg\u00e5rd &amp; Fritid","robots":{"index":"index","follow":"follow","max-snippet":"max-snippet:-1","max-image-preview":"max-image-preview:large","max-video-preview":"max-video-preview:-1"},"canonical":"https:\/\/truusk.store\/sv\/produkt\/truusk-katttrad-med-skrapstolpe-1-kattgrotta-2-liggplatser-60-cm-x-40-cm-x-104-cm-gra-naturlig\/","og_locale":"sv_SE","og_type":"article","og_title":"TRUUSK Katttr\u00e4d med Skrapstolpe - 1 Kattgrotta - 2 Liggplatser - 60 cm x 40 cm x 104 cm - Gr\u00e5 + Naturlig - TRUUSK - Hem, Tr\u00e4dg\u00e5rd &amp; Fritid","og_description":"Erbjud din katt en s\u00e4ker lekplats med detta katttr\u00e4d! Detta inomhuskatttr\u00e4d har sisalrepstolpar, en h\u00e4ngande boll och ett rep f\u00f6r...","og_url":"https:\/\/truusk.store\/sv\/produkt\/truusk-katttrad-med-skrapstolpe-1-kattgrotta-2-liggplatser-60-cm-x-40-cm-x-104-cm-gra-naturlig\/","og_site_name":"TRUUSK - Hem, Tr\u00e4dg\u00e5rd &amp; Fritid","article_modified_time":"2026-03-12T08:32:25+00:00","og_image":[{"width":800,"height":800,"url":"https:\/\/i0.wp.com\/truusk.se\/wp-content\/uploads\/2024\/02\/skrapstolpe-katttrad-1-kattgrotta-2-liggplatser-60-cm-x-40-cm-x-104-cm-gra-naturlig.webp?fit=800%2C800&ssl=1","type":"image\/webp"}],"twitter_card":"summary_large_image","twitter_misc":{"Ber\u00e4knad l\u00e4stid":"1 minut"},"schema":{"@context":"https:\/\/schema.org","@graph":[{"@type":"WebPage","@id":"https:\/\/truusk.store\/sv\/produkt\/truusk-katttrad-med-skrapstolpe-1-kattgrotta-2-liggplatser-60-cm-x-40-cm-x-104-cm-gra-naturlig\/","url":"https:\/\/truusk.store\/sv\/produkt\/truusk-katttrad-med-skrapstolpe-1-kattgrotta-2-liggplatser-60-cm-x-40-cm-x-104-cm-gra-naturlig\/","name":"TRUUSK Katttr\u00e4d med Skrapstolpe - 1 Kattgrotta - 2 Liggplatser - 60 cm x 40 cm x 104 cm - Gr\u00e5 + Naturlig - TRUUSK - Hem, Tr\u00e4dg\u00e5rd &amp; Fritid","isPartOf":{"@id":"https:\/\/truusk.store\/sv\/#website"},"primaryImageOfPage":{"@id":"https:\/\/truusk.store\/sv\/produkt\/truusk-katttrad-med-skrapstolpe-1-kattgrotta-2-liggplatser-60-cm-x-40-cm-x-104-cm-gra-naturlig\/#primaryimage"},"image":{"@id":"https:\/\/truusk.store\/sv\/produkt\/truusk-katttrad-med-skrapstolpe-1-kattgrotta-2-liggplatser-60-cm-x-40-cm-x-104-cm-gra-naturlig\/#primaryimage"},"thumbnailUrl":"https:\/\/i0.wp.com\/truusk.store\/wp-content\/uploads\/2024\/02\/skrapstolpe-katttrad-1-kattgrotta-2-liggplatser-60-cm-x-40-cm-x-104-cm-gra-naturlig.webp?fit=800%2C800&ssl=1","datePublished":"2024-02-14T05:58:05+00:00","dateModified":"2026-03-12T08:32:25+00:00","breadcrumb":{"@id":"https:\/\/truusk.store\/sv\/produkt\/truusk-katttrad-med-skrapstolpe-1-kattgrotta-2-liggplatser-60-cm-x-40-cm-x-104-cm-gra-naturlig\/#breadcrumb"},"inLanguage":"sv-SE","potentialAction":[{"@type":"ReadAction","target":["https:\/\/truusk.store\/sv\/produkt\/truusk-katttrad-med-skrapstolpe-1-kattgrotta-2-liggplatser-60-cm-x-40-cm-x-104-cm-gra-naturlig\/"]}]},{"@type":"ImageObject","inLanguage":"sv-SE","@id":"https:\/\/truusk.store\/sv\/produkt\/truusk-katttrad-med-skrapstolpe-1-kattgrotta-2-liggplatser-60-cm-x-40-cm-x-104-cm-gra-naturlig\/#primaryimage","url":"https:\/\/i0.wp.com\/truusk.store\/wp-content\/uploads\/2024\/02\/skrapstolpe-katttrad-1-kattgrotta-2-liggplatser-60-cm-x-40-cm-x-104-cm-gra-naturlig.webp?fit=800%2C800&ssl=1","contentUrl":"https:\/\/i0.wp.com\/truusk.store\/wp-content\/uploads\/2024\/02\/skrapstolpe-katttrad-1-kattgrotta-2-liggplatser-60-cm-x-40-cm-x-104-cm-gra-naturlig.webp?fit=800%2C800&ssl=1","width":800,"height":800,"caption":"Skrapstolpe Katttr\u00e4d, 1 Kattgrotta, 2 Liggplatser, 60 Cm X 40 Cm X 104 Cm, Gr\u00e5 + Naturlig 1"},{"@type":"BreadcrumbList","@id":"https:\/\/truusk.store\/sv\/produkt\/truusk-katttrad-med-skrapstolpe-1-kattgrotta-2-liggplatser-60-cm-x-40-cm-x-104-cm-gra-naturlig\/#breadcrumb","itemListElement":[{"@type":"ListItem","position":1,"name":"Home","item":"https:\/\/truusk.store\/sv\/"},{"@type":"ListItem","position":2,"name":"Shop","item":"https:\/\/truusk.store\/shop\/"},{"@type":"ListItem","position":3,"name":"TRUUSK Katttr\u00e4d med Skrapstolpe &#8211; 1 Kattgrotta &#8211; 2 Liggplatser &#8211; 60 cm x 40 cm x 104 cm &#8211; Gr\u00e5 + Naturlig"}]},{"@type":"WebSite","@id":"https:\/\/truusk.store\/sv\/#website","url":"https:\/\/truusk.store\/sv\/","name":"TRUUSK - Hem, Tr\u00e4dg\u00e5rd & Fritid","description":"","publisher":{"@id":"https:\/\/truusk.store\/sv\/#organization"},"potentialAction":[{"@type":"SearchAction","target":{"@type":"EntryPoint","urlTemplate":"https:\/\/truusk.store\/sv\/?s={search_term_string}"},"query-input":{"@type":"PropertyValueSpecification","valueRequired":true,"valueName":"search_term_string"}}],"inLanguage":"sv-SE"},{"@type":"Organization","@id":"https:\/\/truusk.store\/sv\/#organization","name":"TRUUSK - Hem, Tr\u00e4dg\u00e5rd & Fritid","url":"https:\/\/truusk.store\/sv\/","logo":{"@type":"ImageObject","inLanguage":"sv-SE","@id":"https:\/\/truusk.store\/sv\/#\/schema\/logo\/image\/","url":"https:\/\/i0.wp.com\/truusk.store\/wp-content\/uploads\/2026\/03\/cropped-TRUUSK.png?fit=2032%2C917&ssl=1","contentUrl":"https:\/\/i0.wp.com\/truusk.store\/wp-content\/uploads\/2026\/03\/cropped-TRUUSK.png?fit=2032%2C917&ssl=1","width":2032,"height":917,"caption":"TRUUSK - Hem, Tr\u00e4dg\u00e5rd & Fritid"},"image":{"@id":"https:\/\/truusk.store\/sv\/#\/schema\/logo\/image\/"}}]}},"jetpack_sharing_enabled":true,"_links":{"self":[{"href":"https:\/\/truusk.store\/sv\/wp-json\/wp\/v2\/product\/47038","targetHints":{"allow":["GET"]}}],"collection":[{"href":"https:\/\/truusk.store\/sv\/wp-json\/wp\/v2\/product"}],"about":[{"href":"https:\/\/truusk.store\/sv\/wp-json\/wp\/v2\/types\/product"}],"wp:featuredmedia":[{"embeddable":true,"href":"https:\/\/truusk.store\/sv\/wp-json\/wp\/v2\/media\/47039"}],"wp:attachment":[{"href":"https:\/\/truusk.store\/sv\/wp-json\/wp\/v2\/media?parent=47038"}],"wp:term":[{"taxonomy":"product_brand","embeddable":true,"href":"https:\/\/truusk.store\/sv\/wp-json\/wp\/v2\/product_brand?post=47038"},{"taxonomy":"product_cat","embeddable":true,"href":"https:\/\/truusk.store\/sv\/wp-json\/wp\/v2\/product_cat?post=47038"},{"taxonomy":"product_tag","embeddable":true,"href":"https:\/\/truusk.store\/sv\/wp-json\/wp\/v2\/product_tag?post=47038"}],"curies":[{"name":"wp","href":"https:\/\/api.w.org\/{rel}","templated":true}]}}