{"id":47066,"date":"2024-02-14T06:59:26","date_gmt":"2024-02-14T05:59:26","guid":{"rendered":"https:\/\/truusk.store\/product\/blomstativ-3-vaningar-6-krokar-inomhus-och-utomhus-metallram-170h-x-110l-x-50w-cm-svart\/"},"modified":"2026-03-12T09:32:26","modified_gmt":"2026-03-12T08:32:26","slug":"truusk-blomstativ-3-vaningar-6-krokar-inomhus-och-utomhus-metallram-170h-x-110l-x-50w-cm-svart","status":"publish","type":"product","link":"https:\/\/truusk.store\/sv\/produkt\/truusk-blomstativ-3-vaningar-6-krokar-inomhus-och-utomhus-metallram-170h-x-110l-x-50w-cm-svart\/","title":{"rendered":"TRUUSK Blomstativ &#8211; 3 V\u00e5ningar &#8211; 6 Krokar &#8211; Inomhus Och Utomhus &#8211; Metallram &#8211; 170H X 110L X 50W Cm &#8211; Svart"},"content":{"rendered":"<p>\u00c4lskar du blommor men har inte utrymme att visa dem med stil? Blomsterhyllan l\u00f6ser detta problem med en genomt\u00e4nkt design i tre niv\u00e5er. Tre niv\u00e5er erbjuder tillr\u00e4ckligt med utrymme f\u00f6r v\u00e4xter, foton, dekorationer och mycket mer utan att se r\u00f6rigt ut. De sex \u00f6vre krokarna g\u00f6r att du kan h\u00e4nga blomkorgar och andra dekorationer. Den robusta st\u00e5lramen i kombination med tr\u00e4hyllor s\u00e4kerst\u00e4ller en h\u00f6g lastkapacitet p\u00e5 upp till 30 kg per niv\u00e5.<\/p>\n<h3>Beskrivning:<\/h3>\n<ul>\n<li>Trev\u00e5nings svart v\u00e4xtst\u00e4ll f\u00f6r snygg visning<\/li>\n<li>Sex toppkrokar f\u00f6r upph\u00e4ngning av blomkorgar och dekorationer<\/li>\n<li>Robust st\u00e5lram f\u00f6r h\u00f6g stabilitet<\/li>\n<li>Lamellhyllor f\u00f6r snabb dr\u00e4nering<\/li>\n<li>Montering kr\u00e4vs<\/li>\n<\/ul>\n<h3>Teknisk data:<\/h3>\n<ul>\n<li>Svart f\u00e4rg<\/li>\n<li>Material: gran, st\u00e5l<\/li>\n<li>\u00d6vergripande m\u00e5tt: 110L x 50W x 170H cm<\/li>\n<li>Hyllstorlek: 106W x 50\/34\/20D cm (botten till toppen)<\/li>\n<li>Hyllh\u00f6jd fr\u00e5n golv: 12 cm, 49 cm, 87 cm<\/li>\n<li>Max belastning: 30 kg (per niv\u00e5)<\/li>\n<\/ul>\n<h3>Leveransens omfattning:<\/h3>\n<ul>\n<li>1 x Blomsterst\u00e4ll<\/li>\n<li>6 x krokar<\/li>\n<li>1 x Instruktioner<\/li>\n<\/ul>\n","protected":false},"excerpt":{"rendered":"<p>\u00c4lskar du blommor men har inte utrymme att visa dem med stil? Blomsterhyllan l\u00f6ser detta problem med en genomt\u00e4nkt design&#8230;<\/p>\n","protected":false},"featured_media":47067,"template":"","meta":[],"product_brand":[],"product_cat":[448,733,435,443],"product_tag":[],"class_list":{"0":"post-47066","1":"product","2":"type-product","3":"status-publish","4":"has-post-thumbnail","6":"product_cat-plantera-trappor-hyllor","7":"product_cat-planttrappa","8":"product_cat-tradgard-och-terrass","9":"product_cat-vaxthus-tradgardsskotsel","11":"first","12":"instock","13":"sale","14":"taxable","15":"shipping-taxable","16":"purchasable","17":"product-type-simple"},"yoast_head":"<!-- This site is optimized with the Yoast SEO plugin v25.4 - https:\/\/yoast.com\/wordpress\/plugins\/seo\/ -->\n<title>TRUUSK Blomstativ - 3 V\u00e5ningar - 6 Krokar - Inomhus Och Utomhus - Metallram - 170H X 110L X 50W Cm - Svart - TRUUSK - Hem, Tr\u00e4dg\u00e5rd &amp; Fritid<\/title>\n<meta name=\"robots\" content=\"index, follow, max-snippet:-1, max-image-preview:large, max-video-preview:-1\" \/>\n<link rel=\"canonical\" href=\"https:\/\/truusk.store\/sv\/produkt\/truusk-blomstativ-3-vaningar-6-krokar-inomhus-och-utomhus-metallram-170h-x-110l-x-50w-cm-svart\/\" \/>\n<meta property=\"og:locale\" content=\"sv_SE\" \/>\n<meta property=\"og:type\" content=\"article\" \/>\n<meta property=\"og:title\" content=\"TRUUSK Blomstativ - 3 V\u00e5ningar - 6 Krokar - Inomhus Och Utomhus - Metallram - 170H X 110L X 50W Cm - Svart - TRUUSK - Hem, Tr\u00e4dg\u00e5rd &amp; Fritid\" \/>\n<meta property=\"og:description\" content=\"\u00c4lskar du blommor men har inte utrymme att visa dem med stil? Blomsterhyllan l\u00f6ser detta problem med en genomt\u00e4nkt design...\" \/>\n<meta property=\"og:url\" content=\"https:\/\/truusk.store\/sv\/produkt\/truusk-blomstativ-3-vaningar-6-krokar-inomhus-och-utomhus-metallram-170h-x-110l-x-50w-cm-svart\/\" \/>\n<meta property=\"og:site_name\" content=\"TRUUSK - Hem, Tr\u00e4dg\u00e5rd &amp; Fritid\" \/>\n<meta property=\"article:modified_time\" content=\"2026-03-12T08:32:26+00:00\" \/>\n<meta property=\"og:image\" content=\"https:\/\/i0.wp.com\/truusk.se\/wp-content\/uploads\/2024\/02\/blomstativ-3-vaningar-6-krokar-inomhus-och-utomhus-metallram-170h-x-110l-x-50w-cm-svart.webp?fit=800%2C800&ssl=1\" \/>\n\t<meta property=\"og:image:width\" content=\"800\" \/>\n\t<meta property=\"og:image:height\" content=\"800\" \/>\n\t<meta property=\"og:image:type\" content=\"image\/webp\" \/>\n<meta name=\"twitter:card\" content=\"summary_large_image\" \/>\n<meta name=\"twitter:label1\" content=\"Ber\u00e4knad l\u00e4stid\" \/>\n\t<meta name=\"twitter:data1\" content=\"1 minut\" \/>\n<!-- \/ Yoast SEO plugin. -->","yoast_head_json":{"title":"TRUUSK Blomstativ - 3 V\u00e5ningar - 6 Krokar - Inomhus Och Utomhus - Metallram - 170H X 110L X 50W Cm - Svart - TRUUSK - Hem, Tr\u00e4dg\u00e5rd &amp; Fritid","robots":{"index":"index","follow":"follow","max-snippet":"max-snippet:-1","max-image-preview":"max-image-preview:large","max-video-preview":"max-video-preview:-1"},"canonical":"https:\/\/truusk.store\/sv\/produkt\/truusk-blomstativ-3-vaningar-6-krokar-inomhus-och-utomhus-metallram-170h-x-110l-x-50w-cm-svart\/","og_locale":"sv_SE","og_type":"article","og_title":"TRUUSK Blomstativ - 3 V\u00e5ningar - 6 Krokar - Inomhus Och Utomhus - Metallram - 170H X 110L X 50W Cm - Svart - TRUUSK - Hem, Tr\u00e4dg\u00e5rd &amp; Fritid","og_description":"\u00c4lskar du blommor men har inte utrymme att visa dem med stil? Blomsterhyllan l\u00f6ser detta problem med en genomt\u00e4nkt design...","og_url":"https:\/\/truusk.store\/sv\/produkt\/truusk-blomstativ-3-vaningar-6-krokar-inomhus-och-utomhus-metallram-170h-x-110l-x-50w-cm-svart\/","og_site_name":"TRUUSK - Hem, Tr\u00e4dg\u00e5rd &amp; Fritid","article_modified_time":"2026-03-12T08:32:26+00:00","og_image":[{"width":800,"height":800,"url":"https:\/\/i0.wp.com\/truusk.se\/wp-content\/uploads\/2024\/02\/blomstativ-3-vaningar-6-krokar-inomhus-och-utomhus-metallram-170h-x-110l-x-50w-cm-svart.webp?fit=800%2C800&ssl=1","type":"image\/webp"}],"twitter_card":"summary_large_image","twitter_misc":{"Ber\u00e4knad l\u00e4stid":"1 minut"},"schema":{"@context":"https:\/\/schema.org","@graph":[{"@type":"WebPage","@id":"https:\/\/truusk.store\/sv\/produkt\/truusk-blomstativ-3-vaningar-6-krokar-inomhus-och-utomhus-metallram-170h-x-110l-x-50w-cm-svart\/","url":"https:\/\/truusk.store\/sv\/produkt\/truusk-blomstativ-3-vaningar-6-krokar-inomhus-och-utomhus-metallram-170h-x-110l-x-50w-cm-svart\/","name":"TRUUSK Blomstativ - 3 V\u00e5ningar - 6 Krokar - Inomhus Och Utomhus - Metallram - 170H X 110L X 50W Cm - Svart - TRUUSK - Hem, Tr\u00e4dg\u00e5rd &amp; Fritid","isPartOf":{"@id":"https:\/\/truusk.store\/sv\/#website"},"primaryImageOfPage":{"@id":"https:\/\/truusk.store\/sv\/produkt\/truusk-blomstativ-3-vaningar-6-krokar-inomhus-och-utomhus-metallram-170h-x-110l-x-50w-cm-svart\/#primaryimage"},"image":{"@id":"https:\/\/truusk.store\/sv\/produkt\/truusk-blomstativ-3-vaningar-6-krokar-inomhus-och-utomhus-metallram-170h-x-110l-x-50w-cm-svart\/#primaryimage"},"thumbnailUrl":"https:\/\/i0.wp.com\/truusk.store\/wp-content\/uploads\/2024\/02\/blomstativ-3-vaningar-6-krokar-inomhus-och-utomhus-metallram-170h-x-110l-x-50w-cm-svart.webp?fit=800%2C800&ssl=1","datePublished":"2024-02-14T05:59:26+00:00","dateModified":"2026-03-12T08:32:26+00:00","breadcrumb":{"@id":"https:\/\/truusk.store\/sv\/produkt\/truusk-blomstativ-3-vaningar-6-krokar-inomhus-och-utomhus-metallram-170h-x-110l-x-50w-cm-svart\/#breadcrumb"},"inLanguage":"sv-SE","potentialAction":[{"@type":"ReadAction","target":["https:\/\/truusk.store\/sv\/produkt\/truusk-blomstativ-3-vaningar-6-krokar-inomhus-och-utomhus-metallram-170h-x-110l-x-50w-cm-svart\/"]}]},{"@type":"ImageObject","inLanguage":"sv-SE","@id":"https:\/\/truusk.store\/sv\/produkt\/truusk-blomstativ-3-vaningar-6-krokar-inomhus-och-utomhus-metallram-170h-x-110l-x-50w-cm-svart\/#primaryimage","url":"https:\/\/i0.wp.com\/truusk.store\/wp-content\/uploads\/2024\/02\/blomstativ-3-vaningar-6-krokar-inomhus-och-utomhus-metallram-170h-x-110l-x-50w-cm-svart.webp?fit=800%2C800&ssl=1","contentUrl":"https:\/\/i0.wp.com\/truusk.store\/wp-content\/uploads\/2024\/02\/blomstativ-3-vaningar-6-krokar-inomhus-och-utomhus-metallram-170h-x-110l-x-50w-cm-svart.webp?fit=800%2C800&ssl=1","width":800,"height":800,"caption":"Blomstativ, 3 V\u00e5ningar, 6 Krokar, Inomhus Och Utomhus, Metallram, 170H X 110L X 50W Cm, Svart 1"},{"@type":"BreadcrumbList","@id":"https:\/\/truusk.store\/sv\/produkt\/truusk-blomstativ-3-vaningar-6-krokar-inomhus-och-utomhus-metallram-170h-x-110l-x-50w-cm-svart\/#breadcrumb","itemListElement":[{"@type":"ListItem","position":1,"name":"Home","item":"https:\/\/truusk.store\/sv\/"},{"@type":"ListItem","position":2,"name":"Shop","item":"https:\/\/truusk.store\/shop\/"},{"@type":"ListItem","position":3,"name":"TRUUSK Blomstativ &#8211; 3 V\u00e5ningar &#8211; 6 Krokar &#8211; Inomhus Och Utomhus &#8211; Metallram &#8211; 170H X 110L X 50W Cm &#8211; Svart"}]},{"@type":"WebSite","@id":"https:\/\/truusk.store\/sv\/#website","url":"https:\/\/truusk.store\/sv\/","name":"TRUUSK - Hem, Tr\u00e4dg\u00e5rd & Fritid","description":"","publisher":{"@id":"https:\/\/truusk.store\/sv\/#organization"},"potentialAction":[{"@type":"SearchAction","target":{"@type":"EntryPoint","urlTemplate":"https:\/\/truusk.store\/sv\/?s={search_term_string}"},"query-input":{"@type":"PropertyValueSpecification","valueRequired":true,"valueName":"search_term_string"}}],"inLanguage":"sv-SE"},{"@type":"Organization","@id":"https:\/\/truusk.store\/sv\/#organization","name":"TRUUSK - Hem, Tr\u00e4dg\u00e5rd & Fritid","url":"https:\/\/truusk.store\/sv\/","logo":{"@type":"ImageObject","inLanguage":"sv-SE","@id":"https:\/\/truusk.store\/sv\/#\/schema\/logo\/image\/","url":"https:\/\/i0.wp.com\/truusk.store\/wp-content\/uploads\/2026\/03\/cropped-TRUUSK.png?fit=2032%2C917&ssl=1","contentUrl":"https:\/\/i0.wp.com\/truusk.store\/wp-content\/uploads\/2026\/03\/cropped-TRUUSK.png?fit=2032%2C917&ssl=1","width":2032,"height":917,"caption":"TRUUSK - Hem, Tr\u00e4dg\u00e5rd & Fritid"},"image":{"@id":"https:\/\/truusk.store\/sv\/#\/schema\/logo\/image\/"}}]}},"jetpack_sharing_enabled":true,"_links":{"self":[{"href":"https:\/\/truusk.store\/sv\/wp-json\/wp\/v2\/product\/47066","targetHints":{"allow":["GET"]}}],"collection":[{"href":"https:\/\/truusk.store\/sv\/wp-json\/wp\/v2\/product"}],"about":[{"href":"https:\/\/truusk.store\/sv\/wp-json\/wp\/v2\/types\/product"}],"wp:featuredmedia":[{"embeddable":true,"href":"https:\/\/truusk.store\/sv\/wp-json\/wp\/v2\/media\/47067"}],"wp:attachment":[{"href":"https:\/\/truusk.store\/sv\/wp-json\/wp\/v2\/media?parent=47066"}],"wp:term":[{"taxonomy":"product_brand","embeddable":true,"href":"https:\/\/truusk.store\/sv\/wp-json\/wp\/v2\/product_brand?post=47066"},{"taxonomy":"product_cat","embeddable":true,"href":"https:\/\/truusk.store\/sv\/wp-json\/wp\/v2\/product_cat?post=47066"},{"taxonomy":"product_tag","embeddable":true,"href":"https:\/\/truusk.store\/sv\/wp-json\/wp\/v2\/product_tag?post=47066"}],"curies":[{"name":"wp","href":"https:\/\/api.w.org\/{rel}","templated":true}]}}