{"id":47096,"date":"2024-02-14T07:00:26","date_gmt":"2024-02-14T06:00:26","guid":{"rendered":"https:\/\/truusk.store\/product\/minivaxthusvaxthusvaxthus-2-planteringsytor-rulldorrar-185-x-94-x-150-cm-gron\/"},"modified":"2026-03-12T09:32:26","modified_gmt":"2026-03-12T08:32:26","slug":"truusk-minivaxthus-2-planteringsytor-rulldorrar-185-x-94-x-150-cm-gron","status":"publish","type":"product","link":"https:\/\/truusk.store\/sv\/produkt\/truusk-minivaxthus-2-planteringsytor-rulldorrar-185-x-94-x-150-cm-gron\/","title":{"rendered":"TRUUSK Miniv\u00e4xthus &#8211; 2 Planteringsytor &#8211; Rulld\u00f6rrar &#8211; 185 X 94 X 150 Cm &#8211; Gr\u00f6n"},"content":{"rendered":"<p>Tv\u00e5kammartomathuset \u00e4r en rymlig och praktisk l\u00f6sning f\u00f6r tr\u00e4dg\u00e5rdsm\u00e4stare p\u00e5 alla niv\u00e5er. Det finns tillr\u00e4ckligt med vertikalt utrymme tillg\u00e4ngligt f\u00f6r kl\u00e4tterv\u00e4xter som gurkor och tomater. V\u00e4xthusets UV-best\u00e4ndiga PE-\u00f6verdrag med upprullbara d\u00f6rrar och n\u00e4tf\u00f6nster s\u00e4kerst\u00e4ller en behaglig temperatur och luftfuktighet f\u00f6r v\u00e4xternas tillv\u00e4xt. Uppt\u00e4ck tr\u00e4dg\u00e5rdskonsten tack vare v\u00e4xthuset.<\/p>\n<h3>Beskrivning:<\/h3>\n<ul>\n<li>UV-best\u00e4ndigt v\u00e4xthusskydd f\u00f6rhindrar UV-skador och f\u00f6rl\u00e4nger livsl\u00e4ngden<\/li>\n<li>Tv\u00e5 rulld\u00f6rrar och fyra ventilationsgaller ger enkel \u00e5tkomst och god ventilation<\/li>\n<li>Tomathusets extra l\u00e5nga tak, linor och markpinnar g\u00f6r miniv\u00e4xthuset mer stabilt och s\u00e4kert<\/li>\n<li>Det b\u00f6jda taket ser bra ut och f\u00f6rhindrar att regnvatten samlas<\/li>\n<li>Monteringen \u00e4r enkel tack vare plastanslutningarna<\/li>\n<\/ul>\n<h3>Teknisk data:<\/h3>\n<ul>\n<li>F\u00e4rg: gr\u00f6n<\/li>\n<li>Material: st\u00e5l, PE<\/li>\n<li>\u00d6vergripande m\u00e5tt: 185L x 94W x 150H cm<\/li>\n<li>D\u00f6rrm\u00e5tt: 72W x 150H cm<\/li>\n<li>F\u00f6nsterm\u00e5tt fram: 40W x 30H cm<\/li>\n<li>Sidof\u00f6nsterm\u00e5tt: 30W x 30H cm<\/li>\n<li>Kantbredd: 10 cm<\/li>\n<\/ul>\n<h3>Leveransens omfattning:<\/h3>\n<ul>\n<li>1 x V\u00e4xthus<\/li>\n<li>4 x Guy Rope<\/li>\n<li>4 x markspetsar<\/li>\n<li>1 x manuell<\/li>\n<\/ul>\n","protected":false},"excerpt":{"rendered":"<p>Tv\u00e5kammartomathuset \u00e4r en rymlig och praktisk l\u00f6sning f\u00f6r tr\u00e4dg\u00e5rdsm\u00e4stare p\u00e5 alla niv\u00e5er. Det finns tillr\u00e4ckligt med vertikalt utrymme tillg\u00e4ngligt f\u00f6r&#8230;<\/p>\n","protected":false},"featured_media":47097,"template":"","meta":[],"product_brand":[],"product_cat":[444,435,443],"product_tag":[],"class_list":{"0":"post-47096","1":"product","2":"type-product","3":"status-publish","4":"has-post-thumbnail","6":"product_cat-filma-vaxthus","7":"product_cat-tradgard-och-terrass","8":"product_cat-vaxthus-tradgardsskotsel","10":"first","11":"instock","12":"sale","13":"taxable","14":"shipping-taxable","15":"purchasable","16":"product-type-simple"},"yoast_head":"<!-- This site is optimized with the Yoast SEO plugin v25.4 - https:\/\/yoast.com\/wordpress\/plugins\/seo\/ -->\n<title>TRUUSK Miniv\u00e4xthus - 2 Planteringsytor - Rulld\u00f6rrar - 185 X 94 X 150 Cm - Gr\u00f6n - TRUUSK - Hem, Tr\u00e4dg\u00e5rd &amp; Fritid<\/title>\n<meta name=\"robots\" content=\"index, follow, max-snippet:-1, max-image-preview:large, max-video-preview:-1\" \/>\n<link rel=\"canonical\" href=\"https:\/\/truusk.store\/sv\/produkt\/truusk-minivaxthus-2-planteringsytor-rulldorrar-185-x-94-x-150-cm-gron\/\" \/>\n<meta property=\"og:locale\" content=\"sv_SE\" \/>\n<meta property=\"og:type\" content=\"article\" \/>\n<meta property=\"og:title\" content=\"TRUUSK Miniv\u00e4xthus - 2 Planteringsytor - Rulld\u00f6rrar - 185 X 94 X 150 Cm - Gr\u00f6n - TRUUSK - Hem, Tr\u00e4dg\u00e5rd &amp; Fritid\" \/>\n<meta property=\"og:description\" content=\"Tv\u00e5kammartomathuset \u00e4r en rymlig och praktisk l\u00f6sning f\u00f6r tr\u00e4dg\u00e5rdsm\u00e4stare p\u00e5 alla niv\u00e5er. Det finns tillr\u00e4ckligt med vertikalt utrymme tillg\u00e4ngligt f\u00f6r...\" \/>\n<meta property=\"og:url\" content=\"https:\/\/truusk.store\/sv\/produkt\/truusk-minivaxthus-2-planteringsytor-rulldorrar-185-x-94-x-150-cm-gron\/\" \/>\n<meta property=\"og:site_name\" content=\"TRUUSK - Hem, Tr\u00e4dg\u00e5rd &amp; Fritid\" \/>\n<meta property=\"article:modified_time\" content=\"2026-03-12T08:32:26+00:00\" \/>\n<meta property=\"og:image\" content=\"https:\/\/i0.wp.com\/truusk.se\/wp-content\/uploads\/2024\/02\/minivaxthusvaxthusvaxthus-2-planteringsytor-rulldorrar-185-x-94-x-150-cm-gron.webp?fit=800%2C800&ssl=1\" \/>\n\t<meta property=\"og:image:width\" content=\"800\" \/>\n\t<meta property=\"og:image:height\" content=\"800\" \/>\n\t<meta property=\"og:image:type\" content=\"image\/webp\" \/>\n<meta name=\"twitter:card\" content=\"summary_large_image\" \/>\n<meta name=\"twitter:label1\" content=\"Ber\u00e4knad l\u00e4stid\" \/>\n\t<meta name=\"twitter:data1\" content=\"1 minut\" \/>\n<!-- \/ Yoast SEO plugin. -->","yoast_head_json":{"title":"TRUUSK Miniv\u00e4xthus - 2 Planteringsytor - Rulld\u00f6rrar - 185 X 94 X 150 Cm - Gr\u00f6n - TRUUSK - Hem, Tr\u00e4dg\u00e5rd &amp; Fritid","robots":{"index":"index","follow":"follow","max-snippet":"max-snippet:-1","max-image-preview":"max-image-preview:large","max-video-preview":"max-video-preview:-1"},"canonical":"https:\/\/truusk.store\/sv\/produkt\/truusk-minivaxthus-2-planteringsytor-rulldorrar-185-x-94-x-150-cm-gron\/","og_locale":"sv_SE","og_type":"article","og_title":"TRUUSK Miniv\u00e4xthus - 2 Planteringsytor - Rulld\u00f6rrar - 185 X 94 X 150 Cm - Gr\u00f6n - TRUUSK - Hem, Tr\u00e4dg\u00e5rd &amp; Fritid","og_description":"Tv\u00e5kammartomathuset \u00e4r en rymlig och praktisk l\u00f6sning f\u00f6r tr\u00e4dg\u00e5rdsm\u00e4stare p\u00e5 alla niv\u00e5er. Det finns tillr\u00e4ckligt med vertikalt utrymme tillg\u00e4ngligt f\u00f6r...","og_url":"https:\/\/truusk.store\/sv\/produkt\/truusk-minivaxthus-2-planteringsytor-rulldorrar-185-x-94-x-150-cm-gron\/","og_site_name":"TRUUSK - Hem, Tr\u00e4dg\u00e5rd &amp; Fritid","article_modified_time":"2026-03-12T08:32:26+00:00","og_image":[{"width":800,"height":800,"url":"https:\/\/i0.wp.com\/truusk.se\/wp-content\/uploads\/2024\/02\/minivaxthusvaxthusvaxthus-2-planteringsytor-rulldorrar-185-x-94-x-150-cm-gron.webp?fit=800%2C800&ssl=1","type":"image\/webp"}],"twitter_card":"summary_large_image","twitter_misc":{"Ber\u00e4knad l\u00e4stid":"1 minut"},"schema":{"@context":"https:\/\/schema.org","@graph":[{"@type":"WebPage","@id":"https:\/\/truusk.store\/sv\/produkt\/truusk-minivaxthus-2-planteringsytor-rulldorrar-185-x-94-x-150-cm-gron\/","url":"https:\/\/truusk.store\/sv\/produkt\/truusk-minivaxthus-2-planteringsytor-rulldorrar-185-x-94-x-150-cm-gron\/","name":"TRUUSK Miniv\u00e4xthus - 2 Planteringsytor - Rulld\u00f6rrar - 185 X 94 X 150 Cm - Gr\u00f6n - TRUUSK - Hem, Tr\u00e4dg\u00e5rd &amp; Fritid","isPartOf":{"@id":"https:\/\/truusk.store\/sv\/#website"},"primaryImageOfPage":{"@id":"https:\/\/truusk.store\/sv\/produkt\/truusk-minivaxthus-2-planteringsytor-rulldorrar-185-x-94-x-150-cm-gron\/#primaryimage"},"image":{"@id":"https:\/\/truusk.store\/sv\/produkt\/truusk-minivaxthus-2-planteringsytor-rulldorrar-185-x-94-x-150-cm-gron\/#primaryimage"},"thumbnailUrl":"https:\/\/i0.wp.com\/truusk.store\/wp-content\/uploads\/2024\/02\/minivaxthusvaxthusvaxthus-2-planteringsytor-rulldorrar-185-x-94-x-150-cm-gron.webp?fit=800%2C800&ssl=1","datePublished":"2024-02-14T06:00:26+00:00","dateModified":"2026-03-12T08:32:26+00:00","breadcrumb":{"@id":"https:\/\/truusk.store\/sv\/produkt\/truusk-minivaxthus-2-planteringsytor-rulldorrar-185-x-94-x-150-cm-gron\/#breadcrumb"},"inLanguage":"sv-SE","potentialAction":[{"@type":"ReadAction","target":["https:\/\/truusk.store\/sv\/produkt\/truusk-minivaxthus-2-planteringsytor-rulldorrar-185-x-94-x-150-cm-gron\/"]}]},{"@type":"ImageObject","inLanguage":"sv-SE","@id":"https:\/\/truusk.store\/sv\/produkt\/truusk-minivaxthus-2-planteringsytor-rulldorrar-185-x-94-x-150-cm-gron\/#primaryimage","url":"https:\/\/i0.wp.com\/truusk.store\/wp-content\/uploads\/2024\/02\/minivaxthusvaxthusvaxthus-2-planteringsytor-rulldorrar-185-x-94-x-150-cm-gron.webp?fit=800%2C800&ssl=1","contentUrl":"https:\/\/i0.wp.com\/truusk.store\/wp-content\/uploads\/2024\/02\/minivaxthusvaxthusvaxthus-2-planteringsytor-rulldorrar-185-x-94-x-150-cm-gron.webp?fit=800%2C800&ssl=1","width":800,"height":800,"caption":"Miniv\u00e4xthusv\u00e4xthusv\u00e4xthus, 2 Planteringsytor, Rulld\u00f6rrar, 185 X 94 X 150 Cm, Gr\u00f6n 1"},{"@type":"BreadcrumbList","@id":"https:\/\/truusk.store\/sv\/produkt\/truusk-minivaxthus-2-planteringsytor-rulldorrar-185-x-94-x-150-cm-gron\/#breadcrumb","itemListElement":[{"@type":"ListItem","position":1,"name":"Home","item":"https:\/\/truusk.store\/sv\/"},{"@type":"ListItem","position":2,"name":"Shop","item":"https:\/\/truusk.store\/shop\/"},{"@type":"ListItem","position":3,"name":"TRUUSK Miniv\u00e4xthus &#8211; 2 Planteringsytor &#8211; Rulld\u00f6rrar &#8211; 185 X 94 X 150 Cm &#8211; Gr\u00f6n"}]},{"@type":"WebSite","@id":"https:\/\/truusk.store\/sv\/#website","url":"https:\/\/truusk.store\/sv\/","name":"TRUUSK - Hem, Tr\u00e4dg\u00e5rd & Fritid","description":"","publisher":{"@id":"https:\/\/truusk.store\/sv\/#organization"},"potentialAction":[{"@type":"SearchAction","target":{"@type":"EntryPoint","urlTemplate":"https:\/\/truusk.store\/sv\/?s={search_term_string}"},"query-input":{"@type":"PropertyValueSpecification","valueRequired":true,"valueName":"search_term_string"}}],"inLanguage":"sv-SE"},{"@type":"Organization","@id":"https:\/\/truusk.store\/sv\/#organization","name":"TRUUSK - Hem, Tr\u00e4dg\u00e5rd & Fritid","url":"https:\/\/truusk.store\/sv\/","logo":{"@type":"ImageObject","inLanguage":"sv-SE","@id":"https:\/\/truusk.store\/sv\/#\/schema\/logo\/image\/","url":"https:\/\/i0.wp.com\/truusk.store\/wp-content\/uploads\/2026\/03\/cropped-TRUUSK.png?fit=2032%2C917&ssl=1","contentUrl":"https:\/\/i0.wp.com\/truusk.store\/wp-content\/uploads\/2026\/03\/cropped-TRUUSK.png?fit=2032%2C917&ssl=1","width":2032,"height":917,"caption":"TRUUSK - Hem, Tr\u00e4dg\u00e5rd & Fritid"},"image":{"@id":"https:\/\/truusk.store\/sv\/#\/schema\/logo\/image\/"}}]}},"jetpack_sharing_enabled":true,"_links":{"self":[{"href":"https:\/\/truusk.store\/sv\/wp-json\/wp\/v2\/product\/47096","targetHints":{"allow":["GET"]}}],"collection":[{"href":"https:\/\/truusk.store\/sv\/wp-json\/wp\/v2\/product"}],"about":[{"href":"https:\/\/truusk.store\/sv\/wp-json\/wp\/v2\/types\/product"}],"wp:featuredmedia":[{"embeddable":true,"href":"https:\/\/truusk.store\/sv\/wp-json\/wp\/v2\/media\/47097"}],"wp:attachment":[{"href":"https:\/\/truusk.store\/sv\/wp-json\/wp\/v2\/media?parent=47096"}],"wp:term":[{"taxonomy":"product_brand","embeddable":true,"href":"https:\/\/truusk.store\/sv\/wp-json\/wp\/v2\/product_brand?post=47096"},{"taxonomy":"product_cat","embeddable":true,"href":"https:\/\/truusk.store\/sv\/wp-json\/wp\/v2\/product_cat?post=47096"},{"taxonomy":"product_tag","embeddable":true,"href":"https:\/\/truusk.store\/sv\/wp-json\/wp\/v2\/product_tag?post=47096"}],"curies":[{"name":"wp","href":"https:\/\/api.w.org\/{rel}","templated":true}]}}