{"id":47107,"date":"2024-02-14T07:00:48","date_gmt":"2024-02-14T06:00:48","guid":{"rendered":"https:\/\/truusk.store\/product\/vaxthusvarme-vaderbestandig-rulldorr-100-cm-x-80-cm-x-150-cm-vit-gron\/"},"modified":"2026-03-12T09:32:28","modified_gmt":"2026-03-12T08:32:28","slug":"truusk-vaxthusvarmare-vaderbestandig-rulldorr-100x80x150-cm-vit-gron","status":"publish","type":"product","link":"https:\/\/truusk.store\/sv\/produkt\/truusk-vaxthusvarmare-vaderbestandig-rulldorr-100x80x150-cm-vit-gron\/","title":{"rendered":"TRUUSK V\u00e4xthusv\u00e4rmare &#8211; V\u00e4derbest\u00e4ndig &#8211; Rulld\u00f6rr &#8211; 100x80x150 cm &#8211; Vit &amp; Gr\u00f6n"},"content":{"rendered":"<p>Med tv\u00e5rumsv\u00e4xthuset finns inga gr\u00e4nser f\u00f6r tr\u00e4dg\u00e5rdsarbete. Med en robust st\u00e5lram och ett UV-best\u00e4ndigt plastskydd har dina v\u00e4xter en skyddad plats f\u00f6r optimal tillv\u00e4xt. T\u00e4cket ger ocks\u00e5 v\u00e4xterna m\u00f6jlighet att absorbera solljus. Dessutom ger den upprullbara luckan enkel \u00e5tkomst till det portabla v\u00e4xthuset medan h\u00e5len till\u00e5ter frisk luft att fl\u00f6da.<\/p>\n<h3>Beskrivning:<\/h3>\n<ul>\n<li>Fr\u00e4mre och bakre rum med varsin d\u00f6rr f\u00f6r odling av olika typer av v\u00e4xter<\/li>\n<li>UV-best\u00e4ndigt skydd f\u00f6rhindrar UV-br\u00e4nnskador och f\u00f6rl\u00e4nger livsl\u00e4ngden<\/li>\n<li>F\u00e5llad kant f\u00f6r att f\u00f6rst\u00e4rka locket och f\u00f6rhindra sprickor<\/li>\n<li>Upprullbar d\u00f6rr med dragkedja f\u00f6r enkel \u00e5tkomst<\/li>\n<li>4 ventilationsh\u00e5l<\/li>\n<li>V\u00e4xthusets stabilitet och s\u00e4kerhet tack vare det extra l\u00e5nga taket<\/li>\n<li>L\u00e4tt att montera med plastanslutningar, rekommenderas f\u00f6r 1-2 personer<\/li>\n<\/ul>\n<h3>Teknisk data:<\/h3>\n<ul>\n<li>F\u00e4rg vit<\/li>\n<li>Material: st\u00e5l, polyeten<\/li>\n<li>\u00d6vergripande m\u00e5tt: 100L x 80W x 150H cm<\/li>\n<li>D\u00f6rrm\u00e5tt: 72W x 125H cm<\/li>\n<li>Ventilationsh\u00e5l: 10 mm<\/li>\n<li>Kantbredd: 10 cm<\/li>\n<li>Vindskyddsniv\u00e5: 4<\/li>\n<\/ul>\n<h3>Leveransens omfattning:<\/h3>\n<ul>\n<li>1 x Miniv\u00e4xthus<\/li>\n<li>1 x manuell<\/li>\n<\/ul>\n","protected":false},"excerpt":{"rendered":"<p>Med tv\u00e5rumsv\u00e4xthuset finns inga gr\u00e4nser f\u00f6r tr\u00e4dg\u00e5rdsarbete. Med en robust st\u00e5lram och ett UV-best\u00e4ndigt plastskydd har dina v\u00e4xter en skyddad&#8230;<\/p>\n","protected":false},"featured_media":47108,"template":"","meta":[],"product_brand":[],"product_cat":[444,435,443],"product_tag":[],"class_list":{"0":"post-47107","1":"product","2":"type-product","3":"status-publish","4":"has-post-thumbnail","6":"product_cat-filma-vaxthus","7":"product_cat-tradgard-och-terrass","8":"product_cat-vaxthus-tradgardsskotsel","10":"first","11":"instock","12":"sale","13":"taxable","14":"shipping-taxable","15":"purchasable","16":"product-type-simple"},"yoast_head":"<!-- This site is optimized with the Yoast SEO plugin v25.4 - https:\/\/yoast.com\/wordpress\/plugins\/seo\/ -->\n<title>TRUUSK V\u00e4xthusv\u00e4rmare - V\u00e4derbest\u00e4ndig - Rulld\u00f6rr - 100x80x150 cm - Vit &amp; Gr\u00f6n - TRUUSK - Hem, Tr\u00e4dg\u00e5rd &amp; Fritid<\/title>\n<meta name=\"robots\" content=\"index, follow, max-snippet:-1, max-image-preview:large, max-video-preview:-1\" \/>\n<link rel=\"canonical\" href=\"https:\/\/truusk.store\/sv\/produkt\/truusk-vaxthusvarmare-vaderbestandig-rulldorr-100x80x150-cm-vit-gron\/\" \/>\n<meta property=\"og:locale\" content=\"sv_SE\" \/>\n<meta property=\"og:type\" content=\"article\" \/>\n<meta property=\"og:title\" content=\"TRUUSK V\u00e4xthusv\u00e4rmare - V\u00e4derbest\u00e4ndig - Rulld\u00f6rr - 100x80x150 cm - Vit &amp; Gr\u00f6n - TRUUSK - Hem, Tr\u00e4dg\u00e5rd &amp; Fritid\" \/>\n<meta property=\"og:description\" content=\"Med tv\u00e5rumsv\u00e4xthuset finns inga gr\u00e4nser f\u00f6r tr\u00e4dg\u00e5rdsarbete. Med en robust st\u00e5lram och ett UV-best\u00e4ndigt plastskydd har dina v\u00e4xter en skyddad...\" \/>\n<meta property=\"og:url\" content=\"https:\/\/truusk.store\/sv\/produkt\/truusk-vaxthusvarmare-vaderbestandig-rulldorr-100x80x150-cm-vit-gron\/\" \/>\n<meta property=\"og:site_name\" content=\"TRUUSK - Hem, Tr\u00e4dg\u00e5rd &amp; Fritid\" \/>\n<meta property=\"article:modified_time\" content=\"2026-03-12T08:32:28+00:00\" \/>\n<meta property=\"og:image\" content=\"https:\/\/i0.wp.com\/truusk.se\/wp-content\/uploads\/2024\/02\/vaxthusvarme-vaderbestandig-rulldorr-100-cm-x-80-cm-x-150-cm-vit-gron.webp?fit=800%2C800&ssl=1\" \/>\n\t<meta property=\"og:image:width\" content=\"800\" \/>\n\t<meta property=\"og:image:height\" content=\"800\" \/>\n\t<meta property=\"og:image:type\" content=\"image\/webp\" \/>\n<meta name=\"twitter:card\" content=\"summary_large_image\" \/>\n<meta name=\"twitter:label1\" content=\"Ber\u00e4knad l\u00e4stid\" \/>\n\t<meta name=\"twitter:data1\" content=\"1 minut\" \/>\n<!-- \/ Yoast SEO plugin. -->","yoast_head_json":{"title":"TRUUSK V\u00e4xthusv\u00e4rmare - V\u00e4derbest\u00e4ndig - Rulld\u00f6rr - 100x80x150 cm - Vit &amp; Gr\u00f6n - TRUUSK - Hem, Tr\u00e4dg\u00e5rd &amp; Fritid","robots":{"index":"index","follow":"follow","max-snippet":"max-snippet:-1","max-image-preview":"max-image-preview:large","max-video-preview":"max-video-preview:-1"},"canonical":"https:\/\/truusk.store\/sv\/produkt\/truusk-vaxthusvarmare-vaderbestandig-rulldorr-100x80x150-cm-vit-gron\/","og_locale":"sv_SE","og_type":"article","og_title":"TRUUSK V\u00e4xthusv\u00e4rmare - V\u00e4derbest\u00e4ndig - Rulld\u00f6rr - 100x80x150 cm - Vit &amp; Gr\u00f6n - TRUUSK - Hem, Tr\u00e4dg\u00e5rd &amp; Fritid","og_description":"Med tv\u00e5rumsv\u00e4xthuset finns inga gr\u00e4nser f\u00f6r tr\u00e4dg\u00e5rdsarbete. Med en robust st\u00e5lram och ett UV-best\u00e4ndigt plastskydd har dina v\u00e4xter en skyddad...","og_url":"https:\/\/truusk.store\/sv\/produkt\/truusk-vaxthusvarmare-vaderbestandig-rulldorr-100x80x150-cm-vit-gron\/","og_site_name":"TRUUSK - Hem, Tr\u00e4dg\u00e5rd &amp; Fritid","article_modified_time":"2026-03-12T08:32:28+00:00","og_image":[{"width":800,"height":800,"url":"https:\/\/i0.wp.com\/truusk.se\/wp-content\/uploads\/2024\/02\/vaxthusvarme-vaderbestandig-rulldorr-100-cm-x-80-cm-x-150-cm-vit-gron.webp?fit=800%2C800&ssl=1","type":"image\/webp"}],"twitter_card":"summary_large_image","twitter_misc":{"Ber\u00e4knad l\u00e4stid":"1 minut"},"schema":{"@context":"https:\/\/schema.org","@graph":[{"@type":"WebPage","@id":"https:\/\/truusk.store\/sv\/produkt\/truusk-vaxthusvarmare-vaderbestandig-rulldorr-100x80x150-cm-vit-gron\/","url":"https:\/\/truusk.store\/sv\/produkt\/truusk-vaxthusvarmare-vaderbestandig-rulldorr-100x80x150-cm-vit-gron\/","name":"TRUUSK V\u00e4xthusv\u00e4rmare - V\u00e4derbest\u00e4ndig - Rulld\u00f6rr - 100x80x150 cm - Vit &amp; Gr\u00f6n - TRUUSK - Hem, Tr\u00e4dg\u00e5rd &amp; Fritid","isPartOf":{"@id":"https:\/\/truusk.store\/sv\/#website"},"primaryImageOfPage":{"@id":"https:\/\/truusk.store\/sv\/produkt\/truusk-vaxthusvarmare-vaderbestandig-rulldorr-100x80x150-cm-vit-gron\/#primaryimage"},"image":{"@id":"https:\/\/truusk.store\/sv\/produkt\/truusk-vaxthusvarmare-vaderbestandig-rulldorr-100x80x150-cm-vit-gron\/#primaryimage"},"thumbnailUrl":"https:\/\/i0.wp.com\/truusk.store\/wp-content\/uploads\/2024\/02\/vaxthusvarme-vaderbestandig-rulldorr-100-cm-x-80-cm-x-150-cm-vit-gron.webp?fit=800%2C800&ssl=1","datePublished":"2024-02-14T06:00:48+00:00","dateModified":"2026-03-12T08:32:28+00:00","breadcrumb":{"@id":"https:\/\/truusk.store\/sv\/produkt\/truusk-vaxthusvarmare-vaderbestandig-rulldorr-100x80x150-cm-vit-gron\/#breadcrumb"},"inLanguage":"sv-SE","potentialAction":[{"@type":"ReadAction","target":["https:\/\/truusk.store\/sv\/produkt\/truusk-vaxthusvarmare-vaderbestandig-rulldorr-100x80x150-cm-vit-gron\/"]}]},{"@type":"ImageObject","inLanguage":"sv-SE","@id":"https:\/\/truusk.store\/sv\/produkt\/truusk-vaxthusvarmare-vaderbestandig-rulldorr-100x80x150-cm-vit-gron\/#primaryimage","url":"https:\/\/i0.wp.com\/truusk.store\/wp-content\/uploads\/2024\/02\/vaxthusvarme-vaderbestandig-rulldorr-100-cm-x-80-cm-x-150-cm-vit-gron.webp?fit=800%2C800&ssl=1","contentUrl":"https:\/\/i0.wp.com\/truusk.store\/wp-content\/uploads\/2024\/02\/vaxthusvarme-vaderbestandig-rulldorr-100-cm-x-80-cm-x-150-cm-vit-gron.webp?fit=800%2C800&ssl=1","width":800,"height":800,"caption":"V\u00e4xthusv\u00e4rme, V\u00e4derbest\u00e4ndig, Rulld\u00f6rr, 100 Cm X 80 Cm X 150 Cm, Vit + Gr\u00f6n 1"},{"@type":"BreadcrumbList","@id":"https:\/\/truusk.store\/sv\/produkt\/truusk-vaxthusvarmare-vaderbestandig-rulldorr-100x80x150-cm-vit-gron\/#breadcrumb","itemListElement":[{"@type":"ListItem","position":1,"name":"Home","item":"https:\/\/truusk.store\/sv\/"},{"@type":"ListItem","position":2,"name":"Shop","item":"https:\/\/truusk.store\/shop\/"},{"@type":"ListItem","position":3,"name":"TRUUSK V\u00e4xthusv\u00e4rmare &#8211; V\u00e4derbest\u00e4ndig &#8211; Rulld\u00f6rr &#8211; 100x80x150 cm &#8211; Vit &amp; Gr\u00f6n"}]},{"@type":"WebSite","@id":"https:\/\/truusk.store\/sv\/#website","url":"https:\/\/truusk.store\/sv\/","name":"TRUUSK - Hem, Tr\u00e4dg\u00e5rd & Fritid","description":"","publisher":{"@id":"https:\/\/truusk.store\/sv\/#organization"},"potentialAction":[{"@type":"SearchAction","target":{"@type":"EntryPoint","urlTemplate":"https:\/\/truusk.store\/sv\/?s={search_term_string}"},"query-input":{"@type":"PropertyValueSpecification","valueRequired":true,"valueName":"search_term_string"}}],"inLanguage":"sv-SE"},{"@type":"Organization","@id":"https:\/\/truusk.store\/sv\/#organization","name":"TRUUSK - Hem, Tr\u00e4dg\u00e5rd & Fritid","url":"https:\/\/truusk.store\/sv\/","logo":{"@type":"ImageObject","inLanguage":"sv-SE","@id":"https:\/\/truusk.store\/sv\/#\/schema\/logo\/image\/","url":"https:\/\/i0.wp.com\/truusk.store\/wp-content\/uploads\/2026\/03\/cropped-TRUUSK.png?fit=2032%2C917&ssl=1","contentUrl":"https:\/\/i0.wp.com\/truusk.store\/wp-content\/uploads\/2026\/03\/cropped-TRUUSK.png?fit=2032%2C917&ssl=1","width":2032,"height":917,"caption":"TRUUSK - Hem, Tr\u00e4dg\u00e5rd & Fritid"},"image":{"@id":"https:\/\/truusk.store\/sv\/#\/schema\/logo\/image\/"}}]}},"jetpack_sharing_enabled":true,"_links":{"self":[{"href":"https:\/\/truusk.store\/sv\/wp-json\/wp\/v2\/product\/47107","targetHints":{"allow":["GET"]}}],"collection":[{"href":"https:\/\/truusk.store\/sv\/wp-json\/wp\/v2\/product"}],"about":[{"href":"https:\/\/truusk.store\/sv\/wp-json\/wp\/v2\/types\/product"}],"wp:featuredmedia":[{"embeddable":true,"href":"https:\/\/truusk.store\/sv\/wp-json\/wp\/v2\/media\/47108"}],"wp:attachment":[{"href":"https:\/\/truusk.store\/sv\/wp-json\/wp\/v2\/media?parent=47107"}],"wp:term":[{"taxonomy":"product_brand","embeddable":true,"href":"https:\/\/truusk.store\/sv\/wp-json\/wp\/v2\/product_brand?post=47107"},{"taxonomy":"product_cat","embeddable":true,"href":"https:\/\/truusk.store\/sv\/wp-json\/wp\/v2\/product_cat?post=47107"},{"taxonomy":"product_tag","embeddable":true,"href":"https:\/\/truusk.store\/sv\/wp-json\/wp\/v2\/product_tag?post=47107"}],"curies":[{"name":"wp","href":"https:\/\/api.w.org\/{rel}","templated":true}]}}