{"id":47114,"date":"2024-02-14T07:01:04","date_gmt":"2024-02-14T06:01:04","guid":{"rendered":"https:\/\/truusk.store\/product\/vaxthus-tidigt-badd-vaxthus-90-cm-x-90-cm-x-145-cm-transparent-svart\/"},"modified":"2026-03-12T09:32:28","modified_gmt":"2026-03-12T08:32:28","slug":"truusk-transparent-vaxthus-tidigt-badd-90x90x145-cm-inkluderar-svart-ram-for-tidig-vaxtstart","status":"publish","type":"product","link":"https:\/\/truusk.store\/sv\/produkt\/truusk-transparent-vaxthus-tidigt-badd-90x90x145-cm-inkluderar-svart-ram-for-tidig-vaxtstart\/","title":{"rendered":"TRUUSK Transparent V\u00e4xthus Tidigt B\u00e4dd &#8211; 90x90x145 cm &#8211; Inkluderar Svart Ram &#8211; F\u00f6r Tidig V\u00e4xtstart"},"content":{"rendered":"<p>Du beh\u00f6ver inte oroa dig f\u00f6r att dina noggrant omh\u00e4ndertagna v\u00e4xter och blommor fryser! Miniv\u00e4xthuset erbjuder en kompakt men rymlig l\u00f6sning f\u00f6r tr\u00e4dg\u00e5rdsm\u00e4stare. Den kr\u00e4ver mindre \u00e4n en kvadratmeter golvyta och erbjuder tillr\u00e4ckligt med h\u00f6jdutrymme f\u00f6r kl\u00e4tterv\u00e4xter som rosor, gurkor och tomater. Det UV-best\u00e4ndiga plast\u00f6verdraget med dragkedjef\u00f6rsedda d\u00f6rrar skapar ett optimalt temperatur- och fuktklimat f\u00f6r v\u00e4xttillv\u00e4xt.<\/p>\n<h3>Beskrivning:<\/h3>\n<ul>\n<li>UV-best\u00e4ndigt plastskydd f\u00f6rhindrar UV-skador<\/li>\n<li>Tv\u00e5 dragkedjor f\u00f6r enkel \u00e5tkomst och ventilation<\/li>\n<li>Med remmar f\u00f6r att fixera \u00f6ppningen av d\u00f6rrpanelerna<\/li>\n<li>extra l\u00e5ng t\u00e4ckning att b\u00e4dda in i marken<\/li>\n<li>L\u00e4tt att montera med plastkontakter<\/li>\n<\/ul>\n<h3>Teknisk data:<\/h3>\n<ul>\n<li>F\u00e4rg: Transparent<\/li>\n<li>Material: st\u00e5l, plast<\/li>\n<li>\u00d6vergripande m\u00e5tt: 90L x 90W x 145H cm<\/li>\n<li>D\u00f6rrh\u00f6jd: 145 cm<\/li>\n<li>Kantbredd: 10 cm<\/li>\n<\/ul>\n<h3>Leveransens omfattning:<\/h3>\n<ul>\n<li>1 x Miniv\u00e4xthus<\/li>\n<li>1 x manuell<\/li>\n<\/ul>\n","protected":false},"excerpt":{"rendered":"<p>Du beh\u00f6ver inte oroa dig f\u00f6r att dina noggrant omh\u00e4ndertagna v\u00e4xter och blommor fryser! Miniv\u00e4xthuset erbjuder en kompakt men rymlig&#8230;<\/p>\n","protected":false},"featured_media":47115,"template":"","meta":[],"product_brand":[],"product_cat":[444,435,443],"product_tag":[],"class_list":{"0":"post-47114","1":"product","2":"type-product","3":"status-publish","4":"has-post-thumbnail","6":"product_cat-filma-vaxthus","7":"product_cat-tradgard-och-terrass","8":"product_cat-vaxthus-tradgardsskotsel","10":"first","11":"instock","12":"sale","13":"taxable","14":"shipping-taxable","15":"purchasable","16":"product-type-simple"},"yoast_head":"<!-- This site is optimized with the Yoast SEO plugin v25.4 - https:\/\/yoast.com\/wordpress\/plugins\/seo\/ -->\n<title>TRUUSK Transparent V\u00e4xthus Tidigt B\u00e4dd - 90x90x145 cm - Inkluderar Svart Ram - F\u00f6r Tidig V\u00e4xtstart - TRUUSK - Hem, Tr\u00e4dg\u00e5rd &amp; Fritid<\/title>\n<meta name=\"robots\" content=\"index, follow, max-snippet:-1, max-image-preview:large, max-video-preview:-1\" \/>\n<link rel=\"canonical\" href=\"https:\/\/truusk.store\/sv\/produkt\/truusk-transparent-vaxthus-tidigt-badd-90x90x145-cm-inkluderar-svart-ram-for-tidig-vaxtstart\/\" \/>\n<meta property=\"og:locale\" content=\"sv_SE\" \/>\n<meta property=\"og:type\" content=\"article\" \/>\n<meta property=\"og:title\" content=\"TRUUSK Transparent V\u00e4xthus Tidigt B\u00e4dd - 90x90x145 cm - Inkluderar Svart Ram - F\u00f6r Tidig V\u00e4xtstart - TRUUSK - Hem, Tr\u00e4dg\u00e5rd &amp; Fritid\" \/>\n<meta property=\"og:description\" content=\"Du beh\u00f6ver inte oroa dig f\u00f6r att dina noggrant omh\u00e4ndertagna v\u00e4xter och blommor fryser! Miniv\u00e4xthuset erbjuder en kompakt men rymlig...\" \/>\n<meta property=\"og:url\" content=\"https:\/\/truusk.store\/sv\/produkt\/truusk-transparent-vaxthus-tidigt-badd-90x90x145-cm-inkluderar-svart-ram-for-tidig-vaxtstart\/\" \/>\n<meta property=\"og:site_name\" content=\"TRUUSK - Hem, Tr\u00e4dg\u00e5rd &amp; Fritid\" \/>\n<meta property=\"article:modified_time\" content=\"2026-03-12T08:32:28+00:00\" \/>\n<meta property=\"og:image\" content=\"https:\/\/i0.wp.com\/truusk.se\/wp-content\/uploads\/2024\/02\/vaxthus-tidigt-badd-vaxthus-90-cm-x-90-cm-x-145-cm-transparent-svart.webp?fit=800%2C800&ssl=1\" \/>\n\t<meta property=\"og:image:width\" content=\"800\" \/>\n\t<meta property=\"og:image:height\" content=\"800\" \/>\n\t<meta property=\"og:image:type\" content=\"image\/webp\" \/>\n<meta name=\"twitter:card\" content=\"summary_large_image\" \/>\n<meta name=\"twitter:label1\" content=\"Ber\u00e4knad l\u00e4stid\" \/>\n\t<meta name=\"twitter:data1\" content=\"1 minut\" \/>\n<!-- \/ Yoast SEO plugin. -->","yoast_head_json":{"title":"TRUUSK Transparent V\u00e4xthus Tidigt B\u00e4dd - 90x90x145 cm - Inkluderar Svart Ram - F\u00f6r Tidig V\u00e4xtstart - TRUUSK - Hem, Tr\u00e4dg\u00e5rd &amp; Fritid","robots":{"index":"index","follow":"follow","max-snippet":"max-snippet:-1","max-image-preview":"max-image-preview:large","max-video-preview":"max-video-preview:-1"},"canonical":"https:\/\/truusk.store\/sv\/produkt\/truusk-transparent-vaxthus-tidigt-badd-90x90x145-cm-inkluderar-svart-ram-for-tidig-vaxtstart\/","og_locale":"sv_SE","og_type":"article","og_title":"TRUUSK Transparent V\u00e4xthus Tidigt B\u00e4dd - 90x90x145 cm - Inkluderar Svart Ram - F\u00f6r Tidig V\u00e4xtstart - TRUUSK - Hem, Tr\u00e4dg\u00e5rd &amp; Fritid","og_description":"Du beh\u00f6ver inte oroa dig f\u00f6r att dina noggrant omh\u00e4ndertagna v\u00e4xter och blommor fryser! Miniv\u00e4xthuset erbjuder en kompakt men rymlig...","og_url":"https:\/\/truusk.store\/sv\/produkt\/truusk-transparent-vaxthus-tidigt-badd-90x90x145-cm-inkluderar-svart-ram-for-tidig-vaxtstart\/","og_site_name":"TRUUSK - Hem, Tr\u00e4dg\u00e5rd &amp; Fritid","article_modified_time":"2026-03-12T08:32:28+00:00","og_image":[{"width":800,"height":800,"url":"https:\/\/i0.wp.com\/truusk.se\/wp-content\/uploads\/2024\/02\/vaxthus-tidigt-badd-vaxthus-90-cm-x-90-cm-x-145-cm-transparent-svart.webp?fit=800%2C800&ssl=1","type":"image\/webp"}],"twitter_card":"summary_large_image","twitter_misc":{"Ber\u00e4knad l\u00e4stid":"1 minut"},"schema":{"@context":"https:\/\/schema.org","@graph":[{"@type":"WebPage","@id":"https:\/\/truusk.store\/sv\/produkt\/truusk-transparent-vaxthus-tidigt-badd-90x90x145-cm-inkluderar-svart-ram-for-tidig-vaxtstart\/","url":"https:\/\/truusk.store\/sv\/produkt\/truusk-transparent-vaxthus-tidigt-badd-90x90x145-cm-inkluderar-svart-ram-for-tidig-vaxtstart\/","name":"TRUUSK Transparent V\u00e4xthus Tidigt B\u00e4dd - 90x90x145 cm - Inkluderar Svart Ram - F\u00f6r Tidig V\u00e4xtstart - TRUUSK - Hem, Tr\u00e4dg\u00e5rd &amp; Fritid","isPartOf":{"@id":"https:\/\/truusk.store\/sv\/#website"},"primaryImageOfPage":{"@id":"https:\/\/truusk.store\/sv\/produkt\/truusk-transparent-vaxthus-tidigt-badd-90x90x145-cm-inkluderar-svart-ram-for-tidig-vaxtstart\/#primaryimage"},"image":{"@id":"https:\/\/truusk.store\/sv\/produkt\/truusk-transparent-vaxthus-tidigt-badd-90x90x145-cm-inkluderar-svart-ram-for-tidig-vaxtstart\/#primaryimage"},"thumbnailUrl":"https:\/\/i0.wp.com\/truusk.store\/wp-content\/uploads\/2024\/02\/vaxthus-tidigt-badd-vaxthus-90-cm-x-90-cm-x-145-cm-transparent-svart.webp?fit=800%2C800&ssl=1","datePublished":"2024-02-14T06:01:04+00:00","dateModified":"2026-03-12T08:32:28+00:00","breadcrumb":{"@id":"https:\/\/truusk.store\/sv\/produkt\/truusk-transparent-vaxthus-tidigt-badd-90x90x145-cm-inkluderar-svart-ram-for-tidig-vaxtstart\/#breadcrumb"},"inLanguage":"sv-SE","potentialAction":[{"@type":"ReadAction","target":["https:\/\/truusk.store\/sv\/produkt\/truusk-transparent-vaxthus-tidigt-badd-90x90x145-cm-inkluderar-svart-ram-for-tidig-vaxtstart\/"]}]},{"@type":"ImageObject","inLanguage":"sv-SE","@id":"https:\/\/truusk.store\/sv\/produkt\/truusk-transparent-vaxthus-tidigt-badd-90x90x145-cm-inkluderar-svart-ram-for-tidig-vaxtstart\/#primaryimage","url":"https:\/\/i0.wp.com\/truusk.store\/wp-content\/uploads\/2024\/02\/vaxthus-tidigt-badd-vaxthus-90-cm-x-90-cm-x-145-cm-transparent-svart.webp?fit=800%2C800&ssl=1","contentUrl":"https:\/\/i0.wp.com\/truusk.store\/wp-content\/uploads\/2024\/02\/vaxthus-tidigt-badd-vaxthus-90-cm-x-90-cm-x-145-cm-transparent-svart.webp?fit=800%2C800&ssl=1","width":800,"height":800,"caption":"V\u00e4xthus Tidigt B\u00e4dd V\u00e4xthus, 90 Cm X 90 Cm X 145 Cm, Transparent + Svart 1"},{"@type":"BreadcrumbList","@id":"https:\/\/truusk.store\/sv\/produkt\/truusk-transparent-vaxthus-tidigt-badd-90x90x145-cm-inkluderar-svart-ram-for-tidig-vaxtstart\/#breadcrumb","itemListElement":[{"@type":"ListItem","position":1,"name":"Home","item":"https:\/\/truusk.store\/sv\/"},{"@type":"ListItem","position":2,"name":"Shop","item":"https:\/\/truusk.store\/shop\/"},{"@type":"ListItem","position":3,"name":"TRUUSK Transparent V\u00e4xthus Tidigt B\u00e4dd &#8211; 90x90x145 cm &#8211; Inkluderar Svart Ram &#8211; F\u00f6r Tidig V\u00e4xtstart"}]},{"@type":"WebSite","@id":"https:\/\/truusk.store\/sv\/#website","url":"https:\/\/truusk.store\/sv\/","name":"TRUUSK - Hem, Tr\u00e4dg\u00e5rd & Fritid","description":"","publisher":{"@id":"https:\/\/truusk.store\/sv\/#organization"},"potentialAction":[{"@type":"SearchAction","target":{"@type":"EntryPoint","urlTemplate":"https:\/\/truusk.store\/sv\/?s={search_term_string}"},"query-input":{"@type":"PropertyValueSpecification","valueRequired":true,"valueName":"search_term_string"}}],"inLanguage":"sv-SE"},{"@type":"Organization","@id":"https:\/\/truusk.store\/sv\/#organization","name":"TRUUSK - Hem, Tr\u00e4dg\u00e5rd & Fritid","url":"https:\/\/truusk.store\/sv\/","logo":{"@type":"ImageObject","inLanguage":"sv-SE","@id":"https:\/\/truusk.store\/sv\/#\/schema\/logo\/image\/","url":"https:\/\/i0.wp.com\/truusk.store\/wp-content\/uploads\/2026\/03\/cropped-TRUUSK.png?fit=2032%2C917&ssl=1","contentUrl":"https:\/\/i0.wp.com\/truusk.store\/wp-content\/uploads\/2026\/03\/cropped-TRUUSK.png?fit=2032%2C917&ssl=1","width":2032,"height":917,"caption":"TRUUSK - Hem, Tr\u00e4dg\u00e5rd & Fritid"},"image":{"@id":"https:\/\/truusk.store\/sv\/#\/schema\/logo\/image\/"}}]}},"jetpack_sharing_enabled":true,"_links":{"self":[{"href":"https:\/\/truusk.store\/sv\/wp-json\/wp\/v2\/product\/47114","targetHints":{"allow":["GET"]}}],"collection":[{"href":"https:\/\/truusk.store\/sv\/wp-json\/wp\/v2\/product"}],"about":[{"href":"https:\/\/truusk.store\/sv\/wp-json\/wp\/v2\/types\/product"}],"wp:featuredmedia":[{"embeddable":true,"href":"https:\/\/truusk.store\/sv\/wp-json\/wp\/v2\/media\/47115"}],"wp:attachment":[{"href":"https:\/\/truusk.store\/sv\/wp-json\/wp\/v2\/media?parent=47114"}],"wp:term":[{"taxonomy":"product_brand","embeddable":true,"href":"https:\/\/truusk.store\/sv\/wp-json\/wp\/v2\/product_brand?post=47114"},{"taxonomy":"product_cat","embeddable":true,"href":"https:\/\/truusk.store\/sv\/wp-json\/wp\/v2\/product_cat?post=47114"},{"taxonomy":"product_tag","embeddable":true,"href":"https:\/\/truusk.store\/sv\/wp-json\/wp\/v2\/product_tag?post=47114"}],"curies":[{"name":"wp","href":"https:\/\/api.w.org\/{rel}","templated":true}]}}