{"id":47121,"date":"2024-02-14T07:01:20","date_gmt":"2024-02-14T06:01:20","guid":{"rendered":"https:\/\/truusk.store\/product\/ersattningstak-for-3-x-215-m-tradgardspaviljong-utdragbar-latt-att-montera-polyester-gra\/"},"modified":"2026-03-12T09:32:28","modified_gmt":"2026-03-12T08:32:28","slug":"truusk-ersattningstak-for-3-x-215-m-tradgardspaviljong-utdragbar-latt-att-montera-polyester-gra","status":"publish","type":"product","link":"https:\/\/truusk.store\/sv\/produkt\/truusk-ersattningstak-for-3-x-215-m-tradgardspaviljong-utdragbar-latt-att-montera-polyester-gra\/","title":{"rendered":"TRUUSK Ers\u00e4ttningstak F\u00f6r 3 X 2,15 M Tr\u00e4dg\u00e5rdspaviljong &#8211; Utdragbar &#8211; L\u00e4tt Att Montera &#8211; Polyester &#8211; Gr\u00e5"},"content":{"rendered":"<p>Med ers\u00e4ttningstaket blir det en barnlek att f\u00f6rnya din tr\u00e4dg\u00e5rdspaviljong. Det slitstarka polyestermaterialet har en skyddande plastbel\u00e4ggning och erbjuder tillf\u00f6rlitligt UV-skydd. Tack vare de strategiskt placerade h\u00e5len \u00e4r monteringen enkel. Dessutom s\u00e4kerst\u00e4ller dr\u00e4neringsh\u00e5len att du aldrig beh\u00f6ver oroa dig f\u00f6r att vatten samlas.<\/p>\n<h3>Beskrivning:<\/h3>\n<ul>\n<li>Speciellt f\u00f6r tr\u00e4dg\u00e5rdspaviljongen p\u00e5 3 x 2,15 m (artikelnummer: 84C-175, 84C-175BK)<\/li>\n<li>\u00c5tta dr\u00e4neringsh\u00e5l f\u00f6r optimal vattendr\u00e4nering<\/li>\n<li>UV30+ plastbelagt tak f\u00f6r p\u00e5litligt skydd<\/li>\n<li>Enkel installation: F\u00e4st p\u00e5 paviljongens ram med hj\u00e4lp av monteringsh\u00e5len<\/li>\n<li>Endast utbytestaket, v\u00e4nligen m\u00e4t din lusthusram innan du k\u00f6per<\/li>\n<\/ul>\n<h3>Teknisk data:<\/h3>\n<ul>\n<li>F\u00e4rg: M\u00f6rkgr\u00e5<\/li>\n<li>Material: polyester<\/li>\n<li>Totala m\u00e5tt: 286L x 245W cm<\/li>\n<li>L\u00e4mplig f\u00f6r artikelnummer 84C-175, 84C-175BK<\/li>\n<\/ul>\n<h3>Leveransens omfattning:<\/h3>\n<ul>\n<li>1 x Gazebo Ers\u00e4ttningstak;<\/li>\n<\/ul>\n","protected":false},"excerpt":{"rendered":"<p>Med ers\u00e4ttningstaket blir det en barnlek att f\u00f6rnya din tr\u00e4dg\u00e5rdspaviljong. Det slitstarka polyestermaterialet har en skyddande plastbel\u00e4ggning och erbjuder tillf\u00f6rlitligt&#8230;<\/p>\n","protected":false},"featured_media":47122,"template":"","meta":[],"product_brand":[],"product_cat":[479,435,476],"product_tag":[],"class_list":{"0":"post-47121","1":"product","2":"type-product","3":"status-publish","4":"has-post-thumbnail","6":"product_cat-paviljongtak","7":"product_cat-tradgard-och-terrass","8":"product_cat-tradgardspaviljonger","10":"first","11":"instock","12":"sale","13":"taxable","14":"shipping-taxable","15":"purchasable","16":"product-type-simple"},"yoast_head":"<!-- This site is optimized with the Yoast SEO plugin v25.4 - https:\/\/yoast.com\/wordpress\/plugins\/seo\/ -->\n<title>TRUUSK Ers\u00e4ttningstak F\u00f6r 3 X 2,15 M Tr\u00e4dg\u00e5rdspaviljong - Utdragbar - L\u00e4tt Att Montera - Polyester - Gr\u00e5 - TRUUSK - Hem, Tr\u00e4dg\u00e5rd &amp; Fritid<\/title>\n<meta name=\"robots\" content=\"index, follow, max-snippet:-1, max-image-preview:large, max-video-preview:-1\" \/>\n<link rel=\"canonical\" href=\"https:\/\/truusk.store\/sv\/produkt\/truusk-ersattningstak-for-3-x-215-m-tradgardspaviljong-utdragbar-latt-att-montera-polyester-gra\/\" \/>\n<meta property=\"og:locale\" content=\"sv_SE\" \/>\n<meta property=\"og:type\" content=\"article\" \/>\n<meta property=\"og:title\" content=\"TRUUSK Ers\u00e4ttningstak F\u00f6r 3 X 2,15 M Tr\u00e4dg\u00e5rdspaviljong - Utdragbar - L\u00e4tt Att Montera - Polyester - Gr\u00e5 - TRUUSK - Hem, Tr\u00e4dg\u00e5rd &amp; Fritid\" \/>\n<meta property=\"og:description\" content=\"Med ers\u00e4ttningstaket blir det en barnlek att f\u00f6rnya din tr\u00e4dg\u00e5rdspaviljong. Det slitstarka polyestermaterialet har en skyddande plastbel\u00e4ggning och erbjuder tillf\u00f6rlitligt...\" \/>\n<meta property=\"og:url\" content=\"https:\/\/truusk.store\/sv\/produkt\/truusk-ersattningstak-for-3-x-215-m-tradgardspaviljong-utdragbar-latt-att-montera-polyester-gra\/\" \/>\n<meta property=\"og:site_name\" content=\"TRUUSK - Hem, Tr\u00e4dg\u00e5rd &amp; Fritid\" \/>\n<meta property=\"article:modified_time\" content=\"2026-03-12T08:32:28+00:00\" \/>\n<meta property=\"og:image\" content=\"https:\/\/i0.wp.com\/truusk.se\/wp-content\/uploads\/2024\/02\/ersattningstak-for-3-x-215-m-tradgardspaviljong-utdragbar-latt-att-montera-polyester-gra.webp?fit=800%2C800&ssl=1\" \/>\n\t<meta property=\"og:image:width\" content=\"800\" \/>\n\t<meta property=\"og:image:height\" content=\"800\" \/>\n\t<meta property=\"og:image:type\" content=\"image\/webp\" \/>\n<meta name=\"twitter:card\" content=\"summary_large_image\" \/>\n<meta name=\"twitter:label1\" content=\"Ber\u00e4knad l\u00e4stid\" \/>\n\t<meta name=\"twitter:data1\" content=\"1 minut\" \/>\n<!-- \/ Yoast SEO plugin. -->","yoast_head_json":{"title":"TRUUSK Ers\u00e4ttningstak F\u00f6r 3 X 2,15 M Tr\u00e4dg\u00e5rdspaviljong - Utdragbar - L\u00e4tt Att Montera - Polyester - Gr\u00e5 - TRUUSK - Hem, Tr\u00e4dg\u00e5rd &amp; Fritid","robots":{"index":"index","follow":"follow","max-snippet":"max-snippet:-1","max-image-preview":"max-image-preview:large","max-video-preview":"max-video-preview:-1"},"canonical":"https:\/\/truusk.store\/sv\/produkt\/truusk-ersattningstak-for-3-x-215-m-tradgardspaviljong-utdragbar-latt-att-montera-polyester-gra\/","og_locale":"sv_SE","og_type":"article","og_title":"TRUUSK Ers\u00e4ttningstak F\u00f6r 3 X 2,15 M Tr\u00e4dg\u00e5rdspaviljong - Utdragbar - L\u00e4tt Att Montera - Polyester - Gr\u00e5 - TRUUSK - Hem, Tr\u00e4dg\u00e5rd &amp; Fritid","og_description":"Med ers\u00e4ttningstaket blir det en barnlek att f\u00f6rnya din tr\u00e4dg\u00e5rdspaviljong. Det slitstarka polyestermaterialet har en skyddande plastbel\u00e4ggning och erbjuder tillf\u00f6rlitligt...","og_url":"https:\/\/truusk.store\/sv\/produkt\/truusk-ersattningstak-for-3-x-215-m-tradgardspaviljong-utdragbar-latt-att-montera-polyester-gra\/","og_site_name":"TRUUSK - Hem, Tr\u00e4dg\u00e5rd &amp; Fritid","article_modified_time":"2026-03-12T08:32:28+00:00","og_image":[{"width":800,"height":800,"url":"https:\/\/i0.wp.com\/truusk.se\/wp-content\/uploads\/2024\/02\/ersattningstak-for-3-x-215-m-tradgardspaviljong-utdragbar-latt-att-montera-polyester-gra.webp?fit=800%2C800&ssl=1","type":"image\/webp"}],"twitter_card":"summary_large_image","twitter_misc":{"Ber\u00e4knad l\u00e4stid":"1 minut"},"schema":{"@context":"https:\/\/schema.org","@graph":[{"@type":"WebPage","@id":"https:\/\/truusk.store\/sv\/produkt\/truusk-ersattningstak-for-3-x-215-m-tradgardspaviljong-utdragbar-latt-att-montera-polyester-gra\/","url":"https:\/\/truusk.store\/sv\/produkt\/truusk-ersattningstak-for-3-x-215-m-tradgardspaviljong-utdragbar-latt-att-montera-polyester-gra\/","name":"TRUUSK Ers\u00e4ttningstak F\u00f6r 3 X 2,15 M Tr\u00e4dg\u00e5rdspaviljong - Utdragbar - L\u00e4tt Att Montera - Polyester - Gr\u00e5 - TRUUSK - Hem, Tr\u00e4dg\u00e5rd &amp; Fritid","isPartOf":{"@id":"https:\/\/truusk.store\/sv\/#website"},"primaryImageOfPage":{"@id":"https:\/\/truusk.store\/sv\/produkt\/truusk-ersattningstak-for-3-x-215-m-tradgardspaviljong-utdragbar-latt-att-montera-polyester-gra\/#primaryimage"},"image":{"@id":"https:\/\/truusk.store\/sv\/produkt\/truusk-ersattningstak-for-3-x-215-m-tradgardspaviljong-utdragbar-latt-att-montera-polyester-gra\/#primaryimage"},"thumbnailUrl":"https:\/\/i0.wp.com\/truusk.store\/wp-content\/uploads\/2024\/02\/ersattningstak-for-3-x-215-m-tradgardspaviljong-utdragbar-latt-att-montera-polyester-gra.webp?fit=800%2C800&ssl=1","datePublished":"2024-02-14T06:01:20+00:00","dateModified":"2026-03-12T08:32:28+00:00","breadcrumb":{"@id":"https:\/\/truusk.store\/sv\/produkt\/truusk-ersattningstak-for-3-x-215-m-tradgardspaviljong-utdragbar-latt-att-montera-polyester-gra\/#breadcrumb"},"inLanguage":"sv-SE","potentialAction":[{"@type":"ReadAction","target":["https:\/\/truusk.store\/sv\/produkt\/truusk-ersattningstak-for-3-x-215-m-tradgardspaviljong-utdragbar-latt-att-montera-polyester-gra\/"]}]},{"@type":"ImageObject","inLanguage":"sv-SE","@id":"https:\/\/truusk.store\/sv\/produkt\/truusk-ersattningstak-for-3-x-215-m-tradgardspaviljong-utdragbar-latt-att-montera-polyester-gra\/#primaryimage","url":"https:\/\/i0.wp.com\/truusk.store\/wp-content\/uploads\/2024\/02\/ersattningstak-for-3-x-215-m-tradgardspaviljong-utdragbar-latt-att-montera-polyester-gra.webp?fit=800%2C800&ssl=1","contentUrl":"https:\/\/i0.wp.com\/truusk.store\/wp-content\/uploads\/2024\/02\/ersattningstak-for-3-x-215-m-tradgardspaviljong-utdragbar-latt-att-montera-polyester-gra.webp?fit=800%2C800&ssl=1","width":800,"height":800,"caption":"Ers\u00e4ttningstak F\u00f6r 3 X 2,15 M Tr\u00e4dg\u00e5rdspaviljong, Utdragbar, L\u00e4tt Att Montera, Polyester, Gr\u00e5 1"},{"@type":"BreadcrumbList","@id":"https:\/\/truusk.store\/sv\/produkt\/truusk-ersattningstak-for-3-x-215-m-tradgardspaviljong-utdragbar-latt-att-montera-polyester-gra\/#breadcrumb","itemListElement":[{"@type":"ListItem","position":1,"name":"Home","item":"https:\/\/truusk.store\/sv\/"},{"@type":"ListItem","position":2,"name":"Shop","item":"https:\/\/truusk.store\/shop\/"},{"@type":"ListItem","position":3,"name":"TRUUSK Ers\u00e4ttningstak F\u00f6r 3 X 2,15 M Tr\u00e4dg\u00e5rdspaviljong &#8211; Utdragbar &#8211; L\u00e4tt Att Montera &#8211; Polyester &#8211; Gr\u00e5"}]},{"@type":"WebSite","@id":"https:\/\/truusk.store\/sv\/#website","url":"https:\/\/truusk.store\/sv\/","name":"TRUUSK - Hem, Tr\u00e4dg\u00e5rd & Fritid","description":"","publisher":{"@id":"https:\/\/truusk.store\/sv\/#organization"},"potentialAction":[{"@type":"SearchAction","target":{"@type":"EntryPoint","urlTemplate":"https:\/\/truusk.store\/sv\/?s={search_term_string}"},"query-input":{"@type":"PropertyValueSpecification","valueRequired":true,"valueName":"search_term_string"}}],"inLanguage":"sv-SE"},{"@type":"Organization","@id":"https:\/\/truusk.store\/sv\/#organization","name":"TRUUSK - Hem, Tr\u00e4dg\u00e5rd & Fritid","url":"https:\/\/truusk.store\/sv\/","logo":{"@type":"ImageObject","inLanguage":"sv-SE","@id":"https:\/\/truusk.store\/sv\/#\/schema\/logo\/image\/","url":"https:\/\/i0.wp.com\/truusk.store\/wp-content\/uploads\/2026\/03\/cropped-TRUUSK.png?fit=2032%2C917&ssl=1","contentUrl":"https:\/\/i0.wp.com\/truusk.store\/wp-content\/uploads\/2026\/03\/cropped-TRUUSK.png?fit=2032%2C917&ssl=1","width":2032,"height":917,"caption":"TRUUSK - Hem, Tr\u00e4dg\u00e5rd & Fritid"},"image":{"@id":"https:\/\/truusk.store\/sv\/#\/schema\/logo\/image\/"}}]}},"jetpack_sharing_enabled":true,"_links":{"self":[{"href":"https:\/\/truusk.store\/sv\/wp-json\/wp\/v2\/product\/47121","targetHints":{"allow":["GET"]}}],"collection":[{"href":"https:\/\/truusk.store\/sv\/wp-json\/wp\/v2\/product"}],"about":[{"href":"https:\/\/truusk.store\/sv\/wp-json\/wp\/v2\/types\/product"}],"wp:featuredmedia":[{"embeddable":true,"href":"https:\/\/truusk.store\/sv\/wp-json\/wp\/v2\/media\/47122"}],"wp:attachment":[{"href":"https:\/\/truusk.store\/sv\/wp-json\/wp\/v2\/media?parent=47121"}],"wp:term":[{"taxonomy":"product_brand","embeddable":true,"href":"https:\/\/truusk.store\/sv\/wp-json\/wp\/v2\/product_brand?post=47121"},{"taxonomy":"product_cat","embeddable":true,"href":"https:\/\/truusk.store\/sv\/wp-json\/wp\/v2\/product_cat?post=47121"},{"taxonomy":"product_tag","embeddable":true,"href":"https:\/\/truusk.store\/sv\/wp-json\/wp\/v2\/product_tag?post=47121"}],"curies":[{"name":"wp","href":"https:\/\/api.w.org\/{rel}","templated":true}]}}