{"id":47128,"date":"2024-02-14T07:01:38","date_gmt":"2024-02-14T06:01:38","guid":{"rendered":"https:\/\/truusk.store\/product\/tradgardslusthus-3-x-3m-infallbart-tak-vaggmonterad-metallstomme-kramvit\/"},"modified":"2026-03-12T09:32:29","modified_gmt":"2026-03-12T08:32:29","slug":"truusk-tradgardslusthus-3x3m-infallbart-tak-vaggmonterad-metallstomme-kramvit","status":"publish","type":"product","link":"https:\/\/truusk.store\/sv\/produkt\/truusk-tradgardslusthus-3x3m-infallbart-tak-vaggmonterad-metallstomme-kramvit\/","title":{"rendered":"TRUUSK Tr\u00e4dg\u00e5rdslusthus 3x3m &#8211; Inf\u00e4llbart Tak &#8211; V\u00e4ggmonterad &#8211; Metallstomme &#8211; Kr\u00e4mvit"},"content":{"rendered":"<p>Oavsett om den \u00e4r i tr\u00e4dg\u00e5rden eller p\u00e5 terrassen, skapar denna paviljong med ett inf\u00e4llbart tak ytterligare utrymme f\u00f6r middagar, umg\u00e4nge och avkoppling. Pergolans f\u00f6rs\u00e4nkta h\u00e5l m\u00f6jligg\u00f6r omedelbar dr\u00e4nering av regnvatten, medan den starka, rosts\u00e4kra metallramen f\u00e4sts p\u00e5 v\u00e4ggen f\u00f6r att ge inomhuskomfort utanf\u00f6r &#8211; f\u00f6rvandlar din uteplats till en avkopplande oas!<\/p>\n<h3>Beskrivning:<\/h3>\n<ul>\n<li>F\u00e4st p\u00e5 v\u00e4ggen f\u00f6r \u00f6kad stabilitet<\/li>\n<li>Inf\u00e4llbart tygtak p\u00e5 pergolan f\u00f6r justerbar skugga<\/li>\n<li>Med plastbelagt polyestertak f\u00f6r att skydda mot UV-str\u00e5lar och solbr\u00e4nna<\/li>\n<li>Tillverkad av pulverlackerat st\u00e5l som \u00e4r starkt och robust<\/li>\n<li>Dr\u00e4neringsh\u00e5l i taket<\/li>\n<li>Markspetsar och expansionsskruvar f\u00f6r altanens tak f\u00f6r inf\u00e4stning p\u00e5 mjuk eller h\u00e5rd mark<\/li>\n<li>Montering kr\u00e4vs<\/li>\n<\/ul>\n<h3>Teknisk data:<\/h3>\n<ul>\n<li>F\u00e4rg: Kr\u00e4m<\/li>\n<li>Material: st\u00e5l, polyester<\/li>\n<li>\u00d6vergripande m\u00e5tt: 297L x 297W x 200\/230H cm<\/li>\n<li>Avst\u00e5nd mellan st\u00f6d: 264L x 245W cm<\/li>\n<li>St\u00f6dstorlek: 6L x 6W cm<\/li>\n<li>Vindt\u00e4t klass: 6-7<\/li>\n<\/ul>\n<h3>Leveransens omfattning:<\/h3>\n<ul>\n<li>1 x pergola<\/li>\n<li>4 x markspetsar<\/li>\n<li>12 x expansionsskruvar<\/li>\n<li>1 x Instruktioner<\/li>\n<\/ul>\n","protected":false},"excerpt":{"rendered":"<p>Oavsett om den \u00e4r i tr\u00e4dg\u00e5rden eller p\u00e5 terrassen, skapar denna paviljong med ett inf\u00e4llbart tak ytterligare utrymme f\u00f6r middagar,&#8230;<\/p>\n","protected":false},"featured_media":47129,"template":"","meta":[],"product_brand":[],"product_cat":[478,435,476],"product_tag":[],"class_list":{"0":"post-47128","1":"product","2":"type-product","3":"status-publish","4":"has-post-thumbnail","6":"product_cat-pergola","7":"product_cat-tradgard-och-terrass","8":"product_cat-tradgardspaviljonger","10":"first","11":"instock","12":"sale","13":"taxable","14":"shipping-taxable","15":"purchasable","16":"product-type-simple"},"yoast_head":"<!-- This site is optimized with the Yoast SEO plugin v25.4 - https:\/\/yoast.com\/wordpress\/plugins\/seo\/ -->\n<title>TRUUSK Tr\u00e4dg\u00e5rdslusthus 3x3m - Inf\u00e4llbart Tak - V\u00e4ggmonterad - Metallstomme - Kr\u00e4mvit - TRUUSK - Hem, Tr\u00e4dg\u00e5rd &amp; Fritid<\/title>\n<meta name=\"robots\" content=\"index, follow, max-snippet:-1, max-image-preview:large, max-video-preview:-1\" \/>\n<link rel=\"canonical\" href=\"https:\/\/truusk.store\/sv\/produkt\/truusk-tradgardslusthus-3x3m-infallbart-tak-vaggmonterad-metallstomme-kramvit\/\" \/>\n<meta property=\"og:locale\" content=\"sv_SE\" \/>\n<meta property=\"og:type\" content=\"article\" \/>\n<meta property=\"og:title\" content=\"TRUUSK Tr\u00e4dg\u00e5rdslusthus 3x3m - Inf\u00e4llbart Tak - V\u00e4ggmonterad - Metallstomme - Kr\u00e4mvit - TRUUSK - Hem, Tr\u00e4dg\u00e5rd &amp; Fritid\" \/>\n<meta property=\"og:description\" content=\"Oavsett om den \u00e4r i tr\u00e4dg\u00e5rden eller p\u00e5 terrassen, skapar denna paviljong med ett inf\u00e4llbart tak ytterligare utrymme f\u00f6r middagar,...\" \/>\n<meta property=\"og:url\" content=\"https:\/\/truusk.store\/sv\/produkt\/truusk-tradgardslusthus-3x3m-infallbart-tak-vaggmonterad-metallstomme-kramvit\/\" \/>\n<meta property=\"og:site_name\" content=\"TRUUSK - Hem, Tr\u00e4dg\u00e5rd &amp; Fritid\" \/>\n<meta property=\"article:modified_time\" content=\"2026-03-12T08:32:29+00:00\" \/>\n<meta property=\"og:image\" content=\"https:\/\/i0.wp.com\/truusk.se\/wp-content\/uploads\/2024\/02\/tradgardslusthus-3-x-3m-infallbart-tak-vaggmonterad-metallstomme-kramvit.webp?fit=800%2C800&ssl=1\" \/>\n\t<meta property=\"og:image:width\" content=\"800\" \/>\n\t<meta property=\"og:image:height\" content=\"800\" \/>\n\t<meta property=\"og:image:type\" content=\"image\/webp\" \/>\n<meta name=\"twitter:card\" content=\"summary_large_image\" \/>\n<meta name=\"twitter:label1\" content=\"Ber\u00e4knad l\u00e4stid\" \/>\n\t<meta name=\"twitter:data1\" content=\"1 minut\" \/>\n<!-- \/ Yoast SEO plugin. -->","yoast_head_json":{"title":"TRUUSK Tr\u00e4dg\u00e5rdslusthus 3x3m - Inf\u00e4llbart Tak - V\u00e4ggmonterad - Metallstomme - Kr\u00e4mvit - TRUUSK - Hem, Tr\u00e4dg\u00e5rd &amp; Fritid","robots":{"index":"index","follow":"follow","max-snippet":"max-snippet:-1","max-image-preview":"max-image-preview:large","max-video-preview":"max-video-preview:-1"},"canonical":"https:\/\/truusk.store\/sv\/produkt\/truusk-tradgardslusthus-3x3m-infallbart-tak-vaggmonterad-metallstomme-kramvit\/","og_locale":"sv_SE","og_type":"article","og_title":"TRUUSK Tr\u00e4dg\u00e5rdslusthus 3x3m - Inf\u00e4llbart Tak - V\u00e4ggmonterad - Metallstomme - Kr\u00e4mvit - TRUUSK - Hem, Tr\u00e4dg\u00e5rd &amp; Fritid","og_description":"Oavsett om den \u00e4r i tr\u00e4dg\u00e5rden eller p\u00e5 terrassen, skapar denna paviljong med ett inf\u00e4llbart tak ytterligare utrymme f\u00f6r middagar,...","og_url":"https:\/\/truusk.store\/sv\/produkt\/truusk-tradgardslusthus-3x3m-infallbart-tak-vaggmonterad-metallstomme-kramvit\/","og_site_name":"TRUUSK - Hem, Tr\u00e4dg\u00e5rd &amp; Fritid","article_modified_time":"2026-03-12T08:32:29+00:00","og_image":[{"width":800,"height":800,"url":"https:\/\/i0.wp.com\/truusk.se\/wp-content\/uploads\/2024\/02\/tradgardslusthus-3-x-3m-infallbart-tak-vaggmonterad-metallstomme-kramvit.webp?fit=800%2C800&ssl=1","type":"image\/webp"}],"twitter_card":"summary_large_image","twitter_misc":{"Ber\u00e4knad l\u00e4stid":"1 minut"},"schema":{"@context":"https:\/\/schema.org","@graph":[{"@type":"WebPage","@id":"https:\/\/truusk.store\/sv\/produkt\/truusk-tradgardslusthus-3x3m-infallbart-tak-vaggmonterad-metallstomme-kramvit\/","url":"https:\/\/truusk.store\/sv\/produkt\/truusk-tradgardslusthus-3x3m-infallbart-tak-vaggmonterad-metallstomme-kramvit\/","name":"TRUUSK Tr\u00e4dg\u00e5rdslusthus 3x3m - Inf\u00e4llbart Tak - V\u00e4ggmonterad - Metallstomme - Kr\u00e4mvit - TRUUSK - Hem, Tr\u00e4dg\u00e5rd &amp; Fritid","isPartOf":{"@id":"https:\/\/truusk.store\/sv\/#website"},"primaryImageOfPage":{"@id":"https:\/\/truusk.store\/sv\/produkt\/truusk-tradgardslusthus-3x3m-infallbart-tak-vaggmonterad-metallstomme-kramvit\/#primaryimage"},"image":{"@id":"https:\/\/truusk.store\/sv\/produkt\/truusk-tradgardslusthus-3x3m-infallbart-tak-vaggmonterad-metallstomme-kramvit\/#primaryimage"},"thumbnailUrl":"https:\/\/i0.wp.com\/truusk.store\/wp-content\/uploads\/2024\/02\/tradgardslusthus-3-x-3m-infallbart-tak-vaggmonterad-metallstomme-kramvit.webp?fit=800%2C800&ssl=1","datePublished":"2024-02-14T06:01:38+00:00","dateModified":"2026-03-12T08:32:29+00:00","breadcrumb":{"@id":"https:\/\/truusk.store\/sv\/produkt\/truusk-tradgardslusthus-3x3m-infallbart-tak-vaggmonterad-metallstomme-kramvit\/#breadcrumb"},"inLanguage":"sv-SE","potentialAction":[{"@type":"ReadAction","target":["https:\/\/truusk.store\/sv\/produkt\/truusk-tradgardslusthus-3x3m-infallbart-tak-vaggmonterad-metallstomme-kramvit\/"]}]},{"@type":"ImageObject","inLanguage":"sv-SE","@id":"https:\/\/truusk.store\/sv\/produkt\/truusk-tradgardslusthus-3x3m-infallbart-tak-vaggmonterad-metallstomme-kramvit\/#primaryimage","url":"https:\/\/i0.wp.com\/truusk.store\/wp-content\/uploads\/2024\/02\/tradgardslusthus-3-x-3m-infallbart-tak-vaggmonterad-metallstomme-kramvit.webp?fit=800%2C800&ssl=1","contentUrl":"https:\/\/i0.wp.com\/truusk.store\/wp-content\/uploads\/2024\/02\/tradgardslusthus-3-x-3m-infallbart-tak-vaggmonterad-metallstomme-kramvit.webp?fit=800%2C800&ssl=1","width":800,"height":800,"caption":"Tr\u00e4dg\u00e5rdslusthus 3 X 3m, Inf\u00e4llbart Tak, V\u00e4ggmonterad, Metallstomme, Kr\u00e4mvit 1"},{"@type":"BreadcrumbList","@id":"https:\/\/truusk.store\/sv\/produkt\/truusk-tradgardslusthus-3x3m-infallbart-tak-vaggmonterad-metallstomme-kramvit\/#breadcrumb","itemListElement":[{"@type":"ListItem","position":1,"name":"Home","item":"https:\/\/truusk.store\/sv\/"},{"@type":"ListItem","position":2,"name":"Shop","item":"https:\/\/truusk.store\/shop\/"},{"@type":"ListItem","position":3,"name":"TRUUSK Tr\u00e4dg\u00e5rdslusthus 3x3m &#8211; Inf\u00e4llbart Tak &#8211; V\u00e4ggmonterad &#8211; Metallstomme &#8211; Kr\u00e4mvit"}]},{"@type":"WebSite","@id":"https:\/\/truusk.store\/sv\/#website","url":"https:\/\/truusk.store\/sv\/","name":"TRUUSK - Hem, Tr\u00e4dg\u00e5rd & Fritid","description":"","publisher":{"@id":"https:\/\/truusk.store\/sv\/#organization"},"potentialAction":[{"@type":"SearchAction","target":{"@type":"EntryPoint","urlTemplate":"https:\/\/truusk.store\/sv\/?s={search_term_string}"},"query-input":{"@type":"PropertyValueSpecification","valueRequired":true,"valueName":"search_term_string"}}],"inLanguage":"sv-SE"},{"@type":"Organization","@id":"https:\/\/truusk.store\/sv\/#organization","name":"TRUUSK - Hem, Tr\u00e4dg\u00e5rd & Fritid","url":"https:\/\/truusk.store\/sv\/","logo":{"@type":"ImageObject","inLanguage":"sv-SE","@id":"https:\/\/truusk.store\/sv\/#\/schema\/logo\/image\/","url":"https:\/\/i0.wp.com\/truusk.store\/wp-content\/uploads\/2026\/03\/cropped-TRUUSK.png?fit=2032%2C917&ssl=1","contentUrl":"https:\/\/i0.wp.com\/truusk.store\/wp-content\/uploads\/2026\/03\/cropped-TRUUSK.png?fit=2032%2C917&ssl=1","width":2032,"height":917,"caption":"TRUUSK - Hem, Tr\u00e4dg\u00e5rd & Fritid"},"image":{"@id":"https:\/\/truusk.store\/sv\/#\/schema\/logo\/image\/"}}]}},"jetpack_sharing_enabled":true,"_links":{"self":[{"href":"https:\/\/truusk.store\/sv\/wp-json\/wp\/v2\/product\/47128","targetHints":{"allow":["GET"]}}],"collection":[{"href":"https:\/\/truusk.store\/sv\/wp-json\/wp\/v2\/product"}],"about":[{"href":"https:\/\/truusk.store\/sv\/wp-json\/wp\/v2\/types\/product"}],"wp:featuredmedia":[{"embeddable":true,"href":"https:\/\/truusk.store\/sv\/wp-json\/wp\/v2\/media\/47129"}],"wp:attachment":[{"href":"https:\/\/truusk.store\/sv\/wp-json\/wp\/v2\/media?parent=47128"}],"wp:term":[{"taxonomy":"product_brand","embeddable":true,"href":"https:\/\/truusk.store\/sv\/wp-json\/wp\/v2\/product_brand?post=47128"},{"taxonomy":"product_cat","embeddable":true,"href":"https:\/\/truusk.store\/sv\/wp-json\/wp\/v2\/product_cat?post=47128"},{"taxonomy":"product_tag","embeddable":true,"href":"https:\/\/truusk.store\/sv\/wp-json\/wp\/v2\/product_tag?post=47128"}],"curies":[{"name":"wp","href":"https:\/\/api.w.org\/{rel}","templated":true}]}}