{"id":47203,"date":"2024-02-14T07:04:21","date_gmt":"2024-02-14T06:04:21","guid":{"rendered":"https:\/\/truusk.store\/product\/hogbaddsvaxtbadd-modulupphojd-badd-skyddade-kanter-design-utan-botten-105-x-62-x-30-cm-silver\/"},"modified":"2026-03-12T09:32:31","modified_gmt":"2026-03-12T08:32:31","slug":"truusk-hogbaddsvaxtbadd-modulupphojd-badd-skyddade-kanter-design-utan-botten-105-x-62-x-30-cm-silver","status":"publish","type":"product","link":"https:\/\/truusk.store\/sv\/produkt\/truusk-hogbaddsvaxtbadd-modulupphojd-badd-skyddade-kanter-design-utan-botten-105-x-62-x-30-cm-silver\/","title":{"rendered":"TRUUSK H\u00f6gb\u00e4ddsv\u00e4xtb\u00e4dd &#8211; Modulupph\u00f6jd B\u00e4dd &#8211; Skyddade Kanter &#8211; Design Utan Botten &#8211; 105 X 62 X 30 Cm &#8211; Silver"},"content":{"rendered":"<p>Oavsett om du vill arrangera olika typer av v\u00e4xter och blommor, eller om du har begr\u00e4nsat med utrymme p\u00e5 din uteplats eller balkong och vill skapa din egen tr\u00e4dg\u00e5rd, \u00e4r h\u00f6gb\u00e4dden det perfekta valet. De extra djupa sidov\u00e4ggarna och den \u00f6ppna botten g\u00f6r att du kan odla gr\u00f6nsaker med l\u00e5nga r\u00f6tter utan att beh\u00f6va oroa dig f\u00f6r vattenf\u00f6rs\u00e4mring. Skaffa mer \u00e4n bara en bloml\u00e5da och h\u00e5ll rent i din tr\u00e4dg\u00e5rd.<\/p>\n<h3>Beskrivning:<\/h3>\n<ul>\n<li>Tillverkad av tjock, m\u00e5lad varmf\u00f6rzinkad metall som inte deformeras eller deformeras<\/li>\n<li>H\u00e5ller ogr\u00e4s ute och ger bra dr\u00e4nering med \u00f6ppet golv<\/li>\n<li>En gummil\u00e4pp skyddar \u00f6verkanten fr\u00e5n sk\u00e4rpa<\/li>\n<li>Flexibel modul\u00e4r design av planteringsl\u00e5dan f\u00f6r olika former n\u00e4r den \u00e4r monterad<\/li>\n<li>En h\u00f6gb\u00e4ddsdesign som \u00e4r l\u00e4tt att montera f\u00e5r din tr\u00e4dg\u00e5rd ig\u00e5ng snabbt s\u00e5 att du kan b\u00f6rja odla<\/li>\n<\/ul>\n<h3>Teknisk data:<\/h3>\n<ul>\n<li>silver<\/li>\n<li>Material: Galvaniserad metall<\/li>\n<li>\u00d6vergripande m\u00e5tt: 105L x 62W x 30H cm<\/li>\n<li>Innerm\u00e5tt: 104L x 60W x 30H cm<\/li>\n<li>Sidopaneler: 47,5W x 30H cm<\/li>\n<li>B\u00f6jda paneler: 51W x 30H cm<\/li>\n<\/ul>\n<h3>Leveransens omfattning:<\/h3>\n<ul>\n<li>1 x upph\u00f6jd s\u00e4ng<\/li>\n<li>12 x skruvar<\/li>\n<li>1 x Instruktioner<\/li>\n<\/ul>\n","protected":false},"excerpt":{"rendered":"<p>Oavsett om du vill arrangera olika typer av v\u00e4xter och blommor, eller om du har begr\u00e4nsat med utrymme p\u00e5 din&#8230;<\/p>\n","protected":false},"featured_media":47204,"template":"","meta":[],"product_brand":[],"product_cat":[445,435,443],"product_tag":[],"class_list":{"0":"post-47203","1":"product","2":"type-product","3":"status-publish","4":"has-post-thumbnail","6":"product_cat-kalla-ramar","7":"product_cat-tradgard-och-terrass","8":"product_cat-vaxthus-tradgardsskotsel","10":"first","11":"instock","12":"sale","13":"taxable","14":"shipping-taxable","15":"purchasable","16":"product-type-simple"},"yoast_head":"<!-- This site is optimized with the Yoast SEO plugin v25.4 - https:\/\/yoast.com\/wordpress\/plugins\/seo\/ -->\n<title>TRUUSK H\u00f6gb\u00e4ddsv\u00e4xtb\u00e4dd - Modulupph\u00f6jd B\u00e4dd - Skyddade Kanter - Design Utan Botten - 105 X 62 X 30 Cm - Silver - TRUUSK - Hem, Tr\u00e4dg\u00e5rd &amp; Fritid<\/title>\n<meta name=\"robots\" content=\"index, follow, max-snippet:-1, max-image-preview:large, max-video-preview:-1\" \/>\n<link rel=\"canonical\" href=\"https:\/\/truusk.store\/sv\/produkt\/truusk-hogbaddsvaxtbadd-modulupphojd-badd-skyddade-kanter-design-utan-botten-105-x-62-x-30-cm-silver\/\" \/>\n<meta property=\"og:locale\" content=\"sv_SE\" \/>\n<meta property=\"og:type\" content=\"article\" \/>\n<meta property=\"og:title\" content=\"TRUUSK H\u00f6gb\u00e4ddsv\u00e4xtb\u00e4dd - Modulupph\u00f6jd B\u00e4dd - Skyddade Kanter - Design Utan Botten - 105 X 62 X 30 Cm - Silver - TRUUSK - Hem, Tr\u00e4dg\u00e5rd &amp; Fritid\" \/>\n<meta property=\"og:description\" content=\"Oavsett om du vill arrangera olika typer av v\u00e4xter och blommor, eller om du har begr\u00e4nsat med utrymme p\u00e5 din...\" \/>\n<meta property=\"og:url\" content=\"https:\/\/truusk.store\/sv\/produkt\/truusk-hogbaddsvaxtbadd-modulupphojd-badd-skyddade-kanter-design-utan-botten-105-x-62-x-30-cm-silver\/\" \/>\n<meta property=\"og:site_name\" content=\"TRUUSK - Hem, Tr\u00e4dg\u00e5rd &amp; Fritid\" \/>\n<meta property=\"article:modified_time\" content=\"2026-03-12T08:32:31+00:00\" \/>\n<meta property=\"og:image\" content=\"https:\/\/i0.wp.com\/truusk.se\/wp-content\/uploads\/2024\/02\/hogbaddsvaxtbadd-modulupphojd-badd-skyddade-kanter-design-utan-botten-105-x-62-x-30-cm-silver.webp?fit=800%2C800&ssl=1\" \/>\n\t<meta property=\"og:image:width\" content=\"800\" \/>\n\t<meta property=\"og:image:height\" content=\"800\" \/>\n\t<meta property=\"og:image:type\" content=\"image\/webp\" \/>\n<meta name=\"twitter:card\" content=\"summary_large_image\" \/>\n<meta name=\"twitter:label1\" content=\"Ber\u00e4knad l\u00e4stid\" \/>\n\t<meta name=\"twitter:data1\" content=\"1 minut\" \/>\n<!-- \/ Yoast SEO plugin. -->","yoast_head_json":{"title":"TRUUSK H\u00f6gb\u00e4ddsv\u00e4xtb\u00e4dd - Modulupph\u00f6jd B\u00e4dd - Skyddade Kanter - Design Utan Botten - 105 X 62 X 30 Cm - Silver - TRUUSK - Hem, Tr\u00e4dg\u00e5rd &amp; Fritid","robots":{"index":"index","follow":"follow","max-snippet":"max-snippet:-1","max-image-preview":"max-image-preview:large","max-video-preview":"max-video-preview:-1"},"canonical":"https:\/\/truusk.store\/sv\/produkt\/truusk-hogbaddsvaxtbadd-modulupphojd-badd-skyddade-kanter-design-utan-botten-105-x-62-x-30-cm-silver\/","og_locale":"sv_SE","og_type":"article","og_title":"TRUUSK H\u00f6gb\u00e4ddsv\u00e4xtb\u00e4dd - Modulupph\u00f6jd B\u00e4dd - Skyddade Kanter - Design Utan Botten - 105 X 62 X 30 Cm - Silver - TRUUSK - Hem, Tr\u00e4dg\u00e5rd &amp; Fritid","og_description":"Oavsett om du vill arrangera olika typer av v\u00e4xter och blommor, eller om du har begr\u00e4nsat med utrymme p\u00e5 din...","og_url":"https:\/\/truusk.store\/sv\/produkt\/truusk-hogbaddsvaxtbadd-modulupphojd-badd-skyddade-kanter-design-utan-botten-105-x-62-x-30-cm-silver\/","og_site_name":"TRUUSK - Hem, Tr\u00e4dg\u00e5rd &amp; Fritid","article_modified_time":"2026-03-12T08:32:31+00:00","og_image":[{"width":800,"height":800,"url":"https:\/\/i0.wp.com\/truusk.se\/wp-content\/uploads\/2024\/02\/hogbaddsvaxtbadd-modulupphojd-badd-skyddade-kanter-design-utan-botten-105-x-62-x-30-cm-silver.webp?fit=800%2C800&ssl=1","type":"image\/webp"}],"twitter_card":"summary_large_image","twitter_misc":{"Ber\u00e4knad l\u00e4stid":"1 minut"},"schema":{"@context":"https:\/\/schema.org","@graph":[{"@type":"WebPage","@id":"https:\/\/truusk.store\/sv\/produkt\/truusk-hogbaddsvaxtbadd-modulupphojd-badd-skyddade-kanter-design-utan-botten-105-x-62-x-30-cm-silver\/","url":"https:\/\/truusk.store\/sv\/produkt\/truusk-hogbaddsvaxtbadd-modulupphojd-badd-skyddade-kanter-design-utan-botten-105-x-62-x-30-cm-silver\/","name":"TRUUSK H\u00f6gb\u00e4ddsv\u00e4xtb\u00e4dd - Modulupph\u00f6jd B\u00e4dd - Skyddade Kanter - Design Utan Botten - 105 X 62 X 30 Cm - Silver - TRUUSK - Hem, Tr\u00e4dg\u00e5rd &amp; Fritid","isPartOf":{"@id":"https:\/\/truusk.store\/sv\/#website"},"primaryImageOfPage":{"@id":"https:\/\/truusk.store\/sv\/produkt\/truusk-hogbaddsvaxtbadd-modulupphojd-badd-skyddade-kanter-design-utan-botten-105-x-62-x-30-cm-silver\/#primaryimage"},"image":{"@id":"https:\/\/truusk.store\/sv\/produkt\/truusk-hogbaddsvaxtbadd-modulupphojd-badd-skyddade-kanter-design-utan-botten-105-x-62-x-30-cm-silver\/#primaryimage"},"thumbnailUrl":"https:\/\/i0.wp.com\/truusk.store\/wp-content\/uploads\/2024\/02\/hogbaddsvaxtbadd-modulupphojd-badd-skyddade-kanter-design-utan-botten-105-x-62-x-30-cm-silver.webp?fit=800%2C800&ssl=1","datePublished":"2024-02-14T06:04:21+00:00","dateModified":"2026-03-12T08:32:31+00:00","breadcrumb":{"@id":"https:\/\/truusk.store\/sv\/produkt\/truusk-hogbaddsvaxtbadd-modulupphojd-badd-skyddade-kanter-design-utan-botten-105-x-62-x-30-cm-silver\/#breadcrumb"},"inLanguage":"sv-SE","potentialAction":[{"@type":"ReadAction","target":["https:\/\/truusk.store\/sv\/produkt\/truusk-hogbaddsvaxtbadd-modulupphojd-badd-skyddade-kanter-design-utan-botten-105-x-62-x-30-cm-silver\/"]}]},{"@type":"ImageObject","inLanguage":"sv-SE","@id":"https:\/\/truusk.store\/sv\/produkt\/truusk-hogbaddsvaxtbadd-modulupphojd-badd-skyddade-kanter-design-utan-botten-105-x-62-x-30-cm-silver\/#primaryimage","url":"https:\/\/i0.wp.com\/truusk.store\/wp-content\/uploads\/2024\/02\/hogbaddsvaxtbadd-modulupphojd-badd-skyddade-kanter-design-utan-botten-105-x-62-x-30-cm-silver.webp?fit=800%2C800&ssl=1","contentUrl":"https:\/\/i0.wp.com\/truusk.store\/wp-content\/uploads\/2024\/02\/hogbaddsvaxtbadd-modulupphojd-badd-skyddade-kanter-design-utan-botten-105-x-62-x-30-cm-silver.webp?fit=800%2C800&ssl=1","width":800,"height":800,"caption":"H\u00f6gb\u00e4ddsv\u00e4xtb\u00e4dd, Modulupph\u00f6jd B\u00e4dd, Skyddade Kanter, Design Utan Botten, 105 X 62 X 30 Cm, Silver 1"},{"@type":"BreadcrumbList","@id":"https:\/\/truusk.store\/sv\/produkt\/truusk-hogbaddsvaxtbadd-modulupphojd-badd-skyddade-kanter-design-utan-botten-105-x-62-x-30-cm-silver\/#breadcrumb","itemListElement":[{"@type":"ListItem","position":1,"name":"Home","item":"https:\/\/truusk.store\/sv\/"},{"@type":"ListItem","position":2,"name":"Shop","item":"https:\/\/truusk.store\/shop\/"},{"@type":"ListItem","position":3,"name":"TRUUSK H\u00f6gb\u00e4ddsv\u00e4xtb\u00e4dd &#8211; Modulupph\u00f6jd B\u00e4dd &#8211; Skyddade Kanter &#8211; Design Utan Botten &#8211; 105 X 62 X 30 Cm &#8211; Silver"}]},{"@type":"WebSite","@id":"https:\/\/truusk.store\/sv\/#website","url":"https:\/\/truusk.store\/sv\/","name":"TRUUSK - Hem, Tr\u00e4dg\u00e5rd & Fritid","description":"","publisher":{"@id":"https:\/\/truusk.store\/sv\/#organization"},"potentialAction":[{"@type":"SearchAction","target":{"@type":"EntryPoint","urlTemplate":"https:\/\/truusk.store\/sv\/?s={search_term_string}"},"query-input":{"@type":"PropertyValueSpecification","valueRequired":true,"valueName":"search_term_string"}}],"inLanguage":"sv-SE"},{"@type":"Organization","@id":"https:\/\/truusk.store\/sv\/#organization","name":"TRUUSK - Hem, Tr\u00e4dg\u00e5rd & Fritid","url":"https:\/\/truusk.store\/sv\/","logo":{"@type":"ImageObject","inLanguage":"sv-SE","@id":"https:\/\/truusk.store\/sv\/#\/schema\/logo\/image\/","url":"https:\/\/i0.wp.com\/truusk.store\/wp-content\/uploads\/2026\/03\/cropped-TRUUSK.png?fit=2032%2C917&ssl=1","contentUrl":"https:\/\/i0.wp.com\/truusk.store\/wp-content\/uploads\/2026\/03\/cropped-TRUUSK.png?fit=2032%2C917&ssl=1","width":2032,"height":917,"caption":"TRUUSK - Hem, Tr\u00e4dg\u00e5rd & Fritid"},"image":{"@id":"https:\/\/truusk.store\/sv\/#\/schema\/logo\/image\/"}}]}},"jetpack_sharing_enabled":true,"_links":{"self":[{"href":"https:\/\/truusk.store\/sv\/wp-json\/wp\/v2\/product\/47203","targetHints":{"allow":["GET"]}}],"collection":[{"href":"https:\/\/truusk.store\/sv\/wp-json\/wp\/v2\/product"}],"about":[{"href":"https:\/\/truusk.store\/sv\/wp-json\/wp\/v2\/types\/product"}],"wp:featuredmedia":[{"embeddable":true,"href":"https:\/\/truusk.store\/sv\/wp-json\/wp\/v2\/media\/47204"}],"wp:attachment":[{"href":"https:\/\/truusk.store\/sv\/wp-json\/wp\/v2\/media?parent=47203"}],"wp:term":[{"taxonomy":"product_brand","embeddable":true,"href":"https:\/\/truusk.store\/sv\/wp-json\/wp\/v2\/product_brand?post=47203"},{"taxonomy":"product_cat","embeddable":true,"href":"https:\/\/truusk.store\/sv\/wp-json\/wp\/v2\/product_cat?post=47203"},{"taxonomy":"product_tag","embeddable":true,"href":"https:\/\/truusk.store\/sv\/wp-json\/wp\/v2\/product_tag?post=47203"}],"curies":[{"name":"wp","href":"https:\/\/api.w.org\/{rel}","templated":true}]}}