{"id":47217,"date":"2024-02-14T07:04:54","date_gmt":"2024-02-14T06:04:54","guid":{"rendered":"https:\/\/truusk.store\/product\/upphojd-sang-2-vaningar-3-vaxtlador-forvaringshylla-naturligt-tra-metallram-83w-x-39d-x-100h-cm-ljusbrun\/"},"modified":"2026-03-12T09:32:31","modified_gmt":"2026-03-12T08:32:31","slug":"truusk-upphojd-sang-med-2-vaningar-3-vaxtlador-forvaringshylla-naturligt-tra-metallram-83w-x-39d-x-100h-cm-ljusbrun","status":"publish","type":"product","link":"https:\/\/truusk.store\/sv\/produkt\/truusk-upphojd-sang-med-2-vaningar-3-vaxtlador-forvaringshylla-naturligt-tra-metallram-83w-x-39d-x-100h-cm-ljusbrun\/","title":{"rendered":"TRUUSK Upph\u00f6jd S\u00e4ng med 2 V\u00e5ningar &#8211; 3 V\u00e4xtl\u00e5dor &#8211; F\u00f6rvaringshylla &#8211; Naturligt Tr\u00e4 &#8211; Metallram &#8211; 83W X 39D X 100H Cm &#8211; Ljusbrun"},"content":{"rendered":"<p>L\u00e5t den naturliga sk\u00f6nheten blomma i din tr\u00e4dg\u00e5rd med 2-v\u00e5nings h\u00f6jdb\u00e4dden. De tre v\u00e4xtl\u00e5dorna m\u00f6jligg\u00f6r flexibel design, medan fleecefoderet s\u00e4kerst\u00e4ller skydd och sund tillv\u00e4xt av dina v\u00e4xter. Den extra hyllan i bloml\u00e5dan erbjuder praktiskt f\u00f6rvaringsutrymme f\u00f6r dina tr\u00e4dg\u00e5rdsredskap. V\u00e4lj stabilitet och estetik i ett och f\u00f6rh\u00f6j din tr\u00e4dg\u00e5rd med v\u00e5r h\u00f6gb\u00e4dd!<\/p>\n<h3>Beskrivning:<\/h3>\n<ul>\n<li>Tre v\u00e4xtl\u00e5dor f\u00f6r m\u00e5ngsidig plantering<\/li>\n<li>Extra hylla f\u00f6r snygg f\u00f6rvaring av tr\u00e4dg\u00e5rdsredskap<\/li>\n<li>H\u00f6gkvalitativa material f\u00f6r stabilitet och tillf\u00f6rlitlighet<\/li>\n<li>Fleece inv\u00e4ndigt foder i gr\u00f6nsaksb\u00e4dden f\u00f6r optimalt skydd och sund v\u00e4xttillv\u00e4xt<\/li>\n<li>Snygg lamelldesign av v\u00e4xtl\u00e5dan f\u00f6r ett attraktivt utseende<\/li>\n<li>Enkel konstruktion<\/li>\n<\/ul>\n<h3>Teknisk data:<\/h3>\n<ul>\n<li>F\u00e4rg: ljusbrun<\/li>\n<li>Material: gran, st\u00e5l<\/li>\n<li>M\u00e5tt: 83L x 39W x 100H cm<\/li>\n<li>Planteringsyta: 76,5L x 37W x 22H cm (stor), 37W x 24,5D x 22H cm (liten)<\/li>\n<li>Hyllstorlek (h\u00f6jd till golv): 39W x 27D x 30H cm<\/li>\n<li>Lastkapacitet: 70 kg (stor v\u00e4xtl\u00e5da), 35 kg (liten v\u00e4xtl\u00e5da), 10 kg (hylla)<\/li>\n<\/ul>\n<h3>Leveransens omfattning:<\/h3>\n<ul>\n<li>1 x upph\u00f6jd s\u00e4ng<\/li>\n<li>1 x Instruktioner<\/li>\n<\/ul>\n","protected":false},"excerpt":{"rendered":"<p>L\u00e5t den naturliga sk\u00f6nheten blomma i din tr\u00e4dg\u00e5rd med 2-v\u00e5nings h\u00f6jdb\u00e4dden. De tre v\u00e4xtl\u00e5dorna m\u00f6jligg\u00f6r flexibel design, medan fleecefoderet s\u00e4kerst\u00e4ller&#8230;<\/p>\n","protected":false},"featured_media":47218,"template":"","meta":[],"product_brand":[],"product_cat":[445,435,443],"product_tag":[],"class_list":{"0":"post-47217","1":"product","2":"type-product","3":"status-publish","4":"has-post-thumbnail","6":"product_cat-kalla-ramar","7":"product_cat-tradgard-och-terrass","8":"product_cat-vaxthus-tradgardsskotsel","10":"first","11":"instock","12":"sale","13":"taxable","14":"shipping-taxable","15":"purchasable","16":"product-type-simple"},"yoast_head":"<!-- This site is optimized with the Yoast SEO plugin v25.4 - https:\/\/yoast.com\/wordpress\/plugins\/seo\/ -->\n<title>TRUUSK Upph\u00f6jd S\u00e4ng med 2 V\u00e5ningar - 3 V\u00e4xtl\u00e5dor - F\u00f6rvaringshylla - Naturligt Tr\u00e4 - Metallram - 83W X 39D X 100H Cm - Ljusbrun - TRUUSK - Hem, Tr\u00e4dg\u00e5rd &amp; Fritid<\/title>\n<meta name=\"robots\" content=\"index, follow, max-snippet:-1, max-image-preview:large, max-video-preview:-1\" \/>\n<link rel=\"canonical\" href=\"https:\/\/truusk.store\/sv\/produkt\/truusk-upphojd-sang-med-2-vaningar-3-vaxtlador-forvaringshylla-naturligt-tra-metallram-83w-x-39d-x-100h-cm-ljusbrun\/\" \/>\n<meta property=\"og:locale\" content=\"sv_SE\" \/>\n<meta property=\"og:type\" content=\"article\" \/>\n<meta property=\"og:title\" content=\"TRUUSK Upph\u00f6jd S\u00e4ng med 2 V\u00e5ningar - 3 V\u00e4xtl\u00e5dor - F\u00f6rvaringshylla - Naturligt Tr\u00e4 - Metallram - 83W X 39D X 100H Cm - Ljusbrun - TRUUSK - Hem, Tr\u00e4dg\u00e5rd &amp; Fritid\" \/>\n<meta property=\"og:description\" content=\"L\u00e5t den naturliga sk\u00f6nheten blomma i din tr\u00e4dg\u00e5rd med 2-v\u00e5nings h\u00f6jdb\u00e4dden. De tre v\u00e4xtl\u00e5dorna m\u00f6jligg\u00f6r flexibel design, medan fleecefoderet s\u00e4kerst\u00e4ller...\" \/>\n<meta property=\"og:url\" content=\"https:\/\/truusk.store\/sv\/produkt\/truusk-upphojd-sang-med-2-vaningar-3-vaxtlador-forvaringshylla-naturligt-tra-metallram-83w-x-39d-x-100h-cm-ljusbrun\/\" \/>\n<meta property=\"og:site_name\" content=\"TRUUSK - Hem, Tr\u00e4dg\u00e5rd &amp; Fritid\" \/>\n<meta property=\"article:modified_time\" content=\"2026-03-12T08:32:31+00:00\" \/>\n<meta property=\"og:image\" content=\"https:\/\/i0.wp.com\/truusk.se\/wp-content\/uploads\/2024\/02\/upphojd-sang-2-vaningar-3-vaxtlador-forvaringshylla-naturligt-tra-metallram-83w-x-39d-x-100h-cm-ljusbrun.webp?fit=800%2C800&ssl=1\" \/>\n\t<meta property=\"og:image:width\" content=\"800\" \/>\n\t<meta property=\"og:image:height\" content=\"800\" \/>\n\t<meta property=\"og:image:type\" content=\"image\/webp\" \/>\n<meta name=\"twitter:card\" content=\"summary_large_image\" \/>\n<meta name=\"twitter:label1\" content=\"Ber\u00e4knad l\u00e4stid\" \/>\n\t<meta name=\"twitter:data1\" content=\"1 minut\" \/>\n<!-- \/ Yoast SEO plugin. -->","yoast_head_json":{"title":"TRUUSK Upph\u00f6jd S\u00e4ng med 2 V\u00e5ningar - 3 V\u00e4xtl\u00e5dor - F\u00f6rvaringshylla - Naturligt Tr\u00e4 - Metallram - 83W X 39D X 100H Cm - Ljusbrun - TRUUSK - Hem, Tr\u00e4dg\u00e5rd &amp; Fritid","robots":{"index":"index","follow":"follow","max-snippet":"max-snippet:-1","max-image-preview":"max-image-preview:large","max-video-preview":"max-video-preview:-1"},"canonical":"https:\/\/truusk.store\/sv\/produkt\/truusk-upphojd-sang-med-2-vaningar-3-vaxtlador-forvaringshylla-naturligt-tra-metallram-83w-x-39d-x-100h-cm-ljusbrun\/","og_locale":"sv_SE","og_type":"article","og_title":"TRUUSK Upph\u00f6jd S\u00e4ng med 2 V\u00e5ningar - 3 V\u00e4xtl\u00e5dor - F\u00f6rvaringshylla - Naturligt Tr\u00e4 - Metallram - 83W X 39D X 100H Cm - Ljusbrun - TRUUSK - Hem, Tr\u00e4dg\u00e5rd &amp; Fritid","og_description":"L\u00e5t den naturliga sk\u00f6nheten blomma i din tr\u00e4dg\u00e5rd med 2-v\u00e5nings h\u00f6jdb\u00e4dden. De tre v\u00e4xtl\u00e5dorna m\u00f6jligg\u00f6r flexibel design, medan fleecefoderet s\u00e4kerst\u00e4ller...","og_url":"https:\/\/truusk.store\/sv\/produkt\/truusk-upphojd-sang-med-2-vaningar-3-vaxtlador-forvaringshylla-naturligt-tra-metallram-83w-x-39d-x-100h-cm-ljusbrun\/","og_site_name":"TRUUSK - Hem, Tr\u00e4dg\u00e5rd &amp; Fritid","article_modified_time":"2026-03-12T08:32:31+00:00","og_image":[{"width":800,"height":800,"url":"https:\/\/i0.wp.com\/truusk.se\/wp-content\/uploads\/2024\/02\/upphojd-sang-2-vaningar-3-vaxtlador-forvaringshylla-naturligt-tra-metallram-83w-x-39d-x-100h-cm-ljusbrun.webp?fit=800%2C800&ssl=1","type":"image\/webp"}],"twitter_card":"summary_large_image","twitter_misc":{"Ber\u00e4knad l\u00e4stid":"1 minut"},"schema":{"@context":"https:\/\/schema.org","@graph":[{"@type":"WebPage","@id":"https:\/\/truusk.store\/sv\/produkt\/truusk-upphojd-sang-med-2-vaningar-3-vaxtlador-forvaringshylla-naturligt-tra-metallram-83w-x-39d-x-100h-cm-ljusbrun\/","url":"https:\/\/truusk.store\/sv\/produkt\/truusk-upphojd-sang-med-2-vaningar-3-vaxtlador-forvaringshylla-naturligt-tra-metallram-83w-x-39d-x-100h-cm-ljusbrun\/","name":"TRUUSK Upph\u00f6jd S\u00e4ng med 2 V\u00e5ningar - 3 V\u00e4xtl\u00e5dor - F\u00f6rvaringshylla - Naturligt Tr\u00e4 - Metallram - 83W X 39D X 100H Cm - Ljusbrun - TRUUSK - Hem, Tr\u00e4dg\u00e5rd &amp; Fritid","isPartOf":{"@id":"https:\/\/truusk.store\/sv\/#website"},"primaryImageOfPage":{"@id":"https:\/\/truusk.store\/sv\/produkt\/truusk-upphojd-sang-med-2-vaningar-3-vaxtlador-forvaringshylla-naturligt-tra-metallram-83w-x-39d-x-100h-cm-ljusbrun\/#primaryimage"},"image":{"@id":"https:\/\/truusk.store\/sv\/produkt\/truusk-upphojd-sang-med-2-vaningar-3-vaxtlador-forvaringshylla-naturligt-tra-metallram-83w-x-39d-x-100h-cm-ljusbrun\/#primaryimage"},"thumbnailUrl":"https:\/\/i0.wp.com\/truusk.store\/wp-content\/uploads\/2024\/02\/upphojd-sang-2-vaningar-3-vaxtlador-forvaringshylla-naturligt-tra-metallram-83w-x-39d-x-100h-cm-ljusbrun.webp?fit=800%2C800&ssl=1","datePublished":"2024-02-14T06:04:54+00:00","dateModified":"2026-03-12T08:32:31+00:00","breadcrumb":{"@id":"https:\/\/truusk.store\/sv\/produkt\/truusk-upphojd-sang-med-2-vaningar-3-vaxtlador-forvaringshylla-naturligt-tra-metallram-83w-x-39d-x-100h-cm-ljusbrun\/#breadcrumb"},"inLanguage":"sv-SE","potentialAction":[{"@type":"ReadAction","target":["https:\/\/truusk.store\/sv\/produkt\/truusk-upphojd-sang-med-2-vaningar-3-vaxtlador-forvaringshylla-naturligt-tra-metallram-83w-x-39d-x-100h-cm-ljusbrun\/"]}]},{"@type":"ImageObject","inLanguage":"sv-SE","@id":"https:\/\/truusk.store\/sv\/produkt\/truusk-upphojd-sang-med-2-vaningar-3-vaxtlador-forvaringshylla-naturligt-tra-metallram-83w-x-39d-x-100h-cm-ljusbrun\/#primaryimage","url":"https:\/\/i0.wp.com\/truusk.store\/wp-content\/uploads\/2024\/02\/upphojd-sang-2-vaningar-3-vaxtlador-forvaringshylla-naturligt-tra-metallram-83w-x-39d-x-100h-cm-ljusbrun.webp?fit=800%2C800&ssl=1","contentUrl":"https:\/\/i0.wp.com\/truusk.store\/wp-content\/uploads\/2024\/02\/upphojd-sang-2-vaningar-3-vaxtlador-forvaringshylla-naturligt-tra-metallram-83w-x-39d-x-100h-cm-ljusbrun.webp?fit=800%2C800&ssl=1","width":800,"height":800,"caption":"Upph\u00f6jd S\u00e4ng, 2 V\u00e5ningar, 3 V\u00e4xtl\u00e5dor, F\u00f6rvaringshylla, Naturligt Tr\u00e4, Metallram, 83W X 39D X 100H Cm, Ljusbrun 1"},{"@type":"BreadcrumbList","@id":"https:\/\/truusk.store\/sv\/produkt\/truusk-upphojd-sang-med-2-vaningar-3-vaxtlador-forvaringshylla-naturligt-tra-metallram-83w-x-39d-x-100h-cm-ljusbrun\/#breadcrumb","itemListElement":[{"@type":"ListItem","position":1,"name":"Home","item":"https:\/\/truusk.store\/sv\/"},{"@type":"ListItem","position":2,"name":"Shop","item":"https:\/\/truusk.store\/shop\/"},{"@type":"ListItem","position":3,"name":"TRUUSK Upph\u00f6jd S\u00e4ng med 2 V\u00e5ningar &#8211; 3 V\u00e4xtl\u00e5dor &#8211; F\u00f6rvaringshylla &#8211; Naturligt Tr\u00e4 &#8211; Metallram &#8211; 83W X 39D X 100H Cm &#8211; Ljusbrun"}]},{"@type":"WebSite","@id":"https:\/\/truusk.store\/sv\/#website","url":"https:\/\/truusk.store\/sv\/","name":"TRUUSK - Hem, Tr\u00e4dg\u00e5rd & Fritid","description":"","publisher":{"@id":"https:\/\/truusk.store\/sv\/#organization"},"potentialAction":[{"@type":"SearchAction","target":{"@type":"EntryPoint","urlTemplate":"https:\/\/truusk.store\/sv\/?s={search_term_string}"},"query-input":{"@type":"PropertyValueSpecification","valueRequired":true,"valueName":"search_term_string"}}],"inLanguage":"sv-SE"},{"@type":"Organization","@id":"https:\/\/truusk.store\/sv\/#organization","name":"TRUUSK - Hem, Tr\u00e4dg\u00e5rd & Fritid","url":"https:\/\/truusk.store\/sv\/","logo":{"@type":"ImageObject","inLanguage":"sv-SE","@id":"https:\/\/truusk.store\/sv\/#\/schema\/logo\/image\/","url":"https:\/\/i0.wp.com\/truusk.store\/wp-content\/uploads\/2026\/03\/cropped-TRUUSK.png?fit=2032%2C917&ssl=1","contentUrl":"https:\/\/i0.wp.com\/truusk.store\/wp-content\/uploads\/2026\/03\/cropped-TRUUSK.png?fit=2032%2C917&ssl=1","width":2032,"height":917,"caption":"TRUUSK - Hem, Tr\u00e4dg\u00e5rd & Fritid"},"image":{"@id":"https:\/\/truusk.store\/sv\/#\/schema\/logo\/image\/"}}]}},"jetpack_sharing_enabled":true,"_links":{"self":[{"href":"https:\/\/truusk.store\/sv\/wp-json\/wp\/v2\/product\/47217","targetHints":{"allow":["GET"]}}],"collection":[{"href":"https:\/\/truusk.store\/sv\/wp-json\/wp\/v2\/product"}],"about":[{"href":"https:\/\/truusk.store\/sv\/wp-json\/wp\/v2\/types\/product"}],"wp:featuredmedia":[{"embeddable":true,"href":"https:\/\/truusk.store\/sv\/wp-json\/wp\/v2\/media\/47218"}],"wp:attachment":[{"href":"https:\/\/truusk.store\/sv\/wp-json\/wp\/v2\/media?parent=47217"}],"wp:term":[{"taxonomy":"product_brand","embeddable":true,"href":"https:\/\/truusk.store\/sv\/wp-json\/wp\/v2\/product_brand?post=47217"},{"taxonomy":"product_cat","embeddable":true,"href":"https:\/\/truusk.store\/sv\/wp-json\/wp\/v2\/product_cat?post=47217"},{"taxonomy":"product_tag","embeddable":true,"href":"https:\/\/truusk.store\/sv\/wp-json\/wp\/v2\/product_tag?post=47217"}],"curies":[{"name":"wp","href":"https:\/\/api.w.org\/{rel}","templated":true}]}}