{"id":47228,"date":"2024-02-14T07:05:16","date_gmt":"2024-02-14T06:05:16","guid":{"rendered":"https:\/\/truusk.store\/product\/blomsterstall-4-vaningar-inomhus-och-utomhus-metallram-34l-x-34w-x-70h-cm-svartvit\/"},"modified":"2026-03-12T09:33:07","modified_gmt":"2026-03-12T08:33:07","slug":"truusk-blomsterstall-4-vaningar-inomhus-och-utomhus-metallram-34l-x-34b-x-70h-cm-svart-och-vit","status":"publish","type":"product","link":"https:\/\/truusk.store\/sv\/produkt\/truusk-blomsterstall-4-vaningar-inomhus-och-utomhus-metallram-34l-x-34b-x-70h-cm-svart-och-vit\/","title":{"rendered":"TRUUSK Blomsterst\u00e4ll 4 v\u00e5ningar &#8211; Inomhus och utomhus &#8211; Metallram &#8211; 34L x 34B x 70H cm &#8211; Svart och vit"},"content":{"rendered":"<p>Blomsterhyllan drar till sig allas uppm\u00e4rksamhet och ger glans till alla rum. Med sina fyra hyllor erbjuder den snygga presentationsytor f\u00f6r v\u00e4xter, b\u00f6cker, foton och mycket mer. Den robusta konstruktionen av v\u00e4xtst\u00e4llet av st\u00e5l och tr\u00e4 s\u00e4kerst\u00e4ller l\u00e5ngvarig anv\u00e4ndning.<\/p>\n<h3>Beskrivning:<\/h3>\n<ul>\n<li>Planthylla i fyra v\u00e5ningar f\u00f6r snygg visning<\/li>\n<li>Stabil metall- och tr\u00e4konstruktion f\u00f6r l\u00e5ngvarig anv\u00e4ndning<\/li>\n<li>Utrymmesbesparande blomst\u00e4llningsdesign f\u00f6r sm\u00e5 ytor<\/li>\n<li>M\u00e5ngsidig f\u00f6r inomhus- och utomhusbruk<\/li>\n<li>Enkel konstruktion<\/li>\n<\/ul>\n<h3>Teknisk data:<\/h3>\n<ul>\n<li>F\u00e4rg: Svart+Vit<\/li>\n<li>Material: gran, st\u00e5l<\/li>\n<li>\u00d6vergripande m\u00e5tt: 34L x 34W x 70H cm<\/li>\n<li>Hyllstorlek: 18W x 18D cm<\/li>\n<li>Hyllh\u00f6jd till golv: 22 cm, 37 cm, 52 cm, 70 cm<\/li>\n<li>Max belastning per hylla: 15 kg<\/li>\n<\/ul>\n<h3>Leveransens omfattning:<\/h3>\n<ul>\n<li>1 x Blomsterst\u00e4ll<\/li>\n<li>1 x Instruktioner<\/li>\n<\/ul>\n","protected":false},"excerpt":{"rendered":"<p>Blomsterhyllan drar till sig allas uppm\u00e4rksamhet och ger glans till alla rum. Med sina fyra hyllor erbjuder den snygga presentationsytor&#8230;<\/p>\n","protected":false},"featured_media":47229,"template":"","meta":[],"product_brand":[],"product_cat":[448,435,443,734],"product_tag":[],"class_list":{"0":"post-47228","1":"product","2":"type-product","3":"status-publish","4":"has-post-thumbnail","6":"product_cat-plantera-trappor-hyllor","7":"product_cat-tradgard-och-terrass","8":"product_cat-vaxthus-tradgardsskotsel","9":"product_cat-vaxthyllor","11":"first","12":"instock","13":"sale","14":"taxable","15":"shipping-taxable","16":"purchasable","17":"product-type-simple"},"yoast_head":"<!-- This site is optimized with the Yoast SEO plugin v25.4 - https:\/\/yoast.com\/wordpress\/plugins\/seo\/ -->\n<title>TRUUSK Blomsterst\u00e4ll 4 v\u00e5ningar - Inomhus och utomhus - Metallram - 34L x 34B x 70H cm - Svart och vit - TRUUSK - Hem, Tr\u00e4dg\u00e5rd &amp; Fritid<\/title>\n<meta name=\"robots\" content=\"index, follow, max-snippet:-1, max-image-preview:large, max-video-preview:-1\" \/>\n<link rel=\"canonical\" href=\"https:\/\/truusk.store\/sv\/produkt\/truusk-blomsterstall-4-vaningar-inomhus-och-utomhus-metallram-34l-x-34b-x-70h-cm-svart-och-vit\/\" \/>\n<meta property=\"og:locale\" content=\"sv_SE\" \/>\n<meta property=\"og:type\" content=\"article\" \/>\n<meta property=\"og:title\" content=\"TRUUSK Blomsterst\u00e4ll 4 v\u00e5ningar - Inomhus och utomhus - Metallram - 34L x 34B x 70H cm - Svart och vit - TRUUSK - Hem, Tr\u00e4dg\u00e5rd &amp; Fritid\" \/>\n<meta property=\"og:description\" content=\"Blomsterhyllan drar till sig allas uppm\u00e4rksamhet och ger glans till alla rum. Med sina fyra hyllor erbjuder den snygga presentationsytor...\" \/>\n<meta property=\"og:url\" content=\"https:\/\/truusk.store\/sv\/produkt\/truusk-blomsterstall-4-vaningar-inomhus-och-utomhus-metallram-34l-x-34b-x-70h-cm-svart-och-vit\/\" \/>\n<meta property=\"og:site_name\" content=\"TRUUSK - Hem, Tr\u00e4dg\u00e5rd &amp; Fritid\" \/>\n<meta property=\"article:modified_time\" content=\"2026-03-12T08:33:07+00:00\" \/>\n<meta property=\"og:image\" content=\"https:\/\/i0.wp.com\/truusk.se\/wp-content\/uploads\/2024\/02\/blomsterstall-4-vaningar-inomhus-och-utomhus-metallram-34l-x-34w-x-70h-cm-svartvit.webp?fit=800%2C800&ssl=1\" \/>\n\t<meta property=\"og:image:width\" content=\"800\" \/>\n\t<meta property=\"og:image:height\" content=\"800\" \/>\n\t<meta property=\"og:image:type\" content=\"image\/webp\" \/>\n<meta name=\"twitter:card\" content=\"summary_large_image\" \/>\n<meta name=\"twitter:label1\" content=\"Ber\u00e4knad l\u00e4stid\" \/>\n\t<meta name=\"twitter:data1\" content=\"1 minut\" \/>\n<!-- \/ Yoast SEO plugin. -->","yoast_head_json":{"title":"TRUUSK Blomsterst\u00e4ll 4 v\u00e5ningar - Inomhus och utomhus - Metallram - 34L x 34B x 70H cm - Svart och vit - TRUUSK - Hem, Tr\u00e4dg\u00e5rd &amp; Fritid","robots":{"index":"index","follow":"follow","max-snippet":"max-snippet:-1","max-image-preview":"max-image-preview:large","max-video-preview":"max-video-preview:-1"},"canonical":"https:\/\/truusk.store\/sv\/produkt\/truusk-blomsterstall-4-vaningar-inomhus-och-utomhus-metallram-34l-x-34b-x-70h-cm-svart-och-vit\/","og_locale":"sv_SE","og_type":"article","og_title":"TRUUSK Blomsterst\u00e4ll 4 v\u00e5ningar - Inomhus och utomhus - Metallram - 34L x 34B x 70H cm - Svart och vit - TRUUSK - Hem, Tr\u00e4dg\u00e5rd &amp; Fritid","og_description":"Blomsterhyllan drar till sig allas uppm\u00e4rksamhet och ger glans till alla rum. Med sina fyra hyllor erbjuder den snygga presentationsytor...","og_url":"https:\/\/truusk.store\/sv\/produkt\/truusk-blomsterstall-4-vaningar-inomhus-och-utomhus-metallram-34l-x-34b-x-70h-cm-svart-och-vit\/","og_site_name":"TRUUSK - Hem, Tr\u00e4dg\u00e5rd &amp; Fritid","article_modified_time":"2026-03-12T08:33:07+00:00","og_image":[{"width":800,"height":800,"url":"https:\/\/i0.wp.com\/truusk.se\/wp-content\/uploads\/2024\/02\/blomsterstall-4-vaningar-inomhus-och-utomhus-metallram-34l-x-34w-x-70h-cm-svartvit.webp?fit=800%2C800&ssl=1","type":"image\/webp"}],"twitter_card":"summary_large_image","twitter_misc":{"Ber\u00e4knad l\u00e4stid":"1 minut"},"schema":{"@context":"https:\/\/schema.org","@graph":[{"@type":"WebPage","@id":"https:\/\/truusk.store\/sv\/produkt\/truusk-blomsterstall-4-vaningar-inomhus-och-utomhus-metallram-34l-x-34b-x-70h-cm-svart-och-vit\/","url":"https:\/\/truusk.store\/sv\/produkt\/truusk-blomsterstall-4-vaningar-inomhus-och-utomhus-metallram-34l-x-34b-x-70h-cm-svart-och-vit\/","name":"TRUUSK Blomsterst\u00e4ll 4 v\u00e5ningar - Inomhus och utomhus - Metallram - 34L x 34B x 70H cm - Svart och vit - TRUUSK - Hem, Tr\u00e4dg\u00e5rd &amp; Fritid","isPartOf":{"@id":"https:\/\/truusk.store\/sv\/#website"},"primaryImageOfPage":{"@id":"https:\/\/truusk.store\/sv\/produkt\/truusk-blomsterstall-4-vaningar-inomhus-och-utomhus-metallram-34l-x-34b-x-70h-cm-svart-och-vit\/#primaryimage"},"image":{"@id":"https:\/\/truusk.store\/sv\/produkt\/truusk-blomsterstall-4-vaningar-inomhus-och-utomhus-metallram-34l-x-34b-x-70h-cm-svart-och-vit\/#primaryimage"},"thumbnailUrl":"https:\/\/i0.wp.com\/truusk.store\/wp-content\/uploads\/2024\/02\/blomsterstall-4-vaningar-inomhus-och-utomhus-metallram-34l-x-34w-x-70h-cm-svartvit.webp?fit=800%2C800&ssl=1","datePublished":"2024-02-14T06:05:16+00:00","dateModified":"2026-03-12T08:33:07+00:00","breadcrumb":{"@id":"https:\/\/truusk.store\/sv\/produkt\/truusk-blomsterstall-4-vaningar-inomhus-och-utomhus-metallram-34l-x-34b-x-70h-cm-svart-och-vit\/#breadcrumb"},"inLanguage":"sv-SE","potentialAction":[{"@type":"ReadAction","target":["https:\/\/truusk.store\/sv\/produkt\/truusk-blomsterstall-4-vaningar-inomhus-och-utomhus-metallram-34l-x-34b-x-70h-cm-svart-och-vit\/"]}]},{"@type":"ImageObject","inLanguage":"sv-SE","@id":"https:\/\/truusk.store\/sv\/produkt\/truusk-blomsterstall-4-vaningar-inomhus-och-utomhus-metallram-34l-x-34b-x-70h-cm-svart-och-vit\/#primaryimage","url":"https:\/\/i0.wp.com\/truusk.store\/wp-content\/uploads\/2024\/02\/blomsterstall-4-vaningar-inomhus-och-utomhus-metallram-34l-x-34w-x-70h-cm-svartvit.webp?fit=800%2C800&ssl=1","contentUrl":"https:\/\/i0.wp.com\/truusk.store\/wp-content\/uploads\/2024\/02\/blomsterstall-4-vaningar-inomhus-och-utomhus-metallram-34l-x-34w-x-70h-cm-svartvit.webp?fit=800%2C800&ssl=1","width":800,"height":800,"caption":"Blomsterst\u00e4ll, 4 V\u00e5ningar, Inomhus Och Utomhus, Metallram, 34L X 34W X 70H Cm, Svart+Vit 1"},{"@type":"BreadcrumbList","@id":"https:\/\/truusk.store\/sv\/produkt\/truusk-blomsterstall-4-vaningar-inomhus-och-utomhus-metallram-34l-x-34b-x-70h-cm-svart-och-vit\/#breadcrumb","itemListElement":[{"@type":"ListItem","position":1,"name":"Home","item":"https:\/\/truusk.store\/sv\/"},{"@type":"ListItem","position":2,"name":"Shop","item":"https:\/\/truusk.store\/shop\/"},{"@type":"ListItem","position":3,"name":"TRUUSK Blomsterst\u00e4ll 4 v\u00e5ningar &#8211; Inomhus och utomhus &#8211; Metallram &#8211; 34L x 34B x 70H cm &#8211; Svart och vit"}]},{"@type":"WebSite","@id":"https:\/\/truusk.store\/sv\/#website","url":"https:\/\/truusk.store\/sv\/","name":"TRUUSK - Hem, Tr\u00e4dg\u00e5rd & Fritid","description":"","publisher":{"@id":"https:\/\/truusk.store\/sv\/#organization"},"potentialAction":[{"@type":"SearchAction","target":{"@type":"EntryPoint","urlTemplate":"https:\/\/truusk.store\/sv\/?s={search_term_string}"},"query-input":{"@type":"PropertyValueSpecification","valueRequired":true,"valueName":"search_term_string"}}],"inLanguage":"sv-SE"},{"@type":"Organization","@id":"https:\/\/truusk.store\/sv\/#organization","name":"TRUUSK - Hem, Tr\u00e4dg\u00e5rd & Fritid","url":"https:\/\/truusk.store\/sv\/","logo":{"@type":"ImageObject","inLanguage":"sv-SE","@id":"https:\/\/truusk.store\/sv\/#\/schema\/logo\/image\/","url":"https:\/\/i0.wp.com\/truusk.store\/wp-content\/uploads\/2026\/03\/cropped-TRUUSK.png?fit=2032%2C917&ssl=1","contentUrl":"https:\/\/i0.wp.com\/truusk.store\/wp-content\/uploads\/2026\/03\/cropped-TRUUSK.png?fit=2032%2C917&ssl=1","width":2032,"height":917,"caption":"TRUUSK - Hem, Tr\u00e4dg\u00e5rd & Fritid"},"image":{"@id":"https:\/\/truusk.store\/sv\/#\/schema\/logo\/image\/"}}]}},"jetpack_sharing_enabled":true,"_links":{"self":[{"href":"https:\/\/truusk.store\/sv\/wp-json\/wp\/v2\/product\/47228","targetHints":{"allow":["GET"]}}],"collection":[{"href":"https:\/\/truusk.store\/sv\/wp-json\/wp\/v2\/product"}],"about":[{"href":"https:\/\/truusk.store\/sv\/wp-json\/wp\/v2\/types\/product"}],"wp:featuredmedia":[{"embeddable":true,"href":"https:\/\/truusk.store\/sv\/wp-json\/wp\/v2\/media\/47229"}],"wp:attachment":[{"href":"https:\/\/truusk.store\/sv\/wp-json\/wp\/v2\/media?parent=47228"}],"wp:term":[{"taxonomy":"product_brand","embeddable":true,"href":"https:\/\/truusk.store\/sv\/wp-json\/wp\/v2\/product_brand?post=47228"},{"taxonomy":"product_cat","embeddable":true,"href":"https:\/\/truusk.store\/sv\/wp-json\/wp\/v2\/product_cat?post=47228"},{"taxonomy":"product_tag","embeddable":true,"href":"https:\/\/truusk.store\/sv\/wp-json\/wp\/v2\/product_tag?post=47228"}],"curies":[{"name":"wp","href":"https:\/\/api.w.org\/{rel}","templated":true}]}}