{"id":47267,"date":"2024-02-14T07:06:36","date_gmt":"2024-02-14T06:06:36","guid":{"rendered":"https:\/\/truusk.store\/product\/upphojd-sang-med-hjul-skapsfack-invandigt-foder-begagnat-utseende-110x50x95-cm-vit\/"},"modified":"2026-03-12T09:33:07","modified_gmt":"2026-03-12T08:33:07","slug":"truusk-hund-och-kattvagn-2-i-1-hopfallbar-med-regnskydd-natventiler-kudde-for-husdjur-upp-till-10-kg-khaki-2","status":"publish","type":"product","link":"https:\/\/truusk.store\/sv\/produkt\/truusk-hund-och-kattvagn-2-i-1-hopfallbar-med-regnskydd-natventiler-kudde-for-husdjur-upp-till-10-kg-khaki-2\/","title":{"rendered":"TRUUSK Hund- och Kattvagn 2-i-1 &#8211; Hopf\u00e4llbar med Regnskydd &#8211; N\u00e4tventiler &#8211; Kudde &#8211; F\u00f6r Husdjur upp till 10 kg &#8211; Khaki"},"content":{"rendered":"<p>Ge din tr\u00e4dg\u00e5rd ett nytt utseende med denna sofistikerade h\u00f6gb\u00e4dd. Designen med begagnat utseende med runda d\u00f6rrhandtag ger en intressant touch till din uteplats, medan det praktiska sk\u00e5psfacket s\u00e4kerst\u00e4ller s\u00e4ker f\u00f6rvaring av dina tr\u00e4dg\u00e5rdsredskap. Fyra hjul erbjuder o\u00f6vertr\u00e4ffad r\u00f6relsefrihet. Den upph\u00f6jda designen p\u00e5 den h\u00f6jda balkongs\u00e4ngen \u00e4r idealisk f\u00f6r din rygg &#8211; s\u00e4g adj\u00f6 till besv\u00e4ret med att b\u00f6ja sig!<\/p>\n<h3>Beskrivning:<\/h3>\n<ul>\n<li>Gener\u00f6s planteringsyta f\u00f6r sund tillv\u00e4xt av dina blommor<\/li>\n<li>Gr\u00f6nsaksb\u00e4ddens undersk\u00e5psfack med d\u00f6rrar f\u00f6r s\u00e4ker f\u00f6rvaring av tr\u00e4dg\u00e5rdsredskap<\/li>\n<li>Fyra hjul, varav tv\u00e5 har bromsar f\u00f6r enkel r\u00f6relse och ett s\u00e4kert grepp<\/li>\n<li>Fleecefoder i bloml\u00e5dan f\u00f6r att f\u00f6rhindra jorderosion<\/li>\n<li>Tillverkad av robust gran med en lackerad finish f\u00f6r bekymmersfri utomhusbruk<\/li>\n<li>Begagnat utseende ger din uteplats en unik stil<\/li>\n<li>Montering kr\u00e4vs<\/li>\n<\/ul>\n<h3>Teknisk data:<\/h3>\n<ul>\n<li>F\u00e4rg vit<\/li>\n<li>Material: gran<\/li>\n<li>\u00d6vergripande m\u00e5tt: 110L x 50W x 95H cm<\/li>\n<li>Inv\u00e4ndiga m\u00e5tt p\u00e5 v\u00e4xtl\u00e5da: 107L x 47W x 26H cm<\/li>\n<li>Innerm\u00e5tt p\u00e5 sk\u00e5p: 108L x 47W cm<\/li>\n<li>Hyllstorlek: 113L x 47W cm<\/li>\n<li>Markfrig\u00e5ng: 6 cm<\/li>\n<li>V\u00e4xtl\u00e5dans kapacitet: 131 liter<\/li>\n<li>Lastkapacitet: 40 kg (v\u00e4xtl\u00e5da), 10 kg (sk\u00e5p)<\/li>\n<\/ul>\n<h3>Leveransens omfattning:<\/h3>\n<ul>\n<li>1 x upph\u00f6jd s\u00e4ng<\/li>\n<li>1 x manuell<\/li>\n<\/ul>\n","protected":false},"excerpt":{"rendered":"<p>Ge din tr\u00e4dg\u00e5rd ett nytt utseende med denna sofistikerade h\u00f6gb\u00e4dd. Designen med begagnat utseende med runda d\u00f6rrhandtag ger en intressant&#8230;<\/p>\n","protected":false},"featured_media":47268,"template":"","meta":[],"product_brand":[],"product_cat":[445,435,443],"product_tag":[],"class_list":{"0":"post-47267","1":"product","2":"type-product","3":"status-publish","4":"has-post-thumbnail","6":"product_cat-kalla-ramar","7":"product_cat-tradgard-och-terrass","8":"product_cat-vaxthus-tradgardsskotsel","10":"first","11":"instock","12":"sale","13":"taxable","14":"shipping-taxable","15":"purchasable","16":"product-type-simple"},"yoast_head":"<!-- This site is optimized with the Yoast SEO plugin v25.4 - https:\/\/yoast.com\/wordpress\/plugins\/seo\/ -->\n<title>TRUUSK Hund- och Kattvagn 2-i-1 - Hopf\u00e4llbar med Regnskydd - N\u00e4tventiler - Kudde - F\u00f6r Husdjur upp till 10 kg - Khaki - TRUUSK - Hem, Tr\u00e4dg\u00e5rd &amp; Fritid<\/title>\n<meta name=\"robots\" content=\"index, follow, max-snippet:-1, max-image-preview:large, max-video-preview:-1\" \/>\n<link rel=\"canonical\" href=\"https:\/\/truusk.store\/sv\/produkt\/truusk-hund-och-kattvagn-2-i-1-hopfallbar-med-regnskydd-natventiler-kudde-for-husdjur-upp-till-10-kg-khaki-2\/\" \/>\n<meta property=\"og:locale\" content=\"sv_SE\" \/>\n<meta property=\"og:type\" content=\"article\" \/>\n<meta property=\"og:title\" content=\"TRUUSK Hund- och Kattvagn 2-i-1 - Hopf\u00e4llbar med Regnskydd - N\u00e4tventiler - Kudde - F\u00f6r Husdjur upp till 10 kg - Khaki - TRUUSK - Hem, Tr\u00e4dg\u00e5rd &amp; Fritid\" \/>\n<meta property=\"og:description\" content=\"Ge din tr\u00e4dg\u00e5rd ett nytt utseende med denna sofistikerade h\u00f6gb\u00e4dd. Designen med begagnat utseende med runda d\u00f6rrhandtag ger en intressant...\" \/>\n<meta property=\"og:url\" content=\"https:\/\/truusk.store\/sv\/produkt\/truusk-hund-och-kattvagn-2-i-1-hopfallbar-med-regnskydd-natventiler-kudde-for-husdjur-upp-till-10-kg-khaki-2\/\" \/>\n<meta property=\"og:site_name\" content=\"TRUUSK - Hem, Tr\u00e4dg\u00e5rd &amp; Fritid\" \/>\n<meta property=\"article:modified_time\" content=\"2026-03-12T08:33:07+00:00\" \/>\n<meta property=\"og:image\" content=\"https:\/\/i0.wp.com\/truusk.se\/wp-content\/uploads\/2024\/02\/upphojd-sang-med-hjul-skapsfack-invandigt-foder-begagnat-utseende-110x50x95-cm-vit.webp?fit=800%2C800&ssl=1\" \/>\n\t<meta property=\"og:image:width\" content=\"800\" \/>\n\t<meta property=\"og:image:height\" content=\"800\" \/>\n\t<meta property=\"og:image:type\" content=\"image\/webp\" \/>\n<meta name=\"twitter:card\" content=\"summary_large_image\" \/>\n<meta name=\"twitter:label1\" content=\"Ber\u00e4knad l\u00e4stid\" \/>\n\t<meta name=\"twitter:data1\" content=\"1 minut\" \/>\n<!-- \/ Yoast SEO plugin. -->","yoast_head_json":{"title":"TRUUSK Hund- och Kattvagn 2-i-1 - Hopf\u00e4llbar med Regnskydd - N\u00e4tventiler - Kudde - F\u00f6r Husdjur upp till 10 kg - Khaki - TRUUSK - Hem, Tr\u00e4dg\u00e5rd &amp; Fritid","robots":{"index":"index","follow":"follow","max-snippet":"max-snippet:-1","max-image-preview":"max-image-preview:large","max-video-preview":"max-video-preview:-1"},"canonical":"https:\/\/truusk.store\/sv\/produkt\/truusk-hund-och-kattvagn-2-i-1-hopfallbar-med-regnskydd-natventiler-kudde-for-husdjur-upp-till-10-kg-khaki-2\/","og_locale":"sv_SE","og_type":"article","og_title":"TRUUSK Hund- och Kattvagn 2-i-1 - Hopf\u00e4llbar med Regnskydd - N\u00e4tventiler - Kudde - F\u00f6r Husdjur upp till 10 kg - Khaki - TRUUSK - Hem, Tr\u00e4dg\u00e5rd &amp; Fritid","og_description":"Ge din tr\u00e4dg\u00e5rd ett nytt utseende med denna sofistikerade h\u00f6gb\u00e4dd. Designen med begagnat utseende med runda d\u00f6rrhandtag ger en intressant...","og_url":"https:\/\/truusk.store\/sv\/produkt\/truusk-hund-och-kattvagn-2-i-1-hopfallbar-med-regnskydd-natventiler-kudde-for-husdjur-upp-till-10-kg-khaki-2\/","og_site_name":"TRUUSK - Hem, Tr\u00e4dg\u00e5rd &amp; Fritid","article_modified_time":"2026-03-12T08:33:07+00:00","og_image":[{"width":800,"height":800,"url":"https:\/\/i0.wp.com\/truusk.se\/wp-content\/uploads\/2024\/02\/upphojd-sang-med-hjul-skapsfack-invandigt-foder-begagnat-utseende-110x50x95-cm-vit.webp?fit=800%2C800&ssl=1","type":"image\/webp"}],"twitter_card":"summary_large_image","twitter_misc":{"Ber\u00e4knad l\u00e4stid":"1 minut"},"schema":{"@context":"https:\/\/schema.org","@graph":[{"@type":"WebPage","@id":"https:\/\/truusk.store\/sv\/produkt\/truusk-hund-och-kattvagn-2-i-1-hopfallbar-med-regnskydd-natventiler-kudde-for-husdjur-upp-till-10-kg-khaki-2\/","url":"https:\/\/truusk.store\/sv\/produkt\/truusk-hund-och-kattvagn-2-i-1-hopfallbar-med-regnskydd-natventiler-kudde-for-husdjur-upp-till-10-kg-khaki-2\/","name":"TRUUSK Hund- och Kattvagn 2-i-1 - Hopf\u00e4llbar med Regnskydd - N\u00e4tventiler - Kudde - F\u00f6r Husdjur upp till 10 kg - Khaki - TRUUSK - Hem, Tr\u00e4dg\u00e5rd &amp; Fritid","isPartOf":{"@id":"https:\/\/truusk.store\/sv\/#website"},"primaryImageOfPage":{"@id":"https:\/\/truusk.store\/sv\/produkt\/truusk-hund-och-kattvagn-2-i-1-hopfallbar-med-regnskydd-natventiler-kudde-for-husdjur-upp-till-10-kg-khaki-2\/#primaryimage"},"image":{"@id":"https:\/\/truusk.store\/sv\/produkt\/truusk-hund-och-kattvagn-2-i-1-hopfallbar-med-regnskydd-natventiler-kudde-for-husdjur-upp-till-10-kg-khaki-2\/#primaryimage"},"thumbnailUrl":"https:\/\/i0.wp.com\/truusk.store\/wp-content\/uploads\/2024\/02\/upphojd-sang-med-hjul-skapsfack-invandigt-foder-begagnat-utseende-110x50x95-cm-vit.webp?fit=800%2C800&ssl=1","datePublished":"2024-02-14T06:06:36+00:00","dateModified":"2026-03-12T08:33:07+00:00","breadcrumb":{"@id":"https:\/\/truusk.store\/sv\/produkt\/truusk-hund-och-kattvagn-2-i-1-hopfallbar-med-regnskydd-natventiler-kudde-for-husdjur-upp-till-10-kg-khaki-2\/#breadcrumb"},"inLanguage":"sv-SE","potentialAction":[{"@type":"ReadAction","target":["https:\/\/truusk.store\/sv\/produkt\/truusk-hund-och-kattvagn-2-i-1-hopfallbar-med-regnskydd-natventiler-kudde-for-husdjur-upp-till-10-kg-khaki-2\/"]}]},{"@type":"ImageObject","inLanguage":"sv-SE","@id":"https:\/\/truusk.store\/sv\/produkt\/truusk-hund-och-kattvagn-2-i-1-hopfallbar-med-regnskydd-natventiler-kudde-for-husdjur-upp-till-10-kg-khaki-2\/#primaryimage","url":"https:\/\/i0.wp.com\/truusk.store\/wp-content\/uploads\/2024\/02\/upphojd-sang-med-hjul-skapsfack-invandigt-foder-begagnat-utseende-110x50x95-cm-vit.webp?fit=800%2C800&ssl=1","contentUrl":"https:\/\/i0.wp.com\/truusk.store\/wp-content\/uploads\/2024\/02\/upphojd-sang-med-hjul-skapsfack-invandigt-foder-begagnat-utseende-110x50x95-cm-vit.webp?fit=800%2C800&ssl=1","width":800,"height":800,"caption":"Upph\u00f6jd S\u00e4ng Med Hjul, Sk\u00e5psfack, Inv\u00e4ndigt Foder, Begagnat Utseende, 110x50x95 Cm, Vit 1"},{"@type":"BreadcrumbList","@id":"https:\/\/truusk.store\/sv\/produkt\/truusk-hund-och-kattvagn-2-i-1-hopfallbar-med-regnskydd-natventiler-kudde-for-husdjur-upp-till-10-kg-khaki-2\/#breadcrumb","itemListElement":[{"@type":"ListItem","position":1,"name":"Home","item":"https:\/\/truusk.store\/sv\/"},{"@type":"ListItem","position":2,"name":"Shop","item":"https:\/\/truusk.store\/shop\/"},{"@type":"ListItem","position":3,"name":"TRUUSK Hund- och Kattvagn 2-i-1 &#8211; Hopf\u00e4llbar med Regnskydd &#8211; N\u00e4tventiler &#8211; Kudde &#8211; F\u00f6r Husdjur upp till 10 kg &#8211; Khaki"}]},{"@type":"WebSite","@id":"https:\/\/truusk.store\/sv\/#website","url":"https:\/\/truusk.store\/sv\/","name":"TRUUSK - Hem, Tr\u00e4dg\u00e5rd & Fritid","description":"","publisher":{"@id":"https:\/\/truusk.store\/sv\/#organization"},"potentialAction":[{"@type":"SearchAction","target":{"@type":"EntryPoint","urlTemplate":"https:\/\/truusk.store\/sv\/?s={search_term_string}"},"query-input":{"@type":"PropertyValueSpecification","valueRequired":true,"valueName":"search_term_string"}}],"inLanguage":"sv-SE"},{"@type":"Organization","@id":"https:\/\/truusk.store\/sv\/#organization","name":"TRUUSK - Hem, Tr\u00e4dg\u00e5rd & Fritid","url":"https:\/\/truusk.store\/sv\/","logo":{"@type":"ImageObject","inLanguage":"sv-SE","@id":"https:\/\/truusk.store\/sv\/#\/schema\/logo\/image\/","url":"https:\/\/i0.wp.com\/truusk.store\/wp-content\/uploads\/2026\/03\/cropped-TRUUSK.png?fit=2032%2C917&ssl=1","contentUrl":"https:\/\/i0.wp.com\/truusk.store\/wp-content\/uploads\/2026\/03\/cropped-TRUUSK.png?fit=2032%2C917&ssl=1","width":2032,"height":917,"caption":"TRUUSK - Hem, Tr\u00e4dg\u00e5rd & Fritid"},"image":{"@id":"https:\/\/truusk.store\/sv\/#\/schema\/logo\/image\/"}}]}},"jetpack_sharing_enabled":true,"_links":{"self":[{"href":"https:\/\/truusk.store\/sv\/wp-json\/wp\/v2\/product\/47267","targetHints":{"allow":["GET"]}}],"collection":[{"href":"https:\/\/truusk.store\/sv\/wp-json\/wp\/v2\/product"}],"about":[{"href":"https:\/\/truusk.store\/sv\/wp-json\/wp\/v2\/types\/product"}],"wp:featuredmedia":[{"embeddable":true,"href":"https:\/\/truusk.store\/sv\/wp-json\/wp\/v2\/media\/47268"}],"wp:attachment":[{"href":"https:\/\/truusk.store\/sv\/wp-json\/wp\/v2\/media?parent=47267"}],"wp:term":[{"taxonomy":"product_brand","embeddable":true,"href":"https:\/\/truusk.store\/sv\/wp-json\/wp\/v2\/product_brand?post=47267"},{"taxonomy":"product_cat","embeddable":true,"href":"https:\/\/truusk.store\/sv\/wp-json\/wp\/v2\/product_cat?post=47267"},{"taxonomy":"product_tag","embeddable":true,"href":"https:\/\/truusk.store\/sv\/wp-json\/wp\/v2\/product_tag?post=47267"}],"curies":[{"name":"wp","href":"https:\/\/api.w.org\/{rel}","templated":true}]}}