{"id":47281,"date":"2024-02-14T07:07:09","date_gmt":"2024-02-14T06:07:09","guid":{"rendered":"https:\/\/truusk.store\/product\/upphojd-sang-med-spalje-innerfoder-av-fleece-naturligt-tra-stal-80x38x145-cm-svart\/"},"modified":"2026-03-12T09:33:12","modified_gmt":"2026-03-12T08:33:12","slug":"truusk-hundbadd-med-spalje-fleecefoder-naturligt-tra-och-stal-80x38x145-cm-svart","status":"publish","type":"product","link":"https:\/\/truusk.store\/sv\/produkt\/truusk-hundbadd-med-spalje-fleecefoder-naturligt-tra-och-stal-80x38x145-cm-svart\/","title":{"rendered":"TRUUSK Hundb\u00e4dd med Spalj\u00e9 &#8211; Fleecefoder &#8211; Naturligt Tr\u00e4 och St\u00e5l &#8211; 80x38x145 cm &#8211; Svart"},"content":{"rendered":"<p>Ge din tr\u00e4dg\u00e5rd charmen av en italiensk ving\u00e5rd med denna kombination av h\u00f6gb\u00e4dd och spalj\u00e9. Odla vinrankor och andra kl\u00e4tterv\u00e4xter &#8211; vilken kl\u00e4tterv\u00e4xt som helst kommer att se bra ut med detta konstverk. Den upph\u00f6jda designen skyddar mot gnagare. Gr\u00f6nsaksb\u00e4ddens vattendr\u00e4neringsh\u00e5l i botten av planteringsk\u00e4rlet s\u00e4kerst\u00e4ller s\u00e4kert vatteninneh\u00e5ll och h\u00e5ller jorden andningsbar. Sl\u00e4pp loss dina tr\u00e4dg\u00e5rdsskickligheter med denna upph\u00f6jda planteringsmaskin.<\/p>\n<h3>Beskrivning:<\/h3>\n<ul>\n<li>Spalj\u00e9 av gallerverk f\u00f6r kl\u00e4tterv\u00e4xter<\/li>\n<li>Rymligt omr\u00e5de erbjuder gott om utrymme f\u00f6r att plantera dina v\u00e4xter<\/li>\n<li>Fibertyg och tv\u00e5 bottenavlopp p\u00e5 planteringsl\u00e5dan skyddar r\u00f6tter och jord<\/li>\n<li>Stabil struktur av h\u00f6jdb\u00e4dden gjord av naturligt grantr\u00e4 och m\u00e5lad st\u00e5lram<\/li>\n<li>Den naturliga tr\u00e4fibrerna ger din tr\u00e4dg\u00e5rd en rustik stil och kan m\u00e5las efter \u00f6nskem\u00e5l<\/li>\n<li>Montering kr\u00e4vs<\/li>\n<\/ul>\n<h3>Teknisk data:<\/h3>\n<ul>\n<li>F\u00e4rg: naturligt tr\u00e4<\/li>\n<li>Material: gran, st\u00e5l<\/li>\n<li>\u00d6vergripande m\u00e5tt: 80L x 38W x 145H cm<\/li>\n<li>Planteringsstorlek: 77L x 35W x 19H cm<\/li>\n<li>Spalj\u00e9storlek: 80W x 106H cm<\/li>\n<li>Lastkapacitet: 50 kg<\/li>\n<\/ul>\n<h3>Leveransens omfattning:<\/h3>\n<ul>\n<li>1 x kl\u00e4tterv\u00e4xtb\u00e4dd<\/li>\n<li>1 x manuell<\/li>\n<\/ul>\n","protected":false},"excerpt":{"rendered":"<p>Ge din tr\u00e4dg\u00e5rd charmen av en italiensk ving\u00e5rd med denna kombination av h\u00f6gb\u00e4dd och spalj\u00e9. Odla vinrankor och andra kl\u00e4tterv\u00e4xter&#8230;<\/p>\n","protected":false},"featured_media":47282,"template":"","meta":[],"product_brand":[],"product_cat":[445,435,443],"product_tag":[],"class_list":{"0":"post-47281","1":"product","2":"type-product","3":"status-publish","4":"has-post-thumbnail","6":"product_cat-kalla-ramar","7":"product_cat-tradgard-och-terrass","8":"product_cat-vaxthus-tradgardsskotsel","10":"first","11":"instock","12":"sale","13":"taxable","14":"shipping-taxable","15":"purchasable","16":"product-type-simple"},"yoast_head":"<!-- This site is optimized with the Yoast SEO plugin v25.4 - https:\/\/yoast.com\/wordpress\/plugins\/seo\/ -->\n<title>TRUUSK Hundb\u00e4dd med Spalj\u00e9 - Fleecefoder - Naturligt Tr\u00e4 och St\u00e5l - 80x38x145 cm - Svart - TRUUSK - Hem, Tr\u00e4dg\u00e5rd &amp; Fritid<\/title>\n<meta name=\"robots\" content=\"index, follow, max-snippet:-1, max-image-preview:large, max-video-preview:-1\" \/>\n<link rel=\"canonical\" href=\"https:\/\/truusk.store\/sv\/produkt\/truusk-hundbadd-med-spalje-fleecefoder-naturligt-tra-och-stal-80x38x145-cm-svart\/\" \/>\n<meta property=\"og:locale\" content=\"sv_SE\" \/>\n<meta property=\"og:type\" content=\"article\" \/>\n<meta property=\"og:title\" content=\"TRUUSK Hundb\u00e4dd med Spalj\u00e9 - Fleecefoder - Naturligt Tr\u00e4 och St\u00e5l - 80x38x145 cm - Svart - TRUUSK - Hem, Tr\u00e4dg\u00e5rd &amp; Fritid\" \/>\n<meta property=\"og:description\" content=\"Ge din tr\u00e4dg\u00e5rd charmen av en italiensk ving\u00e5rd med denna kombination av h\u00f6gb\u00e4dd och spalj\u00e9. Odla vinrankor och andra kl\u00e4tterv\u00e4xter...\" \/>\n<meta property=\"og:url\" content=\"https:\/\/truusk.store\/sv\/produkt\/truusk-hundbadd-med-spalje-fleecefoder-naturligt-tra-och-stal-80x38x145-cm-svart\/\" \/>\n<meta property=\"og:site_name\" content=\"TRUUSK - Hem, Tr\u00e4dg\u00e5rd &amp; Fritid\" \/>\n<meta property=\"article:modified_time\" content=\"2026-03-12T08:33:12+00:00\" \/>\n<meta property=\"og:image\" content=\"https:\/\/i0.wp.com\/truusk.se\/wp-content\/uploads\/2024\/02\/upphojd-sang-med-spalje-innerfoder-av-fleece-naturligt-tra-stal-80x38x145-cm-svart.webp?fit=800%2C800&ssl=1\" \/>\n\t<meta property=\"og:image:width\" content=\"800\" \/>\n\t<meta property=\"og:image:height\" content=\"800\" \/>\n\t<meta property=\"og:image:type\" content=\"image\/webp\" \/>\n<meta name=\"twitter:card\" content=\"summary_large_image\" \/>\n<meta name=\"twitter:label1\" content=\"Ber\u00e4knad l\u00e4stid\" \/>\n\t<meta name=\"twitter:data1\" content=\"1 minut\" \/>\n<!-- \/ Yoast SEO plugin. -->","yoast_head_json":{"title":"TRUUSK Hundb\u00e4dd med Spalj\u00e9 - Fleecefoder - Naturligt Tr\u00e4 och St\u00e5l - 80x38x145 cm - Svart - TRUUSK - Hem, Tr\u00e4dg\u00e5rd &amp; Fritid","robots":{"index":"index","follow":"follow","max-snippet":"max-snippet:-1","max-image-preview":"max-image-preview:large","max-video-preview":"max-video-preview:-1"},"canonical":"https:\/\/truusk.store\/sv\/produkt\/truusk-hundbadd-med-spalje-fleecefoder-naturligt-tra-och-stal-80x38x145-cm-svart\/","og_locale":"sv_SE","og_type":"article","og_title":"TRUUSK Hundb\u00e4dd med Spalj\u00e9 - Fleecefoder - Naturligt Tr\u00e4 och St\u00e5l - 80x38x145 cm - Svart - TRUUSK - Hem, Tr\u00e4dg\u00e5rd &amp; Fritid","og_description":"Ge din tr\u00e4dg\u00e5rd charmen av en italiensk ving\u00e5rd med denna kombination av h\u00f6gb\u00e4dd och spalj\u00e9. Odla vinrankor och andra kl\u00e4tterv\u00e4xter...","og_url":"https:\/\/truusk.store\/sv\/produkt\/truusk-hundbadd-med-spalje-fleecefoder-naturligt-tra-och-stal-80x38x145-cm-svart\/","og_site_name":"TRUUSK - Hem, Tr\u00e4dg\u00e5rd &amp; Fritid","article_modified_time":"2026-03-12T08:33:12+00:00","og_image":[{"width":800,"height":800,"url":"https:\/\/i0.wp.com\/truusk.se\/wp-content\/uploads\/2024\/02\/upphojd-sang-med-spalje-innerfoder-av-fleece-naturligt-tra-stal-80x38x145-cm-svart.webp?fit=800%2C800&ssl=1","type":"image\/webp"}],"twitter_card":"summary_large_image","twitter_misc":{"Ber\u00e4knad l\u00e4stid":"1 minut"},"schema":{"@context":"https:\/\/schema.org","@graph":[{"@type":"WebPage","@id":"https:\/\/truusk.store\/sv\/produkt\/truusk-hundbadd-med-spalje-fleecefoder-naturligt-tra-och-stal-80x38x145-cm-svart\/","url":"https:\/\/truusk.store\/sv\/produkt\/truusk-hundbadd-med-spalje-fleecefoder-naturligt-tra-och-stal-80x38x145-cm-svart\/","name":"TRUUSK Hundb\u00e4dd med Spalj\u00e9 - Fleecefoder - Naturligt Tr\u00e4 och St\u00e5l - 80x38x145 cm - Svart - TRUUSK - Hem, Tr\u00e4dg\u00e5rd &amp; Fritid","isPartOf":{"@id":"https:\/\/truusk.store\/sv\/#website"},"primaryImageOfPage":{"@id":"https:\/\/truusk.store\/sv\/produkt\/truusk-hundbadd-med-spalje-fleecefoder-naturligt-tra-och-stal-80x38x145-cm-svart\/#primaryimage"},"image":{"@id":"https:\/\/truusk.store\/sv\/produkt\/truusk-hundbadd-med-spalje-fleecefoder-naturligt-tra-och-stal-80x38x145-cm-svart\/#primaryimage"},"thumbnailUrl":"https:\/\/i0.wp.com\/truusk.store\/wp-content\/uploads\/2024\/02\/upphojd-sang-med-spalje-innerfoder-av-fleece-naturligt-tra-stal-80x38x145-cm-svart.webp?fit=800%2C800&ssl=1","datePublished":"2024-02-14T06:07:09+00:00","dateModified":"2026-03-12T08:33:12+00:00","breadcrumb":{"@id":"https:\/\/truusk.store\/sv\/produkt\/truusk-hundbadd-med-spalje-fleecefoder-naturligt-tra-och-stal-80x38x145-cm-svart\/#breadcrumb"},"inLanguage":"sv-SE","potentialAction":[{"@type":"ReadAction","target":["https:\/\/truusk.store\/sv\/produkt\/truusk-hundbadd-med-spalje-fleecefoder-naturligt-tra-och-stal-80x38x145-cm-svart\/"]}]},{"@type":"ImageObject","inLanguage":"sv-SE","@id":"https:\/\/truusk.store\/sv\/produkt\/truusk-hundbadd-med-spalje-fleecefoder-naturligt-tra-och-stal-80x38x145-cm-svart\/#primaryimage","url":"https:\/\/i0.wp.com\/truusk.store\/wp-content\/uploads\/2024\/02\/upphojd-sang-med-spalje-innerfoder-av-fleece-naturligt-tra-stal-80x38x145-cm-svart.webp?fit=800%2C800&ssl=1","contentUrl":"https:\/\/i0.wp.com\/truusk.store\/wp-content\/uploads\/2024\/02\/upphojd-sang-med-spalje-innerfoder-av-fleece-naturligt-tra-stal-80x38x145-cm-svart.webp?fit=800%2C800&ssl=1","width":800,"height":800,"caption":"Upph\u00f6jd S\u00e4ng Med Spalj\u00e9, Innerfoder Av Fleece, Naturligt Tr\u00e4, St\u00e5l, 80x38x145 Cm, Svart 1"},{"@type":"BreadcrumbList","@id":"https:\/\/truusk.store\/sv\/produkt\/truusk-hundbadd-med-spalje-fleecefoder-naturligt-tra-och-stal-80x38x145-cm-svart\/#breadcrumb","itemListElement":[{"@type":"ListItem","position":1,"name":"Home","item":"https:\/\/truusk.store\/sv\/"},{"@type":"ListItem","position":2,"name":"Shop","item":"https:\/\/truusk.store\/shop\/"},{"@type":"ListItem","position":3,"name":"TRUUSK Hundb\u00e4dd med Spalj\u00e9 &#8211; Fleecefoder &#8211; Naturligt Tr\u00e4 och St\u00e5l &#8211; 80x38x145 cm &#8211; Svart"}]},{"@type":"WebSite","@id":"https:\/\/truusk.store\/sv\/#website","url":"https:\/\/truusk.store\/sv\/","name":"TRUUSK - Hem, Tr\u00e4dg\u00e5rd & Fritid","description":"","publisher":{"@id":"https:\/\/truusk.store\/sv\/#organization"},"potentialAction":[{"@type":"SearchAction","target":{"@type":"EntryPoint","urlTemplate":"https:\/\/truusk.store\/sv\/?s={search_term_string}"},"query-input":{"@type":"PropertyValueSpecification","valueRequired":true,"valueName":"search_term_string"}}],"inLanguage":"sv-SE"},{"@type":"Organization","@id":"https:\/\/truusk.store\/sv\/#organization","name":"TRUUSK - Hem, Tr\u00e4dg\u00e5rd & Fritid","url":"https:\/\/truusk.store\/sv\/","logo":{"@type":"ImageObject","inLanguage":"sv-SE","@id":"https:\/\/truusk.store\/sv\/#\/schema\/logo\/image\/","url":"https:\/\/i0.wp.com\/truusk.store\/wp-content\/uploads\/2026\/03\/cropped-TRUUSK.png?fit=2032%2C917&ssl=1","contentUrl":"https:\/\/i0.wp.com\/truusk.store\/wp-content\/uploads\/2026\/03\/cropped-TRUUSK.png?fit=2032%2C917&ssl=1","width":2032,"height":917,"caption":"TRUUSK - Hem, Tr\u00e4dg\u00e5rd & Fritid"},"image":{"@id":"https:\/\/truusk.store\/sv\/#\/schema\/logo\/image\/"}}]}},"jetpack_sharing_enabled":true,"_links":{"self":[{"href":"https:\/\/truusk.store\/sv\/wp-json\/wp\/v2\/product\/47281","targetHints":{"allow":["GET"]}}],"collection":[{"href":"https:\/\/truusk.store\/sv\/wp-json\/wp\/v2\/product"}],"about":[{"href":"https:\/\/truusk.store\/sv\/wp-json\/wp\/v2\/types\/product"}],"wp:featuredmedia":[{"embeddable":true,"href":"https:\/\/truusk.store\/sv\/wp-json\/wp\/v2\/media\/47282"}],"wp:attachment":[{"href":"https:\/\/truusk.store\/sv\/wp-json\/wp\/v2\/media?parent=47281"}],"wp:term":[{"taxonomy":"product_brand","embeddable":true,"href":"https:\/\/truusk.store\/sv\/wp-json\/wp\/v2\/product_brand?post=47281"},{"taxonomy":"product_cat","embeddable":true,"href":"https:\/\/truusk.store\/sv\/wp-json\/wp\/v2\/product_cat?post=47281"},{"taxonomy":"product_tag","embeddable":true,"href":"https:\/\/truusk.store\/sv\/wp-json\/wp\/v2\/product_tag?post=47281"}],"curies":[{"name":"wp","href":"https:\/\/api.w.org\/{rel}","templated":true}]}}