{"id":47288,"date":"2024-02-14T07:07:24","date_gmt":"2024-02-14T06:07:24","guid":{"rendered":"https:\/\/truusk.store\/product\/fagelskyddsnat-metallram-dragkedja-latt-att-montera-och-demontera-3-x-1-x-15-m-gron\/"},"modified":"2026-03-12T09:33:12","modified_gmt":"2026-03-12T08:33:12","slug":"truusk-fagelskyddsnat-metallram-dragkedja-latt-montering-3x1x15m-gron","status":"publish","type":"product","link":"https:\/\/truusk.store\/sv\/produkt\/truusk-fagelskyddsnat-metallram-dragkedja-latt-montering-3x1x15m-gron\/","title":{"rendered":"TRUUSK F\u00e5gelskyddsn\u00e4t &#8211; Metallram &#8211; Dragkedja &#8211; L\u00e4tt montering &#8211; 3x1x1,5m &#8211; Gr\u00f6n"},"content":{"rendered":"<p>Inga fler ineffektiva f\u00e5gelskr\u00e4mmor och gnagda frukter och r\u00f6tter &#8211; detta f\u00e5gelskyddsn\u00e4t skyddar s\u00e4kert dina favoritv\u00e4xter fr\u00e5n f\u00e5glar och gnagare, s\u00e5 att din gr\u00f6nska kan frodas friskt och storslaget! Den l\u00e4tta metallramen ger n\u00e4tet ett mycket stabilt stativ, samtidigt som det kan flyttas utan anstr\u00e4ngning. Tack vare den praktiska designen kan n\u00e4tet och ramen monteras och demonteras p\u00e5 n\u00e5gra minuter &#8211; perfekt f\u00f6r alla tr\u00e4dg\u00e5rds\u00e4lskare!<\/p>\n<h3>Beskrivning:<\/h3>\n<ul>\n<li>V\u00e4xtskyddsn\u00e4t mot f\u00e5glar och gnagare<\/li>\n<li>Dragkedja f\u00f6r enkel \u00e5tkomst<\/li>\n<li>Enkel och snabb montering och demontering<\/li>\n<li>Inkluderar pinnar f\u00f6r att stabilisera ramen<\/li>\n<li>St\u00e4ll in med 1 till 2 personer<\/li>\n<\/ul>\n<h3>Teknisk data:<\/h3>\n<ul>\n<li>F\u00e4rg: gr\u00f6n<\/li>\n<li>Material: st\u00e5l, PE<\/li>\n<li>Totala m\u00e5tt: 300L x 100W x 150H cm<\/li>\n<li>Entr\u00e9h\u00f6jd: 100H cm<\/li>\n<li>Vindmotst\u00e5ndsniv\u00e5: 4<\/li>\n<\/ul>\n<h3>Leveransens omfattning:<\/h3>\n<ul>\n<li>1 x f\u00e5gelskyddsn\u00e4t<\/li>\n<li>6 x pinnar<\/li>\n<li>1 x Instruktioner<\/li>\n<\/ul>\n","protected":false},"excerpt":{"rendered":"<p>Inga fler ineffektiva f\u00e5gelskr\u00e4mmor och gnagda frukter och r\u00f6tter &#8211; detta f\u00e5gelskyddsn\u00e4t skyddar s\u00e4kert dina favoritv\u00e4xter fr\u00e5n f\u00e5glar och gnagare,&#8230;<\/p>\n","protected":false},"featured_media":47289,"template":"","meta":[],"product_brand":[],"product_cat":[435,443],"product_tag":[],"class_list":{"0":"post-47288","1":"product","2":"type-product","3":"status-publish","4":"has-post-thumbnail","6":"product_cat-tradgard-och-terrass","7":"product_cat-vaxthus-tradgardsskotsel","9":"first","10":"instock","11":"sale","12":"taxable","13":"shipping-taxable","14":"purchasable","15":"product-type-simple"},"yoast_head":"<!-- This site is optimized with the Yoast SEO plugin v25.4 - https:\/\/yoast.com\/wordpress\/plugins\/seo\/ -->\n<title>TRUUSK F\u00e5gelskyddsn\u00e4t - Metallram - Dragkedja - L\u00e4tt montering - 3x1x1,5m - Gr\u00f6n - TRUUSK - Hem, Tr\u00e4dg\u00e5rd &amp; Fritid<\/title>\n<meta name=\"robots\" content=\"index, follow, max-snippet:-1, max-image-preview:large, max-video-preview:-1\" \/>\n<link rel=\"canonical\" href=\"https:\/\/truusk.store\/sv\/produkt\/truusk-fagelskyddsnat-metallram-dragkedja-latt-montering-3x1x15m-gron\/\" \/>\n<meta property=\"og:locale\" content=\"sv_SE\" \/>\n<meta property=\"og:type\" content=\"article\" \/>\n<meta property=\"og:title\" content=\"TRUUSK F\u00e5gelskyddsn\u00e4t - Metallram - Dragkedja - L\u00e4tt montering - 3x1x1,5m - Gr\u00f6n - TRUUSK - Hem, Tr\u00e4dg\u00e5rd &amp; Fritid\" \/>\n<meta property=\"og:description\" content=\"Inga fler ineffektiva f\u00e5gelskr\u00e4mmor och gnagda frukter och r\u00f6tter &#8211; detta f\u00e5gelskyddsn\u00e4t skyddar s\u00e4kert dina favoritv\u00e4xter fr\u00e5n f\u00e5glar och gnagare,...\" \/>\n<meta property=\"og:url\" content=\"https:\/\/truusk.store\/sv\/produkt\/truusk-fagelskyddsnat-metallram-dragkedja-latt-montering-3x1x15m-gron\/\" \/>\n<meta property=\"og:site_name\" content=\"TRUUSK - Hem, Tr\u00e4dg\u00e5rd &amp; Fritid\" \/>\n<meta property=\"article:modified_time\" content=\"2026-03-12T08:33:12+00:00\" \/>\n<meta property=\"og:image\" content=\"https:\/\/i0.wp.com\/truusk.se\/wp-content\/uploads\/2024\/02\/fagelskyddsnat-metallram-dragkedja-latt-att-montera-och-demontera-3-x-1-x-15-m-gron.webp?fit=800%2C800&ssl=1\" \/>\n\t<meta property=\"og:image:width\" content=\"800\" \/>\n\t<meta property=\"og:image:height\" content=\"800\" \/>\n\t<meta property=\"og:image:type\" content=\"image\/webp\" \/>\n<meta name=\"twitter:card\" content=\"summary_large_image\" \/>\n<meta name=\"twitter:label1\" content=\"Ber\u00e4knad l\u00e4stid\" \/>\n\t<meta name=\"twitter:data1\" content=\"1 minut\" \/>\n<!-- \/ Yoast SEO plugin. -->","yoast_head_json":{"title":"TRUUSK F\u00e5gelskyddsn\u00e4t - Metallram - Dragkedja - L\u00e4tt montering - 3x1x1,5m - Gr\u00f6n - TRUUSK - Hem, Tr\u00e4dg\u00e5rd &amp; Fritid","robots":{"index":"index","follow":"follow","max-snippet":"max-snippet:-1","max-image-preview":"max-image-preview:large","max-video-preview":"max-video-preview:-1"},"canonical":"https:\/\/truusk.store\/sv\/produkt\/truusk-fagelskyddsnat-metallram-dragkedja-latt-montering-3x1x15m-gron\/","og_locale":"sv_SE","og_type":"article","og_title":"TRUUSK F\u00e5gelskyddsn\u00e4t - Metallram - Dragkedja - L\u00e4tt montering - 3x1x1,5m - Gr\u00f6n - TRUUSK - Hem, Tr\u00e4dg\u00e5rd &amp; Fritid","og_description":"Inga fler ineffektiva f\u00e5gelskr\u00e4mmor och gnagda frukter och r\u00f6tter &#8211; detta f\u00e5gelskyddsn\u00e4t skyddar s\u00e4kert dina favoritv\u00e4xter fr\u00e5n f\u00e5glar och gnagare,...","og_url":"https:\/\/truusk.store\/sv\/produkt\/truusk-fagelskyddsnat-metallram-dragkedja-latt-montering-3x1x15m-gron\/","og_site_name":"TRUUSK - Hem, Tr\u00e4dg\u00e5rd &amp; Fritid","article_modified_time":"2026-03-12T08:33:12+00:00","og_image":[{"width":800,"height":800,"url":"https:\/\/i0.wp.com\/truusk.se\/wp-content\/uploads\/2024\/02\/fagelskyddsnat-metallram-dragkedja-latt-att-montera-och-demontera-3-x-1-x-15-m-gron.webp?fit=800%2C800&ssl=1","type":"image\/webp"}],"twitter_card":"summary_large_image","twitter_misc":{"Ber\u00e4knad l\u00e4stid":"1 minut"},"schema":{"@context":"https:\/\/schema.org","@graph":[{"@type":"WebPage","@id":"https:\/\/truusk.store\/sv\/produkt\/truusk-fagelskyddsnat-metallram-dragkedja-latt-montering-3x1x15m-gron\/","url":"https:\/\/truusk.store\/sv\/produkt\/truusk-fagelskyddsnat-metallram-dragkedja-latt-montering-3x1x15m-gron\/","name":"TRUUSK F\u00e5gelskyddsn\u00e4t - Metallram - Dragkedja - L\u00e4tt montering - 3x1x1,5m - Gr\u00f6n - TRUUSK - Hem, Tr\u00e4dg\u00e5rd &amp; Fritid","isPartOf":{"@id":"https:\/\/truusk.store\/sv\/#website"},"primaryImageOfPage":{"@id":"https:\/\/truusk.store\/sv\/produkt\/truusk-fagelskyddsnat-metallram-dragkedja-latt-montering-3x1x15m-gron\/#primaryimage"},"image":{"@id":"https:\/\/truusk.store\/sv\/produkt\/truusk-fagelskyddsnat-metallram-dragkedja-latt-montering-3x1x15m-gron\/#primaryimage"},"thumbnailUrl":"https:\/\/i0.wp.com\/truusk.store\/wp-content\/uploads\/2024\/02\/fagelskyddsnat-metallram-dragkedja-latt-att-montera-och-demontera-3-x-1-x-15-m-gron.webp?fit=800%2C800&ssl=1","datePublished":"2024-02-14T06:07:24+00:00","dateModified":"2026-03-12T08:33:12+00:00","breadcrumb":{"@id":"https:\/\/truusk.store\/sv\/produkt\/truusk-fagelskyddsnat-metallram-dragkedja-latt-montering-3x1x15m-gron\/#breadcrumb"},"inLanguage":"sv-SE","potentialAction":[{"@type":"ReadAction","target":["https:\/\/truusk.store\/sv\/produkt\/truusk-fagelskyddsnat-metallram-dragkedja-latt-montering-3x1x15m-gron\/"]}]},{"@type":"ImageObject","inLanguage":"sv-SE","@id":"https:\/\/truusk.store\/sv\/produkt\/truusk-fagelskyddsnat-metallram-dragkedja-latt-montering-3x1x15m-gron\/#primaryimage","url":"https:\/\/i0.wp.com\/truusk.store\/wp-content\/uploads\/2024\/02\/fagelskyddsnat-metallram-dragkedja-latt-att-montera-och-demontera-3-x-1-x-15-m-gron.webp?fit=800%2C800&ssl=1","contentUrl":"https:\/\/i0.wp.com\/truusk.store\/wp-content\/uploads\/2024\/02\/fagelskyddsnat-metallram-dragkedja-latt-att-montera-och-demontera-3-x-1-x-15-m-gron.webp?fit=800%2C800&ssl=1","width":800,"height":800,"caption":"F\u00e5gelskyddsn\u00e4t, Metallram, Dragkedja, L\u00e4tt Att Montera Och Demontera, 3 X 1 X 1,5 M, Gr\u00f6n 1"},{"@type":"BreadcrumbList","@id":"https:\/\/truusk.store\/sv\/produkt\/truusk-fagelskyddsnat-metallram-dragkedja-latt-montering-3x1x15m-gron\/#breadcrumb","itemListElement":[{"@type":"ListItem","position":1,"name":"Home","item":"https:\/\/truusk.store\/sv\/"},{"@type":"ListItem","position":2,"name":"Shop","item":"https:\/\/truusk.store\/shop\/"},{"@type":"ListItem","position":3,"name":"TRUUSK F\u00e5gelskyddsn\u00e4t &#8211; Metallram &#8211; Dragkedja &#8211; L\u00e4tt montering &#8211; 3x1x1,5m &#8211; Gr\u00f6n"}]},{"@type":"WebSite","@id":"https:\/\/truusk.store\/sv\/#website","url":"https:\/\/truusk.store\/sv\/","name":"TRUUSK - Hem, Tr\u00e4dg\u00e5rd & Fritid","description":"","publisher":{"@id":"https:\/\/truusk.store\/sv\/#organization"},"potentialAction":[{"@type":"SearchAction","target":{"@type":"EntryPoint","urlTemplate":"https:\/\/truusk.store\/sv\/?s={search_term_string}"},"query-input":{"@type":"PropertyValueSpecification","valueRequired":true,"valueName":"search_term_string"}}],"inLanguage":"sv-SE"},{"@type":"Organization","@id":"https:\/\/truusk.store\/sv\/#organization","name":"TRUUSK - Hem, Tr\u00e4dg\u00e5rd & Fritid","url":"https:\/\/truusk.store\/sv\/","logo":{"@type":"ImageObject","inLanguage":"sv-SE","@id":"https:\/\/truusk.store\/sv\/#\/schema\/logo\/image\/","url":"https:\/\/i0.wp.com\/truusk.store\/wp-content\/uploads\/2026\/03\/cropped-TRUUSK.png?fit=2032%2C917&ssl=1","contentUrl":"https:\/\/i0.wp.com\/truusk.store\/wp-content\/uploads\/2026\/03\/cropped-TRUUSK.png?fit=2032%2C917&ssl=1","width":2032,"height":917,"caption":"TRUUSK - Hem, Tr\u00e4dg\u00e5rd & Fritid"},"image":{"@id":"https:\/\/truusk.store\/sv\/#\/schema\/logo\/image\/"}}]}},"jetpack_sharing_enabled":true,"_links":{"self":[{"href":"https:\/\/truusk.store\/sv\/wp-json\/wp\/v2\/product\/47288","targetHints":{"allow":["GET"]}}],"collection":[{"href":"https:\/\/truusk.store\/sv\/wp-json\/wp\/v2\/product"}],"about":[{"href":"https:\/\/truusk.store\/sv\/wp-json\/wp\/v2\/types\/product"}],"wp:featuredmedia":[{"embeddable":true,"href":"https:\/\/truusk.store\/sv\/wp-json\/wp\/v2\/media\/47289"}],"wp:attachment":[{"href":"https:\/\/truusk.store\/sv\/wp-json\/wp\/v2\/media?parent=47288"}],"wp:term":[{"taxonomy":"product_brand","embeddable":true,"href":"https:\/\/truusk.store\/sv\/wp-json\/wp\/v2\/product_brand?post=47288"},{"taxonomy":"product_cat","embeddable":true,"href":"https:\/\/truusk.store\/sv\/wp-json\/wp\/v2\/product_cat?post=47288"},{"taxonomy":"product_tag","embeddable":true,"href":"https:\/\/truusk.store\/sv\/wp-json\/wp\/v2\/product_tag?post=47288"}],"curies":[{"name":"wp","href":"https:\/\/api.w.org\/{rel}","templated":true}]}}