{"id":47320,"date":"2024-02-14T07:09:21","date_gmt":"2024-02-14T06:09:21","guid":{"rendered":"https:\/\/truusk.store\/product\/tygskap-av-fleece-vikskap-inklusive-3-lador-125-cm-x-43-cm-x-1625-cm-svart\/"},"modified":"2026-03-12T09:33:15","modified_gmt":"2026-03-12T08:33:15","slug":"truusk-fleecefiltsskap-hopfallbart-3-lador-125x43x1625-cm-svart","status":"publish","type":"product","link":"https:\/\/truusk.store\/sv\/produkt\/truusk-fleecefiltsskap-hopfallbart-3-lador-125x43x1625-cm-svart\/","title":{"rendered":"TRUUSK Fleecefiltssk\u00e5p &#8211; Hopf\u00e4llbart &#8211; 3 l\u00e5dor &#8211; 125x43x162,5 cm &#8211; Svart"},"content":{"rendered":"<p>Ta fram enkelheten i ditt sovrum med denna hopf\u00e4llbara tyggarderob. Tack vare dess praktiska och platsbesparande funktioner kan du placera sk\u00e5pet i ditt sovrum, vardagsrum eller n\u00e5gon annanstans. 5 \u00f6ppna hyllor, 3 stora l\u00e5dor och 2 upph\u00e4ngningsytor ger gott om plats f\u00f6r dina kl\u00e4der. Fodralet i fibertyg h\u00e5ller dina saker dammfria.<\/p>\n<h3>Beskrivning:<\/h3>\n<ul>\n<li>Med 2 h\u00e4ngst\u00e4nger och 5 hyllor f\u00f6r m\u00f6ssor, tr\u00f6jor och vikta kl\u00e4der<\/li>\n<li>Med 3 l\u00e4ttdragbara l\u00e5dor kan du separera underkl\u00e4der, halsdukar etc. och vika dem n\u00e4r de inte anv\u00e4nds<\/li>\n<li>Skydda dina tillh\u00f6righeter fr\u00e5n damm med ett fleeceskydd med dragkedja<\/li>\n<li>Tack vare kardborref\u00e4stena kan d\u00f6rrpanelen rullas ihop och fixeras<\/li>\n<li>Specialbehandlade hyllor f\u00f6r stabilitet och enkel reng\u00f6ring, PP-kopplingar och st\u00e5lramar f\u00f6r en stabil grund<\/li>\n<li>Har gott om plats men tar inte mycket golvyta, perfekt f\u00f6r vardagsrum, sovrum och tv\u00e4ttstuga<\/li>\n<li>Upph\u00f6jd bas f\u00f6rhindrar att dina kl\u00e4der blir fuktiga<\/li>\n<li>Enkel montering kr\u00e4vs<\/li>\n<\/ul>\n<h3>Teknisk data:<\/h3>\n<ul>\n<li>Svart f\u00e4rg<\/li>\n<li>Material: st\u00e5l, fiberduk, plast<\/li>\n<li>\u00d6vergripande m\u00e5tt: 125W x 43D x 162,5H cm<\/li>\n<li>Mellanstor hyllstorlek: 39,5W x 39,5D x 37,5H cm<\/li>\n<li>V\u00e4nster\/H\u00f6ger Hylla Storlek: 39,5W x 39,5D x 116,5H cm, 39,5W x 39,5D x 37,5H cm<\/li>\n<li>Storlek f\u00f6r f\u00f6rvaringsl\u00e5dan: 38W x 38D x 36H cm<\/li>\n<li>L\u00e4ngd p\u00e5 h\u00e4ngst\u00e5ng: 39 cm<\/li>\n<li>H\u00f6jd p\u00e5 h\u00e4ngst\u00e5ng till hylla: 112 cm<\/li>\n<li>Benh\u00f6jd: 5 cm<\/li>\n<li>Viktkapacitet: 65 kg (totalt), 5 kg (varje niv\u00e5), 15 kg (h\u00e4ngande st\u00e5ng)<\/li>\n<\/ul>\n<h3>Leveransens omfattning:<\/h3>\n<ul>\n<li>1 x Tyggarderob<\/li>\n<li>3 x l\u00e5dor<\/li>\n<li>1 x manuell<\/li>\n<\/ul>\n","protected":false},"excerpt":{"rendered":"<p>Ta fram enkelheten i ditt sovrum med denna hopf\u00e4llbara tyggarderob. Tack vare dess praktiska och platsbesparande funktioner kan du placera&#8230;<\/p>\n","protected":false},"featured_media":47321,"template":"","meta":[],"product_brand":[],"product_cat":[485,532,528],"product_tag":[],"class_list":{"0":"post-47320","1":"product","2":"type-product","3":"status-publish","4":"has-post-thumbnail","6":"product_cat-hus-bo","7":"product_cat-skap","8":"product_cat-skap-byraer","10":"first","11":"instock","12":"sale","13":"taxable","14":"shipping-taxable","15":"purchasable","16":"product-type-simple"},"yoast_head":"<!-- This site is optimized with the Yoast SEO plugin v25.4 - https:\/\/yoast.com\/wordpress\/plugins\/seo\/ -->\n<title>TRUUSK Fleecefiltssk\u00e5p - Hopf\u00e4llbart - 3 l\u00e5dor - 125x43x162,5 cm - Svart - TRUUSK - Hem, Tr\u00e4dg\u00e5rd &amp; Fritid<\/title>\n<meta name=\"robots\" content=\"index, follow, max-snippet:-1, max-image-preview:large, max-video-preview:-1\" \/>\n<link rel=\"canonical\" href=\"https:\/\/truusk.store\/sv\/produkt\/truusk-fleecefiltsskap-hopfallbart-3-lador-125x43x1625-cm-svart\/\" \/>\n<meta property=\"og:locale\" content=\"sv_SE\" \/>\n<meta property=\"og:type\" content=\"article\" \/>\n<meta property=\"og:title\" content=\"TRUUSK Fleecefiltssk\u00e5p - Hopf\u00e4llbart - 3 l\u00e5dor - 125x43x162,5 cm - Svart - TRUUSK - Hem, Tr\u00e4dg\u00e5rd &amp; Fritid\" \/>\n<meta property=\"og:description\" content=\"Ta fram enkelheten i ditt sovrum med denna hopf\u00e4llbara tyggarderob. Tack vare dess praktiska och platsbesparande funktioner kan du placera...\" \/>\n<meta property=\"og:url\" content=\"https:\/\/truusk.store\/sv\/produkt\/truusk-fleecefiltsskap-hopfallbart-3-lador-125x43x1625-cm-svart\/\" \/>\n<meta property=\"og:site_name\" content=\"TRUUSK - Hem, Tr\u00e4dg\u00e5rd &amp; Fritid\" \/>\n<meta property=\"article:modified_time\" content=\"2026-03-12T08:33:15+00:00\" \/>\n<meta property=\"og:image\" content=\"https:\/\/i0.wp.com\/truusk.se\/wp-content\/uploads\/2024\/02\/tygskap-av-fleece-vikskap-inklusive-3-lador-125-cm-x-43-cm-x-1625-cm-svart.webp?fit=800%2C800&ssl=1\" \/>\n\t<meta property=\"og:image:width\" content=\"800\" \/>\n\t<meta property=\"og:image:height\" content=\"800\" \/>\n\t<meta property=\"og:image:type\" content=\"image\/webp\" \/>\n<meta name=\"twitter:card\" content=\"summary_large_image\" \/>\n<meta name=\"twitter:label1\" content=\"Ber\u00e4knad l\u00e4stid\" \/>\n\t<meta name=\"twitter:data1\" content=\"1 minut\" \/>\n<!-- \/ Yoast SEO plugin. -->","yoast_head_json":{"title":"TRUUSK Fleecefiltssk\u00e5p - Hopf\u00e4llbart - 3 l\u00e5dor - 125x43x162,5 cm - Svart - TRUUSK - Hem, Tr\u00e4dg\u00e5rd &amp; Fritid","robots":{"index":"index","follow":"follow","max-snippet":"max-snippet:-1","max-image-preview":"max-image-preview:large","max-video-preview":"max-video-preview:-1"},"canonical":"https:\/\/truusk.store\/sv\/produkt\/truusk-fleecefiltsskap-hopfallbart-3-lador-125x43x1625-cm-svart\/","og_locale":"sv_SE","og_type":"article","og_title":"TRUUSK Fleecefiltssk\u00e5p - Hopf\u00e4llbart - 3 l\u00e5dor - 125x43x162,5 cm - Svart - TRUUSK - Hem, Tr\u00e4dg\u00e5rd &amp; Fritid","og_description":"Ta fram enkelheten i ditt sovrum med denna hopf\u00e4llbara tyggarderob. Tack vare dess praktiska och platsbesparande funktioner kan du placera...","og_url":"https:\/\/truusk.store\/sv\/produkt\/truusk-fleecefiltsskap-hopfallbart-3-lador-125x43x1625-cm-svart\/","og_site_name":"TRUUSK - Hem, Tr\u00e4dg\u00e5rd &amp; Fritid","article_modified_time":"2026-03-12T08:33:15+00:00","og_image":[{"width":800,"height":800,"url":"https:\/\/i0.wp.com\/truusk.se\/wp-content\/uploads\/2024\/02\/tygskap-av-fleece-vikskap-inklusive-3-lador-125-cm-x-43-cm-x-1625-cm-svart.webp?fit=800%2C800&ssl=1","type":"image\/webp"}],"twitter_card":"summary_large_image","twitter_misc":{"Ber\u00e4knad l\u00e4stid":"1 minut"},"schema":{"@context":"https:\/\/schema.org","@graph":[{"@type":"WebPage","@id":"https:\/\/truusk.store\/sv\/produkt\/truusk-fleecefiltsskap-hopfallbart-3-lador-125x43x1625-cm-svart\/","url":"https:\/\/truusk.store\/sv\/produkt\/truusk-fleecefiltsskap-hopfallbart-3-lador-125x43x1625-cm-svart\/","name":"TRUUSK Fleecefiltssk\u00e5p - Hopf\u00e4llbart - 3 l\u00e5dor - 125x43x162,5 cm - Svart - TRUUSK - Hem, Tr\u00e4dg\u00e5rd &amp; Fritid","isPartOf":{"@id":"https:\/\/truusk.store\/sv\/#website"},"primaryImageOfPage":{"@id":"https:\/\/truusk.store\/sv\/produkt\/truusk-fleecefiltsskap-hopfallbart-3-lador-125x43x1625-cm-svart\/#primaryimage"},"image":{"@id":"https:\/\/truusk.store\/sv\/produkt\/truusk-fleecefiltsskap-hopfallbart-3-lador-125x43x1625-cm-svart\/#primaryimage"},"thumbnailUrl":"https:\/\/i0.wp.com\/truusk.store\/wp-content\/uploads\/2024\/02\/tygskap-av-fleece-vikskap-inklusive-3-lador-125-cm-x-43-cm-x-1625-cm-svart.webp?fit=800%2C800&ssl=1","datePublished":"2024-02-14T06:09:21+00:00","dateModified":"2026-03-12T08:33:15+00:00","breadcrumb":{"@id":"https:\/\/truusk.store\/sv\/produkt\/truusk-fleecefiltsskap-hopfallbart-3-lador-125x43x1625-cm-svart\/#breadcrumb"},"inLanguage":"sv-SE","potentialAction":[{"@type":"ReadAction","target":["https:\/\/truusk.store\/sv\/produkt\/truusk-fleecefiltsskap-hopfallbart-3-lador-125x43x1625-cm-svart\/"]}]},{"@type":"ImageObject","inLanguage":"sv-SE","@id":"https:\/\/truusk.store\/sv\/produkt\/truusk-fleecefiltsskap-hopfallbart-3-lador-125x43x1625-cm-svart\/#primaryimage","url":"https:\/\/i0.wp.com\/truusk.store\/wp-content\/uploads\/2024\/02\/tygskap-av-fleece-vikskap-inklusive-3-lador-125-cm-x-43-cm-x-1625-cm-svart.webp?fit=800%2C800&ssl=1","contentUrl":"https:\/\/i0.wp.com\/truusk.store\/wp-content\/uploads\/2024\/02\/tygskap-av-fleece-vikskap-inklusive-3-lador-125-cm-x-43-cm-x-1625-cm-svart.webp?fit=800%2C800&ssl=1","width":800,"height":800,"caption":"Tygsk\u00e5p Av Fleece, Viksk\u00e5p, Inklusive 3 L\u00e5dor, 125 Cm X 43 Cm X 162,5 Cm, Svart 1"},{"@type":"BreadcrumbList","@id":"https:\/\/truusk.store\/sv\/produkt\/truusk-fleecefiltsskap-hopfallbart-3-lador-125x43x1625-cm-svart\/#breadcrumb","itemListElement":[{"@type":"ListItem","position":1,"name":"Home","item":"https:\/\/truusk.store\/sv\/"},{"@type":"ListItem","position":2,"name":"Shop","item":"https:\/\/truusk.store\/shop\/"},{"@type":"ListItem","position":3,"name":"TRUUSK Fleecefiltssk\u00e5p &#8211; Hopf\u00e4llbart &#8211; 3 l\u00e5dor &#8211; 125x43x162,5 cm &#8211; Svart"}]},{"@type":"WebSite","@id":"https:\/\/truusk.store\/sv\/#website","url":"https:\/\/truusk.store\/sv\/","name":"TRUUSK - Hem, Tr\u00e4dg\u00e5rd & Fritid","description":"","publisher":{"@id":"https:\/\/truusk.store\/sv\/#organization"},"potentialAction":[{"@type":"SearchAction","target":{"@type":"EntryPoint","urlTemplate":"https:\/\/truusk.store\/sv\/?s={search_term_string}"},"query-input":{"@type":"PropertyValueSpecification","valueRequired":true,"valueName":"search_term_string"}}],"inLanguage":"sv-SE"},{"@type":"Organization","@id":"https:\/\/truusk.store\/sv\/#organization","name":"TRUUSK - Hem, Tr\u00e4dg\u00e5rd & Fritid","url":"https:\/\/truusk.store\/sv\/","logo":{"@type":"ImageObject","inLanguage":"sv-SE","@id":"https:\/\/truusk.store\/sv\/#\/schema\/logo\/image\/","url":"https:\/\/i0.wp.com\/truusk.store\/wp-content\/uploads\/2026\/03\/cropped-TRUUSK.png?fit=2032%2C917&ssl=1","contentUrl":"https:\/\/i0.wp.com\/truusk.store\/wp-content\/uploads\/2026\/03\/cropped-TRUUSK.png?fit=2032%2C917&ssl=1","width":2032,"height":917,"caption":"TRUUSK - Hem, Tr\u00e4dg\u00e5rd & Fritid"},"image":{"@id":"https:\/\/truusk.store\/sv\/#\/schema\/logo\/image\/"}}]}},"jetpack_sharing_enabled":true,"_links":{"self":[{"href":"https:\/\/truusk.store\/sv\/wp-json\/wp\/v2\/product\/47320","targetHints":{"allow":["GET"]}}],"collection":[{"href":"https:\/\/truusk.store\/sv\/wp-json\/wp\/v2\/product"}],"about":[{"href":"https:\/\/truusk.store\/sv\/wp-json\/wp\/v2\/types\/product"}],"wp:featuredmedia":[{"embeddable":true,"href":"https:\/\/truusk.store\/sv\/wp-json\/wp\/v2\/media\/47321"}],"wp:attachment":[{"href":"https:\/\/truusk.store\/sv\/wp-json\/wp\/v2\/media?parent=47320"}],"wp:term":[{"taxonomy":"product_brand","embeddable":true,"href":"https:\/\/truusk.store\/sv\/wp-json\/wp\/v2\/product_brand?post=47320"},{"taxonomy":"product_cat","embeddable":true,"href":"https:\/\/truusk.store\/sv\/wp-json\/wp\/v2\/product_cat?post=47320"},{"taxonomy":"product_tag","embeddable":true,"href":"https:\/\/truusk.store\/sv\/wp-json\/wp\/v2\/product_tag?post=47320"}],"curies":[{"name":"wp","href":"https:\/\/api.w.org\/{rel}","templated":true}]}}