{"id":47341,"date":"2024-02-14T07:10:12","date_gmt":"2024-02-14T06:10:12","guid":{"rendered":"https:\/\/truusk.store\/product\/4-delat-tradgardsset-2-fatoljer-2-sits-soffa-bord-med-glasskiva-andningsbart-tyg-metallram-svart\/"},"modified":"2026-03-12T09:33:17","modified_gmt":"2026-03-12T08:33:17","slug":"truusk-4-delat-tradgardsset-2-fatoljer-2-sits-soffa-bord-med-glasskiva-andningsbart-tyg-metallram-svart","status":"publish","type":"product","link":"https:\/\/truusk.store\/sv\/produkt\/truusk-4-delat-tradgardsset-2-fatoljer-2-sits-soffa-bord-med-glasskiva-andningsbart-tyg-metallram-svart\/","title":{"rendered":"TRUUSK 4-delat Tr\u00e4dg\u00e5rdsset &#8211; 2 F\u00e5t\u00f6ljer &#8211; 2-sits Soffa &#8211; Bord Med Glasskiva &#8211; Andningsbart Tyg &#8211; Metallram &#8211; Svart"},"content":{"rendered":"<p>F\u00f6rsk\u00f6na din tr\u00e4dg\u00e5rd och g\u00f6r utsidan av ditt hem lika inbjudande som insidan med detta karakt\u00e4rsfulla tr\u00e4dg\u00e5rdsset. Denna fyrdelade sittgrupp best\u00e5r av en robust st\u00e5lram och ett vattent\u00e4tt, andningsbart tyg\u00f6verdrag p\u00e5 sitsen. Ett utm\u00e4rkt val f\u00f6r din tr\u00e4dg\u00e5rd, uteplats, tr\u00e4dg\u00e5rd eller poolomr\u00e5de. Dekorativt och funktionellt skapar det en v\u00e4lkomnande h\u00f6rna som du kommer att njuta av \u00e5ret runt.<\/p>\n<h3>Beskrivning:<\/h3>\n<ul>\n<li>4-delat set: tv\u00e5sitssoffa, 2 f\u00e5t\u00f6ljer, sidobord<\/li>\n<li>Stabil st\u00e5lram och robust tyg\u00f6verdrag<\/li>\n<li>Andningsbart tyg f\u00f6r ventilation och kylning p\u00e5 sommaren<\/li>\n<li>Bordsskiva i h\u00e4rdat glas f\u00f6r h\u00e5llbarhet och enkel reng\u00f6ring<\/li>\n<li>L\u00e4mplig f\u00f6r tr\u00e4dg\u00e5rd, terrass, tr\u00e4dg\u00e5rd, poolomr\u00e5de och mycket mer.<\/li>\n<li>Det rekommenderas att sittsetet t\u00e4cks med ett \u00f6verdrag n\u00e4r det inte anv\u00e4nds<\/li>\n<li>Montering kr\u00e4vs<\/li>\n<\/ul>\n<h3>Teknisk data:<\/h3>\n<ul>\n<li>Svart f\u00e4rg<\/li>\n<li>Material: st\u00e5l, mesh, h\u00e4rdat glas<\/li>\n<li>F\u00e5t\u00f6lj: 59W x 70D x 75H cm<\/li>\n<li>Bord: 75L x 43W x 38,5H cm<\/li>\n<li>F\u00e5t\u00f6ljstorlek: 54W x 45D cm<\/li>\n<li>Tv\u00e5sits: 103W x 45D cm<\/li>\n<li>Sitth\u00f6jd: 38H cm<\/li>\n<li>Armst\u00f6d: 52L x 2,5W x 55H cm<\/li>\n<li>Lastkapacitet: 240 kg (tv\u00e5sitsig), 120 kg (f\u00e5t\u00f6lj), 30 kg (soffbord)<\/li>\n<\/ul>\n<h3>Leveransens omfattning:<\/h3>\n<ul>\n<li>1 x tv\u00e5sits soffa<\/li>\n<li>2 x f\u00e5t\u00f6ljer<\/li>\n<li>1 x Soffbord<\/li>\n<li>1 x manuell<\/li>\n<\/ul>\n","protected":false},"excerpt":{"rendered":"<p>F\u00f6rsk\u00f6na din tr\u00e4dg\u00e5rd och g\u00f6r utsidan av ditt hem lika inbjudande som insidan med detta karakt\u00e4rsfulla tr\u00e4dg\u00e5rdsset. Denna fyrdelade sittgrupp&#8230;<\/p>\n","protected":false},"featured_media":47342,"template":"","meta":[],"product_brand":[],"product_cat":[435,450,456],"product_tag":[],"class_list":{"0":"post-47341","1":"product","2":"type-product","3":"status-publish","4":"has-post-thumbnail","6":"product_cat-tradgard-och-terrass","7":"product_cat-tradgardsmobler","8":"product_cat-tradgardsmobler-set","10":"first","11":"instock","12":"sale","13":"taxable","14":"shipping-taxable","15":"purchasable","16":"product-type-simple"},"yoast_head":"<!-- This site is optimized with the Yoast SEO plugin v25.4 - https:\/\/yoast.com\/wordpress\/plugins\/seo\/ -->\n<title>TRUUSK 4-delat Tr\u00e4dg\u00e5rdsset - 2 F\u00e5t\u00f6ljer - 2-sits Soffa - Bord Med Glasskiva - Andningsbart Tyg - Metallram - Svart - TRUUSK - Hem, Tr\u00e4dg\u00e5rd &amp; Fritid<\/title>\n<meta name=\"robots\" content=\"index, follow, max-snippet:-1, max-image-preview:large, max-video-preview:-1\" \/>\n<link rel=\"canonical\" href=\"https:\/\/truusk.store\/sv\/produkt\/truusk-4-delat-tradgardsset-2-fatoljer-2-sits-soffa-bord-med-glasskiva-andningsbart-tyg-metallram-svart\/\" \/>\n<meta property=\"og:locale\" content=\"sv_SE\" \/>\n<meta property=\"og:type\" content=\"article\" \/>\n<meta property=\"og:title\" content=\"TRUUSK 4-delat Tr\u00e4dg\u00e5rdsset - 2 F\u00e5t\u00f6ljer - 2-sits Soffa - Bord Med Glasskiva - Andningsbart Tyg - Metallram - Svart - TRUUSK - Hem, Tr\u00e4dg\u00e5rd &amp; Fritid\" \/>\n<meta property=\"og:description\" content=\"F\u00f6rsk\u00f6na din tr\u00e4dg\u00e5rd och g\u00f6r utsidan av ditt hem lika inbjudande som insidan med detta karakt\u00e4rsfulla tr\u00e4dg\u00e5rdsset. Denna fyrdelade sittgrupp...\" \/>\n<meta property=\"og:url\" content=\"https:\/\/truusk.store\/sv\/produkt\/truusk-4-delat-tradgardsset-2-fatoljer-2-sits-soffa-bord-med-glasskiva-andningsbart-tyg-metallram-svart\/\" \/>\n<meta property=\"og:site_name\" content=\"TRUUSK - Hem, Tr\u00e4dg\u00e5rd &amp; Fritid\" \/>\n<meta property=\"article:modified_time\" content=\"2026-03-12T08:33:17+00:00\" \/>\n<meta property=\"og:image\" content=\"https:\/\/i0.wp.com\/truusk.se\/wp-content\/uploads\/2024\/02\/4-delat-tradgardsset-2-fatoljer-2-sits-soffa-bord-med-glasskiva-andningsbart-tyg-metallram-svart.webp?fit=800%2C800&ssl=1\" \/>\n\t<meta property=\"og:image:width\" content=\"800\" \/>\n\t<meta property=\"og:image:height\" content=\"800\" \/>\n\t<meta property=\"og:image:type\" content=\"image\/webp\" \/>\n<meta name=\"twitter:card\" content=\"summary_large_image\" \/>\n<meta name=\"twitter:label1\" content=\"Ber\u00e4knad l\u00e4stid\" \/>\n\t<meta name=\"twitter:data1\" content=\"1 minut\" \/>\n<!-- \/ Yoast SEO plugin. -->","yoast_head_json":{"title":"TRUUSK 4-delat Tr\u00e4dg\u00e5rdsset - 2 F\u00e5t\u00f6ljer - 2-sits Soffa - Bord Med Glasskiva - Andningsbart Tyg - Metallram - Svart - TRUUSK - Hem, Tr\u00e4dg\u00e5rd &amp; Fritid","robots":{"index":"index","follow":"follow","max-snippet":"max-snippet:-1","max-image-preview":"max-image-preview:large","max-video-preview":"max-video-preview:-1"},"canonical":"https:\/\/truusk.store\/sv\/produkt\/truusk-4-delat-tradgardsset-2-fatoljer-2-sits-soffa-bord-med-glasskiva-andningsbart-tyg-metallram-svart\/","og_locale":"sv_SE","og_type":"article","og_title":"TRUUSK 4-delat Tr\u00e4dg\u00e5rdsset - 2 F\u00e5t\u00f6ljer - 2-sits Soffa - Bord Med Glasskiva - Andningsbart Tyg - Metallram - Svart - TRUUSK - Hem, Tr\u00e4dg\u00e5rd &amp; Fritid","og_description":"F\u00f6rsk\u00f6na din tr\u00e4dg\u00e5rd och g\u00f6r utsidan av ditt hem lika inbjudande som insidan med detta karakt\u00e4rsfulla tr\u00e4dg\u00e5rdsset. Denna fyrdelade sittgrupp...","og_url":"https:\/\/truusk.store\/sv\/produkt\/truusk-4-delat-tradgardsset-2-fatoljer-2-sits-soffa-bord-med-glasskiva-andningsbart-tyg-metallram-svart\/","og_site_name":"TRUUSK - Hem, Tr\u00e4dg\u00e5rd &amp; Fritid","article_modified_time":"2026-03-12T08:33:17+00:00","og_image":[{"width":800,"height":800,"url":"https:\/\/i0.wp.com\/truusk.se\/wp-content\/uploads\/2024\/02\/4-delat-tradgardsset-2-fatoljer-2-sits-soffa-bord-med-glasskiva-andningsbart-tyg-metallram-svart.webp?fit=800%2C800&ssl=1","type":"image\/webp"}],"twitter_card":"summary_large_image","twitter_misc":{"Ber\u00e4knad l\u00e4stid":"1 minut"},"schema":{"@context":"https:\/\/schema.org","@graph":[{"@type":"WebPage","@id":"https:\/\/truusk.store\/sv\/produkt\/truusk-4-delat-tradgardsset-2-fatoljer-2-sits-soffa-bord-med-glasskiva-andningsbart-tyg-metallram-svart\/","url":"https:\/\/truusk.store\/sv\/produkt\/truusk-4-delat-tradgardsset-2-fatoljer-2-sits-soffa-bord-med-glasskiva-andningsbart-tyg-metallram-svart\/","name":"TRUUSK 4-delat Tr\u00e4dg\u00e5rdsset - 2 F\u00e5t\u00f6ljer - 2-sits Soffa - Bord Med Glasskiva - Andningsbart Tyg - Metallram - Svart - TRUUSK - Hem, Tr\u00e4dg\u00e5rd &amp; Fritid","isPartOf":{"@id":"https:\/\/truusk.store\/sv\/#website"},"primaryImageOfPage":{"@id":"https:\/\/truusk.store\/sv\/produkt\/truusk-4-delat-tradgardsset-2-fatoljer-2-sits-soffa-bord-med-glasskiva-andningsbart-tyg-metallram-svart\/#primaryimage"},"image":{"@id":"https:\/\/truusk.store\/sv\/produkt\/truusk-4-delat-tradgardsset-2-fatoljer-2-sits-soffa-bord-med-glasskiva-andningsbart-tyg-metallram-svart\/#primaryimage"},"thumbnailUrl":"https:\/\/i0.wp.com\/truusk.store\/wp-content\/uploads\/2024\/02\/4-delat-tradgardsset-2-fatoljer-2-sits-soffa-bord-med-glasskiva-andningsbart-tyg-metallram-svart.webp?fit=800%2C800&ssl=1","datePublished":"2024-02-14T06:10:12+00:00","dateModified":"2026-03-12T08:33:17+00:00","breadcrumb":{"@id":"https:\/\/truusk.store\/sv\/produkt\/truusk-4-delat-tradgardsset-2-fatoljer-2-sits-soffa-bord-med-glasskiva-andningsbart-tyg-metallram-svart\/#breadcrumb"},"inLanguage":"sv-SE","potentialAction":[{"@type":"ReadAction","target":["https:\/\/truusk.store\/sv\/produkt\/truusk-4-delat-tradgardsset-2-fatoljer-2-sits-soffa-bord-med-glasskiva-andningsbart-tyg-metallram-svart\/"]}]},{"@type":"ImageObject","inLanguage":"sv-SE","@id":"https:\/\/truusk.store\/sv\/produkt\/truusk-4-delat-tradgardsset-2-fatoljer-2-sits-soffa-bord-med-glasskiva-andningsbart-tyg-metallram-svart\/#primaryimage","url":"https:\/\/i0.wp.com\/truusk.store\/wp-content\/uploads\/2024\/02\/4-delat-tradgardsset-2-fatoljer-2-sits-soffa-bord-med-glasskiva-andningsbart-tyg-metallram-svart.webp?fit=800%2C800&ssl=1","contentUrl":"https:\/\/i0.wp.com\/truusk.store\/wp-content\/uploads\/2024\/02\/4-delat-tradgardsset-2-fatoljer-2-sits-soffa-bord-med-glasskiva-andningsbart-tyg-metallram-svart.webp?fit=800%2C800&ssl=1","width":800,"height":800,"caption":"4-delat Tr\u00e4dg\u00e5rdsset, 2 F\u00e5t\u00f6ljer, 2-sits Soffa, Bord Med Glasskiva, Andningsbart Tyg, Metallram, Svart 1"},{"@type":"BreadcrumbList","@id":"https:\/\/truusk.store\/sv\/produkt\/truusk-4-delat-tradgardsset-2-fatoljer-2-sits-soffa-bord-med-glasskiva-andningsbart-tyg-metallram-svart\/#breadcrumb","itemListElement":[{"@type":"ListItem","position":1,"name":"Home","item":"https:\/\/truusk.store\/sv\/"},{"@type":"ListItem","position":2,"name":"Shop","item":"https:\/\/truusk.store\/shop\/"},{"@type":"ListItem","position":3,"name":"TRUUSK 4-delat Tr\u00e4dg\u00e5rdsset &#8211; 2 F\u00e5t\u00f6ljer &#8211; 2-sits Soffa &#8211; Bord Med Glasskiva &#8211; Andningsbart Tyg &#8211; Metallram &#8211; Svart"}]},{"@type":"WebSite","@id":"https:\/\/truusk.store\/sv\/#website","url":"https:\/\/truusk.store\/sv\/","name":"TRUUSK - Hem, Tr\u00e4dg\u00e5rd & Fritid","description":"","publisher":{"@id":"https:\/\/truusk.store\/sv\/#organization"},"potentialAction":[{"@type":"SearchAction","target":{"@type":"EntryPoint","urlTemplate":"https:\/\/truusk.store\/sv\/?s={search_term_string}"},"query-input":{"@type":"PropertyValueSpecification","valueRequired":true,"valueName":"search_term_string"}}],"inLanguage":"sv-SE"},{"@type":"Organization","@id":"https:\/\/truusk.store\/sv\/#organization","name":"TRUUSK - Hem, Tr\u00e4dg\u00e5rd & Fritid","url":"https:\/\/truusk.store\/sv\/","logo":{"@type":"ImageObject","inLanguage":"sv-SE","@id":"https:\/\/truusk.store\/sv\/#\/schema\/logo\/image\/","url":"https:\/\/i0.wp.com\/truusk.store\/wp-content\/uploads\/2026\/03\/cropped-TRUUSK.png?fit=2032%2C917&ssl=1","contentUrl":"https:\/\/i0.wp.com\/truusk.store\/wp-content\/uploads\/2026\/03\/cropped-TRUUSK.png?fit=2032%2C917&ssl=1","width":2032,"height":917,"caption":"TRUUSK - Hem, Tr\u00e4dg\u00e5rd & Fritid"},"image":{"@id":"https:\/\/truusk.store\/sv\/#\/schema\/logo\/image\/"}}]}},"jetpack_sharing_enabled":true,"_links":{"self":[{"href":"https:\/\/truusk.store\/sv\/wp-json\/wp\/v2\/product\/47341","targetHints":{"allow":["GET"]}}],"collection":[{"href":"https:\/\/truusk.store\/sv\/wp-json\/wp\/v2\/product"}],"about":[{"href":"https:\/\/truusk.store\/sv\/wp-json\/wp\/v2\/types\/product"}],"wp:featuredmedia":[{"embeddable":true,"href":"https:\/\/truusk.store\/sv\/wp-json\/wp\/v2\/media\/47342"}],"wp:attachment":[{"href":"https:\/\/truusk.store\/sv\/wp-json\/wp\/v2\/media?parent=47341"}],"wp:term":[{"taxonomy":"product_brand","embeddable":true,"href":"https:\/\/truusk.store\/sv\/wp-json\/wp\/v2\/product_brand?post=47341"},{"taxonomy":"product_cat","embeddable":true,"href":"https:\/\/truusk.store\/sv\/wp-json\/wp\/v2\/product_cat?post=47341"},{"taxonomy":"product_tag","embeddable":true,"href":"https:\/\/truusk.store\/sv\/wp-json\/wp\/v2\/product_tag?post=47341"}],"curies":[{"name":"wp","href":"https:\/\/api.w.org\/{rel}","templated":true}]}}