{"id":47348,"date":"2024-02-14T07:10:29","date_gmt":"2024-02-14T06:10:29","guid":{"rendered":"https:\/\/truusk.store\/product\/kontorsstol-datorstol-svangbar-hojdjusterbar-48-cm-x-53-cm-x-80-90-cm-rosa\/"},"modified":"2026-03-12T09:33:17","modified_gmt":"2026-03-12T08:33:17","slug":"truusk-kontorsstol-datorstol-svangbar-hojdjusterbar-48-cm-x-53-cm-x-80-90-cm-rosa","status":"publish","type":"product","link":"https:\/\/truusk.store\/sv\/produkt\/truusk-kontorsstol-datorstol-svangbar-hojdjusterbar-48-cm-x-53-cm-x-80-90-cm-rosa\/","title":{"rendered":"TRUUSK Kontorsstol Datorstol &#8211; Sv\u00e4ngbar, H\u00f6jdjusterbar &#8211; 48 cm x 53 cm x 80-90 cm &#8211; Rosa"},"content":{"rendered":"<p>Om du arbetar hemifr\u00e5n eller tillbringar mycket tid p\u00e5 ditt kontor beh\u00f6ver du en stol som h\u00e5ller vare sig du pluggar till ett viktigt slutprov eller arbetar med ett stort arbetsprojekt. Inte bara kan den h\u00e4r datorstolen h\u00e4nga med, den g\u00e5r ut\u00f6ver det vanliga med sin tjocka stoppning. Komfort och funktionalitet \u00e4r avg\u00f6rande f\u00f6r en kontorsstol p\u00e5 hemmakontoret, och det vet vi hur vi ska tillhandah\u00e5lla.<\/p>\n<h3>Beskrivning:<\/h3>\n<ul>\n<li>Det b\u00f6jda ryggst\u00f6det och den tjocka skumplasten ger st\u00f6d och komfort.<\/li>\n<li>Den h\u00f6jdjusterbara sitsen l\u00e5ter dig anpassa din sittstil.<\/li>\n<li>Mjuk och sk\u00f6n plysch<\/li>\n<li>Roterande hjul och s\u00e4te s\u00e4kerst\u00e4ller enkel och snabb r\u00f6rlighet.<\/li>\n<li>Montering kr\u00e4vs<\/li>\n<\/ul>\n<h3>Teknisk data:<\/h3>\n<ul>\n<li>F\u00e4rg: Rosa<\/li>\n<li>Material: plysch (polyester), skum, plast, nylon<\/li>\n<li>Totala m\u00e5tt: 48L x 53W x 80-90H cm<\/li>\n<li>Sitsstorlek: 48W x 43D cm<\/li>\n<li>Sitth\u00f6jd: 41-51cm<\/li>\n<li>Bakstorlek: 43W x 40Hcm<\/li>\n<li>Viktkapacitet: 120 kg<\/li>\n<\/ul>\n<h3>Leveransens omfattning:<\/h3>\n<ul>\n<li>1 x Kontorsstol<\/li>\n<li>1 x Instruktioner<\/li>\n<\/ul>\n","protected":false},"excerpt":{"rendered":"<p>Om du arbetar hemifr\u00e5n eller tillbringar mycket tid p\u00e5 ditt kontor beh\u00f6ver du en stol som h\u00e5ller vare sig du&#8230;<\/p>\n","protected":false},"featured_media":47349,"template":"","meta":[],"product_brand":[],"product_cat":[485,516,515],"product_tag":[],"class_list":{"0":"post-47348","1":"product","2":"type-product","3":"status-publish","4":"has-post-thumbnail","6":"product_cat-hus-bo","7":"product_cat-kontorsstolar","8":"product_cat-stolar","10":"first","11":"instock","12":"sale","13":"taxable","14":"shipping-taxable","15":"purchasable","16":"product-type-simple"},"yoast_head":"<!-- This site is optimized with the Yoast SEO plugin v25.4 - https:\/\/yoast.com\/wordpress\/plugins\/seo\/ -->\n<title>TRUUSK Kontorsstol Datorstol - Sv\u00e4ngbar, H\u00f6jdjusterbar - 48 cm x 53 cm x 80-90 cm - Rosa - TRUUSK - Hem, Tr\u00e4dg\u00e5rd &amp; Fritid<\/title>\n<meta name=\"robots\" content=\"index, follow, max-snippet:-1, max-image-preview:large, max-video-preview:-1\" \/>\n<link rel=\"canonical\" href=\"https:\/\/truusk.store\/sv\/produkt\/truusk-kontorsstol-datorstol-svangbar-hojdjusterbar-48-cm-x-53-cm-x-80-90-cm-rosa\/\" \/>\n<meta property=\"og:locale\" content=\"sv_SE\" \/>\n<meta property=\"og:type\" content=\"article\" \/>\n<meta property=\"og:title\" content=\"TRUUSK Kontorsstol Datorstol - Sv\u00e4ngbar, H\u00f6jdjusterbar - 48 cm x 53 cm x 80-90 cm - Rosa - TRUUSK - Hem, Tr\u00e4dg\u00e5rd &amp; Fritid\" \/>\n<meta property=\"og:description\" content=\"Om du arbetar hemifr\u00e5n eller tillbringar mycket tid p\u00e5 ditt kontor beh\u00f6ver du en stol som h\u00e5ller vare sig du...\" \/>\n<meta property=\"og:url\" content=\"https:\/\/truusk.store\/sv\/produkt\/truusk-kontorsstol-datorstol-svangbar-hojdjusterbar-48-cm-x-53-cm-x-80-90-cm-rosa\/\" \/>\n<meta property=\"og:site_name\" content=\"TRUUSK - Hem, Tr\u00e4dg\u00e5rd &amp; Fritid\" \/>\n<meta property=\"article:modified_time\" content=\"2026-03-12T08:33:17+00:00\" \/>\n<meta property=\"og:image\" content=\"https:\/\/i0.wp.com\/truusk.se\/wp-content\/uploads\/2024\/02\/kontorsstol-datorstol-svangbar-hojdjusterbar-48-cm-x-53-cm-x-80-90-cm-rosa.webp?fit=800%2C800&ssl=1\" \/>\n\t<meta property=\"og:image:width\" content=\"800\" \/>\n\t<meta property=\"og:image:height\" content=\"800\" \/>\n\t<meta property=\"og:image:type\" content=\"image\/webp\" \/>\n<meta name=\"twitter:card\" content=\"summary_large_image\" \/>\n<meta name=\"twitter:label1\" content=\"Ber\u00e4knad l\u00e4stid\" \/>\n\t<meta name=\"twitter:data1\" content=\"1 minut\" \/>\n<!-- \/ Yoast SEO plugin. -->","yoast_head_json":{"title":"TRUUSK Kontorsstol Datorstol - Sv\u00e4ngbar, H\u00f6jdjusterbar - 48 cm x 53 cm x 80-90 cm - Rosa - TRUUSK - Hem, Tr\u00e4dg\u00e5rd &amp; Fritid","robots":{"index":"index","follow":"follow","max-snippet":"max-snippet:-1","max-image-preview":"max-image-preview:large","max-video-preview":"max-video-preview:-1"},"canonical":"https:\/\/truusk.store\/sv\/produkt\/truusk-kontorsstol-datorstol-svangbar-hojdjusterbar-48-cm-x-53-cm-x-80-90-cm-rosa\/","og_locale":"sv_SE","og_type":"article","og_title":"TRUUSK Kontorsstol Datorstol - Sv\u00e4ngbar, H\u00f6jdjusterbar - 48 cm x 53 cm x 80-90 cm - Rosa - TRUUSK - Hem, Tr\u00e4dg\u00e5rd &amp; Fritid","og_description":"Om du arbetar hemifr\u00e5n eller tillbringar mycket tid p\u00e5 ditt kontor beh\u00f6ver du en stol som h\u00e5ller vare sig du...","og_url":"https:\/\/truusk.store\/sv\/produkt\/truusk-kontorsstol-datorstol-svangbar-hojdjusterbar-48-cm-x-53-cm-x-80-90-cm-rosa\/","og_site_name":"TRUUSK - Hem, Tr\u00e4dg\u00e5rd &amp; Fritid","article_modified_time":"2026-03-12T08:33:17+00:00","og_image":[{"width":800,"height":800,"url":"https:\/\/i0.wp.com\/truusk.se\/wp-content\/uploads\/2024\/02\/kontorsstol-datorstol-svangbar-hojdjusterbar-48-cm-x-53-cm-x-80-90-cm-rosa.webp?fit=800%2C800&ssl=1","type":"image\/webp"}],"twitter_card":"summary_large_image","twitter_misc":{"Ber\u00e4knad l\u00e4stid":"1 minut"},"schema":{"@context":"https:\/\/schema.org","@graph":[{"@type":"WebPage","@id":"https:\/\/truusk.store\/sv\/produkt\/truusk-kontorsstol-datorstol-svangbar-hojdjusterbar-48-cm-x-53-cm-x-80-90-cm-rosa\/","url":"https:\/\/truusk.store\/sv\/produkt\/truusk-kontorsstol-datorstol-svangbar-hojdjusterbar-48-cm-x-53-cm-x-80-90-cm-rosa\/","name":"TRUUSK Kontorsstol Datorstol - Sv\u00e4ngbar, H\u00f6jdjusterbar - 48 cm x 53 cm x 80-90 cm - Rosa - TRUUSK - Hem, Tr\u00e4dg\u00e5rd &amp; Fritid","isPartOf":{"@id":"https:\/\/truusk.store\/sv\/#website"},"primaryImageOfPage":{"@id":"https:\/\/truusk.store\/sv\/produkt\/truusk-kontorsstol-datorstol-svangbar-hojdjusterbar-48-cm-x-53-cm-x-80-90-cm-rosa\/#primaryimage"},"image":{"@id":"https:\/\/truusk.store\/sv\/produkt\/truusk-kontorsstol-datorstol-svangbar-hojdjusterbar-48-cm-x-53-cm-x-80-90-cm-rosa\/#primaryimage"},"thumbnailUrl":"https:\/\/i0.wp.com\/truusk.store\/wp-content\/uploads\/2024\/02\/kontorsstol-datorstol-svangbar-hojdjusterbar-48-cm-x-53-cm-x-80-90-cm-rosa.webp?fit=800%2C800&ssl=1","datePublished":"2024-02-14T06:10:29+00:00","dateModified":"2026-03-12T08:33:17+00:00","breadcrumb":{"@id":"https:\/\/truusk.store\/sv\/produkt\/truusk-kontorsstol-datorstol-svangbar-hojdjusterbar-48-cm-x-53-cm-x-80-90-cm-rosa\/#breadcrumb"},"inLanguage":"sv-SE","potentialAction":[{"@type":"ReadAction","target":["https:\/\/truusk.store\/sv\/produkt\/truusk-kontorsstol-datorstol-svangbar-hojdjusterbar-48-cm-x-53-cm-x-80-90-cm-rosa\/"]}]},{"@type":"ImageObject","inLanguage":"sv-SE","@id":"https:\/\/truusk.store\/sv\/produkt\/truusk-kontorsstol-datorstol-svangbar-hojdjusterbar-48-cm-x-53-cm-x-80-90-cm-rosa\/#primaryimage","url":"https:\/\/i0.wp.com\/truusk.store\/wp-content\/uploads\/2024\/02\/kontorsstol-datorstol-svangbar-hojdjusterbar-48-cm-x-53-cm-x-80-90-cm-rosa.webp?fit=800%2C800&ssl=1","contentUrl":"https:\/\/i0.wp.com\/truusk.store\/wp-content\/uploads\/2024\/02\/kontorsstol-datorstol-svangbar-hojdjusterbar-48-cm-x-53-cm-x-80-90-cm-rosa.webp?fit=800%2C800&ssl=1","width":800,"height":800,"caption":"Kontorsstol Datorstol Sv\u00e4ngbar, H\u00f6jdjusterbar, 48 Cm X 53 Cm X 80-90 Cm, Rosa 1"},{"@type":"BreadcrumbList","@id":"https:\/\/truusk.store\/sv\/produkt\/truusk-kontorsstol-datorstol-svangbar-hojdjusterbar-48-cm-x-53-cm-x-80-90-cm-rosa\/#breadcrumb","itemListElement":[{"@type":"ListItem","position":1,"name":"Home","item":"https:\/\/truusk.store\/sv\/"},{"@type":"ListItem","position":2,"name":"Shop","item":"https:\/\/truusk.store\/shop\/"},{"@type":"ListItem","position":3,"name":"TRUUSK Kontorsstol Datorstol &#8211; Sv\u00e4ngbar, H\u00f6jdjusterbar &#8211; 48 cm x 53 cm x 80-90 cm &#8211; Rosa"}]},{"@type":"WebSite","@id":"https:\/\/truusk.store\/sv\/#website","url":"https:\/\/truusk.store\/sv\/","name":"TRUUSK - Hem, Tr\u00e4dg\u00e5rd & Fritid","description":"","publisher":{"@id":"https:\/\/truusk.store\/sv\/#organization"},"potentialAction":[{"@type":"SearchAction","target":{"@type":"EntryPoint","urlTemplate":"https:\/\/truusk.store\/sv\/?s={search_term_string}"},"query-input":{"@type":"PropertyValueSpecification","valueRequired":true,"valueName":"search_term_string"}}],"inLanguage":"sv-SE"},{"@type":"Organization","@id":"https:\/\/truusk.store\/sv\/#organization","name":"TRUUSK - Hem, Tr\u00e4dg\u00e5rd & Fritid","url":"https:\/\/truusk.store\/sv\/","logo":{"@type":"ImageObject","inLanguage":"sv-SE","@id":"https:\/\/truusk.store\/sv\/#\/schema\/logo\/image\/","url":"https:\/\/i0.wp.com\/truusk.store\/wp-content\/uploads\/2026\/03\/cropped-TRUUSK.png?fit=2032%2C917&ssl=1","contentUrl":"https:\/\/i0.wp.com\/truusk.store\/wp-content\/uploads\/2026\/03\/cropped-TRUUSK.png?fit=2032%2C917&ssl=1","width":2032,"height":917,"caption":"TRUUSK - Hem, Tr\u00e4dg\u00e5rd & Fritid"},"image":{"@id":"https:\/\/truusk.store\/sv\/#\/schema\/logo\/image\/"}}]}},"jetpack_sharing_enabled":true,"_links":{"self":[{"href":"https:\/\/truusk.store\/sv\/wp-json\/wp\/v2\/product\/47348","targetHints":{"allow":["GET"]}}],"collection":[{"href":"https:\/\/truusk.store\/sv\/wp-json\/wp\/v2\/product"}],"about":[{"href":"https:\/\/truusk.store\/sv\/wp-json\/wp\/v2\/types\/product"}],"wp:featuredmedia":[{"embeddable":true,"href":"https:\/\/truusk.store\/sv\/wp-json\/wp\/v2\/media\/47349"}],"wp:attachment":[{"href":"https:\/\/truusk.store\/sv\/wp-json\/wp\/v2\/media?parent=47348"}],"wp:term":[{"taxonomy":"product_brand","embeddable":true,"href":"https:\/\/truusk.store\/sv\/wp-json\/wp\/v2\/product_brand?post=47348"},{"taxonomy":"product_cat","embeddable":true,"href":"https:\/\/truusk.store\/sv\/wp-json\/wp\/v2\/product_cat?post=47348"},{"taxonomy":"product_tag","embeddable":true,"href":"https:\/\/truusk.store\/sv\/wp-json\/wp\/v2\/product_tag?post=47348"}],"curies":[{"name":"wp","href":"https:\/\/api.w.org\/{rel}","templated":true}]}}