{"id":47355,"date":"2024-02-14T07:10:51","date_gmt":"2024-02-14T06:10:51","guid":{"rendered":"https:\/\/truusk.store\/product\/gungstol-med-ottoman-scandi-design-gungstol-med-fotpall-boktra-quiltning-64-cm-x-89-cm-x-90-cm-gul\/"},"modified":"2026-03-12T09:33:18","modified_gmt":"2026-03-12T08:33:18","slug":"truusk-skandinavisk-design-gungstol-med-ottoman-boktra-quiltning-gul-64-cm-x-89-cm-x-90-cm","status":"publish","type":"product","link":"https:\/\/truusk.store\/sv\/produkt\/truusk-skandinavisk-design-gungstol-med-ottoman-boktra-quiltning-gul-64-cm-x-89-cm-x-90-cm\/","title":{"rendered":"TRUUSK Skandinavisk Design Gungstol med Ottoman &#8211; Boktr\u00e4 &#8211; Quiltning &#8211; Gul &#8211; 64 cm x 89 cm x 90 cm"},"content":{"rendered":"<p>Efter en l\u00e5ng dag p\u00e5 jobbet vill du ha lite avkopplande tid f\u00f6r dig sj\u00e4lv. Gunga dig sj\u00e4lv till ett tillst\u00e5nd av lugn och harmoni med en gungstol med pall. Den har ett fotst\u00f6d s\u00e5 att du har allt du beh\u00f6ver f\u00f6r att s\u00e4tta upp f\u00f6tterna.B\u00e5da \u00e4r vadderade f\u00f6r komfort. Anv\u00e4nd denna gungstol i barnrummet, vardagsrummet eller sovrummet. Det g\u00e5r bra med olika inredningsstilar.<\/p>\n<h3>Beskrivning:<\/h3>\n<ul>\n<li>F\u00e5t\u00f6ljset i sanddesign, vingstol med pall<\/li>\n<li>B\u00f6jd bas f\u00f6r att gunga stolen med 15 graders r\u00f6relse fram och tillbaka.<\/li>\n<li>Andningsbart tyg i linnelook, inga veck och deformationer<\/li>\n<li>L\u00e4mplig f\u00f6r barnrummet, tupplur eller avkopplande l\u00e4sning eller arbete med en bok eller surfplatta<\/li>\n<li>Skyddande fotkuddar p\u00e5 amningsstolen h\u00e5ller ditt golvs skick<\/li>\n<li>Botten och st\u00e5lramen i boktr\u00e4 s\u00e4kerst\u00e4ller p\u00e5litlig stabilitet under anv\u00e4ndning<\/li>\n<li>Enkel montering kr\u00e4vs<\/li>\n<\/ul>\n<h3>Teknisk data:<\/h3>\n<ul>\n<li>F\u00e4rg gul<\/li>\n<li>Material: linneimitation (100 % polyester), skum, boktr\u00e4<\/li>\n<li>Stolens m\u00e5tt: 64L x 89W x 90H cm<\/li>\n<li>Osmanska m\u00e5tt: 45W x 37D x 31H cm<\/li>\n<li>Sittdynas storlek: 59L x 47W x 7H cm<\/li>\n<li>Ryggst\u00f6dsstorlek: 63W x 60H cm<\/li>\n<li>Viktkapacitet: 130 kg<\/li>\n<\/ul>\n<h3>Leveransens omfattning:<\/h3>\n<ul>\n<li>1 x gungstol<\/li>\n<li>1 x ottomansk<\/li>\n<li>1 x manuell<\/li>\n<\/ul>\n","protected":false},"excerpt":{"rendered":"<p>Efter en l\u00e5ng dag p\u00e5 jobbet vill du ha lite avkopplande tid f\u00f6r dig sj\u00e4lv. Gunga dig sj\u00e4lv till ett&#8230;<\/p>\n","protected":false},"featured_media":47356,"template":"","meta":[],"product_brand":[],"product_cat":[520,485,515],"product_tag":[],"class_list":{"0":"post-47355","1":"product","2":"type-product","3":"status-publish","4":"has-post-thumbnail","6":"product_cat-gungstolar","7":"product_cat-hus-bo","8":"product_cat-stolar","10":"first","11":"instock","12":"sale","13":"taxable","14":"shipping-taxable","15":"purchasable","16":"product-type-simple"},"yoast_head":"<!-- This site is optimized with the Yoast SEO plugin v25.4 - https:\/\/yoast.com\/wordpress\/plugins\/seo\/ -->\n<title>TRUUSK Skandinavisk Design Gungstol med Ottoman - Boktr\u00e4 - Quiltning - Gul - 64 cm x 89 cm x 90 cm - TRUUSK - Hem, Tr\u00e4dg\u00e5rd &amp; Fritid<\/title>\n<meta name=\"robots\" content=\"index, follow, max-snippet:-1, max-image-preview:large, max-video-preview:-1\" \/>\n<link rel=\"canonical\" href=\"https:\/\/truusk.store\/sv\/produkt\/truusk-skandinavisk-design-gungstol-med-ottoman-boktra-quiltning-gul-64-cm-x-89-cm-x-90-cm\/\" \/>\n<meta property=\"og:locale\" content=\"sv_SE\" \/>\n<meta property=\"og:type\" content=\"article\" \/>\n<meta property=\"og:title\" content=\"TRUUSK Skandinavisk Design Gungstol med Ottoman - Boktr\u00e4 - Quiltning - Gul - 64 cm x 89 cm x 90 cm - TRUUSK - Hem, Tr\u00e4dg\u00e5rd &amp; Fritid\" \/>\n<meta property=\"og:description\" content=\"Efter en l\u00e5ng dag p\u00e5 jobbet vill du ha lite avkopplande tid f\u00f6r dig sj\u00e4lv. Gunga dig sj\u00e4lv till ett...\" \/>\n<meta property=\"og:url\" content=\"https:\/\/truusk.store\/sv\/produkt\/truusk-skandinavisk-design-gungstol-med-ottoman-boktra-quiltning-gul-64-cm-x-89-cm-x-90-cm\/\" \/>\n<meta property=\"og:site_name\" content=\"TRUUSK - Hem, Tr\u00e4dg\u00e5rd &amp; Fritid\" \/>\n<meta property=\"article:modified_time\" content=\"2026-03-12T08:33:18+00:00\" \/>\n<meta property=\"og:image\" content=\"https:\/\/i0.wp.com\/truusk.se\/wp-content\/uploads\/2024\/02\/gungstol-med-ottoman-scandi-design-gungstol-med-fotpall-boktra-quiltning-64-cm-x-89-cm-x-90-cm-gul.webp?fit=800%2C800&ssl=1\" \/>\n\t<meta property=\"og:image:width\" content=\"800\" \/>\n\t<meta property=\"og:image:height\" content=\"800\" \/>\n\t<meta property=\"og:image:type\" content=\"image\/webp\" \/>\n<meta name=\"twitter:card\" content=\"summary_large_image\" \/>\n<meta name=\"twitter:label1\" content=\"Ber\u00e4knad l\u00e4stid\" \/>\n\t<meta name=\"twitter:data1\" content=\"1 minut\" \/>\n<!-- \/ Yoast SEO plugin. -->","yoast_head_json":{"title":"TRUUSK Skandinavisk Design Gungstol med Ottoman - Boktr\u00e4 - Quiltning - Gul - 64 cm x 89 cm x 90 cm - TRUUSK - Hem, Tr\u00e4dg\u00e5rd &amp; Fritid","robots":{"index":"index","follow":"follow","max-snippet":"max-snippet:-1","max-image-preview":"max-image-preview:large","max-video-preview":"max-video-preview:-1"},"canonical":"https:\/\/truusk.store\/sv\/produkt\/truusk-skandinavisk-design-gungstol-med-ottoman-boktra-quiltning-gul-64-cm-x-89-cm-x-90-cm\/","og_locale":"sv_SE","og_type":"article","og_title":"TRUUSK Skandinavisk Design Gungstol med Ottoman - Boktr\u00e4 - Quiltning - Gul - 64 cm x 89 cm x 90 cm - TRUUSK - Hem, Tr\u00e4dg\u00e5rd &amp; Fritid","og_description":"Efter en l\u00e5ng dag p\u00e5 jobbet vill du ha lite avkopplande tid f\u00f6r dig sj\u00e4lv. Gunga dig sj\u00e4lv till ett...","og_url":"https:\/\/truusk.store\/sv\/produkt\/truusk-skandinavisk-design-gungstol-med-ottoman-boktra-quiltning-gul-64-cm-x-89-cm-x-90-cm\/","og_site_name":"TRUUSK - Hem, Tr\u00e4dg\u00e5rd &amp; Fritid","article_modified_time":"2026-03-12T08:33:18+00:00","og_image":[{"width":800,"height":800,"url":"https:\/\/i0.wp.com\/truusk.se\/wp-content\/uploads\/2024\/02\/gungstol-med-ottoman-scandi-design-gungstol-med-fotpall-boktra-quiltning-64-cm-x-89-cm-x-90-cm-gul.webp?fit=800%2C800&ssl=1","type":"image\/webp"}],"twitter_card":"summary_large_image","twitter_misc":{"Ber\u00e4knad l\u00e4stid":"1 minut"},"schema":{"@context":"https:\/\/schema.org","@graph":[{"@type":"WebPage","@id":"https:\/\/truusk.store\/sv\/produkt\/truusk-skandinavisk-design-gungstol-med-ottoman-boktra-quiltning-gul-64-cm-x-89-cm-x-90-cm\/","url":"https:\/\/truusk.store\/sv\/produkt\/truusk-skandinavisk-design-gungstol-med-ottoman-boktra-quiltning-gul-64-cm-x-89-cm-x-90-cm\/","name":"TRUUSK Skandinavisk Design Gungstol med Ottoman - Boktr\u00e4 - Quiltning - Gul - 64 cm x 89 cm x 90 cm - TRUUSK - Hem, Tr\u00e4dg\u00e5rd &amp; Fritid","isPartOf":{"@id":"https:\/\/truusk.store\/sv\/#website"},"primaryImageOfPage":{"@id":"https:\/\/truusk.store\/sv\/produkt\/truusk-skandinavisk-design-gungstol-med-ottoman-boktra-quiltning-gul-64-cm-x-89-cm-x-90-cm\/#primaryimage"},"image":{"@id":"https:\/\/truusk.store\/sv\/produkt\/truusk-skandinavisk-design-gungstol-med-ottoman-boktra-quiltning-gul-64-cm-x-89-cm-x-90-cm\/#primaryimage"},"thumbnailUrl":"https:\/\/i0.wp.com\/truusk.store\/wp-content\/uploads\/2024\/02\/gungstol-med-ottoman-scandi-design-gungstol-med-fotpall-boktra-quiltning-64-cm-x-89-cm-x-90-cm-gul.webp?fit=800%2C800&ssl=1","datePublished":"2024-02-14T06:10:51+00:00","dateModified":"2026-03-12T08:33:18+00:00","breadcrumb":{"@id":"https:\/\/truusk.store\/sv\/produkt\/truusk-skandinavisk-design-gungstol-med-ottoman-boktra-quiltning-gul-64-cm-x-89-cm-x-90-cm\/#breadcrumb"},"inLanguage":"sv-SE","potentialAction":[{"@type":"ReadAction","target":["https:\/\/truusk.store\/sv\/produkt\/truusk-skandinavisk-design-gungstol-med-ottoman-boktra-quiltning-gul-64-cm-x-89-cm-x-90-cm\/"]}]},{"@type":"ImageObject","inLanguage":"sv-SE","@id":"https:\/\/truusk.store\/sv\/produkt\/truusk-skandinavisk-design-gungstol-med-ottoman-boktra-quiltning-gul-64-cm-x-89-cm-x-90-cm\/#primaryimage","url":"https:\/\/i0.wp.com\/truusk.store\/wp-content\/uploads\/2024\/02\/gungstol-med-ottoman-scandi-design-gungstol-med-fotpall-boktra-quiltning-64-cm-x-89-cm-x-90-cm-gul.webp?fit=800%2C800&ssl=1","contentUrl":"https:\/\/i0.wp.com\/truusk.store\/wp-content\/uploads\/2024\/02\/gungstol-med-ottoman-scandi-design-gungstol-med-fotpall-boktra-quiltning-64-cm-x-89-cm-x-90-cm-gul.webp?fit=800%2C800&ssl=1","width":800,"height":800,"caption":"Gungstol Med Ottoman Scandi Design Gungstol Med Fotpall, Boktr\u00e4, Quiltning, 64 Cm X 89 Cm X 90 Cm Gul 1"},{"@type":"BreadcrumbList","@id":"https:\/\/truusk.store\/sv\/produkt\/truusk-skandinavisk-design-gungstol-med-ottoman-boktra-quiltning-gul-64-cm-x-89-cm-x-90-cm\/#breadcrumb","itemListElement":[{"@type":"ListItem","position":1,"name":"Home","item":"https:\/\/truusk.store\/sv\/"},{"@type":"ListItem","position":2,"name":"Shop","item":"https:\/\/truusk.store\/shop\/"},{"@type":"ListItem","position":3,"name":"TRUUSK Skandinavisk Design Gungstol med Ottoman &#8211; Boktr\u00e4 &#8211; Quiltning &#8211; Gul &#8211; 64 cm x 89 cm x 90 cm"}]},{"@type":"WebSite","@id":"https:\/\/truusk.store\/sv\/#website","url":"https:\/\/truusk.store\/sv\/","name":"TRUUSK - Hem, Tr\u00e4dg\u00e5rd & Fritid","description":"","publisher":{"@id":"https:\/\/truusk.store\/sv\/#organization"},"potentialAction":[{"@type":"SearchAction","target":{"@type":"EntryPoint","urlTemplate":"https:\/\/truusk.store\/sv\/?s={search_term_string}"},"query-input":{"@type":"PropertyValueSpecification","valueRequired":true,"valueName":"search_term_string"}}],"inLanguage":"sv-SE"},{"@type":"Organization","@id":"https:\/\/truusk.store\/sv\/#organization","name":"TRUUSK - Hem, Tr\u00e4dg\u00e5rd & Fritid","url":"https:\/\/truusk.store\/sv\/","logo":{"@type":"ImageObject","inLanguage":"sv-SE","@id":"https:\/\/truusk.store\/sv\/#\/schema\/logo\/image\/","url":"https:\/\/i0.wp.com\/truusk.store\/wp-content\/uploads\/2026\/03\/cropped-TRUUSK.png?fit=2032%2C917&ssl=1","contentUrl":"https:\/\/i0.wp.com\/truusk.store\/wp-content\/uploads\/2026\/03\/cropped-TRUUSK.png?fit=2032%2C917&ssl=1","width":2032,"height":917,"caption":"TRUUSK - Hem, Tr\u00e4dg\u00e5rd & Fritid"},"image":{"@id":"https:\/\/truusk.store\/sv\/#\/schema\/logo\/image\/"}}]}},"jetpack_sharing_enabled":true,"_links":{"self":[{"href":"https:\/\/truusk.store\/sv\/wp-json\/wp\/v2\/product\/47355","targetHints":{"allow":["GET"]}}],"collection":[{"href":"https:\/\/truusk.store\/sv\/wp-json\/wp\/v2\/product"}],"about":[{"href":"https:\/\/truusk.store\/sv\/wp-json\/wp\/v2\/types\/product"}],"wp:featuredmedia":[{"embeddable":true,"href":"https:\/\/truusk.store\/sv\/wp-json\/wp\/v2\/media\/47356"}],"wp:attachment":[{"href":"https:\/\/truusk.store\/sv\/wp-json\/wp\/v2\/media?parent=47355"}],"wp:term":[{"taxonomy":"product_brand","embeddable":true,"href":"https:\/\/truusk.store\/sv\/wp-json\/wp\/v2\/product_brand?post=47355"},{"taxonomy":"product_cat","embeddable":true,"href":"https:\/\/truusk.store\/sv\/wp-json\/wp\/v2\/product_cat?post=47355"},{"taxonomy":"product_tag","embeddable":true,"href":"https:\/\/truusk.store\/sv\/wp-json\/wp\/v2\/product_tag?post=47355"}],"curies":[{"name":"wp","href":"https:\/\/api.w.org\/{rel}","templated":true}]}}