{"id":47369,"date":"2024-02-14T07:11:24","date_gmt":"2024-02-14T06:11:24","guid":{"rendered":"https:\/\/truusk.store\/product\/bank-med-forvaringsutrymme-hallbank-skobank-vadderad-105-cm-x-44-cm-x-455-cm-kram-beige\/"},"modified":"2026-03-12T09:33:19","modified_gmt":"2026-03-12T08:33:19","slug":"truusk-skobank-med-forvaringsutrymme-vadderad-och-stilren-105-cm-x-44-cm-x-455-cm-kram-beige","status":"publish","type":"product","link":"https:\/\/truusk.store\/sv\/produkt\/truusk-skobank-med-forvaringsutrymme-vadderad-och-stilren-105-cm-x-44-cm-x-455-cm-kram-beige\/","title":{"rendered":"TRUUSK Skob\u00e4nk med F\u00f6rvaringsutrymme &#8211; Vadderad och Stilren &#8211; 105 cm x 44 cm x 45,5 cm &#8211; Kr\u00e4m\/Beige"},"content":{"rendered":"<p>Om du beh\u00f6ver ytterligare f\u00f6rvaringsutrymme och samtidigt beh\u00f6ver en dekorativ b\u00e4nk \u00e4r denna b\u00e4nk perfekt f\u00f6r dig. Den eleganta designen passar din stil och erbjuder dig eller dina g\u00e4ster ytterligare sittplatser. Den stoppade b\u00e4nkens f\u00f6rvaringsutrymme under sitsen g\u00f6r att du kan f\u00f6rvara saker som redan har en plats i ditt rum, som extra filtar eller handdukar. G\u00f6r ditt hem bekv\u00e4mt med .<\/p>\n<h3>Beskrivning:<\/h3>\n<ul>\n<li>M\u00e5ngsidig inredning, kan anv\u00e4ndas som skob\u00e4nk, b\u00e4nk eller hall<\/li>\n<li>F\u00f6rvaringsutrymme under sitsen g\u00f6r att du kan f\u00f6rvara f\u00f6rem\u00e5l som det inte finns plats f\u00f6r<\/li>\n<li>Tjock skumstoppning p\u00e5 br\u00f6stb\u00e4nken med en flanellyta s\u00e4kerst\u00e4ller en bekv\u00e4m sittupplevelse<\/li>\n<li>Stabil tr\u00e4ram av den stoppade b\u00e4nken f\u00f6r h\u00f6g stabilitet<\/li>\n<li>Justerbara fotskydd skyddar ditt golv fr\u00e5n repor<\/li>\n<li>Montering kr\u00e4vs<\/li>\n<\/ul>\n<h3>Teknisk data:<\/h3>\n<ul>\n<li>F\u00e4rg: Kr\u00e4m<\/li>\n<li>Material: Teddyflanell (100% polyester), eukalyptustr\u00e4, skum<\/li>\n<li>M\u00e5tt: 105L x 44W x 45,5H cm. Inredning: 87W x 34D x 28H cm<\/li>\n<li>Sitstjocklek: 8 cm<\/li>\n<li>Viktkapacitet: 150 kg<\/li>\n<\/ul>\n<h3>Leveransens omfattning:<\/h3>\n<ul>\n<li>1 x F\u00f6rvaringsottoman<\/li>\n<li>1 x manuell<\/li>\n<\/ul>\n","protected":false},"excerpt":{"rendered":"<p>Om du beh\u00f6ver ytterligare f\u00f6rvaringsutrymme och samtidigt beh\u00f6ver en dekorativ b\u00e4nk \u00e4r denna b\u00e4nk perfekt f\u00f6r dig. Den eleganta designen&#8230;<\/p>\n","protected":false},"featured_media":47370,"template":"","meta":[],"product_brand":[],"product_cat":[485,537,540],"product_tag":[],"class_list":{"0":"post-47369","1":"product","2":"type-product","3":"status-publish","4":"has-post-thumbnail","6":"product_cat-hus-bo","7":"product_cat-sittplatser-bankar","8":"product_cat-stoppade-bankar","10":"first","11":"instock","12":"sale","13":"taxable","14":"shipping-taxable","15":"purchasable","16":"product-type-simple"},"yoast_head":"<!-- This site is optimized with the Yoast SEO plugin v25.4 - https:\/\/yoast.com\/wordpress\/plugins\/seo\/ -->\n<title>TRUUSK Skob\u00e4nk med F\u00f6rvaringsutrymme - Vadderad och Stilren - 105 cm x 44 cm x 45,5 cm - Kr\u00e4m\/Beige - TRUUSK - Hem, Tr\u00e4dg\u00e5rd &amp; Fritid<\/title>\n<meta name=\"robots\" content=\"index, follow, max-snippet:-1, max-image-preview:large, max-video-preview:-1\" \/>\n<link rel=\"canonical\" href=\"https:\/\/truusk.store\/sv\/produkt\/truusk-skobank-med-forvaringsutrymme-vadderad-och-stilren-105-cm-x-44-cm-x-455-cm-kram-beige\/\" \/>\n<meta property=\"og:locale\" content=\"sv_SE\" \/>\n<meta property=\"og:type\" content=\"article\" \/>\n<meta property=\"og:title\" content=\"TRUUSK Skob\u00e4nk med F\u00f6rvaringsutrymme - Vadderad och Stilren - 105 cm x 44 cm x 45,5 cm - Kr\u00e4m\/Beige - TRUUSK - Hem, Tr\u00e4dg\u00e5rd &amp; Fritid\" \/>\n<meta property=\"og:description\" content=\"Om du beh\u00f6ver ytterligare f\u00f6rvaringsutrymme och samtidigt beh\u00f6ver en dekorativ b\u00e4nk \u00e4r denna b\u00e4nk perfekt f\u00f6r dig. Den eleganta designen...\" \/>\n<meta property=\"og:url\" content=\"https:\/\/truusk.store\/sv\/produkt\/truusk-skobank-med-forvaringsutrymme-vadderad-och-stilren-105-cm-x-44-cm-x-455-cm-kram-beige\/\" \/>\n<meta property=\"og:site_name\" content=\"TRUUSK - Hem, Tr\u00e4dg\u00e5rd &amp; Fritid\" \/>\n<meta property=\"article:modified_time\" content=\"2026-03-12T08:33:19+00:00\" \/>\n<meta property=\"og:image\" content=\"https:\/\/i0.wp.com\/truusk.se\/wp-content\/uploads\/2024\/02\/bank-med-forvaringsutrymme-hallbank-skobank-vadderad-105-cm-x-44-cm-x-455-cm-kram-beige.webp?fit=800%2C800&ssl=1\" \/>\n\t<meta property=\"og:image:width\" content=\"800\" \/>\n\t<meta property=\"og:image:height\" content=\"800\" \/>\n\t<meta property=\"og:image:type\" content=\"image\/webp\" \/>\n<meta name=\"twitter:card\" content=\"summary_large_image\" \/>\n<meta name=\"twitter:label1\" content=\"Ber\u00e4knad l\u00e4stid\" \/>\n\t<meta name=\"twitter:data1\" content=\"1 minut\" \/>\n<!-- \/ Yoast SEO plugin. -->","yoast_head_json":{"title":"TRUUSK Skob\u00e4nk med F\u00f6rvaringsutrymme - Vadderad och Stilren - 105 cm x 44 cm x 45,5 cm - Kr\u00e4m\/Beige - TRUUSK - Hem, Tr\u00e4dg\u00e5rd &amp; Fritid","robots":{"index":"index","follow":"follow","max-snippet":"max-snippet:-1","max-image-preview":"max-image-preview:large","max-video-preview":"max-video-preview:-1"},"canonical":"https:\/\/truusk.store\/sv\/produkt\/truusk-skobank-med-forvaringsutrymme-vadderad-och-stilren-105-cm-x-44-cm-x-455-cm-kram-beige\/","og_locale":"sv_SE","og_type":"article","og_title":"TRUUSK Skob\u00e4nk med F\u00f6rvaringsutrymme - Vadderad och Stilren - 105 cm x 44 cm x 45,5 cm - Kr\u00e4m\/Beige - TRUUSK - Hem, Tr\u00e4dg\u00e5rd &amp; Fritid","og_description":"Om du beh\u00f6ver ytterligare f\u00f6rvaringsutrymme och samtidigt beh\u00f6ver en dekorativ b\u00e4nk \u00e4r denna b\u00e4nk perfekt f\u00f6r dig. Den eleganta designen...","og_url":"https:\/\/truusk.store\/sv\/produkt\/truusk-skobank-med-forvaringsutrymme-vadderad-och-stilren-105-cm-x-44-cm-x-455-cm-kram-beige\/","og_site_name":"TRUUSK - Hem, Tr\u00e4dg\u00e5rd &amp; Fritid","article_modified_time":"2026-03-12T08:33:19+00:00","og_image":[{"width":800,"height":800,"url":"https:\/\/i0.wp.com\/truusk.se\/wp-content\/uploads\/2024\/02\/bank-med-forvaringsutrymme-hallbank-skobank-vadderad-105-cm-x-44-cm-x-455-cm-kram-beige.webp?fit=800%2C800&ssl=1","type":"image\/webp"}],"twitter_card":"summary_large_image","twitter_misc":{"Ber\u00e4knad l\u00e4stid":"1 minut"},"schema":{"@context":"https:\/\/schema.org","@graph":[{"@type":"WebPage","@id":"https:\/\/truusk.store\/sv\/produkt\/truusk-skobank-med-forvaringsutrymme-vadderad-och-stilren-105-cm-x-44-cm-x-455-cm-kram-beige\/","url":"https:\/\/truusk.store\/sv\/produkt\/truusk-skobank-med-forvaringsutrymme-vadderad-och-stilren-105-cm-x-44-cm-x-455-cm-kram-beige\/","name":"TRUUSK Skob\u00e4nk med F\u00f6rvaringsutrymme - Vadderad och Stilren - 105 cm x 44 cm x 45,5 cm - Kr\u00e4m\/Beige - TRUUSK - Hem, Tr\u00e4dg\u00e5rd &amp; Fritid","isPartOf":{"@id":"https:\/\/truusk.store\/sv\/#website"},"primaryImageOfPage":{"@id":"https:\/\/truusk.store\/sv\/produkt\/truusk-skobank-med-forvaringsutrymme-vadderad-och-stilren-105-cm-x-44-cm-x-455-cm-kram-beige\/#primaryimage"},"image":{"@id":"https:\/\/truusk.store\/sv\/produkt\/truusk-skobank-med-forvaringsutrymme-vadderad-och-stilren-105-cm-x-44-cm-x-455-cm-kram-beige\/#primaryimage"},"thumbnailUrl":"https:\/\/i0.wp.com\/truusk.store\/wp-content\/uploads\/2024\/02\/bank-med-forvaringsutrymme-hallbank-skobank-vadderad-105-cm-x-44-cm-x-455-cm-kram-beige.webp?fit=800%2C800&ssl=1","datePublished":"2024-02-14T06:11:24+00:00","dateModified":"2026-03-12T08:33:19+00:00","breadcrumb":{"@id":"https:\/\/truusk.store\/sv\/produkt\/truusk-skobank-med-forvaringsutrymme-vadderad-och-stilren-105-cm-x-44-cm-x-455-cm-kram-beige\/#breadcrumb"},"inLanguage":"sv-SE","potentialAction":[{"@type":"ReadAction","target":["https:\/\/truusk.store\/sv\/produkt\/truusk-skobank-med-forvaringsutrymme-vadderad-och-stilren-105-cm-x-44-cm-x-455-cm-kram-beige\/"]}]},{"@type":"ImageObject","inLanguage":"sv-SE","@id":"https:\/\/truusk.store\/sv\/produkt\/truusk-skobank-med-forvaringsutrymme-vadderad-och-stilren-105-cm-x-44-cm-x-455-cm-kram-beige\/#primaryimage","url":"https:\/\/i0.wp.com\/truusk.store\/wp-content\/uploads\/2024\/02\/bank-med-forvaringsutrymme-hallbank-skobank-vadderad-105-cm-x-44-cm-x-455-cm-kram-beige.webp?fit=800%2C800&ssl=1","contentUrl":"https:\/\/i0.wp.com\/truusk.store\/wp-content\/uploads\/2024\/02\/bank-med-forvaringsutrymme-hallbank-skobank-vadderad-105-cm-x-44-cm-x-455-cm-kram-beige.webp?fit=800%2C800&ssl=1","width":800,"height":800,"caption":"B\u00e4nk Med F\u00f6rvaringsutrymme, Hallb\u00e4nk, Skob\u00e4nk, Vadderad, 105 Cm X 44 Cm X 45,5 Cm. Kr\u00e4m\/beige 1"},{"@type":"BreadcrumbList","@id":"https:\/\/truusk.store\/sv\/produkt\/truusk-skobank-med-forvaringsutrymme-vadderad-och-stilren-105-cm-x-44-cm-x-455-cm-kram-beige\/#breadcrumb","itemListElement":[{"@type":"ListItem","position":1,"name":"Home","item":"https:\/\/truusk.store\/sv\/"},{"@type":"ListItem","position":2,"name":"Shop","item":"https:\/\/truusk.store\/shop\/"},{"@type":"ListItem","position":3,"name":"TRUUSK Skob\u00e4nk med F\u00f6rvaringsutrymme &#8211; Vadderad och Stilren &#8211; 105 cm x 44 cm x 45,5 cm &#8211; Kr\u00e4m\/Beige"}]},{"@type":"WebSite","@id":"https:\/\/truusk.store\/sv\/#website","url":"https:\/\/truusk.store\/sv\/","name":"TRUUSK - Hem, Tr\u00e4dg\u00e5rd & Fritid","description":"","publisher":{"@id":"https:\/\/truusk.store\/sv\/#organization"},"potentialAction":[{"@type":"SearchAction","target":{"@type":"EntryPoint","urlTemplate":"https:\/\/truusk.store\/sv\/?s={search_term_string}"},"query-input":{"@type":"PropertyValueSpecification","valueRequired":true,"valueName":"search_term_string"}}],"inLanguage":"sv-SE"},{"@type":"Organization","@id":"https:\/\/truusk.store\/sv\/#organization","name":"TRUUSK - Hem, Tr\u00e4dg\u00e5rd & Fritid","url":"https:\/\/truusk.store\/sv\/","logo":{"@type":"ImageObject","inLanguage":"sv-SE","@id":"https:\/\/truusk.store\/sv\/#\/schema\/logo\/image\/","url":"https:\/\/i0.wp.com\/truusk.store\/wp-content\/uploads\/2026\/03\/cropped-TRUUSK.png?fit=2032%2C917&ssl=1","contentUrl":"https:\/\/i0.wp.com\/truusk.store\/wp-content\/uploads\/2026\/03\/cropped-TRUUSK.png?fit=2032%2C917&ssl=1","width":2032,"height":917,"caption":"TRUUSK - Hem, Tr\u00e4dg\u00e5rd & Fritid"},"image":{"@id":"https:\/\/truusk.store\/sv\/#\/schema\/logo\/image\/"}}]}},"jetpack_sharing_enabled":true,"_links":{"self":[{"href":"https:\/\/truusk.store\/sv\/wp-json\/wp\/v2\/product\/47369","targetHints":{"allow":["GET"]}}],"collection":[{"href":"https:\/\/truusk.store\/sv\/wp-json\/wp\/v2\/product"}],"about":[{"href":"https:\/\/truusk.store\/sv\/wp-json\/wp\/v2\/types\/product"}],"wp:featuredmedia":[{"embeddable":true,"href":"https:\/\/truusk.store\/sv\/wp-json\/wp\/v2\/media\/47370"}],"wp:attachment":[{"href":"https:\/\/truusk.store\/sv\/wp-json\/wp\/v2\/media?parent=47369"}],"wp:term":[{"taxonomy":"product_brand","embeddable":true,"href":"https:\/\/truusk.store\/sv\/wp-json\/wp\/v2\/product_brand?post=47369"},{"taxonomy":"product_cat","embeddable":true,"href":"https:\/\/truusk.store\/sv\/wp-json\/wp\/v2\/product_cat?post=47369"},{"taxonomy":"product_tag","embeddable":true,"href":"https:\/\/truusk.store\/sv\/wp-json\/wp\/v2\/product_tag?post=47369"}],"curies":[{"name":"wp","href":"https:\/\/api.w.org\/{rel}","templated":true}]}}