{"id":47401,"date":"2024-02-14T07:12:39","date_gmt":"2024-02-14T06:12:39","guid":{"rendered":"https:\/\/truusk.store\/product\/rotting-utomhuslampa-solenergi-tradgardslampa-automatisk-tandning-led-vaderbestandig-metallram-34-x-130-cm-svart-gul\/"},"modified":"2026-03-12T09:33:21","modified_gmt":"2026-03-12T08:33:21","slug":"truusk-solenergi-utomhuslampa-automatisk-tandning-led-vaderbestandig-metallram-34-x-130-cm-svart-gul","status":"publish","type":"product","link":"https:\/\/truusk.store\/sv\/produkt\/truusk-solenergi-utomhuslampa-automatisk-tandning-led-vaderbestandig-metallram-34-x-130-cm-svart-gul\/","title":{"rendered":"TRUUSK Solenergi Utomhuslampa &#8211; Automatisk T\u00e4ndning &#8211; LED &#8211; V\u00e4derbest\u00e4ndig &#8211; Metallram &#8211; 34 x 130 cm &#8211; Svart\/Gul"},"content":{"rendered":"<p>Lysa upp din uteplats med behagligt, mysigt ljus. Denna energibesparande solcells utomhuslampa laddas i solen under dagen och t\u00e4nds automatiskt n\u00e4r m\u00f6rkret faller. Den snygga lampsk\u00e4rmen skapar dekorativa skuggm\u00f6nster p\u00e5 din uteplats. Njut av den friska luften i den varmt upplysta tr\u00e4dg\u00e5rden eller f\u00e5 ett str\u00e5lande v\u00e4lkomnande n\u00e4r du kommer hem efter solnedg\u00e5ngen.<\/p>\n<h3>Beskrivning:<\/h3>\n<ul>\n<li>Golvlampa i rotting, ett attraktivt tillskott till din uteplats, g\u00e5ngv\u00e4g, uppfart, veranda eller tr\u00e4dg\u00e5rd<\/li>\n<li>Solpanel p\u00e5 toppen f\u00f6r laddning i solljus<\/li>\n<li>Sl\u00e5r p\u00e5 och av automatiskt i skymning och gryning<\/li>\n<li>Full laddning p\u00e5 fem timmars solljus<\/li>\n<li>Den kan lysa i upp till \u00e5tta timmar p\u00e5 full laddning<\/li>\n<li>Vattent\u00e4t enligt IP44, t\u00e5l regn, sn\u00f6, frost och hagel<\/li>\n<li>Kompakt design, platsbesparande, b\u00e4rbar och energisparande<\/li>\n<\/ul>\n<h3>Teknisk data:<\/h3>\n<ul>\n<li>F\u00e4rg gul<\/li>\n<li>Material: st\u00e5l, PE-rotting<\/li>\n<li>\u00d6vergripande m\u00e5tt: 34 x 130H cm<\/li>\n<li>Solpanel: 12 cm<\/li>\n<li>St\u00e4llets storlek: 28 cm<\/li>\n<li>LED-ljuseffekt (enkel enhet): 0,06 W<\/li>\n<li>Laddningstid: 5 timmar med tillr\u00e4ckligt med solljus<\/li>\n<li>Belysningstid (vid fulladdat): 8 timmar<\/li>\n<li>Ljus: Varmt ljus (vitt)<\/li>\n<li>Lumen: 15 kanm<\/li>\n<li>Livsl\u00e4ngd: 20 000 timmar<\/li>\n<\/ul>\n<h3>Leveransens omfattning:<\/h3>\n<ul>\n<li>1 x Rottingljus<\/li>\n<li>1 x manuell<\/li>\n<\/ul>\n","protected":false},"excerpt":{"rendered":"<p>Lysa upp din uteplats med behagligt, mysigt ljus. Denna energibesparande solcells utomhuslampa laddas i solen under dagen och t\u00e4nds automatiskt&#8230;<\/p>\n","protected":false},"featured_media":47402,"template":"","meta":[],"product_brand":[],"product_cat":[435,465,464],"product_tag":[],"class_list":{"0":"post-47401","1":"product","2":"type-product","3":"status-publish","4":"has-post-thumbnail","6":"product_cat-tradgard-och-terrass","7":"product_cat-tradgardsbelysning","8":"product_cat-tradgardsdekoration","10":"first","11":"instock","12":"sale","13":"taxable","14":"shipping-taxable","15":"purchasable","16":"product-type-simple"},"yoast_head":"<!-- This site is optimized with the Yoast SEO plugin v25.4 - https:\/\/yoast.com\/wordpress\/plugins\/seo\/ -->\n<title>TRUUSK Solenergi Utomhuslampa - Automatisk T\u00e4ndning - LED - V\u00e4derbest\u00e4ndig - Metallram - 34 x 130 cm - Svart\/Gul - TRUUSK - Hem, Tr\u00e4dg\u00e5rd &amp; Fritid<\/title>\n<meta name=\"robots\" content=\"index, follow, max-snippet:-1, max-image-preview:large, max-video-preview:-1\" \/>\n<link rel=\"canonical\" href=\"https:\/\/truusk.store\/sv\/produkt\/truusk-solenergi-utomhuslampa-automatisk-tandning-led-vaderbestandig-metallram-34-x-130-cm-svart-gul\/\" \/>\n<meta property=\"og:locale\" content=\"sv_SE\" \/>\n<meta property=\"og:type\" content=\"article\" \/>\n<meta property=\"og:title\" content=\"TRUUSK Solenergi Utomhuslampa - Automatisk T\u00e4ndning - LED - V\u00e4derbest\u00e4ndig - Metallram - 34 x 130 cm - Svart\/Gul - TRUUSK - Hem, Tr\u00e4dg\u00e5rd &amp; Fritid\" \/>\n<meta property=\"og:description\" content=\"Lysa upp din uteplats med behagligt, mysigt ljus. Denna energibesparande solcells utomhuslampa laddas i solen under dagen och t\u00e4nds automatiskt...\" \/>\n<meta property=\"og:url\" content=\"https:\/\/truusk.store\/sv\/produkt\/truusk-solenergi-utomhuslampa-automatisk-tandning-led-vaderbestandig-metallram-34-x-130-cm-svart-gul\/\" \/>\n<meta property=\"og:site_name\" content=\"TRUUSK - Hem, Tr\u00e4dg\u00e5rd &amp; Fritid\" \/>\n<meta property=\"article:modified_time\" content=\"2026-03-12T08:33:21+00:00\" \/>\n<meta property=\"og:image\" content=\"https:\/\/i0.wp.com\/truusk.se\/wp-content\/uploads\/2024\/02\/rotting-utomhuslampa-solenergi-tradgardslampa-automatisk-tandning-led-vaderbestandig-metallram-34-x-130-cm-svart-gul.webp?fit=800%2C800&ssl=1\" \/>\n\t<meta property=\"og:image:width\" content=\"800\" \/>\n\t<meta property=\"og:image:height\" content=\"800\" \/>\n\t<meta property=\"og:image:type\" content=\"image\/webp\" \/>\n<meta name=\"twitter:card\" content=\"summary_large_image\" \/>\n<meta name=\"twitter:label1\" content=\"Ber\u00e4knad l\u00e4stid\" \/>\n\t<meta name=\"twitter:data1\" content=\"1 minut\" \/>\n<!-- \/ Yoast SEO plugin. -->","yoast_head_json":{"title":"TRUUSK Solenergi Utomhuslampa - Automatisk T\u00e4ndning - LED - V\u00e4derbest\u00e4ndig - Metallram - 34 x 130 cm - Svart\/Gul - TRUUSK - Hem, Tr\u00e4dg\u00e5rd &amp; Fritid","robots":{"index":"index","follow":"follow","max-snippet":"max-snippet:-1","max-image-preview":"max-image-preview:large","max-video-preview":"max-video-preview:-1"},"canonical":"https:\/\/truusk.store\/sv\/produkt\/truusk-solenergi-utomhuslampa-automatisk-tandning-led-vaderbestandig-metallram-34-x-130-cm-svart-gul\/","og_locale":"sv_SE","og_type":"article","og_title":"TRUUSK Solenergi Utomhuslampa - Automatisk T\u00e4ndning - LED - V\u00e4derbest\u00e4ndig - Metallram - 34 x 130 cm - Svart\/Gul - TRUUSK - Hem, Tr\u00e4dg\u00e5rd &amp; Fritid","og_description":"Lysa upp din uteplats med behagligt, mysigt ljus. Denna energibesparande solcells utomhuslampa laddas i solen under dagen och t\u00e4nds automatiskt...","og_url":"https:\/\/truusk.store\/sv\/produkt\/truusk-solenergi-utomhuslampa-automatisk-tandning-led-vaderbestandig-metallram-34-x-130-cm-svart-gul\/","og_site_name":"TRUUSK - Hem, Tr\u00e4dg\u00e5rd &amp; Fritid","article_modified_time":"2026-03-12T08:33:21+00:00","og_image":[{"width":800,"height":800,"url":"https:\/\/i0.wp.com\/truusk.se\/wp-content\/uploads\/2024\/02\/rotting-utomhuslampa-solenergi-tradgardslampa-automatisk-tandning-led-vaderbestandig-metallram-34-x-130-cm-svart-gul.webp?fit=800%2C800&ssl=1","type":"image\/webp"}],"twitter_card":"summary_large_image","twitter_misc":{"Ber\u00e4knad l\u00e4stid":"1 minut"},"schema":{"@context":"https:\/\/schema.org","@graph":[{"@type":"WebPage","@id":"https:\/\/truusk.store\/sv\/produkt\/truusk-solenergi-utomhuslampa-automatisk-tandning-led-vaderbestandig-metallram-34-x-130-cm-svart-gul\/","url":"https:\/\/truusk.store\/sv\/produkt\/truusk-solenergi-utomhuslampa-automatisk-tandning-led-vaderbestandig-metallram-34-x-130-cm-svart-gul\/","name":"TRUUSK Solenergi Utomhuslampa - Automatisk T\u00e4ndning - LED - V\u00e4derbest\u00e4ndig - Metallram - 34 x 130 cm - Svart\/Gul - TRUUSK - Hem, Tr\u00e4dg\u00e5rd &amp; Fritid","isPartOf":{"@id":"https:\/\/truusk.store\/sv\/#website"},"primaryImageOfPage":{"@id":"https:\/\/truusk.store\/sv\/produkt\/truusk-solenergi-utomhuslampa-automatisk-tandning-led-vaderbestandig-metallram-34-x-130-cm-svart-gul\/#primaryimage"},"image":{"@id":"https:\/\/truusk.store\/sv\/produkt\/truusk-solenergi-utomhuslampa-automatisk-tandning-led-vaderbestandig-metallram-34-x-130-cm-svart-gul\/#primaryimage"},"thumbnailUrl":"https:\/\/i0.wp.com\/truusk.store\/wp-content\/uploads\/2024\/02\/rotting-utomhuslampa-solenergi-tradgardslampa-automatisk-tandning-led-vaderbestandig-metallram-34-x-130-cm-svart-gul.webp?fit=800%2C800&ssl=1","datePublished":"2024-02-14T06:12:39+00:00","dateModified":"2026-03-12T08:33:21+00:00","breadcrumb":{"@id":"https:\/\/truusk.store\/sv\/produkt\/truusk-solenergi-utomhuslampa-automatisk-tandning-led-vaderbestandig-metallram-34-x-130-cm-svart-gul\/#breadcrumb"},"inLanguage":"sv-SE","potentialAction":[{"@type":"ReadAction","target":["https:\/\/truusk.store\/sv\/produkt\/truusk-solenergi-utomhuslampa-automatisk-tandning-led-vaderbestandig-metallram-34-x-130-cm-svart-gul\/"]}]},{"@type":"ImageObject","inLanguage":"sv-SE","@id":"https:\/\/truusk.store\/sv\/produkt\/truusk-solenergi-utomhuslampa-automatisk-tandning-led-vaderbestandig-metallram-34-x-130-cm-svart-gul\/#primaryimage","url":"https:\/\/i0.wp.com\/truusk.store\/wp-content\/uploads\/2024\/02\/rotting-utomhuslampa-solenergi-tradgardslampa-automatisk-tandning-led-vaderbestandig-metallram-34-x-130-cm-svart-gul.webp?fit=800%2C800&ssl=1","contentUrl":"https:\/\/i0.wp.com\/truusk.store\/wp-content\/uploads\/2024\/02\/rotting-utomhuslampa-solenergi-tradgardslampa-automatisk-tandning-led-vaderbestandig-metallram-34-x-130-cm-svart-gul.webp?fit=800%2C800&ssl=1","width":800,"height":800,"caption":"Rotting Utomhuslampa, Solenergi Tr\u00e4dg\u00e5rdslampa, Automatisk T\u00e4ndning, LED, V\u00e4derbest\u00e4ndig, Metallram, 34 X 130 Cm, Svart\/gul 1"},{"@type":"BreadcrumbList","@id":"https:\/\/truusk.store\/sv\/produkt\/truusk-solenergi-utomhuslampa-automatisk-tandning-led-vaderbestandig-metallram-34-x-130-cm-svart-gul\/#breadcrumb","itemListElement":[{"@type":"ListItem","position":1,"name":"Home","item":"https:\/\/truusk.store\/sv\/"},{"@type":"ListItem","position":2,"name":"Shop","item":"https:\/\/truusk.store\/shop\/"},{"@type":"ListItem","position":3,"name":"TRUUSK Solenergi Utomhuslampa &#8211; Automatisk T\u00e4ndning &#8211; LED &#8211; V\u00e4derbest\u00e4ndig &#8211; Metallram &#8211; 34 x 130 cm &#8211; Svart\/Gul"}]},{"@type":"WebSite","@id":"https:\/\/truusk.store\/sv\/#website","url":"https:\/\/truusk.store\/sv\/","name":"TRUUSK - Hem, Tr\u00e4dg\u00e5rd & Fritid","description":"","publisher":{"@id":"https:\/\/truusk.store\/sv\/#organization"},"potentialAction":[{"@type":"SearchAction","target":{"@type":"EntryPoint","urlTemplate":"https:\/\/truusk.store\/sv\/?s={search_term_string}"},"query-input":{"@type":"PropertyValueSpecification","valueRequired":true,"valueName":"search_term_string"}}],"inLanguage":"sv-SE"},{"@type":"Organization","@id":"https:\/\/truusk.store\/sv\/#organization","name":"TRUUSK - Hem, Tr\u00e4dg\u00e5rd & Fritid","url":"https:\/\/truusk.store\/sv\/","logo":{"@type":"ImageObject","inLanguage":"sv-SE","@id":"https:\/\/truusk.store\/sv\/#\/schema\/logo\/image\/","url":"https:\/\/i0.wp.com\/truusk.store\/wp-content\/uploads\/2026\/03\/cropped-TRUUSK.png?fit=2032%2C917&ssl=1","contentUrl":"https:\/\/i0.wp.com\/truusk.store\/wp-content\/uploads\/2026\/03\/cropped-TRUUSK.png?fit=2032%2C917&ssl=1","width":2032,"height":917,"caption":"TRUUSK - Hem, Tr\u00e4dg\u00e5rd & Fritid"},"image":{"@id":"https:\/\/truusk.store\/sv\/#\/schema\/logo\/image\/"}}]}},"jetpack_sharing_enabled":true,"_links":{"self":[{"href":"https:\/\/truusk.store\/sv\/wp-json\/wp\/v2\/product\/47401","targetHints":{"allow":["GET"]}}],"collection":[{"href":"https:\/\/truusk.store\/sv\/wp-json\/wp\/v2\/product"}],"about":[{"href":"https:\/\/truusk.store\/sv\/wp-json\/wp\/v2\/types\/product"}],"wp:featuredmedia":[{"embeddable":true,"href":"https:\/\/truusk.store\/sv\/wp-json\/wp\/v2\/media\/47402"}],"wp:attachment":[{"href":"https:\/\/truusk.store\/sv\/wp-json\/wp\/v2\/media?parent=47401"}],"wp:term":[{"taxonomy":"product_brand","embeddable":true,"href":"https:\/\/truusk.store\/sv\/wp-json\/wp\/v2\/product_brand?post=47401"},{"taxonomy":"product_cat","embeddable":true,"href":"https:\/\/truusk.store\/sv\/wp-json\/wp\/v2\/product_cat?post=47401"},{"taxonomy":"product_tag","embeddable":true,"href":"https:\/\/truusk.store\/sv\/wp-json\/wp\/v2\/product_tag?post=47401"}],"curies":[{"name":"wp","href":"https:\/\/api.w.org\/{rel}","templated":true}]}}