{"id":47415,"date":"2024-02-14T07:13:12","date_gmt":"2024-02-14T06:13:12","guid":{"rendered":"https:\/\/truusk.store\/product\/tradgardsljus-solljus-tradgardssolljus-pe-rotting-boho-design-31cm-x-31cm-x-32cm-gul\/"},"modified":"2026-03-12T09:33:22","modified_gmt":"2026-03-12T08:33:22","slug":"truusk-tradgardssolljus-boho-design-pe-rotting-gul-31cm-x-31cm-x-32cm","status":"publish","type":"product","link":"https:\/\/truusk.store\/sv\/produkt\/truusk-tradgardssolljus-boho-design-pe-rotting-gul-31cm-x-31cm-x-32cm\/","title":{"rendered":"TRUUSK Tr\u00e4dg\u00e5rdssolljus &#8211; Boho Design &#8211; PE Rotting &#8211; Gul &#8211; 31cm x 31cm x 32cm"},"content":{"rendered":"<p>erbjuder en vattent\u00e4t utomhuslampa f\u00f6r att lysa upp din veranda, uteplats eller stig. En energibesparande l\u00f6sning som du kan st\u00e4lla in och gl\u00f6mma: den laddas i solen och sl\u00e5s p\u00e5 i skymningen. Medf\u00f6ljer ett elegant PE-rottingparaply som skapar underh\u00e5llande nyansm\u00f6nster. F\u00f6r en kv\u00e4llspromenad i tr\u00e4dg\u00e5rden eller f\u00f6r uteplatsen. Lysa upp natten med .<\/p>\n<h3>Beskrivning:<\/h3>\n<ul>\n<li>Rottinglampa, ett vackert tillskott till din uteplats, stig, uppfart, d\u00e4ck eller tr\u00e4dg\u00e5rd<\/li>\n<li>Solcellsladdningspanel p\u00e5 toppen f\u00f6r laddning i solljus<\/li>\n<li>Sl\u00e5r p\u00e5 och av automatiskt i skymning och gryning<\/li>\n<li>En full laddning p\u00e5 fem timmars solljus<\/li>\n<li>Upp till \u00e5tta timmars belysningstid n\u00e4r den \u00e4r fulladdad<\/li>\n<li>IP44 vattent\u00e4t f\u00f6r att klara regn, sn\u00f6, frost och slask<\/li>\n<li>Kompakt design, platsbesparande, b\u00e4rbar och energisparande<\/li>\n<\/ul>\n<h3>Teknisk data:<\/h3>\n<ul>\n<li>F\u00e4rg gul<\/li>\n<li>Material: st\u00e5l, PE-rotting<\/li>\n<li>\u00d6vergripande m\u00e5tt: 31 x 32H cm<\/li>\n<li>Solpanel: 8,5 cm<\/li>\n<li>Storlek p\u00e5 basen: 14 cm<\/li>\n<li>LED-ljuseffekt (enkel enhet): 0,06W<\/li>\n<li>Laddningstid: 5 timmar med tillr\u00e4ckligt med solljus<\/li>\n<li>Belysningstid (vid fulladdat): 8 timmar<\/li>\n<li>Ljus: Varmt ljus (vitt)<\/li>\n<li>Lumen: 15Lm<\/li>\n<li>Livsl\u00e4ngd: 20 000 timmar<\/li>\n<li>Certifieringar: IP44<\/li>\n<\/ul>\n<h3>Leveransens omfattning:<\/h3>\n<ul>\n<li>1 x Rottinglampa<\/li>\n<li>1 x manuell<\/li>\n<\/ul>\n","protected":false},"excerpt":{"rendered":"<p>erbjuder en vattent\u00e4t utomhuslampa f\u00f6r att lysa upp din veranda, uteplats eller stig. En energibesparande l\u00f6sning som du kan st\u00e4lla&#8230;<\/p>\n","protected":false},"featured_media":47416,"template":"","meta":[],"product_brand":[],"product_cat":[435,465,464],"product_tag":[],"class_list":{"0":"post-47415","1":"product","2":"type-product","3":"status-publish","4":"has-post-thumbnail","6":"product_cat-tradgard-och-terrass","7":"product_cat-tradgardsbelysning","8":"product_cat-tradgardsdekoration","10":"first","11":"instock","12":"sale","13":"taxable","14":"shipping-taxable","15":"purchasable","16":"product-type-simple"},"yoast_head":"<!-- This site is optimized with the Yoast SEO plugin v25.4 - https:\/\/yoast.com\/wordpress\/plugins\/seo\/ -->\n<title>TRUUSK Tr\u00e4dg\u00e5rdssolljus - Boho Design - PE Rotting - Gul - 31cm x 31cm x 32cm - TRUUSK - Hem, Tr\u00e4dg\u00e5rd &amp; Fritid<\/title>\n<meta name=\"robots\" content=\"index, follow, max-snippet:-1, max-image-preview:large, max-video-preview:-1\" \/>\n<link rel=\"canonical\" href=\"https:\/\/truusk.store\/sv\/produkt\/truusk-tradgardssolljus-boho-design-pe-rotting-gul-31cm-x-31cm-x-32cm\/\" \/>\n<meta property=\"og:locale\" content=\"sv_SE\" \/>\n<meta property=\"og:type\" content=\"article\" \/>\n<meta property=\"og:title\" content=\"TRUUSK Tr\u00e4dg\u00e5rdssolljus - Boho Design - PE Rotting - Gul - 31cm x 31cm x 32cm - TRUUSK - Hem, Tr\u00e4dg\u00e5rd &amp; Fritid\" \/>\n<meta property=\"og:description\" content=\"erbjuder en vattent\u00e4t utomhuslampa f\u00f6r att lysa upp din veranda, uteplats eller stig. En energibesparande l\u00f6sning som du kan st\u00e4lla...\" \/>\n<meta property=\"og:url\" content=\"https:\/\/truusk.store\/sv\/produkt\/truusk-tradgardssolljus-boho-design-pe-rotting-gul-31cm-x-31cm-x-32cm\/\" \/>\n<meta property=\"og:site_name\" content=\"TRUUSK - Hem, Tr\u00e4dg\u00e5rd &amp; Fritid\" \/>\n<meta property=\"article:modified_time\" content=\"2026-03-12T08:33:22+00:00\" \/>\n<meta property=\"og:image\" content=\"https:\/\/i0.wp.com\/truusk.se\/wp-content\/uploads\/2024\/02\/tradgardsljus-solljus-tradgardssolljus-pe-rotting-boho-design-31cm-x-31cm-x-32cm-gul.webp?fit=800%2C800&ssl=1\" \/>\n\t<meta property=\"og:image:width\" content=\"800\" \/>\n\t<meta property=\"og:image:height\" content=\"800\" \/>\n\t<meta property=\"og:image:type\" content=\"image\/webp\" \/>\n<meta name=\"twitter:card\" content=\"summary_large_image\" \/>\n<meta name=\"twitter:label1\" content=\"Ber\u00e4knad l\u00e4stid\" \/>\n\t<meta name=\"twitter:data1\" content=\"1 minut\" \/>\n<!-- \/ Yoast SEO plugin. -->","yoast_head_json":{"title":"TRUUSK Tr\u00e4dg\u00e5rdssolljus - Boho Design - PE Rotting - Gul - 31cm x 31cm x 32cm - TRUUSK - Hem, Tr\u00e4dg\u00e5rd &amp; Fritid","robots":{"index":"index","follow":"follow","max-snippet":"max-snippet:-1","max-image-preview":"max-image-preview:large","max-video-preview":"max-video-preview:-1"},"canonical":"https:\/\/truusk.store\/sv\/produkt\/truusk-tradgardssolljus-boho-design-pe-rotting-gul-31cm-x-31cm-x-32cm\/","og_locale":"sv_SE","og_type":"article","og_title":"TRUUSK Tr\u00e4dg\u00e5rdssolljus - Boho Design - PE Rotting - Gul - 31cm x 31cm x 32cm - TRUUSK - Hem, Tr\u00e4dg\u00e5rd &amp; Fritid","og_description":"erbjuder en vattent\u00e4t utomhuslampa f\u00f6r att lysa upp din veranda, uteplats eller stig. En energibesparande l\u00f6sning som du kan st\u00e4lla...","og_url":"https:\/\/truusk.store\/sv\/produkt\/truusk-tradgardssolljus-boho-design-pe-rotting-gul-31cm-x-31cm-x-32cm\/","og_site_name":"TRUUSK - Hem, Tr\u00e4dg\u00e5rd &amp; Fritid","article_modified_time":"2026-03-12T08:33:22+00:00","og_image":[{"width":800,"height":800,"url":"https:\/\/i0.wp.com\/truusk.se\/wp-content\/uploads\/2024\/02\/tradgardsljus-solljus-tradgardssolljus-pe-rotting-boho-design-31cm-x-31cm-x-32cm-gul.webp?fit=800%2C800&ssl=1","type":"image\/webp"}],"twitter_card":"summary_large_image","twitter_misc":{"Ber\u00e4knad l\u00e4stid":"1 minut"},"schema":{"@context":"https:\/\/schema.org","@graph":[{"@type":"WebPage","@id":"https:\/\/truusk.store\/sv\/produkt\/truusk-tradgardssolljus-boho-design-pe-rotting-gul-31cm-x-31cm-x-32cm\/","url":"https:\/\/truusk.store\/sv\/produkt\/truusk-tradgardssolljus-boho-design-pe-rotting-gul-31cm-x-31cm-x-32cm\/","name":"TRUUSK Tr\u00e4dg\u00e5rdssolljus - Boho Design - PE Rotting - Gul - 31cm x 31cm x 32cm - TRUUSK - Hem, Tr\u00e4dg\u00e5rd &amp; Fritid","isPartOf":{"@id":"https:\/\/truusk.store\/sv\/#website"},"primaryImageOfPage":{"@id":"https:\/\/truusk.store\/sv\/produkt\/truusk-tradgardssolljus-boho-design-pe-rotting-gul-31cm-x-31cm-x-32cm\/#primaryimage"},"image":{"@id":"https:\/\/truusk.store\/sv\/produkt\/truusk-tradgardssolljus-boho-design-pe-rotting-gul-31cm-x-31cm-x-32cm\/#primaryimage"},"thumbnailUrl":"https:\/\/i0.wp.com\/truusk.store\/wp-content\/uploads\/2024\/02\/tradgardsljus-solljus-tradgardssolljus-pe-rotting-boho-design-31cm-x-31cm-x-32cm-gul.webp?fit=800%2C800&ssl=1","datePublished":"2024-02-14T06:13:12+00:00","dateModified":"2026-03-12T08:33:22+00:00","breadcrumb":{"@id":"https:\/\/truusk.store\/sv\/produkt\/truusk-tradgardssolljus-boho-design-pe-rotting-gul-31cm-x-31cm-x-32cm\/#breadcrumb"},"inLanguage":"sv-SE","potentialAction":[{"@type":"ReadAction","target":["https:\/\/truusk.store\/sv\/produkt\/truusk-tradgardssolljus-boho-design-pe-rotting-gul-31cm-x-31cm-x-32cm\/"]}]},{"@type":"ImageObject","inLanguage":"sv-SE","@id":"https:\/\/truusk.store\/sv\/produkt\/truusk-tradgardssolljus-boho-design-pe-rotting-gul-31cm-x-31cm-x-32cm\/#primaryimage","url":"https:\/\/i0.wp.com\/truusk.store\/wp-content\/uploads\/2024\/02\/tradgardsljus-solljus-tradgardssolljus-pe-rotting-boho-design-31cm-x-31cm-x-32cm-gul.webp?fit=800%2C800&ssl=1","contentUrl":"https:\/\/i0.wp.com\/truusk.store\/wp-content\/uploads\/2024\/02\/tradgardsljus-solljus-tradgardssolljus-pe-rotting-boho-design-31cm-x-31cm-x-32cm-gul.webp?fit=800%2C800&ssl=1","width":800,"height":800,"caption":"Tr\u00e4dg\u00e5rdsljus Solljus Tr\u00e4dg\u00e5rdssolljus PE Rotting Boho Design 31cm X 31cm X 32cm Gul 1"},{"@type":"BreadcrumbList","@id":"https:\/\/truusk.store\/sv\/produkt\/truusk-tradgardssolljus-boho-design-pe-rotting-gul-31cm-x-31cm-x-32cm\/#breadcrumb","itemListElement":[{"@type":"ListItem","position":1,"name":"Home","item":"https:\/\/truusk.store\/sv\/"},{"@type":"ListItem","position":2,"name":"Shop","item":"https:\/\/truusk.store\/shop\/"},{"@type":"ListItem","position":3,"name":"TRUUSK Tr\u00e4dg\u00e5rdssolljus &#8211; Boho Design &#8211; PE Rotting &#8211; Gul &#8211; 31cm x 31cm x 32cm"}]},{"@type":"WebSite","@id":"https:\/\/truusk.store\/sv\/#website","url":"https:\/\/truusk.store\/sv\/","name":"TRUUSK - Hem, Tr\u00e4dg\u00e5rd & Fritid","description":"","publisher":{"@id":"https:\/\/truusk.store\/sv\/#organization"},"potentialAction":[{"@type":"SearchAction","target":{"@type":"EntryPoint","urlTemplate":"https:\/\/truusk.store\/sv\/?s={search_term_string}"},"query-input":{"@type":"PropertyValueSpecification","valueRequired":true,"valueName":"search_term_string"}}],"inLanguage":"sv-SE"},{"@type":"Organization","@id":"https:\/\/truusk.store\/sv\/#organization","name":"TRUUSK - Hem, Tr\u00e4dg\u00e5rd & Fritid","url":"https:\/\/truusk.store\/sv\/","logo":{"@type":"ImageObject","inLanguage":"sv-SE","@id":"https:\/\/truusk.store\/sv\/#\/schema\/logo\/image\/","url":"https:\/\/i0.wp.com\/truusk.store\/wp-content\/uploads\/2026\/03\/cropped-TRUUSK.png?fit=2032%2C917&ssl=1","contentUrl":"https:\/\/i0.wp.com\/truusk.store\/wp-content\/uploads\/2026\/03\/cropped-TRUUSK.png?fit=2032%2C917&ssl=1","width":2032,"height":917,"caption":"TRUUSK - Hem, Tr\u00e4dg\u00e5rd & Fritid"},"image":{"@id":"https:\/\/truusk.store\/sv\/#\/schema\/logo\/image\/"}}]}},"jetpack_sharing_enabled":true,"_links":{"self":[{"href":"https:\/\/truusk.store\/sv\/wp-json\/wp\/v2\/product\/47415","targetHints":{"allow":["GET"]}}],"collection":[{"href":"https:\/\/truusk.store\/sv\/wp-json\/wp\/v2\/product"}],"about":[{"href":"https:\/\/truusk.store\/sv\/wp-json\/wp\/v2\/types\/product"}],"wp:featuredmedia":[{"embeddable":true,"href":"https:\/\/truusk.store\/sv\/wp-json\/wp\/v2\/media\/47416"}],"wp:attachment":[{"href":"https:\/\/truusk.store\/sv\/wp-json\/wp\/v2\/media?parent=47415"}],"wp:term":[{"taxonomy":"product_brand","embeddable":true,"href":"https:\/\/truusk.store\/sv\/wp-json\/wp\/v2\/product_brand?post=47415"},{"taxonomy":"product_cat","embeddable":true,"href":"https:\/\/truusk.store\/sv\/wp-json\/wp\/v2\/product_cat?post=47415"},{"taxonomy":"product_tag","embeddable":true,"href":"https:\/\/truusk.store\/sv\/wp-json\/wp\/v2\/product_tag?post=47415"}],"curies":[{"name":"wp","href":"https:\/\/api.w.org\/{rel}","templated":true}]}}