{"id":47422,"date":"2024-02-14T07:13:29","date_gmt":"2024-02-14T06:13:29","guid":{"rendered":"https:\/\/truusk.store\/product\/dekorspegel-stor-spegel-fonsterlook-valvd-inklusive-upphangning-svart-spegelglas\/"},"modified":"2026-03-12T09:33:23","modified_gmt":"2026-03-12T08:33:23","slug":"truusk-stor-dekorspegel-fonsterlook-valvd-design-svart-spegelglas-inklusive-upphangning","status":"publish","type":"product","link":"https:\/\/truusk.store\/sv\/produkt\/truusk-stor-dekorspegel-fonsterlook-valvd-design-svart-spegelglas-inklusive-upphangning\/","title":{"rendered":"TRUUSK Stor Dekorspegel &#8211; F\u00f6nsterlook &#8211; V\u00e4lvd Design &#8211; Svart + Spegelglas &#8211; Inklusive Upph\u00e4ngning"},"content":{"rendered":"<p>Letar du efter ett s\u00e4tt att f\u00f6rsk\u00f6na ditt hem?V\u00e5r svarta v\u00e4ggspegel \u00e4r den perfekta l\u00f6sningen. Den \u00e4r ocks\u00e5 idealisk som present till inflyttningsfester, br\u00f6llop, \u00e5rsdagar eller f\u00f6delsedagar. Denna full\u00e4ngdsspegel erbjuder ett kostnadseffektivt s\u00e4tt att f\u00f6rsk\u00f6na ditt hem, l\u00e4gga till ljusstyrka och visuellt f\u00f6rstora ditt utrymme. Ta med lite elegans i ditt vardagsrum med v\u00e5r hallspegel.<\/p>\n<h3>Beskrivning:<\/h3>\n<ul>\n<li>Typ: V\u00e4lvd f\u00f6nsterb\u00e5ge med spalj\u00e9<\/li>\n<li>Inte bara f\u00f6r att dekorera ditt rum, utan ocks\u00e5 f\u00f6r att ljusa upp rummet och g\u00f6ra det visuellt st\u00f6rre.<\/li>\n<li>V\u00e4ggspegel f\u00f6r att f\u00e4sta p\u00e5 v\u00e4ggen<\/li>\n<li>Tjockt glas av korridorens spegel med flerskiktsdesign, spricks\u00e4ker och kommer inte att splittras<\/li>\n<li>Metallram med pulverlackering f\u00f6r stabilitet.<\/li>\n<li>L\u00e4mplig f\u00f6r badrum, vardagsrum, sovrum, matsal, hall.<\/li>\n<li>Kan vara en utm\u00e4rkt present till v\u00e4nner, \u00e4lskare, f\u00f6r\u00e4ldrar<\/li>\n<\/ul>\n<h3>Teknisk data:<\/h3>\n<ul>\n<li>Svart f\u00e4rg<\/li>\n<li>Material: aluminiumlegering, glas<\/li>\n<li>Total dimension: 62L x 2,5W x 110Hcm<\/li>\n<li>Spegelstorlek: 62W x 107Hcm<\/li>\n<li>Glasets djup: 3,8 mm<\/li>\n<\/ul>\n<h3>Leveransens omfattning:<\/h3>\n<ul>\n<li>1 x v\u00e4ggspegel;<\/li>\n<\/ul>\n","protected":false},"excerpt":{"rendered":"<p>Letar du efter ett s\u00e4tt att f\u00f6rsk\u00f6na ditt hem?V\u00e5r svarta v\u00e4ggspegel \u00e4r den perfekta l\u00f6sningen. Den \u00e4r ocks\u00e5 idealisk som&#8230;<\/p>\n","protected":false},"featured_media":47423,"template":"","meta":[],"product_brand":[],"product_cat":[671,672,683],"product_tag":[],"class_list":{"0":"post-47422","1":"product","2":"type-product","3":"status-publish","4":"has-post-thumbnail","6":"product_cat-jarnaffar","7":"product_cat-runt-huset","8":"product_cat-vaggdekoration","10":"first","11":"instock","12":"sale","13":"taxable","14":"shipping-taxable","15":"purchasable","16":"product-type-simple"},"yoast_head":"<!-- This site is optimized with the Yoast SEO plugin v25.4 - https:\/\/yoast.com\/wordpress\/plugins\/seo\/ -->\n<title>TRUUSK Stor Dekorspegel - F\u00f6nsterlook - V\u00e4lvd Design - Svart + Spegelglas - Inklusive Upph\u00e4ngning - TRUUSK - Hem, Tr\u00e4dg\u00e5rd &amp; Fritid<\/title>\n<meta name=\"robots\" content=\"index, follow, max-snippet:-1, max-image-preview:large, max-video-preview:-1\" \/>\n<link rel=\"canonical\" href=\"https:\/\/truusk.store\/sv\/produkt\/truusk-stor-dekorspegel-fonsterlook-valvd-design-svart-spegelglas-inklusive-upphangning\/\" \/>\n<meta property=\"og:locale\" content=\"sv_SE\" \/>\n<meta property=\"og:type\" content=\"article\" \/>\n<meta property=\"og:title\" content=\"TRUUSK Stor Dekorspegel - F\u00f6nsterlook - V\u00e4lvd Design - Svart + Spegelglas - Inklusive Upph\u00e4ngning - TRUUSK - Hem, Tr\u00e4dg\u00e5rd &amp; Fritid\" \/>\n<meta property=\"og:description\" content=\"Letar du efter ett s\u00e4tt att f\u00f6rsk\u00f6na ditt hem?V\u00e5r svarta v\u00e4ggspegel \u00e4r den perfekta l\u00f6sningen. Den \u00e4r ocks\u00e5 idealisk som...\" \/>\n<meta property=\"og:url\" content=\"https:\/\/truusk.store\/sv\/produkt\/truusk-stor-dekorspegel-fonsterlook-valvd-design-svart-spegelglas-inklusive-upphangning\/\" \/>\n<meta property=\"og:site_name\" content=\"TRUUSK - Hem, Tr\u00e4dg\u00e5rd &amp; Fritid\" \/>\n<meta property=\"article:modified_time\" content=\"2026-03-12T08:33:23+00:00\" \/>\n<meta property=\"og:image\" content=\"https:\/\/i0.wp.com\/truusk.se\/wp-content\/uploads\/2024\/02\/dekorspegel-stor-spegel-fonsterlook-valvd-inklusive-upphangning-svart-spegelglas.webp?fit=800%2C800&ssl=1\" \/>\n\t<meta property=\"og:image:width\" content=\"800\" \/>\n\t<meta property=\"og:image:height\" content=\"800\" \/>\n\t<meta property=\"og:image:type\" content=\"image\/webp\" \/>\n<meta name=\"twitter:card\" content=\"summary_large_image\" \/>\n<meta name=\"twitter:label1\" content=\"Ber\u00e4knad l\u00e4stid\" \/>\n\t<meta name=\"twitter:data1\" content=\"1 minut\" \/>\n<!-- \/ Yoast SEO plugin. -->","yoast_head_json":{"title":"TRUUSK Stor Dekorspegel - F\u00f6nsterlook - V\u00e4lvd Design - Svart + Spegelglas - Inklusive Upph\u00e4ngning - TRUUSK - Hem, Tr\u00e4dg\u00e5rd &amp; Fritid","robots":{"index":"index","follow":"follow","max-snippet":"max-snippet:-1","max-image-preview":"max-image-preview:large","max-video-preview":"max-video-preview:-1"},"canonical":"https:\/\/truusk.store\/sv\/produkt\/truusk-stor-dekorspegel-fonsterlook-valvd-design-svart-spegelglas-inklusive-upphangning\/","og_locale":"sv_SE","og_type":"article","og_title":"TRUUSK Stor Dekorspegel - F\u00f6nsterlook - V\u00e4lvd Design - Svart + Spegelglas - Inklusive Upph\u00e4ngning - TRUUSK - Hem, Tr\u00e4dg\u00e5rd &amp; Fritid","og_description":"Letar du efter ett s\u00e4tt att f\u00f6rsk\u00f6na ditt hem?V\u00e5r svarta v\u00e4ggspegel \u00e4r den perfekta l\u00f6sningen. Den \u00e4r ocks\u00e5 idealisk som...","og_url":"https:\/\/truusk.store\/sv\/produkt\/truusk-stor-dekorspegel-fonsterlook-valvd-design-svart-spegelglas-inklusive-upphangning\/","og_site_name":"TRUUSK - Hem, Tr\u00e4dg\u00e5rd &amp; Fritid","article_modified_time":"2026-03-12T08:33:23+00:00","og_image":[{"width":800,"height":800,"url":"https:\/\/i0.wp.com\/truusk.se\/wp-content\/uploads\/2024\/02\/dekorspegel-stor-spegel-fonsterlook-valvd-inklusive-upphangning-svart-spegelglas.webp?fit=800%2C800&ssl=1","type":"image\/webp"}],"twitter_card":"summary_large_image","twitter_misc":{"Ber\u00e4knad l\u00e4stid":"1 minut"},"schema":{"@context":"https:\/\/schema.org","@graph":[{"@type":"WebPage","@id":"https:\/\/truusk.store\/sv\/produkt\/truusk-stor-dekorspegel-fonsterlook-valvd-design-svart-spegelglas-inklusive-upphangning\/","url":"https:\/\/truusk.store\/sv\/produkt\/truusk-stor-dekorspegel-fonsterlook-valvd-design-svart-spegelglas-inklusive-upphangning\/","name":"TRUUSK Stor Dekorspegel - F\u00f6nsterlook - V\u00e4lvd Design - Svart + Spegelglas - Inklusive Upph\u00e4ngning - TRUUSK - Hem, Tr\u00e4dg\u00e5rd &amp; Fritid","isPartOf":{"@id":"https:\/\/truusk.store\/sv\/#website"},"primaryImageOfPage":{"@id":"https:\/\/truusk.store\/sv\/produkt\/truusk-stor-dekorspegel-fonsterlook-valvd-design-svart-spegelglas-inklusive-upphangning\/#primaryimage"},"image":{"@id":"https:\/\/truusk.store\/sv\/produkt\/truusk-stor-dekorspegel-fonsterlook-valvd-design-svart-spegelglas-inklusive-upphangning\/#primaryimage"},"thumbnailUrl":"https:\/\/i0.wp.com\/truusk.store\/wp-content\/uploads\/2024\/02\/dekorspegel-stor-spegel-fonsterlook-valvd-inklusive-upphangning-svart-spegelglas.webp?fit=800%2C800&ssl=1","datePublished":"2024-02-14T06:13:29+00:00","dateModified":"2026-03-12T08:33:23+00:00","breadcrumb":{"@id":"https:\/\/truusk.store\/sv\/produkt\/truusk-stor-dekorspegel-fonsterlook-valvd-design-svart-spegelglas-inklusive-upphangning\/#breadcrumb"},"inLanguage":"sv-SE","potentialAction":[{"@type":"ReadAction","target":["https:\/\/truusk.store\/sv\/produkt\/truusk-stor-dekorspegel-fonsterlook-valvd-design-svart-spegelglas-inklusive-upphangning\/"]}]},{"@type":"ImageObject","inLanguage":"sv-SE","@id":"https:\/\/truusk.store\/sv\/produkt\/truusk-stor-dekorspegel-fonsterlook-valvd-design-svart-spegelglas-inklusive-upphangning\/#primaryimage","url":"https:\/\/i0.wp.com\/truusk.store\/wp-content\/uploads\/2024\/02\/dekorspegel-stor-spegel-fonsterlook-valvd-inklusive-upphangning-svart-spegelglas.webp?fit=800%2C800&ssl=1","contentUrl":"https:\/\/i0.wp.com\/truusk.store\/wp-content\/uploads\/2024\/02\/dekorspegel-stor-spegel-fonsterlook-valvd-inklusive-upphangning-svart-spegelglas.webp?fit=800%2C800&ssl=1","width":800,"height":800,"caption":"Dekorspegel, Stor Spegel, F\u00f6nsterlook, V\u00e4lvd, Inklusive Upph\u00e4ngning. Svart + Spegelglas 1"},{"@type":"BreadcrumbList","@id":"https:\/\/truusk.store\/sv\/produkt\/truusk-stor-dekorspegel-fonsterlook-valvd-design-svart-spegelglas-inklusive-upphangning\/#breadcrumb","itemListElement":[{"@type":"ListItem","position":1,"name":"Home","item":"https:\/\/truusk.store\/sv\/"},{"@type":"ListItem","position":2,"name":"Shop","item":"https:\/\/truusk.store\/shop\/"},{"@type":"ListItem","position":3,"name":"TRUUSK Stor Dekorspegel &#8211; F\u00f6nsterlook &#8211; V\u00e4lvd Design &#8211; Svart + Spegelglas &#8211; Inklusive Upph\u00e4ngning"}]},{"@type":"WebSite","@id":"https:\/\/truusk.store\/sv\/#website","url":"https:\/\/truusk.store\/sv\/","name":"TRUUSK - Hem, Tr\u00e4dg\u00e5rd & Fritid","description":"","publisher":{"@id":"https:\/\/truusk.store\/sv\/#organization"},"potentialAction":[{"@type":"SearchAction","target":{"@type":"EntryPoint","urlTemplate":"https:\/\/truusk.store\/sv\/?s={search_term_string}"},"query-input":{"@type":"PropertyValueSpecification","valueRequired":true,"valueName":"search_term_string"}}],"inLanguage":"sv-SE"},{"@type":"Organization","@id":"https:\/\/truusk.store\/sv\/#organization","name":"TRUUSK - Hem, Tr\u00e4dg\u00e5rd & Fritid","url":"https:\/\/truusk.store\/sv\/","logo":{"@type":"ImageObject","inLanguage":"sv-SE","@id":"https:\/\/truusk.store\/sv\/#\/schema\/logo\/image\/","url":"https:\/\/i0.wp.com\/truusk.store\/wp-content\/uploads\/2026\/03\/cropped-TRUUSK.png?fit=2032%2C917&ssl=1","contentUrl":"https:\/\/i0.wp.com\/truusk.store\/wp-content\/uploads\/2026\/03\/cropped-TRUUSK.png?fit=2032%2C917&ssl=1","width":2032,"height":917,"caption":"TRUUSK - Hem, Tr\u00e4dg\u00e5rd & Fritid"},"image":{"@id":"https:\/\/truusk.store\/sv\/#\/schema\/logo\/image\/"}}]}},"jetpack_sharing_enabled":true,"_links":{"self":[{"href":"https:\/\/truusk.store\/sv\/wp-json\/wp\/v2\/product\/47422","targetHints":{"allow":["GET"]}}],"collection":[{"href":"https:\/\/truusk.store\/sv\/wp-json\/wp\/v2\/product"}],"about":[{"href":"https:\/\/truusk.store\/sv\/wp-json\/wp\/v2\/types\/product"}],"wp:featuredmedia":[{"embeddable":true,"href":"https:\/\/truusk.store\/sv\/wp-json\/wp\/v2\/media\/47423"}],"wp:attachment":[{"href":"https:\/\/truusk.store\/sv\/wp-json\/wp\/v2\/media?parent=47422"}],"wp:term":[{"taxonomy":"product_brand","embeddable":true,"href":"https:\/\/truusk.store\/sv\/wp-json\/wp\/v2\/product_brand?post=47422"},{"taxonomy":"product_cat","embeddable":true,"href":"https:\/\/truusk.store\/sv\/wp-json\/wp\/v2\/product_cat?post=47422"},{"taxonomy":"product_tag","embeddable":true,"href":"https:\/\/truusk.store\/sv\/wp-json\/wp\/v2\/product_tag?post=47422"}],"curies":[{"name":"wp","href":"https:\/\/api.w.org\/{rel}","templated":true}]}}