{"id":47429,"date":"2024-02-14T07:13:48","date_gmt":"2024-02-14T06:13:48","guid":{"rendered":"https:\/\/truusk.store\/product\/staende-skrivbord-laptopbord-justerbar-i-hojdled-4-hjul-65-cm-x-48-cm-x-108-cm-brun-svart\/"},"modified":"2026-03-12T09:33:23","modified_gmt":"2026-03-12T08:33:23","slug":"truusk-staende-skrivbord-och-laptopbord-justerbart-i-hojdled-med-4-hjul-matt-65-cm-x-48-cm-x-108-cm-brun-svart","status":"publish","type":"product","link":"https:\/\/truusk.store\/sv\/produkt\/truusk-staende-skrivbord-och-laptopbord-justerbart-i-hojdled-med-4-hjul-matt-65-cm-x-48-cm-x-108-cm-brun-svart\/","title":{"rendered":"TRUUSK St\u00e5ende Skrivbord och Laptopbord &#8211; Justerbart i H\u00f6jdled &#8211; Med 4 Hjul &#8211; M\u00e5tt 65 cm x 48 cm x 108 cm &#8211; Brun + Svart"},"content":{"rendered":"<p>\u00c4r du orolig f\u00f6r en stillasittande livsstil, s\u00e4rskilt p\u00e5 jobbet? Vill du avlasta din kropp medan du arbetar? Detta h\u00f6jdjusterbara br\u00f6dbord \u00e4r designat f\u00f6r att hj\u00e4lpa dig. H\u00f6jden \u00e4r justerbar mellan 68 cm och 108 cm och passar f\u00f6r sittande eller st\u00e5ende (beroende p\u00e5 din l\u00e4ngd). Genom att undvika sp\u00e4nningar i nacke och axlar vid arbetsbordet kommer du att kunna \u00f6ka din produktivitet.<\/p>\n<h3>Beskrivning:<\/h3>\n<ul>\n<li>H\u00f6jdjusterbar mellan 68 cm och 108 cm<\/li>\n<li>Smidigt l\u00f6pande datorbordshjul f\u00f6r enkel r\u00f6rlighet, varav 2 har bromsar<\/li>\n<li>L\u00e4mplig f\u00f6r stolh\u00f6jder fr\u00e5n 45 till 65 cm<\/li>\n<li>Rundade kanter p\u00e5 den st\u00e5ende skrivbordsskivan m\u00f6jligg\u00f6r bekv\u00e4mt arbete<\/li>\n<li>Kompakt design idealisk f\u00f6r begr\u00e4nsat utrymme<\/li>\n<li>Pulverlackerad st\u00e5lram ger ett stadigt st\u00f6d<\/li>\n<li>Montering kr\u00e4vs<\/li>\n<\/ul>\n<h3>Teknisk data:<\/h3>\n<ul>\n<li>F\u00e4rg: Rustik brun, svart<\/li>\n<li>Material: sp\u00e5nskiva, st\u00e5l<\/li>\n<li>\u00d6vergripande m\u00e5tt: 65L x 48W x 68-108H cm<\/li>\n<li>Statisk viktkapacitet: 40 kg<\/li>\n<li>Dynamisk viktkapacitet: 10 kg<\/li>\n<\/ul>\n<h3>Leveransens omfattning:<\/h3>\n<ul>\n<li>1 x St\u00e5ende Skrivbord<\/li>\n<li>1 x manuell<\/li>\n<\/ul>\n","protected":false},"excerpt":{"rendered":"<p>\u00c4r du orolig f\u00f6r en stillasittande livsstil, s\u00e4rskilt p\u00e5 jobbet? Vill du avlasta din kropp medan du arbetar? Detta h\u00f6jdjusterbara&#8230;<\/p>\n","protected":false},"featured_media":47430,"template":"","meta":[],"product_brand":[],"product_cat":[485,502,501],"product_tag":[],"class_list":{"0":"post-47429","1":"product","2":"type-product","3":"status-publish","4":"has-post-thumbnail","6":"product_cat-hus-bo","7":"product_cat-skrivbord","8":"product_cat-tabeller","10":"first","11":"instock","12":"sale","13":"taxable","14":"shipping-taxable","15":"purchasable","16":"product-type-simple"},"yoast_head":"<!-- This site is optimized with the Yoast SEO plugin v25.4 - https:\/\/yoast.com\/wordpress\/plugins\/seo\/ -->\n<title>TRUUSK St\u00e5ende Skrivbord och Laptopbord - Justerbart i H\u00f6jdled - Med 4 Hjul - M\u00e5tt 65 cm x 48 cm x 108 cm - Brun + Svart - TRUUSK - Hem, Tr\u00e4dg\u00e5rd &amp; Fritid<\/title>\n<meta name=\"robots\" content=\"index, follow, max-snippet:-1, max-image-preview:large, max-video-preview:-1\" \/>\n<link rel=\"canonical\" href=\"https:\/\/truusk.store\/sv\/produkt\/truusk-staende-skrivbord-och-laptopbord-justerbart-i-hojdled-med-4-hjul-matt-65-cm-x-48-cm-x-108-cm-brun-svart\/\" \/>\n<meta property=\"og:locale\" content=\"sv_SE\" \/>\n<meta property=\"og:type\" content=\"article\" \/>\n<meta property=\"og:title\" content=\"TRUUSK St\u00e5ende Skrivbord och Laptopbord - Justerbart i H\u00f6jdled - Med 4 Hjul - M\u00e5tt 65 cm x 48 cm x 108 cm - Brun + Svart - TRUUSK - Hem, Tr\u00e4dg\u00e5rd &amp; Fritid\" \/>\n<meta property=\"og:description\" content=\"\u00c4r du orolig f\u00f6r en stillasittande livsstil, s\u00e4rskilt p\u00e5 jobbet? Vill du avlasta din kropp medan du arbetar? Detta h\u00f6jdjusterbara...\" \/>\n<meta property=\"og:url\" content=\"https:\/\/truusk.store\/sv\/produkt\/truusk-staende-skrivbord-och-laptopbord-justerbart-i-hojdled-med-4-hjul-matt-65-cm-x-48-cm-x-108-cm-brun-svart\/\" \/>\n<meta property=\"og:site_name\" content=\"TRUUSK - Hem, Tr\u00e4dg\u00e5rd &amp; Fritid\" \/>\n<meta property=\"article:modified_time\" content=\"2026-03-12T08:33:23+00:00\" \/>\n<meta property=\"og:image\" content=\"https:\/\/i0.wp.com\/truusk.se\/wp-content\/uploads\/2024\/02\/staende-skrivbord-laptopbord-justerbar-i-hojdled-4-hjul-65-cm-x-48-cm-x-108-cm-brun-svart.webp?fit=800%2C800&ssl=1\" \/>\n\t<meta property=\"og:image:width\" content=\"800\" \/>\n\t<meta property=\"og:image:height\" content=\"800\" \/>\n\t<meta property=\"og:image:type\" content=\"image\/webp\" \/>\n<meta name=\"twitter:card\" content=\"summary_large_image\" \/>\n<meta name=\"twitter:label1\" content=\"Ber\u00e4knad l\u00e4stid\" \/>\n\t<meta name=\"twitter:data1\" content=\"1 minut\" \/>\n<!-- \/ Yoast SEO plugin. -->","yoast_head_json":{"title":"TRUUSK St\u00e5ende Skrivbord och Laptopbord - Justerbart i H\u00f6jdled - Med 4 Hjul - M\u00e5tt 65 cm x 48 cm x 108 cm - Brun + Svart - TRUUSK - Hem, Tr\u00e4dg\u00e5rd &amp; Fritid","robots":{"index":"index","follow":"follow","max-snippet":"max-snippet:-1","max-image-preview":"max-image-preview:large","max-video-preview":"max-video-preview:-1"},"canonical":"https:\/\/truusk.store\/sv\/produkt\/truusk-staende-skrivbord-och-laptopbord-justerbart-i-hojdled-med-4-hjul-matt-65-cm-x-48-cm-x-108-cm-brun-svart\/","og_locale":"sv_SE","og_type":"article","og_title":"TRUUSK St\u00e5ende Skrivbord och Laptopbord - Justerbart i H\u00f6jdled - Med 4 Hjul - M\u00e5tt 65 cm x 48 cm x 108 cm - Brun + Svart - TRUUSK - Hem, Tr\u00e4dg\u00e5rd &amp; Fritid","og_description":"\u00c4r du orolig f\u00f6r en stillasittande livsstil, s\u00e4rskilt p\u00e5 jobbet? Vill du avlasta din kropp medan du arbetar? Detta h\u00f6jdjusterbara...","og_url":"https:\/\/truusk.store\/sv\/produkt\/truusk-staende-skrivbord-och-laptopbord-justerbart-i-hojdled-med-4-hjul-matt-65-cm-x-48-cm-x-108-cm-brun-svart\/","og_site_name":"TRUUSK - Hem, Tr\u00e4dg\u00e5rd &amp; Fritid","article_modified_time":"2026-03-12T08:33:23+00:00","og_image":[{"width":800,"height":800,"url":"https:\/\/i0.wp.com\/truusk.se\/wp-content\/uploads\/2024\/02\/staende-skrivbord-laptopbord-justerbar-i-hojdled-4-hjul-65-cm-x-48-cm-x-108-cm-brun-svart.webp?fit=800%2C800&ssl=1","type":"image\/webp"}],"twitter_card":"summary_large_image","twitter_misc":{"Ber\u00e4knad l\u00e4stid":"1 minut"},"schema":{"@context":"https:\/\/schema.org","@graph":[{"@type":"WebPage","@id":"https:\/\/truusk.store\/sv\/produkt\/truusk-staende-skrivbord-och-laptopbord-justerbart-i-hojdled-med-4-hjul-matt-65-cm-x-48-cm-x-108-cm-brun-svart\/","url":"https:\/\/truusk.store\/sv\/produkt\/truusk-staende-skrivbord-och-laptopbord-justerbart-i-hojdled-med-4-hjul-matt-65-cm-x-48-cm-x-108-cm-brun-svart\/","name":"TRUUSK St\u00e5ende Skrivbord och Laptopbord - Justerbart i H\u00f6jdled - Med 4 Hjul - M\u00e5tt 65 cm x 48 cm x 108 cm - Brun + Svart - TRUUSK - Hem, Tr\u00e4dg\u00e5rd &amp; Fritid","isPartOf":{"@id":"https:\/\/truusk.store\/sv\/#website"},"primaryImageOfPage":{"@id":"https:\/\/truusk.store\/sv\/produkt\/truusk-staende-skrivbord-och-laptopbord-justerbart-i-hojdled-med-4-hjul-matt-65-cm-x-48-cm-x-108-cm-brun-svart\/#primaryimage"},"image":{"@id":"https:\/\/truusk.store\/sv\/produkt\/truusk-staende-skrivbord-och-laptopbord-justerbart-i-hojdled-med-4-hjul-matt-65-cm-x-48-cm-x-108-cm-brun-svart\/#primaryimage"},"thumbnailUrl":"https:\/\/i0.wp.com\/truusk.store\/wp-content\/uploads\/2024\/02\/staende-skrivbord-laptopbord-justerbar-i-hojdled-4-hjul-65-cm-x-48-cm-x-108-cm-brun-svart.webp?fit=800%2C800&ssl=1","datePublished":"2024-02-14T06:13:48+00:00","dateModified":"2026-03-12T08:33:23+00:00","breadcrumb":{"@id":"https:\/\/truusk.store\/sv\/produkt\/truusk-staende-skrivbord-och-laptopbord-justerbart-i-hojdled-med-4-hjul-matt-65-cm-x-48-cm-x-108-cm-brun-svart\/#breadcrumb"},"inLanguage":"sv-SE","potentialAction":[{"@type":"ReadAction","target":["https:\/\/truusk.store\/sv\/produkt\/truusk-staende-skrivbord-och-laptopbord-justerbart-i-hojdled-med-4-hjul-matt-65-cm-x-48-cm-x-108-cm-brun-svart\/"]}]},{"@type":"ImageObject","inLanguage":"sv-SE","@id":"https:\/\/truusk.store\/sv\/produkt\/truusk-staende-skrivbord-och-laptopbord-justerbart-i-hojdled-med-4-hjul-matt-65-cm-x-48-cm-x-108-cm-brun-svart\/#primaryimage","url":"https:\/\/i0.wp.com\/truusk.store\/wp-content\/uploads\/2024\/02\/staende-skrivbord-laptopbord-justerbar-i-hojdled-4-hjul-65-cm-x-48-cm-x-108-cm-brun-svart.webp?fit=800%2C800&ssl=1","contentUrl":"https:\/\/i0.wp.com\/truusk.store\/wp-content\/uploads\/2024\/02\/staende-skrivbord-laptopbord-justerbar-i-hojdled-4-hjul-65-cm-x-48-cm-x-108-cm-brun-svart.webp?fit=800%2C800&ssl=1","width":800,"height":800,"caption":"St\u00e5ende Skrivbord, Laptopbord, Justerbar I H\u00f6jdled, 4 Hjul, 65 Cm X 48 Cm X 108 Cm, Brun + Svart 1"},{"@type":"BreadcrumbList","@id":"https:\/\/truusk.store\/sv\/produkt\/truusk-staende-skrivbord-och-laptopbord-justerbart-i-hojdled-med-4-hjul-matt-65-cm-x-48-cm-x-108-cm-brun-svart\/#breadcrumb","itemListElement":[{"@type":"ListItem","position":1,"name":"Home","item":"https:\/\/truusk.store\/sv\/"},{"@type":"ListItem","position":2,"name":"Shop","item":"https:\/\/truusk.store\/shop\/"},{"@type":"ListItem","position":3,"name":"TRUUSK St\u00e5ende Skrivbord och Laptopbord &#8211; Justerbart i H\u00f6jdled &#8211; Med 4 Hjul &#8211; M\u00e5tt 65 cm x 48 cm x 108 cm &#8211; Brun + Svart"}]},{"@type":"WebSite","@id":"https:\/\/truusk.store\/sv\/#website","url":"https:\/\/truusk.store\/sv\/","name":"TRUUSK - Hem, Tr\u00e4dg\u00e5rd & Fritid","description":"","publisher":{"@id":"https:\/\/truusk.store\/sv\/#organization"},"potentialAction":[{"@type":"SearchAction","target":{"@type":"EntryPoint","urlTemplate":"https:\/\/truusk.store\/sv\/?s={search_term_string}"},"query-input":{"@type":"PropertyValueSpecification","valueRequired":true,"valueName":"search_term_string"}}],"inLanguage":"sv-SE"},{"@type":"Organization","@id":"https:\/\/truusk.store\/sv\/#organization","name":"TRUUSK - Hem, Tr\u00e4dg\u00e5rd & Fritid","url":"https:\/\/truusk.store\/sv\/","logo":{"@type":"ImageObject","inLanguage":"sv-SE","@id":"https:\/\/truusk.store\/sv\/#\/schema\/logo\/image\/","url":"https:\/\/i0.wp.com\/truusk.store\/wp-content\/uploads\/2026\/03\/cropped-TRUUSK.png?fit=2032%2C917&ssl=1","contentUrl":"https:\/\/i0.wp.com\/truusk.store\/wp-content\/uploads\/2026\/03\/cropped-TRUUSK.png?fit=2032%2C917&ssl=1","width":2032,"height":917,"caption":"TRUUSK - Hem, Tr\u00e4dg\u00e5rd & Fritid"},"image":{"@id":"https:\/\/truusk.store\/sv\/#\/schema\/logo\/image\/"}}]}},"jetpack_sharing_enabled":true,"_links":{"self":[{"href":"https:\/\/truusk.store\/sv\/wp-json\/wp\/v2\/product\/47429","targetHints":{"allow":["GET"]}}],"collection":[{"href":"https:\/\/truusk.store\/sv\/wp-json\/wp\/v2\/product"}],"about":[{"href":"https:\/\/truusk.store\/sv\/wp-json\/wp\/v2\/types\/product"}],"wp:featuredmedia":[{"embeddable":true,"href":"https:\/\/truusk.store\/sv\/wp-json\/wp\/v2\/media\/47430"}],"wp:attachment":[{"href":"https:\/\/truusk.store\/sv\/wp-json\/wp\/v2\/media?parent=47429"}],"wp:term":[{"taxonomy":"product_brand","embeddable":true,"href":"https:\/\/truusk.store\/sv\/wp-json\/wp\/v2\/product_brand?post=47429"},{"taxonomy":"product_cat","embeddable":true,"href":"https:\/\/truusk.store\/sv\/wp-json\/wp\/v2\/product_cat?post=47429"},{"taxonomy":"product_tag","embeddable":true,"href":"https:\/\/truusk.store\/sv\/wp-json\/wp\/v2\/product_tag?post=47429"}],"curies":[{"name":"wp","href":"https:\/\/api.w.org\/{rel}","templated":true}]}}