{"id":47436,"date":"2024-02-14T07:14:04","date_gmt":"2024-02-14T06:14:04","guid":{"rendered":"https:\/\/truusk.store\/product\/balkonghangande-bord-hopfallbart-hoj-och-sankbart-aluminiumstomme-plastbordsskiva-tralook-svart\/"},"modified":"2026-03-12T09:33:23","modified_gmt":"2026-03-12T08:33:23","slug":"truusk-balkonghangande-bord-hopfallbart-hoj-och-sankbart-aluminiumstomme-plastbordsskiva-tralook-svart","status":"publish","type":"product","link":"https:\/\/truusk.store\/sv\/produkt\/truusk-balkonghangande-bord-hopfallbart-hoj-och-sankbart-aluminiumstomme-plastbordsskiva-tralook-svart\/","title":{"rendered":"TRUUSK Balkongh\u00e4ngande Bord &#8211; Hopf\u00e4llbart &#8211; H\u00f6j- Och S\u00e4nkbart &#8211; Aluminiumstomme &#8211; Plastbordsskiva &#8211; Tr\u00e4look &#8211; Svart"},"content":{"rendered":"<p>Upplev den perfekta stunden p\u00e5 balkongen med balkongbordet! Detta bord \u00e4r den idealiska l\u00f6sningen f\u00f6r alla som har en kompakt balkong men \u00e4nd\u00e5 inte vill missa komfort och stil. Aluminiumramen och plastplattan g\u00f6r den robust och slitstark, och den kan \u00e4ven l\u00e4tt flyttas p\u00e5 h\u00f6jden. Den smarta designen g\u00f6r att bordet kan st\u00e4llas upp snabbt och enkelt, samtidigt som den f\u00e4llbara konstruktionen sparar utrymme n\u00e4r du inte beh\u00f6ver det.<\/p>\n<h3>Beskrivning:<\/h3>\n<ul>\n<li>Utrymmesbesparande design f\u00f6r sm\u00e5 balkonger<\/li>\n<li>L\u00e4tt aluminiumram med h\u00f6g stabilitet<\/li>\n<li>L\u00e4tt att f\u00e4sta p\u00e5 uteplats eller balkongr\u00e4cken<\/li>\n<li>Justerbar h\u00f6jd f\u00f6r individuella behov<\/li>\n<li>Perfekt f\u00f6r mysiga balkongkv\u00e4llar med v\u00e4nner och familj<\/li>\n<li>Kan f\u00e4llas ihop f\u00f6r att spara utrymme<\/li>\n<li>Snabb och enkel installation<\/li>\n<\/ul>\n<h3>Teknisk data:<\/h3>\n<ul>\n<li>Svart f\u00e4rg<\/li>\n<li>Material: aluminium, plast<\/li>\n<li>\u00d6vergripande m\u00e5tt: 60W x 40D x 55-64H cm<\/li>\n<li>L\u00e4mplig f\u00f6r r\u00e4ckestjocklekar p\u00e5 4-13 cm<\/li>\n<li>4-stegs h\u00f6jdjustering: 55, 58, 61, 64 cm<\/li>\n<li>Lastkapacitet: 25 kg<\/li>\n<\/ul>\n<h3>Leveransens omfattning:<\/h3>\n<ul>\n<li>1 x Balkongf\u00e4llbart bord<\/li>\n<li>1 x Instruktioner<\/li>\n<\/ul>\n","protected":false},"excerpt":{"rendered":"<p>Upplev den perfekta stunden p\u00e5 balkongen med balkongbordet! Detta bord \u00e4r den idealiska l\u00f6sningen f\u00f6r alla som har en kompakt&#8230;<\/p>\n","protected":false},"featured_media":47437,"template":"","meta":[],"product_brand":[],"product_cat":[435,457,450],"product_tag":[],"class_list":{"0":"post-47436","1":"product","2":"type-product","3":"status-publish","4":"has-post-thumbnail","6":"product_cat-tradgard-och-terrass","7":"product_cat-tradgardsbord","8":"product_cat-tradgardsmobler","10":"first","11":"instock","12":"sale","13":"taxable","14":"shipping-taxable","15":"purchasable","16":"product-type-simple"},"yoast_head":"<!-- This site is optimized with the Yoast SEO plugin v25.4 - https:\/\/yoast.com\/wordpress\/plugins\/seo\/ -->\n<title>TRUUSK Balkongh\u00e4ngande Bord - Hopf\u00e4llbart - H\u00f6j- Och S\u00e4nkbart - Aluminiumstomme - Plastbordsskiva - Tr\u00e4look - Svart - TRUUSK - Hem, Tr\u00e4dg\u00e5rd &amp; Fritid<\/title>\n<meta name=\"robots\" content=\"index, follow, max-snippet:-1, max-image-preview:large, max-video-preview:-1\" \/>\n<link rel=\"canonical\" href=\"https:\/\/truusk.store\/sv\/produkt\/truusk-balkonghangande-bord-hopfallbart-hoj-och-sankbart-aluminiumstomme-plastbordsskiva-tralook-svart\/\" \/>\n<meta property=\"og:locale\" content=\"sv_SE\" \/>\n<meta property=\"og:type\" content=\"article\" \/>\n<meta property=\"og:title\" content=\"TRUUSK Balkongh\u00e4ngande Bord - Hopf\u00e4llbart - H\u00f6j- Och S\u00e4nkbart - Aluminiumstomme - Plastbordsskiva - Tr\u00e4look - Svart - TRUUSK - Hem, Tr\u00e4dg\u00e5rd &amp; Fritid\" \/>\n<meta property=\"og:description\" content=\"Upplev den perfekta stunden p\u00e5 balkongen med balkongbordet! Detta bord \u00e4r den idealiska l\u00f6sningen f\u00f6r alla som har en kompakt...\" \/>\n<meta property=\"og:url\" content=\"https:\/\/truusk.store\/sv\/produkt\/truusk-balkonghangande-bord-hopfallbart-hoj-och-sankbart-aluminiumstomme-plastbordsskiva-tralook-svart\/\" \/>\n<meta property=\"og:site_name\" content=\"TRUUSK - Hem, Tr\u00e4dg\u00e5rd &amp; Fritid\" \/>\n<meta property=\"article:modified_time\" content=\"2026-03-12T08:33:23+00:00\" \/>\n<meta property=\"og:image\" content=\"https:\/\/i0.wp.com\/truusk.se\/wp-content\/uploads\/2024\/02\/balkonghangande-bord-hopfallbart-hoj-och-sankbart-aluminiumstomme-plastbordsskiva-tralook-svart.webp?fit=800%2C800&ssl=1\" \/>\n\t<meta property=\"og:image:width\" content=\"800\" \/>\n\t<meta property=\"og:image:height\" content=\"800\" \/>\n\t<meta property=\"og:image:type\" content=\"image\/webp\" \/>\n<meta name=\"twitter:card\" content=\"summary_large_image\" \/>\n<meta name=\"twitter:label1\" content=\"Ber\u00e4knad l\u00e4stid\" \/>\n\t<meta name=\"twitter:data1\" content=\"1 minut\" \/>\n<!-- \/ Yoast SEO plugin. -->","yoast_head_json":{"title":"TRUUSK Balkongh\u00e4ngande Bord - Hopf\u00e4llbart - H\u00f6j- Och S\u00e4nkbart - Aluminiumstomme - Plastbordsskiva - Tr\u00e4look - Svart - TRUUSK - Hem, Tr\u00e4dg\u00e5rd &amp; Fritid","robots":{"index":"index","follow":"follow","max-snippet":"max-snippet:-1","max-image-preview":"max-image-preview:large","max-video-preview":"max-video-preview:-1"},"canonical":"https:\/\/truusk.store\/sv\/produkt\/truusk-balkonghangande-bord-hopfallbart-hoj-och-sankbart-aluminiumstomme-plastbordsskiva-tralook-svart\/","og_locale":"sv_SE","og_type":"article","og_title":"TRUUSK Balkongh\u00e4ngande Bord - Hopf\u00e4llbart - H\u00f6j- Och S\u00e4nkbart - Aluminiumstomme - Plastbordsskiva - Tr\u00e4look - Svart - TRUUSK - Hem, Tr\u00e4dg\u00e5rd &amp; Fritid","og_description":"Upplev den perfekta stunden p\u00e5 balkongen med balkongbordet! Detta bord \u00e4r den idealiska l\u00f6sningen f\u00f6r alla som har en kompakt...","og_url":"https:\/\/truusk.store\/sv\/produkt\/truusk-balkonghangande-bord-hopfallbart-hoj-och-sankbart-aluminiumstomme-plastbordsskiva-tralook-svart\/","og_site_name":"TRUUSK - Hem, Tr\u00e4dg\u00e5rd &amp; Fritid","article_modified_time":"2026-03-12T08:33:23+00:00","og_image":[{"width":800,"height":800,"url":"https:\/\/i0.wp.com\/truusk.se\/wp-content\/uploads\/2024\/02\/balkonghangande-bord-hopfallbart-hoj-och-sankbart-aluminiumstomme-plastbordsskiva-tralook-svart.webp?fit=800%2C800&ssl=1","type":"image\/webp"}],"twitter_card":"summary_large_image","twitter_misc":{"Ber\u00e4knad l\u00e4stid":"1 minut"},"schema":{"@context":"https:\/\/schema.org","@graph":[{"@type":"WebPage","@id":"https:\/\/truusk.store\/sv\/produkt\/truusk-balkonghangande-bord-hopfallbart-hoj-och-sankbart-aluminiumstomme-plastbordsskiva-tralook-svart\/","url":"https:\/\/truusk.store\/sv\/produkt\/truusk-balkonghangande-bord-hopfallbart-hoj-och-sankbart-aluminiumstomme-plastbordsskiva-tralook-svart\/","name":"TRUUSK Balkongh\u00e4ngande Bord - Hopf\u00e4llbart - H\u00f6j- Och S\u00e4nkbart - Aluminiumstomme - Plastbordsskiva - Tr\u00e4look - Svart - TRUUSK - Hem, Tr\u00e4dg\u00e5rd &amp; Fritid","isPartOf":{"@id":"https:\/\/truusk.store\/sv\/#website"},"primaryImageOfPage":{"@id":"https:\/\/truusk.store\/sv\/produkt\/truusk-balkonghangande-bord-hopfallbart-hoj-och-sankbart-aluminiumstomme-plastbordsskiva-tralook-svart\/#primaryimage"},"image":{"@id":"https:\/\/truusk.store\/sv\/produkt\/truusk-balkonghangande-bord-hopfallbart-hoj-och-sankbart-aluminiumstomme-plastbordsskiva-tralook-svart\/#primaryimage"},"thumbnailUrl":"https:\/\/i0.wp.com\/truusk.store\/wp-content\/uploads\/2024\/02\/balkonghangande-bord-hopfallbart-hoj-och-sankbart-aluminiumstomme-plastbordsskiva-tralook-svart.webp?fit=800%2C800&ssl=1","datePublished":"2024-02-14T06:14:04+00:00","dateModified":"2026-03-12T08:33:23+00:00","breadcrumb":{"@id":"https:\/\/truusk.store\/sv\/produkt\/truusk-balkonghangande-bord-hopfallbart-hoj-och-sankbart-aluminiumstomme-plastbordsskiva-tralook-svart\/#breadcrumb"},"inLanguage":"sv-SE","potentialAction":[{"@type":"ReadAction","target":["https:\/\/truusk.store\/sv\/produkt\/truusk-balkonghangande-bord-hopfallbart-hoj-och-sankbart-aluminiumstomme-plastbordsskiva-tralook-svart\/"]}]},{"@type":"ImageObject","inLanguage":"sv-SE","@id":"https:\/\/truusk.store\/sv\/produkt\/truusk-balkonghangande-bord-hopfallbart-hoj-och-sankbart-aluminiumstomme-plastbordsskiva-tralook-svart\/#primaryimage","url":"https:\/\/i0.wp.com\/truusk.store\/wp-content\/uploads\/2024\/02\/balkonghangande-bord-hopfallbart-hoj-och-sankbart-aluminiumstomme-plastbordsskiva-tralook-svart.webp?fit=800%2C800&ssl=1","contentUrl":"https:\/\/i0.wp.com\/truusk.store\/wp-content\/uploads\/2024\/02\/balkonghangande-bord-hopfallbart-hoj-och-sankbart-aluminiumstomme-plastbordsskiva-tralook-svart.webp?fit=800%2C800&ssl=1","width":800,"height":800,"caption":"Balkongh\u00e4ngande Bord, Hopf\u00e4llbart, H\u00f6j- Och S\u00e4nkbart, Aluminiumstomme, Plastbordsskiva, Tr\u00e4look, Svart 1"},{"@type":"BreadcrumbList","@id":"https:\/\/truusk.store\/sv\/produkt\/truusk-balkonghangande-bord-hopfallbart-hoj-och-sankbart-aluminiumstomme-plastbordsskiva-tralook-svart\/#breadcrumb","itemListElement":[{"@type":"ListItem","position":1,"name":"Home","item":"https:\/\/truusk.store\/sv\/"},{"@type":"ListItem","position":2,"name":"Shop","item":"https:\/\/truusk.store\/shop\/"},{"@type":"ListItem","position":3,"name":"TRUUSK Balkongh\u00e4ngande Bord &#8211; Hopf\u00e4llbart &#8211; H\u00f6j- Och S\u00e4nkbart &#8211; Aluminiumstomme &#8211; Plastbordsskiva &#8211; Tr\u00e4look &#8211; Svart"}]},{"@type":"WebSite","@id":"https:\/\/truusk.store\/sv\/#website","url":"https:\/\/truusk.store\/sv\/","name":"TRUUSK - Hem, Tr\u00e4dg\u00e5rd & Fritid","description":"","publisher":{"@id":"https:\/\/truusk.store\/sv\/#organization"},"potentialAction":[{"@type":"SearchAction","target":{"@type":"EntryPoint","urlTemplate":"https:\/\/truusk.store\/sv\/?s={search_term_string}"},"query-input":{"@type":"PropertyValueSpecification","valueRequired":true,"valueName":"search_term_string"}}],"inLanguage":"sv-SE"},{"@type":"Organization","@id":"https:\/\/truusk.store\/sv\/#organization","name":"TRUUSK - Hem, Tr\u00e4dg\u00e5rd & Fritid","url":"https:\/\/truusk.store\/sv\/","logo":{"@type":"ImageObject","inLanguage":"sv-SE","@id":"https:\/\/truusk.store\/sv\/#\/schema\/logo\/image\/","url":"https:\/\/i0.wp.com\/truusk.store\/wp-content\/uploads\/2026\/03\/cropped-TRUUSK.png?fit=2032%2C917&ssl=1","contentUrl":"https:\/\/i0.wp.com\/truusk.store\/wp-content\/uploads\/2026\/03\/cropped-TRUUSK.png?fit=2032%2C917&ssl=1","width":2032,"height":917,"caption":"TRUUSK - Hem, Tr\u00e4dg\u00e5rd & Fritid"},"image":{"@id":"https:\/\/truusk.store\/sv\/#\/schema\/logo\/image\/"}}]}},"jetpack_sharing_enabled":true,"_links":{"self":[{"href":"https:\/\/truusk.store\/sv\/wp-json\/wp\/v2\/product\/47436","targetHints":{"allow":["GET"]}}],"collection":[{"href":"https:\/\/truusk.store\/sv\/wp-json\/wp\/v2\/product"}],"about":[{"href":"https:\/\/truusk.store\/sv\/wp-json\/wp\/v2\/types\/product"}],"wp:featuredmedia":[{"embeddable":true,"href":"https:\/\/truusk.store\/sv\/wp-json\/wp\/v2\/media\/47437"}],"wp:attachment":[{"href":"https:\/\/truusk.store\/sv\/wp-json\/wp\/v2\/media?parent=47436"}],"wp:term":[{"taxonomy":"product_brand","embeddable":true,"href":"https:\/\/truusk.store\/sv\/wp-json\/wp\/v2\/product_brand?post=47436"},{"taxonomy":"product_cat","embeddable":true,"href":"https:\/\/truusk.store\/sv\/wp-json\/wp\/v2\/product_cat?post=47436"},{"taxonomy":"product_tag","embeddable":true,"href":"https:\/\/truusk.store\/sv\/wp-json\/wp\/v2\/product_tag?post=47436"}],"curies":[{"name":"wp","href":"https:\/\/api.w.org\/{rel}","templated":true}]}}