{"id":47443,"date":"2024-02-14T07:14:21","date_gmt":"2024-02-14T06:14:21","guid":{"rendered":"https:\/\/truusk.store\/product\/soffbord-sidobord-boho-design-glasskiva-pe-rotting-45-cm-x-45-cm-x-52-cm-natur\/"},"modified":"2026-03-12T09:33:23","modified_gmt":"2026-03-12T08:33:23","slug":"truusk-sidobord-boho-design-glasplatta-pe-rotting-45-cm-x-45-cm-x-52-cm-naturkladd","status":"publish","type":"product","link":"https:\/\/truusk.store\/sv\/produkt\/truusk-sidobord-boho-design-glasplatta-pe-rotting-45-cm-x-45-cm-x-52-cm-naturkladd\/","title":{"rendered":"TRUUSK Sidobord Boho Design &#8211; Glasplatta &#8211; PE-rotting &#8211; 45 cm x 45 cm x 52 cm &#8211; Naturkl\u00e4dd"},"content":{"rendered":"<p>erbjuder ett tr\u00e4dg\u00e5rdsbord i boho-stil. Den \u00e4r gjord av h\u00e4rdat glas och erbjuder en elegant yta som g\u00f6r att du inte beh\u00f6ver f\u00e4lla t\u00e5rar om n\u00e5got skulle spilla. S\u00e5 s\u00e4tt dig ner och njut av en drink med en v\u00e4n. En mer komplett uteplats ger dig fler m\u00f6jligheter till underh\u00e5llning. V\u00e5rt uteplatsbord passar perfekt till v\u00e5ra andra PE-rottingm\u00f6bler.<\/p>\n<h3>Beskrivning:<\/h3>\n<ul>\n<li>Utomhus sidobord i trumstil f\u00f6r en mer komplett uteplats sittgrupp<\/li>\n<li>Tillverkad av handv\u00e4vd PE-rotting med en f\u00f6rst\u00e4rkt st\u00e5lram<\/li>\n<li>Boho design gjord av rotting som ger b\u00e4ttre motst\u00e5ndskraft mot UV och vatten<\/li>\n<li>Elegant tr\u00e4dg\u00e5rdsbord som \u00e4r l\u00e4tt att reng\u00f6ra i h\u00e4rdat glas<\/li>\n<li>L\u00e4ttvikt, vilket g\u00f6r det enkelt att f\u00f6rvandla uteplatsen<\/li>\n<li>Ingen montering kr\u00e4vs<\/li>\n<\/ul>\n<h3>Teknisk data:<\/h3>\n<ul>\n<li>F\u00e4rg: ljusbrun<\/li>\n<li>Material: st\u00e5l, PE-rotting, glas<\/li>\n<li>\u00d6vergripande m\u00e5tt: 45 x 52H cm<\/li>\n<li>Viktkapacitet: 30 kg<\/li>\n<li>H\u00e4rdat glas: 5 mm<\/li>\n<\/ul>\n<h3>Leveransens omfattning:<\/h3>\n<ul>\n<li>1 x Rotting Soffbord<\/li>\n<li>1 x manuell<\/li>\n<\/ul>\n","protected":false},"excerpt":{"rendered":"<p>erbjuder ett tr\u00e4dg\u00e5rdsbord i boho-stil. Den \u00e4r gjord av h\u00e4rdat glas och erbjuder en elegant yta som g\u00f6r att du&#8230;<\/p>\n","protected":false},"featured_media":47444,"template":"","meta":[],"product_brand":[],"product_cat":[435,457,450],"product_tag":[],"class_list":{"0":"post-47443","1":"product","2":"type-product","3":"status-publish","4":"has-post-thumbnail","6":"product_cat-tradgard-och-terrass","7":"product_cat-tradgardsbord","8":"product_cat-tradgardsmobler","10":"first","11":"instock","12":"sale","13":"taxable","14":"shipping-taxable","15":"purchasable","16":"product-type-simple"},"yoast_head":"<!-- This site is optimized with the Yoast SEO plugin v25.4 - https:\/\/yoast.com\/wordpress\/plugins\/seo\/ -->\n<title>TRUUSK Sidobord Boho Design - Glasplatta - PE-rotting - 45 cm x 45 cm x 52 cm - Naturkl\u00e4dd - TRUUSK - Hem, Tr\u00e4dg\u00e5rd &amp; Fritid<\/title>\n<meta name=\"robots\" content=\"index, follow, max-snippet:-1, max-image-preview:large, max-video-preview:-1\" \/>\n<link rel=\"canonical\" href=\"https:\/\/truusk.store\/sv\/produkt\/truusk-sidobord-boho-design-glasplatta-pe-rotting-45-cm-x-45-cm-x-52-cm-naturkladd\/\" \/>\n<meta property=\"og:locale\" content=\"sv_SE\" \/>\n<meta property=\"og:type\" content=\"article\" \/>\n<meta property=\"og:title\" content=\"TRUUSK Sidobord Boho Design - Glasplatta - PE-rotting - 45 cm x 45 cm x 52 cm - Naturkl\u00e4dd - TRUUSK - Hem, Tr\u00e4dg\u00e5rd &amp; Fritid\" \/>\n<meta property=\"og:description\" content=\"erbjuder ett tr\u00e4dg\u00e5rdsbord i boho-stil. Den \u00e4r gjord av h\u00e4rdat glas och erbjuder en elegant yta som g\u00f6r att du...\" \/>\n<meta property=\"og:url\" content=\"https:\/\/truusk.store\/sv\/produkt\/truusk-sidobord-boho-design-glasplatta-pe-rotting-45-cm-x-45-cm-x-52-cm-naturkladd\/\" \/>\n<meta property=\"og:site_name\" content=\"TRUUSK - Hem, Tr\u00e4dg\u00e5rd &amp; Fritid\" \/>\n<meta property=\"article:modified_time\" content=\"2026-03-12T08:33:23+00:00\" \/>\n<meta property=\"og:image\" content=\"https:\/\/i0.wp.com\/truusk.se\/wp-content\/uploads\/2024\/02\/soffbord-sidobord-boho-design-glasskiva-pe-rotting-45-cm-x-45-cm-x-52-cm-natur.webp?fit=800%2C800&ssl=1\" \/>\n\t<meta property=\"og:image:width\" content=\"800\" \/>\n\t<meta property=\"og:image:height\" content=\"800\" \/>\n\t<meta property=\"og:image:type\" content=\"image\/webp\" \/>\n<meta name=\"twitter:card\" content=\"summary_large_image\" \/>\n<meta name=\"twitter:label1\" content=\"Ber\u00e4knad l\u00e4stid\" \/>\n\t<meta name=\"twitter:data1\" content=\"1 minut\" \/>\n<!-- \/ Yoast SEO plugin. -->","yoast_head_json":{"title":"TRUUSK Sidobord Boho Design - Glasplatta - PE-rotting - 45 cm x 45 cm x 52 cm - Naturkl\u00e4dd - TRUUSK - Hem, Tr\u00e4dg\u00e5rd &amp; Fritid","robots":{"index":"index","follow":"follow","max-snippet":"max-snippet:-1","max-image-preview":"max-image-preview:large","max-video-preview":"max-video-preview:-1"},"canonical":"https:\/\/truusk.store\/sv\/produkt\/truusk-sidobord-boho-design-glasplatta-pe-rotting-45-cm-x-45-cm-x-52-cm-naturkladd\/","og_locale":"sv_SE","og_type":"article","og_title":"TRUUSK Sidobord Boho Design - Glasplatta - PE-rotting - 45 cm x 45 cm x 52 cm - Naturkl\u00e4dd - TRUUSK - Hem, Tr\u00e4dg\u00e5rd &amp; Fritid","og_description":"erbjuder ett tr\u00e4dg\u00e5rdsbord i boho-stil. Den \u00e4r gjord av h\u00e4rdat glas och erbjuder en elegant yta som g\u00f6r att du...","og_url":"https:\/\/truusk.store\/sv\/produkt\/truusk-sidobord-boho-design-glasplatta-pe-rotting-45-cm-x-45-cm-x-52-cm-naturkladd\/","og_site_name":"TRUUSK - Hem, Tr\u00e4dg\u00e5rd &amp; Fritid","article_modified_time":"2026-03-12T08:33:23+00:00","og_image":[{"width":800,"height":800,"url":"https:\/\/i0.wp.com\/truusk.se\/wp-content\/uploads\/2024\/02\/soffbord-sidobord-boho-design-glasskiva-pe-rotting-45-cm-x-45-cm-x-52-cm-natur.webp?fit=800%2C800&ssl=1","type":"image\/webp"}],"twitter_card":"summary_large_image","twitter_misc":{"Ber\u00e4knad l\u00e4stid":"1 minut"},"schema":{"@context":"https:\/\/schema.org","@graph":[{"@type":"WebPage","@id":"https:\/\/truusk.store\/sv\/produkt\/truusk-sidobord-boho-design-glasplatta-pe-rotting-45-cm-x-45-cm-x-52-cm-naturkladd\/","url":"https:\/\/truusk.store\/sv\/produkt\/truusk-sidobord-boho-design-glasplatta-pe-rotting-45-cm-x-45-cm-x-52-cm-naturkladd\/","name":"TRUUSK Sidobord Boho Design - Glasplatta - PE-rotting - 45 cm x 45 cm x 52 cm - Naturkl\u00e4dd - TRUUSK - Hem, Tr\u00e4dg\u00e5rd &amp; Fritid","isPartOf":{"@id":"https:\/\/truusk.store\/sv\/#website"},"primaryImageOfPage":{"@id":"https:\/\/truusk.store\/sv\/produkt\/truusk-sidobord-boho-design-glasplatta-pe-rotting-45-cm-x-45-cm-x-52-cm-naturkladd\/#primaryimage"},"image":{"@id":"https:\/\/truusk.store\/sv\/produkt\/truusk-sidobord-boho-design-glasplatta-pe-rotting-45-cm-x-45-cm-x-52-cm-naturkladd\/#primaryimage"},"thumbnailUrl":"https:\/\/i0.wp.com\/truusk.store\/wp-content\/uploads\/2024\/02\/soffbord-sidobord-boho-design-glasskiva-pe-rotting-45-cm-x-45-cm-x-52-cm-natur.webp?fit=800%2C800&ssl=1","datePublished":"2024-02-14T06:14:21+00:00","dateModified":"2026-03-12T08:33:23+00:00","breadcrumb":{"@id":"https:\/\/truusk.store\/sv\/produkt\/truusk-sidobord-boho-design-glasplatta-pe-rotting-45-cm-x-45-cm-x-52-cm-naturkladd\/#breadcrumb"},"inLanguage":"sv-SE","potentialAction":[{"@type":"ReadAction","target":["https:\/\/truusk.store\/sv\/produkt\/truusk-sidobord-boho-design-glasplatta-pe-rotting-45-cm-x-45-cm-x-52-cm-naturkladd\/"]}]},{"@type":"ImageObject","inLanguage":"sv-SE","@id":"https:\/\/truusk.store\/sv\/produkt\/truusk-sidobord-boho-design-glasplatta-pe-rotting-45-cm-x-45-cm-x-52-cm-naturkladd\/#primaryimage","url":"https:\/\/i0.wp.com\/truusk.store\/wp-content\/uploads\/2024\/02\/soffbord-sidobord-boho-design-glasskiva-pe-rotting-45-cm-x-45-cm-x-52-cm-natur.webp?fit=800%2C800&ssl=1","contentUrl":"https:\/\/i0.wp.com\/truusk.store\/wp-content\/uploads\/2024\/02\/soffbord-sidobord-boho-design-glasskiva-pe-rotting-45-cm-x-45-cm-x-52-cm-natur.webp?fit=800%2C800&ssl=1","width":800,"height":800,"caption":"Soffbord Sidobord Boho Design, Glasskiva, PE Rotting, 45 Cm X 45 Cm X 52 Cm, Natur 1"},{"@type":"BreadcrumbList","@id":"https:\/\/truusk.store\/sv\/produkt\/truusk-sidobord-boho-design-glasplatta-pe-rotting-45-cm-x-45-cm-x-52-cm-naturkladd\/#breadcrumb","itemListElement":[{"@type":"ListItem","position":1,"name":"Home","item":"https:\/\/truusk.store\/sv\/"},{"@type":"ListItem","position":2,"name":"Shop","item":"https:\/\/truusk.store\/shop\/"},{"@type":"ListItem","position":3,"name":"TRUUSK Sidobord Boho Design &#8211; Glasplatta &#8211; PE-rotting &#8211; 45 cm x 45 cm x 52 cm &#8211; Naturkl\u00e4dd"}]},{"@type":"WebSite","@id":"https:\/\/truusk.store\/sv\/#website","url":"https:\/\/truusk.store\/sv\/","name":"TRUUSK - Hem, Tr\u00e4dg\u00e5rd & Fritid","description":"","publisher":{"@id":"https:\/\/truusk.store\/sv\/#organization"},"potentialAction":[{"@type":"SearchAction","target":{"@type":"EntryPoint","urlTemplate":"https:\/\/truusk.store\/sv\/?s={search_term_string}"},"query-input":{"@type":"PropertyValueSpecification","valueRequired":true,"valueName":"search_term_string"}}],"inLanguage":"sv-SE"},{"@type":"Organization","@id":"https:\/\/truusk.store\/sv\/#organization","name":"TRUUSK - Hem, Tr\u00e4dg\u00e5rd & Fritid","url":"https:\/\/truusk.store\/sv\/","logo":{"@type":"ImageObject","inLanguage":"sv-SE","@id":"https:\/\/truusk.store\/sv\/#\/schema\/logo\/image\/","url":"https:\/\/i0.wp.com\/truusk.store\/wp-content\/uploads\/2026\/03\/cropped-TRUUSK.png?fit=2032%2C917&ssl=1","contentUrl":"https:\/\/i0.wp.com\/truusk.store\/wp-content\/uploads\/2026\/03\/cropped-TRUUSK.png?fit=2032%2C917&ssl=1","width":2032,"height":917,"caption":"TRUUSK - Hem, Tr\u00e4dg\u00e5rd & Fritid"},"image":{"@id":"https:\/\/truusk.store\/sv\/#\/schema\/logo\/image\/"}}]}},"jetpack_sharing_enabled":true,"_links":{"self":[{"href":"https:\/\/truusk.store\/sv\/wp-json\/wp\/v2\/product\/47443","targetHints":{"allow":["GET"]}}],"collection":[{"href":"https:\/\/truusk.store\/sv\/wp-json\/wp\/v2\/product"}],"about":[{"href":"https:\/\/truusk.store\/sv\/wp-json\/wp\/v2\/types\/product"}],"wp:featuredmedia":[{"embeddable":true,"href":"https:\/\/truusk.store\/sv\/wp-json\/wp\/v2\/media\/47444"}],"wp:attachment":[{"href":"https:\/\/truusk.store\/sv\/wp-json\/wp\/v2\/media?parent=47443"}],"wp:term":[{"taxonomy":"product_brand","embeddable":true,"href":"https:\/\/truusk.store\/sv\/wp-json\/wp\/v2\/product_brand?post=47443"},{"taxonomy":"product_cat","embeddable":true,"href":"https:\/\/truusk.store\/sv\/wp-json\/wp\/v2\/product_cat?post=47443"},{"taxonomy":"product_tag","embeddable":true,"href":"https:\/\/truusk.store\/sv\/wp-json\/wp\/v2\/product_tag?post=47443"}],"curies":[{"name":"wp","href":"https:\/\/api.w.org\/{rel}","templated":true}]}}