{"id":47461,"date":"2024-02-14T07:15:04","date_gmt":"2024-02-14T06:15:04","guid":{"rendered":"https:\/\/truusk.store\/product\/3-delad-tradgardsmobelset-2-stolar-med-andningsbart-tygoverdrag-1-runt-bord-60-cm-ljusgra\/"},"modified":"2026-03-12T09:33:24","modified_gmt":"2026-03-12T08:33:24","slug":"truusk-3-delat-tradgardsmobelset-2-stolar-med-andningsbart-tygoverdrag-1-runt-bord-60-cm-ljusgra","status":"publish","type":"product","link":"https:\/\/truusk.store\/sv\/produkt\/truusk-3-delat-tradgardsmobelset-2-stolar-med-andningsbart-tygoverdrag-1-runt-bord-60-cm-ljusgra\/","title":{"rendered":"TRUUSK 3-delat Tr\u00e4dg\u00e5rdsm\u00f6belset &#8211; 2 Stolar med Andningsbart Tyg\u00f6verdrag &#8211; 1 Runt Bord 60 cm &#8211; Ljusgr\u00e5"},"content":{"rendered":"<p>Detta sl\u00e5ende tr\u00e4dg\u00e5rdsset i tre delar \u00e4r det perfekta valet f\u00f6r att tillbringa avkopplande timmar p\u00e5 din terrass. Med sin enkla och moderna design \u00e4r denna sittgrupp idealisk f\u00f6r olika tillf\u00e4llen, oavsett om det \u00e4r p\u00e5 bes\u00f6k hos v\u00e4nner eller en m\u00e5ltid i tr\u00e4dg\u00e5rden. Oavsett om du vill ha en mysig afternoon tea f\u00f6r tv\u00e5 eller en avslappnad pratstund med familjen &#8211; detta utem\u00f6bler \u00e4r ett bra komplement till ditt utomhusutrymme.<\/p>\n<h3>Beskrivning:<\/h3>\n<ul>\n<li>Sittdelen best\u00e5r av tv\u00e5 stolar och ett runt soffbord<\/li>\n<li>De andningsbara s\u00e4tena och ryggst\u00f6den i mesh ger optimal komfort<\/li>\n<li>Den pulverlackerade st\u00e5lramen garanterar styrka och h\u00e5llbarhet<\/li>\n<li>Justerbara f\u00f6tter ger stabilitet p\u00e5 oj\u00e4mna golv och f\u00f6rhindrar repor<\/li>\n<li>Ett utm\u00e4rkt val f\u00f6r din uteplats, tr\u00e4dg\u00e5rd, tr\u00e4dg\u00e5rd och mer<\/li>\n<li>Montering kr\u00e4vs<\/li>\n<\/ul>\n<h3>Teknisk data:<\/h3>\n<ul>\n<li>F\u00e4rg: ljusgr\u00e5<\/li>\n<li>Material: st\u00e5l, plast<\/li>\n<li>Bordsm\u00e5tt: 60 x 72H cm<\/li>\n<li>Stolens m\u00e5tt: 63W x 57D x 82H cm<\/li>\n<li>Sittyta: 52W x 47,5D cm<\/li>\n<li>Ryggst\u00f6dsstorlek: 52W x 42H cm<\/li>\n<li>Lastkapacitet: 50 kg (bord), 130 kg (stol)<\/li>\n<\/ul>\n<h3>Leveransens omfattning:<\/h3>\n<ul>\n<li>2 x stol<\/li>\n<li>1 x bord<\/li>\n<li>1 x manuell<\/li>\n<\/ul>\n","protected":false},"excerpt":{"rendered":"<p>Detta sl\u00e5ende tr\u00e4dg\u00e5rdsset i tre delar \u00e4r det perfekta valet f\u00f6r att tillbringa avkopplande timmar p\u00e5 din terrass. Med sin&#8230;<\/p>\n","protected":false},"featured_media":47462,"template":"","meta":[],"product_brand":[],"product_cat":[435,450,456],"product_tag":[],"class_list":{"0":"post-47461","1":"product","2":"type-product","3":"status-publish","4":"has-post-thumbnail","6":"product_cat-tradgard-och-terrass","7":"product_cat-tradgardsmobler","8":"product_cat-tradgardsmobler-set","10":"first","11":"instock","12":"sale","13":"taxable","14":"shipping-taxable","15":"purchasable","16":"product-type-simple"},"yoast_head":"<!-- This site is optimized with the Yoast SEO plugin v25.4 - https:\/\/yoast.com\/wordpress\/plugins\/seo\/ -->\n<title>TRUUSK 3-delat Tr\u00e4dg\u00e5rdsm\u00f6belset - 2 Stolar med Andningsbart Tyg\u00f6verdrag - 1 Runt Bord 60 cm - Ljusgr\u00e5 - TRUUSK - Hem, Tr\u00e4dg\u00e5rd &amp; Fritid<\/title>\n<meta name=\"robots\" content=\"index, follow, max-snippet:-1, max-image-preview:large, max-video-preview:-1\" \/>\n<link rel=\"canonical\" href=\"https:\/\/truusk.store\/sv\/produkt\/truusk-3-delat-tradgardsmobelset-2-stolar-med-andningsbart-tygoverdrag-1-runt-bord-60-cm-ljusgra\/\" \/>\n<meta property=\"og:locale\" content=\"sv_SE\" \/>\n<meta property=\"og:type\" content=\"article\" \/>\n<meta property=\"og:title\" content=\"TRUUSK 3-delat Tr\u00e4dg\u00e5rdsm\u00f6belset - 2 Stolar med Andningsbart Tyg\u00f6verdrag - 1 Runt Bord 60 cm - Ljusgr\u00e5 - TRUUSK - Hem, Tr\u00e4dg\u00e5rd &amp; Fritid\" \/>\n<meta property=\"og:description\" content=\"Detta sl\u00e5ende tr\u00e4dg\u00e5rdsset i tre delar \u00e4r det perfekta valet f\u00f6r att tillbringa avkopplande timmar p\u00e5 din terrass. Med sin...\" \/>\n<meta property=\"og:url\" content=\"https:\/\/truusk.store\/sv\/produkt\/truusk-3-delat-tradgardsmobelset-2-stolar-med-andningsbart-tygoverdrag-1-runt-bord-60-cm-ljusgra\/\" \/>\n<meta property=\"og:site_name\" content=\"TRUUSK - Hem, Tr\u00e4dg\u00e5rd &amp; Fritid\" \/>\n<meta property=\"article:modified_time\" content=\"2026-03-12T08:33:24+00:00\" \/>\n<meta property=\"og:image\" content=\"https:\/\/i0.wp.com\/truusk.se\/wp-content\/uploads\/2024\/02\/3-delad-tradgardsmobelset-2-stolar-med-andningsbart-tygoverdrag-1-runt-bord-60-cm-ljusgra.webp?fit=800%2C800&ssl=1\" \/>\n\t<meta property=\"og:image:width\" content=\"800\" \/>\n\t<meta property=\"og:image:height\" content=\"800\" \/>\n\t<meta property=\"og:image:type\" content=\"image\/webp\" \/>\n<meta name=\"twitter:card\" content=\"summary_large_image\" \/>\n<meta name=\"twitter:label1\" content=\"Ber\u00e4knad l\u00e4stid\" \/>\n\t<meta name=\"twitter:data1\" content=\"1 minut\" \/>\n<!-- \/ Yoast SEO plugin. -->","yoast_head_json":{"title":"TRUUSK 3-delat Tr\u00e4dg\u00e5rdsm\u00f6belset - 2 Stolar med Andningsbart Tyg\u00f6verdrag - 1 Runt Bord 60 cm - Ljusgr\u00e5 - TRUUSK - Hem, Tr\u00e4dg\u00e5rd &amp; Fritid","robots":{"index":"index","follow":"follow","max-snippet":"max-snippet:-1","max-image-preview":"max-image-preview:large","max-video-preview":"max-video-preview:-1"},"canonical":"https:\/\/truusk.store\/sv\/produkt\/truusk-3-delat-tradgardsmobelset-2-stolar-med-andningsbart-tygoverdrag-1-runt-bord-60-cm-ljusgra\/","og_locale":"sv_SE","og_type":"article","og_title":"TRUUSK 3-delat Tr\u00e4dg\u00e5rdsm\u00f6belset - 2 Stolar med Andningsbart Tyg\u00f6verdrag - 1 Runt Bord 60 cm - Ljusgr\u00e5 - TRUUSK - Hem, Tr\u00e4dg\u00e5rd &amp; Fritid","og_description":"Detta sl\u00e5ende tr\u00e4dg\u00e5rdsset i tre delar \u00e4r det perfekta valet f\u00f6r att tillbringa avkopplande timmar p\u00e5 din terrass. Med sin...","og_url":"https:\/\/truusk.store\/sv\/produkt\/truusk-3-delat-tradgardsmobelset-2-stolar-med-andningsbart-tygoverdrag-1-runt-bord-60-cm-ljusgra\/","og_site_name":"TRUUSK - Hem, Tr\u00e4dg\u00e5rd &amp; Fritid","article_modified_time":"2026-03-12T08:33:24+00:00","og_image":[{"width":800,"height":800,"url":"https:\/\/i0.wp.com\/truusk.se\/wp-content\/uploads\/2024\/02\/3-delad-tradgardsmobelset-2-stolar-med-andningsbart-tygoverdrag-1-runt-bord-60-cm-ljusgra.webp?fit=800%2C800&ssl=1","type":"image\/webp"}],"twitter_card":"summary_large_image","twitter_misc":{"Ber\u00e4knad l\u00e4stid":"1 minut"},"schema":{"@context":"https:\/\/schema.org","@graph":[{"@type":"WebPage","@id":"https:\/\/truusk.store\/sv\/produkt\/truusk-3-delat-tradgardsmobelset-2-stolar-med-andningsbart-tygoverdrag-1-runt-bord-60-cm-ljusgra\/","url":"https:\/\/truusk.store\/sv\/produkt\/truusk-3-delat-tradgardsmobelset-2-stolar-med-andningsbart-tygoverdrag-1-runt-bord-60-cm-ljusgra\/","name":"TRUUSK 3-delat Tr\u00e4dg\u00e5rdsm\u00f6belset - 2 Stolar med Andningsbart Tyg\u00f6verdrag - 1 Runt Bord 60 cm - Ljusgr\u00e5 - TRUUSK - Hem, Tr\u00e4dg\u00e5rd &amp; Fritid","isPartOf":{"@id":"https:\/\/truusk.store\/sv\/#website"},"primaryImageOfPage":{"@id":"https:\/\/truusk.store\/sv\/produkt\/truusk-3-delat-tradgardsmobelset-2-stolar-med-andningsbart-tygoverdrag-1-runt-bord-60-cm-ljusgra\/#primaryimage"},"image":{"@id":"https:\/\/truusk.store\/sv\/produkt\/truusk-3-delat-tradgardsmobelset-2-stolar-med-andningsbart-tygoverdrag-1-runt-bord-60-cm-ljusgra\/#primaryimage"},"thumbnailUrl":"https:\/\/i0.wp.com\/truusk.store\/wp-content\/uploads\/2024\/02\/3-delad-tradgardsmobelset-2-stolar-med-andningsbart-tygoverdrag-1-runt-bord-60-cm-ljusgra.webp?fit=800%2C800&ssl=1","datePublished":"2024-02-14T06:15:04+00:00","dateModified":"2026-03-12T08:33:24+00:00","breadcrumb":{"@id":"https:\/\/truusk.store\/sv\/produkt\/truusk-3-delat-tradgardsmobelset-2-stolar-med-andningsbart-tygoverdrag-1-runt-bord-60-cm-ljusgra\/#breadcrumb"},"inLanguage":"sv-SE","potentialAction":[{"@type":"ReadAction","target":["https:\/\/truusk.store\/sv\/produkt\/truusk-3-delat-tradgardsmobelset-2-stolar-med-andningsbart-tygoverdrag-1-runt-bord-60-cm-ljusgra\/"]}]},{"@type":"ImageObject","inLanguage":"sv-SE","@id":"https:\/\/truusk.store\/sv\/produkt\/truusk-3-delat-tradgardsmobelset-2-stolar-med-andningsbart-tygoverdrag-1-runt-bord-60-cm-ljusgra\/#primaryimage","url":"https:\/\/i0.wp.com\/truusk.store\/wp-content\/uploads\/2024\/02\/3-delad-tradgardsmobelset-2-stolar-med-andningsbart-tygoverdrag-1-runt-bord-60-cm-ljusgra.webp?fit=800%2C800&ssl=1","contentUrl":"https:\/\/i0.wp.com\/truusk.store\/wp-content\/uploads\/2024\/02\/3-delad-tradgardsmobelset-2-stolar-med-andningsbart-tygoverdrag-1-runt-bord-60-cm-ljusgra.webp?fit=800%2C800&ssl=1","width":800,"height":800,"caption":"3-delad Tr\u00e4dg\u00e5rdsm\u00f6belset, 2 Stolar Med Andningsbart Tyg\u00f6verdrag, 1 Runt Bord 60 Cm, Ljusgr\u00e5 1"},{"@type":"BreadcrumbList","@id":"https:\/\/truusk.store\/sv\/produkt\/truusk-3-delat-tradgardsmobelset-2-stolar-med-andningsbart-tygoverdrag-1-runt-bord-60-cm-ljusgra\/#breadcrumb","itemListElement":[{"@type":"ListItem","position":1,"name":"Home","item":"https:\/\/truusk.store\/sv\/"},{"@type":"ListItem","position":2,"name":"Shop","item":"https:\/\/truusk.store\/shop\/"},{"@type":"ListItem","position":3,"name":"TRUUSK 3-delat Tr\u00e4dg\u00e5rdsm\u00f6belset &#8211; 2 Stolar med Andningsbart Tyg\u00f6verdrag &#8211; 1 Runt Bord 60 cm &#8211; Ljusgr\u00e5"}]},{"@type":"WebSite","@id":"https:\/\/truusk.store\/sv\/#website","url":"https:\/\/truusk.store\/sv\/","name":"TRUUSK - Hem, Tr\u00e4dg\u00e5rd & Fritid","description":"","publisher":{"@id":"https:\/\/truusk.store\/sv\/#organization"},"potentialAction":[{"@type":"SearchAction","target":{"@type":"EntryPoint","urlTemplate":"https:\/\/truusk.store\/sv\/?s={search_term_string}"},"query-input":{"@type":"PropertyValueSpecification","valueRequired":true,"valueName":"search_term_string"}}],"inLanguage":"sv-SE"},{"@type":"Organization","@id":"https:\/\/truusk.store\/sv\/#organization","name":"TRUUSK - Hem, Tr\u00e4dg\u00e5rd & Fritid","url":"https:\/\/truusk.store\/sv\/","logo":{"@type":"ImageObject","inLanguage":"sv-SE","@id":"https:\/\/truusk.store\/sv\/#\/schema\/logo\/image\/","url":"https:\/\/i0.wp.com\/truusk.store\/wp-content\/uploads\/2026\/03\/cropped-TRUUSK.png?fit=2032%2C917&ssl=1","contentUrl":"https:\/\/i0.wp.com\/truusk.store\/wp-content\/uploads\/2026\/03\/cropped-TRUUSK.png?fit=2032%2C917&ssl=1","width":2032,"height":917,"caption":"TRUUSK - Hem, Tr\u00e4dg\u00e5rd & Fritid"},"image":{"@id":"https:\/\/truusk.store\/sv\/#\/schema\/logo\/image\/"}}]}},"jetpack_sharing_enabled":true,"_links":{"self":[{"href":"https:\/\/truusk.store\/sv\/wp-json\/wp\/v2\/product\/47461","targetHints":{"allow":["GET"]}}],"collection":[{"href":"https:\/\/truusk.store\/sv\/wp-json\/wp\/v2\/product"}],"about":[{"href":"https:\/\/truusk.store\/sv\/wp-json\/wp\/v2\/types\/product"}],"wp:featuredmedia":[{"embeddable":true,"href":"https:\/\/truusk.store\/sv\/wp-json\/wp\/v2\/media\/47462"}],"wp:attachment":[{"href":"https:\/\/truusk.store\/sv\/wp-json\/wp\/v2\/media?parent=47461"}],"wp:term":[{"taxonomy":"product_brand","embeddable":true,"href":"https:\/\/truusk.store\/sv\/wp-json\/wp\/v2\/product_brand?post=47461"},{"taxonomy":"product_cat","embeddable":true,"href":"https:\/\/truusk.store\/sv\/wp-json\/wp\/v2\/product_cat?post=47461"},{"taxonomy":"product_tag","embeddable":true,"href":"https:\/\/truusk.store\/sv\/wp-json\/wp\/v2\/product_tag?post=47461"}],"curies":[{"name":"wp","href":"https:\/\/api.w.org\/{rel}","templated":true}]}}