{"id":47521,"date":"2024-02-14T07:17:41","date_gmt":"2024-02-14T06:17:41","guid":{"rendered":"https:\/\/truusk.store\/product\/set-med-4-tradgardsstolar-utomhusstolar-modern-design-59-cm-x-55-cm-x-84-cm-gra\/"},"modified":"2026-03-12T09:33:25","modified_gmt":"2026-03-12T08:33:25","slug":"truusk-4-pack-tradgardsstolar-modern-design-59-cm-x-55-cm-x-84-cm-gra","status":"publish","type":"product","link":"https:\/\/truusk.store\/sv\/produkt\/truusk-4-pack-tradgardsstolar-modern-design-59-cm-x-55-cm-x-84-cm-gra\/","title":{"rendered":"TRUUSK 4-pack Tr\u00e4dg\u00e5rdsstolar &#8211; Modern Design &#8211; 59 cm x 55 cm x 84 cm &#8211; Gr\u00e5"},"content":{"rendered":"<p>Koppla av och njut av naturen med en v\u00e4n tack vare denna upps\u00e4ttning med fyra stapelbara tr\u00e4dg\u00e5rdsstolar. Ergonomiskt designade, med h\u00f6gt ryggst\u00f6d och armst\u00f6d ger dessa stolar ett optimalt st\u00f6d f\u00f6r din kropp. Dessutom m\u00f6jligg\u00f6r deras stapelbara design enkel f\u00f6rvaring, vilket g\u00f6r dem kompakta och l\u00e4tta att hantera. Unna dig avslappnade och trevliga stunder med v\u00e5ra p\u00e5litliga tr\u00e4dg\u00e5rdsstolar i metall.<\/p>\n<h3>Beskrivning:<\/h3>\n<ul>\n<li>Fyra tr\u00e4dg\u00e5rdsstolar f\u00f6r att komplettera alla tr\u00e4dg\u00e5rdar och utomhusutrymmen<\/li>\n<li>Metallram och plastmaterial f\u00f6r komplett st\u00f6d<\/li>\n<li>Med h\u00f6gt ryggst\u00f6d och armst\u00f6d f\u00f6r kroppsst\u00f6d<\/li>\n<li>Stapelbar design f\u00f6r utrymmesbesparing och enkel f\u00f6rvaring<\/li>\n<li>Halkfria fotkuddar skyddar enkelt golvet<\/li>\n<li>Montering kr\u00e4vs<\/li>\n<\/ul>\n<h3>Teknisk data:<\/h3>\n<ul>\n<li>F\u00e4rg gr\u00e5<\/li>\n<li>Material: st\u00e5l, plast<\/li>\n<li>Totala m\u00e5tt: 59L x 55W x 84H cm<\/li>\n<li>Sitsstorlek: 45L x 40W x 45H cm<\/li>\n<li>Ryggst\u00f6dsstorlek: 41L x 45W cm<\/li>\n<li>Armst\u00f6dsh\u00f6jd: 68 cm (fr\u00e5n golvet)<\/li>\n<li>Viktkapacitet: 120 kg (enkel)<\/li>\n<\/ul>\n<h3>Leveransens omfattning:<\/h3>\n<ul>\n<li>4 x tr\u00e4dg\u00e5rdsmatsalsstolar<\/li>\n<li>1 x manuell<\/li>\n<\/ul>\n","protected":false},"excerpt":{"rendered":"<p>Koppla av och njut av naturen med en v\u00e4n tack vare denna upps\u00e4ttning med fyra stapelbara tr\u00e4dg\u00e5rdsstolar. Ergonomiskt designade, med&#8230;<\/p>\n","protected":false},"featured_media":47522,"template":"","meta":[],"product_brand":[],"product_cat":[435,450,452],"product_tag":[],"class_list":{"0":"post-47521","1":"product","2":"type-product","3":"status-publish","4":"has-post-thumbnail","6":"product_cat-tradgard-och-terrass","7":"product_cat-tradgardsmobler","8":"product_cat-tradgardsstolar","10":"first","11":"instock","12":"sale","13":"taxable","14":"shipping-taxable","15":"purchasable","16":"product-type-simple"},"yoast_head":"<!-- This site is optimized with the Yoast SEO plugin v25.4 - https:\/\/yoast.com\/wordpress\/plugins\/seo\/ -->\n<title>TRUUSK 4-pack Tr\u00e4dg\u00e5rdsstolar - Modern Design - 59 cm x 55 cm x 84 cm - Gr\u00e5 - TRUUSK - Hem, Tr\u00e4dg\u00e5rd &amp; Fritid<\/title>\n<meta name=\"robots\" content=\"index, follow, max-snippet:-1, max-image-preview:large, max-video-preview:-1\" \/>\n<link rel=\"canonical\" href=\"https:\/\/truusk.store\/sv\/produkt\/truusk-4-pack-tradgardsstolar-modern-design-59-cm-x-55-cm-x-84-cm-gra\/\" \/>\n<meta property=\"og:locale\" content=\"sv_SE\" \/>\n<meta property=\"og:type\" content=\"article\" \/>\n<meta property=\"og:title\" content=\"TRUUSK 4-pack Tr\u00e4dg\u00e5rdsstolar - Modern Design - 59 cm x 55 cm x 84 cm - Gr\u00e5 - TRUUSK - Hem, Tr\u00e4dg\u00e5rd &amp; Fritid\" \/>\n<meta property=\"og:description\" content=\"Koppla av och njut av naturen med en v\u00e4n tack vare denna upps\u00e4ttning med fyra stapelbara tr\u00e4dg\u00e5rdsstolar. Ergonomiskt designade, med...\" \/>\n<meta property=\"og:url\" content=\"https:\/\/truusk.store\/sv\/produkt\/truusk-4-pack-tradgardsstolar-modern-design-59-cm-x-55-cm-x-84-cm-gra\/\" \/>\n<meta property=\"og:site_name\" content=\"TRUUSK - Hem, Tr\u00e4dg\u00e5rd &amp; Fritid\" \/>\n<meta property=\"article:modified_time\" content=\"2026-03-12T08:33:25+00:00\" \/>\n<meta property=\"og:image\" content=\"https:\/\/i0.wp.com\/truusk.se\/wp-content\/uploads\/2024\/02\/set-med-4-tradgardsstolar-utomhusstolar-modern-design-59-cm-x-55-cm-x-84-cm-gra.webp?fit=800%2C800&ssl=1\" \/>\n\t<meta property=\"og:image:width\" content=\"800\" \/>\n\t<meta property=\"og:image:height\" content=\"800\" \/>\n\t<meta property=\"og:image:type\" content=\"image\/webp\" \/>\n<meta name=\"twitter:card\" content=\"summary_large_image\" \/>\n<meta name=\"twitter:label1\" content=\"Ber\u00e4knad l\u00e4stid\" \/>\n\t<meta name=\"twitter:data1\" content=\"1 minut\" \/>\n<!-- \/ Yoast SEO plugin. -->","yoast_head_json":{"title":"TRUUSK 4-pack Tr\u00e4dg\u00e5rdsstolar - Modern Design - 59 cm x 55 cm x 84 cm - Gr\u00e5 - TRUUSK - Hem, Tr\u00e4dg\u00e5rd &amp; Fritid","robots":{"index":"index","follow":"follow","max-snippet":"max-snippet:-1","max-image-preview":"max-image-preview:large","max-video-preview":"max-video-preview:-1"},"canonical":"https:\/\/truusk.store\/sv\/produkt\/truusk-4-pack-tradgardsstolar-modern-design-59-cm-x-55-cm-x-84-cm-gra\/","og_locale":"sv_SE","og_type":"article","og_title":"TRUUSK 4-pack Tr\u00e4dg\u00e5rdsstolar - Modern Design - 59 cm x 55 cm x 84 cm - Gr\u00e5 - TRUUSK - Hem, Tr\u00e4dg\u00e5rd &amp; Fritid","og_description":"Koppla av och njut av naturen med en v\u00e4n tack vare denna upps\u00e4ttning med fyra stapelbara tr\u00e4dg\u00e5rdsstolar. Ergonomiskt designade, med...","og_url":"https:\/\/truusk.store\/sv\/produkt\/truusk-4-pack-tradgardsstolar-modern-design-59-cm-x-55-cm-x-84-cm-gra\/","og_site_name":"TRUUSK - Hem, Tr\u00e4dg\u00e5rd &amp; Fritid","article_modified_time":"2026-03-12T08:33:25+00:00","og_image":[{"width":800,"height":800,"url":"https:\/\/i0.wp.com\/truusk.se\/wp-content\/uploads\/2024\/02\/set-med-4-tradgardsstolar-utomhusstolar-modern-design-59-cm-x-55-cm-x-84-cm-gra.webp?fit=800%2C800&ssl=1","type":"image\/webp"}],"twitter_card":"summary_large_image","twitter_misc":{"Ber\u00e4knad l\u00e4stid":"1 minut"},"schema":{"@context":"https:\/\/schema.org","@graph":[{"@type":"WebPage","@id":"https:\/\/truusk.store\/sv\/produkt\/truusk-4-pack-tradgardsstolar-modern-design-59-cm-x-55-cm-x-84-cm-gra\/","url":"https:\/\/truusk.store\/sv\/produkt\/truusk-4-pack-tradgardsstolar-modern-design-59-cm-x-55-cm-x-84-cm-gra\/","name":"TRUUSK 4-pack Tr\u00e4dg\u00e5rdsstolar - Modern Design - 59 cm x 55 cm x 84 cm - Gr\u00e5 - TRUUSK - Hem, Tr\u00e4dg\u00e5rd &amp; Fritid","isPartOf":{"@id":"https:\/\/truusk.store\/sv\/#website"},"primaryImageOfPage":{"@id":"https:\/\/truusk.store\/sv\/produkt\/truusk-4-pack-tradgardsstolar-modern-design-59-cm-x-55-cm-x-84-cm-gra\/#primaryimage"},"image":{"@id":"https:\/\/truusk.store\/sv\/produkt\/truusk-4-pack-tradgardsstolar-modern-design-59-cm-x-55-cm-x-84-cm-gra\/#primaryimage"},"thumbnailUrl":"https:\/\/i0.wp.com\/truusk.store\/wp-content\/uploads\/2024\/02\/set-med-4-tradgardsstolar-utomhusstolar-modern-design-59-cm-x-55-cm-x-84-cm-gra.webp?fit=800%2C800&ssl=1","datePublished":"2024-02-14T06:17:41+00:00","dateModified":"2026-03-12T08:33:25+00:00","breadcrumb":{"@id":"https:\/\/truusk.store\/sv\/produkt\/truusk-4-pack-tradgardsstolar-modern-design-59-cm-x-55-cm-x-84-cm-gra\/#breadcrumb"},"inLanguage":"sv-SE","potentialAction":[{"@type":"ReadAction","target":["https:\/\/truusk.store\/sv\/produkt\/truusk-4-pack-tradgardsstolar-modern-design-59-cm-x-55-cm-x-84-cm-gra\/"]}]},{"@type":"ImageObject","inLanguage":"sv-SE","@id":"https:\/\/truusk.store\/sv\/produkt\/truusk-4-pack-tradgardsstolar-modern-design-59-cm-x-55-cm-x-84-cm-gra\/#primaryimage","url":"https:\/\/i0.wp.com\/truusk.store\/wp-content\/uploads\/2024\/02\/set-med-4-tradgardsstolar-utomhusstolar-modern-design-59-cm-x-55-cm-x-84-cm-gra.webp?fit=800%2C800&ssl=1","contentUrl":"https:\/\/i0.wp.com\/truusk.store\/wp-content\/uploads\/2024\/02\/set-med-4-tradgardsstolar-utomhusstolar-modern-design-59-cm-x-55-cm-x-84-cm-gra.webp?fit=800%2C800&ssl=1","width":800,"height":800,"caption":"Set Med 4 Tr\u00e4dg\u00e5rdsstolar, Utomhusstolar, Modern Design, 59 Cm X 55 Cm X 84 Cm, Gr\u00e5 1"},{"@type":"BreadcrumbList","@id":"https:\/\/truusk.store\/sv\/produkt\/truusk-4-pack-tradgardsstolar-modern-design-59-cm-x-55-cm-x-84-cm-gra\/#breadcrumb","itemListElement":[{"@type":"ListItem","position":1,"name":"Home","item":"https:\/\/truusk.store\/sv\/"},{"@type":"ListItem","position":2,"name":"Shop","item":"https:\/\/truusk.store\/shop\/"},{"@type":"ListItem","position":3,"name":"TRUUSK 4-pack Tr\u00e4dg\u00e5rdsstolar &#8211; Modern Design &#8211; 59 cm x 55 cm x 84 cm &#8211; Gr\u00e5"}]},{"@type":"WebSite","@id":"https:\/\/truusk.store\/sv\/#website","url":"https:\/\/truusk.store\/sv\/","name":"TRUUSK - Hem, Tr\u00e4dg\u00e5rd & Fritid","description":"","publisher":{"@id":"https:\/\/truusk.store\/sv\/#organization"},"potentialAction":[{"@type":"SearchAction","target":{"@type":"EntryPoint","urlTemplate":"https:\/\/truusk.store\/sv\/?s={search_term_string}"},"query-input":{"@type":"PropertyValueSpecification","valueRequired":true,"valueName":"search_term_string"}}],"inLanguage":"sv-SE"},{"@type":"Organization","@id":"https:\/\/truusk.store\/sv\/#organization","name":"TRUUSK - Hem, Tr\u00e4dg\u00e5rd & Fritid","url":"https:\/\/truusk.store\/sv\/","logo":{"@type":"ImageObject","inLanguage":"sv-SE","@id":"https:\/\/truusk.store\/sv\/#\/schema\/logo\/image\/","url":"https:\/\/i0.wp.com\/truusk.store\/wp-content\/uploads\/2026\/03\/cropped-TRUUSK.png?fit=2032%2C917&ssl=1","contentUrl":"https:\/\/i0.wp.com\/truusk.store\/wp-content\/uploads\/2026\/03\/cropped-TRUUSK.png?fit=2032%2C917&ssl=1","width":2032,"height":917,"caption":"TRUUSK - Hem, Tr\u00e4dg\u00e5rd & Fritid"},"image":{"@id":"https:\/\/truusk.store\/sv\/#\/schema\/logo\/image\/"}}]}},"jetpack_sharing_enabled":true,"_links":{"self":[{"href":"https:\/\/truusk.store\/sv\/wp-json\/wp\/v2\/product\/47521","targetHints":{"allow":["GET"]}}],"collection":[{"href":"https:\/\/truusk.store\/sv\/wp-json\/wp\/v2\/product"}],"about":[{"href":"https:\/\/truusk.store\/sv\/wp-json\/wp\/v2\/types\/product"}],"wp:featuredmedia":[{"embeddable":true,"href":"https:\/\/truusk.store\/sv\/wp-json\/wp\/v2\/media\/47522"}],"wp:attachment":[{"href":"https:\/\/truusk.store\/sv\/wp-json\/wp\/v2\/media?parent=47521"}],"wp:term":[{"taxonomy":"product_brand","embeddable":true,"href":"https:\/\/truusk.store\/sv\/wp-json\/wp\/v2\/product_brand?post=47521"},{"taxonomy":"product_cat","embeddable":true,"href":"https:\/\/truusk.store\/sv\/wp-json\/wp\/v2\/product_cat?post=47521"},{"taxonomy":"product_tag","embeddable":true,"href":"https:\/\/truusk.store\/sv\/wp-json\/wp\/v2\/product_tag?post=47521"}],"curies":[{"name":"wp","href":"https:\/\/api.w.org\/{rel}","templated":true}]}}