{"id":47539,"date":"2024-02-14T07:18:40","date_gmt":"2024-02-14T06:18:40","guid":{"rendered":"https:\/\/truusk.store\/product\/tradgardsbord-utomhus-soffbord-utomhus-sidobord-pe-rotting-vaderbestandig-60-cm-x-41-cm-x-41-cm-brun\/"},"modified":"2026-03-12T09:33:26","modified_gmt":"2026-03-12T08:33:26","slug":"truusk-tradgardsbord-utomhus-pe-rotting-vaderbestandig-60-x-41-x-41-cm-brun","status":"publish","type":"product","link":"https:\/\/truusk.store\/sv\/produkt\/truusk-tradgardsbord-utomhus-pe-rotting-vaderbestandig-60-x-41-x-41-cm-brun\/","title":{"rendered":"TRUUSK Tr\u00e4dg\u00e5rdsbord Utomhus &#8211; PE Rotting &#8211; V\u00e4derbest\u00e4ndig &#8211; 60 x 41 x 41 cm &#8211; Brun"},"content":{"rendered":"<p>Njut av ditt n\u00e4sta poolparty eller utomhusgrill med detta hopf\u00e4llbara rottingbord! Denna tr\u00e4dg\u00e5rdsm\u00f6bel \u00e4r perfekt f\u00f6r tr\u00e4dg\u00e5rden, oavsett om du har n\u00e5gra eller m\u00e5nga g\u00e4ster. Inslaget uppifr\u00e5n och ned med t\u00e4tt v\u00e4vd rotting, detta bord \u00e4r v\u00e4derbest\u00e4ndigt och kan anv\u00e4ndas hela s\u00e4songen.<\/p>\n<h3>Beskrivning:<\/h3>\n<ul>\n<li>V\u00e4derbest\u00e4ndig yta i rotting i PE med plastpanel under<\/li>\n<li>Stabil och vikbar st\u00e5lram som \u00e4r resistent mot rost, repor och flagning<\/li>\n<li>L\u00e4tt att reng\u00f6ra och underh\u00e5lla<\/li>\n<li>L\u00e4tt att st\u00e4lla in och lagra f\u00f6r att spara utrymme<\/li>\n<li>Ingen montering kr\u00e4vs<\/li>\n<\/ul>\n<h3>Teknisk data:<\/h3>\n<ul>\n<li>F\u00e4rg brun<\/li>\n<li>Material: Galvaniserat st\u00e5l, PE-rotting<\/li>\n<li>\u00d6vergripande m\u00e5tt: 60L x 41W x 41H cm<\/li>\n<li>M\u00e5tt vikta: 60L x 41W x 7,5H cm<\/li>\n<li>Viktkapacitet: 30 kg<\/li>\n<\/ul>\n<h3>Leveransens omfattning:<\/h3>\n<ul>\n<li>1 x Rotting sidobord<\/li>\n<li>1 x manuell<\/li>\n<\/ul>\n","protected":false},"excerpt":{"rendered":"<p>Njut av ditt n\u00e4sta poolparty eller utomhusgrill med detta hopf\u00e4llbara rottingbord! Denna tr\u00e4dg\u00e5rdsm\u00f6bel \u00e4r perfekt f\u00f6r tr\u00e4dg\u00e5rden, oavsett om du&#8230;<\/p>\n","protected":false},"featured_media":47540,"template":"","meta":[],"product_brand":[],"product_cat":[435,457,450],"product_tag":[],"class_list":{"0":"post-47539","1":"product","2":"type-product","3":"status-publish","4":"has-post-thumbnail","6":"product_cat-tradgard-och-terrass","7":"product_cat-tradgardsbord","8":"product_cat-tradgardsmobler","10":"first","11":"instock","12":"sale","13":"taxable","14":"shipping-taxable","15":"purchasable","16":"product-type-simple"},"yoast_head":"<!-- This site is optimized with the Yoast SEO plugin v25.4 - https:\/\/yoast.com\/wordpress\/plugins\/seo\/ -->\n<title>TRUUSK Tr\u00e4dg\u00e5rdsbord Utomhus - PE Rotting - V\u00e4derbest\u00e4ndig - 60 x 41 x 41 cm - Brun - TRUUSK - Hem, Tr\u00e4dg\u00e5rd &amp; Fritid<\/title>\n<meta name=\"robots\" content=\"index, follow, max-snippet:-1, max-image-preview:large, max-video-preview:-1\" \/>\n<link rel=\"canonical\" href=\"https:\/\/truusk.store\/sv\/produkt\/truusk-tradgardsbord-utomhus-pe-rotting-vaderbestandig-60-x-41-x-41-cm-brun\/\" \/>\n<meta property=\"og:locale\" content=\"sv_SE\" \/>\n<meta property=\"og:type\" content=\"article\" \/>\n<meta property=\"og:title\" content=\"TRUUSK Tr\u00e4dg\u00e5rdsbord Utomhus - PE Rotting - V\u00e4derbest\u00e4ndig - 60 x 41 x 41 cm - Brun - TRUUSK - Hem, Tr\u00e4dg\u00e5rd &amp; Fritid\" \/>\n<meta property=\"og:description\" content=\"Njut av ditt n\u00e4sta poolparty eller utomhusgrill med detta hopf\u00e4llbara rottingbord! Denna tr\u00e4dg\u00e5rdsm\u00f6bel \u00e4r perfekt f\u00f6r tr\u00e4dg\u00e5rden, oavsett om du...\" \/>\n<meta property=\"og:url\" content=\"https:\/\/truusk.store\/sv\/produkt\/truusk-tradgardsbord-utomhus-pe-rotting-vaderbestandig-60-x-41-x-41-cm-brun\/\" \/>\n<meta property=\"og:site_name\" content=\"TRUUSK - Hem, Tr\u00e4dg\u00e5rd &amp; Fritid\" \/>\n<meta property=\"article:modified_time\" content=\"2026-03-12T08:33:26+00:00\" \/>\n<meta property=\"og:image\" content=\"https:\/\/i0.wp.com\/truusk.se\/wp-content\/uploads\/2024\/02\/tradgardsbord-utomhus-soffbord-utomhus-sidobord-pe-rotting-vaderbestandig-60-cm-x-41-cm-x-41-cm-brun.webp?fit=800%2C800&ssl=1\" \/>\n\t<meta property=\"og:image:width\" content=\"800\" \/>\n\t<meta property=\"og:image:height\" content=\"800\" \/>\n\t<meta property=\"og:image:type\" content=\"image\/webp\" \/>\n<meta name=\"twitter:card\" content=\"summary_large_image\" \/>\n<meta name=\"twitter:label1\" content=\"Ber\u00e4knad l\u00e4stid\" \/>\n\t<meta name=\"twitter:data1\" content=\"1 minut\" \/>\n<!-- \/ Yoast SEO plugin. -->","yoast_head_json":{"title":"TRUUSK Tr\u00e4dg\u00e5rdsbord Utomhus - PE Rotting - V\u00e4derbest\u00e4ndig - 60 x 41 x 41 cm - Brun - TRUUSK - Hem, Tr\u00e4dg\u00e5rd &amp; Fritid","robots":{"index":"index","follow":"follow","max-snippet":"max-snippet:-1","max-image-preview":"max-image-preview:large","max-video-preview":"max-video-preview:-1"},"canonical":"https:\/\/truusk.store\/sv\/produkt\/truusk-tradgardsbord-utomhus-pe-rotting-vaderbestandig-60-x-41-x-41-cm-brun\/","og_locale":"sv_SE","og_type":"article","og_title":"TRUUSK Tr\u00e4dg\u00e5rdsbord Utomhus - PE Rotting - V\u00e4derbest\u00e4ndig - 60 x 41 x 41 cm - Brun - TRUUSK - Hem, Tr\u00e4dg\u00e5rd &amp; Fritid","og_description":"Njut av ditt n\u00e4sta poolparty eller utomhusgrill med detta hopf\u00e4llbara rottingbord! Denna tr\u00e4dg\u00e5rdsm\u00f6bel \u00e4r perfekt f\u00f6r tr\u00e4dg\u00e5rden, oavsett om du...","og_url":"https:\/\/truusk.store\/sv\/produkt\/truusk-tradgardsbord-utomhus-pe-rotting-vaderbestandig-60-x-41-x-41-cm-brun\/","og_site_name":"TRUUSK - Hem, Tr\u00e4dg\u00e5rd &amp; Fritid","article_modified_time":"2026-03-12T08:33:26+00:00","og_image":[{"width":800,"height":800,"url":"https:\/\/i0.wp.com\/truusk.se\/wp-content\/uploads\/2024\/02\/tradgardsbord-utomhus-soffbord-utomhus-sidobord-pe-rotting-vaderbestandig-60-cm-x-41-cm-x-41-cm-brun.webp?fit=800%2C800&ssl=1","type":"image\/webp"}],"twitter_card":"summary_large_image","twitter_misc":{"Ber\u00e4knad l\u00e4stid":"1 minut"},"schema":{"@context":"https:\/\/schema.org","@graph":[{"@type":"WebPage","@id":"https:\/\/truusk.store\/sv\/produkt\/truusk-tradgardsbord-utomhus-pe-rotting-vaderbestandig-60-x-41-x-41-cm-brun\/","url":"https:\/\/truusk.store\/sv\/produkt\/truusk-tradgardsbord-utomhus-pe-rotting-vaderbestandig-60-x-41-x-41-cm-brun\/","name":"TRUUSK Tr\u00e4dg\u00e5rdsbord Utomhus - PE Rotting - V\u00e4derbest\u00e4ndig - 60 x 41 x 41 cm - Brun - TRUUSK - Hem, Tr\u00e4dg\u00e5rd &amp; Fritid","isPartOf":{"@id":"https:\/\/truusk.store\/sv\/#website"},"primaryImageOfPage":{"@id":"https:\/\/truusk.store\/sv\/produkt\/truusk-tradgardsbord-utomhus-pe-rotting-vaderbestandig-60-x-41-x-41-cm-brun\/#primaryimage"},"image":{"@id":"https:\/\/truusk.store\/sv\/produkt\/truusk-tradgardsbord-utomhus-pe-rotting-vaderbestandig-60-x-41-x-41-cm-brun\/#primaryimage"},"thumbnailUrl":"https:\/\/i0.wp.com\/truusk.store\/wp-content\/uploads\/2024\/02\/tradgardsbord-utomhus-soffbord-utomhus-sidobord-pe-rotting-vaderbestandig-60-cm-x-41-cm-x-41-cm-brun.webp?fit=800%2C800&ssl=1","datePublished":"2024-02-14T06:18:40+00:00","dateModified":"2026-03-12T08:33:26+00:00","breadcrumb":{"@id":"https:\/\/truusk.store\/sv\/produkt\/truusk-tradgardsbord-utomhus-pe-rotting-vaderbestandig-60-x-41-x-41-cm-brun\/#breadcrumb"},"inLanguage":"sv-SE","potentialAction":[{"@type":"ReadAction","target":["https:\/\/truusk.store\/sv\/produkt\/truusk-tradgardsbord-utomhus-pe-rotting-vaderbestandig-60-x-41-x-41-cm-brun\/"]}]},{"@type":"ImageObject","inLanguage":"sv-SE","@id":"https:\/\/truusk.store\/sv\/produkt\/truusk-tradgardsbord-utomhus-pe-rotting-vaderbestandig-60-x-41-x-41-cm-brun\/#primaryimage","url":"https:\/\/i0.wp.com\/truusk.store\/wp-content\/uploads\/2024\/02\/tradgardsbord-utomhus-soffbord-utomhus-sidobord-pe-rotting-vaderbestandig-60-cm-x-41-cm-x-41-cm-brun.webp?fit=800%2C800&ssl=1","contentUrl":"https:\/\/i0.wp.com\/truusk.store\/wp-content\/uploads\/2024\/02\/tradgardsbord-utomhus-soffbord-utomhus-sidobord-pe-rotting-vaderbestandig-60-cm-x-41-cm-x-41-cm-brun.webp?fit=800%2C800&ssl=1","width":800,"height":800,"caption":"Tr\u00e4dg\u00e5rdsbord Utomhus Soffbord Utomhus Sidobord, PE Rotting, V\u00e4derbest\u00e4ndig, 60 Cm X 41 Cm X 41 Cm, Brun 1"},{"@type":"BreadcrumbList","@id":"https:\/\/truusk.store\/sv\/produkt\/truusk-tradgardsbord-utomhus-pe-rotting-vaderbestandig-60-x-41-x-41-cm-brun\/#breadcrumb","itemListElement":[{"@type":"ListItem","position":1,"name":"Home","item":"https:\/\/truusk.store\/sv\/"},{"@type":"ListItem","position":2,"name":"Shop","item":"https:\/\/truusk.store\/shop\/"},{"@type":"ListItem","position":3,"name":"TRUUSK Tr\u00e4dg\u00e5rdsbord Utomhus &#8211; PE Rotting &#8211; V\u00e4derbest\u00e4ndig &#8211; 60 x 41 x 41 cm &#8211; Brun"}]},{"@type":"WebSite","@id":"https:\/\/truusk.store\/sv\/#website","url":"https:\/\/truusk.store\/sv\/","name":"TRUUSK - Hem, Tr\u00e4dg\u00e5rd & Fritid","description":"","publisher":{"@id":"https:\/\/truusk.store\/sv\/#organization"},"potentialAction":[{"@type":"SearchAction","target":{"@type":"EntryPoint","urlTemplate":"https:\/\/truusk.store\/sv\/?s={search_term_string}"},"query-input":{"@type":"PropertyValueSpecification","valueRequired":true,"valueName":"search_term_string"}}],"inLanguage":"sv-SE"},{"@type":"Organization","@id":"https:\/\/truusk.store\/sv\/#organization","name":"TRUUSK - Hem, Tr\u00e4dg\u00e5rd & Fritid","url":"https:\/\/truusk.store\/sv\/","logo":{"@type":"ImageObject","inLanguage":"sv-SE","@id":"https:\/\/truusk.store\/sv\/#\/schema\/logo\/image\/","url":"https:\/\/i0.wp.com\/truusk.store\/wp-content\/uploads\/2026\/03\/cropped-TRUUSK.png?fit=2032%2C917&ssl=1","contentUrl":"https:\/\/i0.wp.com\/truusk.store\/wp-content\/uploads\/2026\/03\/cropped-TRUUSK.png?fit=2032%2C917&ssl=1","width":2032,"height":917,"caption":"TRUUSK - Hem, Tr\u00e4dg\u00e5rd & Fritid"},"image":{"@id":"https:\/\/truusk.store\/sv\/#\/schema\/logo\/image\/"}}]}},"jetpack_sharing_enabled":true,"_links":{"self":[{"href":"https:\/\/truusk.store\/sv\/wp-json\/wp\/v2\/product\/47539","targetHints":{"allow":["GET"]}}],"collection":[{"href":"https:\/\/truusk.store\/sv\/wp-json\/wp\/v2\/product"}],"about":[{"href":"https:\/\/truusk.store\/sv\/wp-json\/wp\/v2\/types\/product"}],"wp:featuredmedia":[{"embeddable":true,"href":"https:\/\/truusk.store\/sv\/wp-json\/wp\/v2\/media\/47540"}],"wp:attachment":[{"href":"https:\/\/truusk.store\/sv\/wp-json\/wp\/v2\/media?parent=47539"}],"wp:term":[{"taxonomy":"product_brand","embeddable":true,"href":"https:\/\/truusk.store\/sv\/wp-json\/wp\/v2\/product_brand?post=47539"},{"taxonomy":"product_cat","embeddable":true,"href":"https:\/\/truusk.store\/sv\/wp-json\/wp\/v2\/product_cat?post=47539"},{"taxonomy":"product_tag","embeddable":true,"href":"https:\/\/truusk.store\/sv\/wp-json\/wp\/v2\/product_tag?post=47539"}],"curies":[{"name":"wp","href":"https:\/\/api.w.org\/{rel}","templated":true}]}}