{"id":47622,"date":"2024-02-14T07:23:22","date_gmt":"2024-02-14T06:23:22","guid":{"rendered":"https:\/\/truusk.store\/product\/utebord-for-6-personer-tralook-metallstomme-vaderbestandig-145-x-85-x-72-cm-gra\/"},"modified":"2026-03-12T09:34:06","modified_gmt":"2026-03-12T08:34:06","slug":"truusk-utebord-for-6-personer-tralook-metallstomme-vaderbestandig-145-x-85-x-72-cm-gra","status":"publish","type":"product","link":"https:\/\/truusk.store\/sv\/produkt\/truusk-utebord-for-6-personer-tralook-metallstomme-vaderbestandig-145-x-85-x-72-cm-gra\/","title":{"rendered":"TRUUSK Utebord f\u00f6r 6 personer &#8211; Tr\u00e4look &#8211; Metallstomme &#8211; V\u00e4derbest\u00e4ndig &#8211; 145 x 85 x 72 cm &#8211; Gr\u00e5"},"content":{"rendered":"<p>F\u00e5 den perfekta atmosf\u00e4ren f\u00f6r grillning, l\u00e4gereld eller avslappnad l\u00e4sning i tr\u00e4dg\u00e5rden med uteplatsbordet. Den robusta st\u00e5lkonstruktionen och den l\u00e4ttsk\u00f6tta bordsskivan i plast g\u00f6r den till den perfekta f\u00f6ljeslagaren. Det rymliga balkongbordet har plats f\u00f6r sex personer och \u00e4r perfekt f\u00f6r tr\u00e4dg\u00e5rden, balkongen, innerg\u00e5rden eller terrassen. Ge stil och komfort till din utomhusupplevelse.<\/p>\n<h3>Beskrivning:<\/h3>\n<ul>\n<li>Balkongbordets pulverlackerade st\u00e5lram s\u00e4kerst\u00e4ller p\u00e5litlig stabilitet<\/li>\n<li>Den vattent\u00e4ta plastskivan kr\u00e4ver minimalt med reng\u00f6ringsarbete<\/li>\n<li>Den rymliga bordsskivan har plats f\u00f6r sex personer<\/li>\n<li>Tr\u00e4looken ger tr\u00e4dg\u00e5rdsbordet en naturlig charm<\/li>\n<li>Snabb och enkel att st\u00e4lla in f\u00f6r omedelbar njutning utomhus<\/li>\n<\/ul>\n<h3>Teknisk data:<\/h3>\n<ul>\n<li>F\u00e4rg gr\u00e5<\/li>\n<li>Material: PSPC-plast, st\u00e5l<\/li>\n<li>M\u00e5tt: 145L x 85W x 72H cm<\/li>\n<li>Bordsskivans tjocklek: 5 mm<\/li>\n<li>Lastkapacitet: 50 kg<\/li>\n<\/ul>\n<h3>Leveransens omfattning:<\/h3>\n<ul>\n<li>1 x Uteplatsbord<\/li>\n<li>1 x Instruktioner<\/li>\n<\/ul>\n","protected":false},"excerpt":{"rendered":"<p>F\u00e5 den perfekta atmosf\u00e4ren f\u00f6r grillning, l\u00e4gereld eller avslappnad l\u00e4sning i tr\u00e4dg\u00e5rden med uteplatsbordet. Den robusta st\u00e5lkonstruktionen och den l\u00e4ttsk\u00f6tta&#8230;<\/p>\n","protected":false},"featured_media":47623,"template":"","meta":[],"product_brand":[],"product_cat":[435,457,450],"product_tag":[],"class_list":{"0":"post-47622","1":"product","2":"type-product","3":"status-publish","4":"has-post-thumbnail","6":"product_cat-tradgard-och-terrass","7":"product_cat-tradgardsbord","8":"product_cat-tradgardsmobler","10":"first","11":"instock","12":"sale","13":"taxable","14":"shipping-taxable","15":"purchasable","16":"product-type-simple"},"yoast_head":"<!-- This site is optimized with the Yoast SEO plugin v25.4 - https:\/\/yoast.com\/wordpress\/plugins\/seo\/ -->\n<title>TRUUSK Utebord f\u00f6r 6 personer - Tr\u00e4look - Metallstomme - V\u00e4derbest\u00e4ndig - 145 x 85 x 72 cm - Gr\u00e5 - TRUUSK - Hem, Tr\u00e4dg\u00e5rd &amp; Fritid<\/title>\n<meta name=\"robots\" content=\"index, follow, max-snippet:-1, max-image-preview:large, max-video-preview:-1\" \/>\n<link rel=\"canonical\" href=\"https:\/\/truusk.store\/sv\/produkt\/truusk-utebord-for-6-personer-tralook-metallstomme-vaderbestandig-145-x-85-x-72-cm-gra\/\" \/>\n<meta property=\"og:locale\" content=\"sv_SE\" \/>\n<meta property=\"og:type\" content=\"article\" \/>\n<meta property=\"og:title\" content=\"TRUUSK Utebord f\u00f6r 6 personer - Tr\u00e4look - Metallstomme - V\u00e4derbest\u00e4ndig - 145 x 85 x 72 cm - Gr\u00e5 - TRUUSK - Hem, Tr\u00e4dg\u00e5rd &amp; Fritid\" \/>\n<meta property=\"og:description\" content=\"F\u00e5 den perfekta atmosf\u00e4ren f\u00f6r grillning, l\u00e4gereld eller avslappnad l\u00e4sning i tr\u00e4dg\u00e5rden med uteplatsbordet. Den robusta st\u00e5lkonstruktionen och den l\u00e4ttsk\u00f6tta...\" \/>\n<meta property=\"og:url\" content=\"https:\/\/truusk.store\/sv\/produkt\/truusk-utebord-for-6-personer-tralook-metallstomme-vaderbestandig-145-x-85-x-72-cm-gra\/\" \/>\n<meta property=\"og:site_name\" content=\"TRUUSK - Hem, Tr\u00e4dg\u00e5rd &amp; Fritid\" \/>\n<meta property=\"article:modified_time\" content=\"2026-03-12T08:34:06+00:00\" \/>\n<meta property=\"og:image\" content=\"https:\/\/i0.wp.com\/truusk.se\/wp-content\/uploads\/2024\/02\/utebord-for-6-personer-tralook-metallstomme-vaderbestandig-145-x-85-x-72-cm-gra.webp?fit=800%2C800&ssl=1\" \/>\n\t<meta property=\"og:image:width\" content=\"800\" \/>\n\t<meta property=\"og:image:height\" content=\"800\" \/>\n\t<meta property=\"og:image:type\" content=\"image\/webp\" \/>\n<meta name=\"twitter:card\" content=\"summary_large_image\" \/>\n<meta name=\"twitter:label1\" content=\"Ber\u00e4knad l\u00e4stid\" \/>\n\t<meta name=\"twitter:data1\" content=\"1 minut\" \/>\n<!-- \/ Yoast SEO plugin. -->","yoast_head_json":{"title":"TRUUSK Utebord f\u00f6r 6 personer - Tr\u00e4look - Metallstomme - V\u00e4derbest\u00e4ndig - 145 x 85 x 72 cm - Gr\u00e5 - TRUUSK - Hem, Tr\u00e4dg\u00e5rd &amp; Fritid","robots":{"index":"index","follow":"follow","max-snippet":"max-snippet:-1","max-image-preview":"max-image-preview:large","max-video-preview":"max-video-preview:-1"},"canonical":"https:\/\/truusk.store\/sv\/produkt\/truusk-utebord-for-6-personer-tralook-metallstomme-vaderbestandig-145-x-85-x-72-cm-gra\/","og_locale":"sv_SE","og_type":"article","og_title":"TRUUSK Utebord f\u00f6r 6 personer - Tr\u00e4look - Metallstomme - V\u00e4derbest\u00e4ndig - 145 x 85 x 72 cm - Gr\u00e5 - TRUUSK - Hem, Tr\u00e4dg\u00e5rd &amp; Fritid","og_description":"F\u00e5 den perfekta atmosf\u00e4ren f\u00f6r grillning, l\u00e4gereld eller avslappnad l\u00e4sning i tr\u00e4dg\u00e5rden med uteplatsbordet. Den robusta st\u00e5lkonstruktionen och den l\u00e4ttsk\u00f6tta...","og_url":"https:\/\/truusk.store\/sv\/produkt\/truusk-utebord-for-6-personer-tralook-metallstomme-vaderbestandig-145-x-85-x-72-cm-gra\/","og_site_name":"TRUUSK - Hem, Tr\u00e4dg\u00e5rd &amp; Fritid","article_modified_time":"2026-03-12T08:34:06+00:00","og_image":[{"width":800,"height":800,"url":"https:\/\/i0.wp.com\/truusk.se\/wp-content\/uploads\/2024\/02\/utebord-for-6-personer-tralook-metallstomme-vaderbestandig-145-x-85-x-72-cm-gra.webp?fit=800%2C800&ssl=1","type":"image\/webp"}],"twitter_card":"summary_large_image","twitter_misc":{"Ber\u00e4knad l\u00e4stid":"1 minut"},"schema":{"@context":"https:\/\/schema.org","@graph":[{"@type":"WebPage","@id":"https:\/\/truusk.store\/sv\/produkt\/truusk-utebord-for-6-personer-tralook-metallstomme-vaderbestandig-145-x-85-x-72-cm-gra\/","url":"https:\/\/truusk.store\/sv\/produkt\/truusk-utebord-for-6-personer-tralook-metallstomme-vaderbestandig-145-x-85-x-72-cm-gra\/","name":"TRUUSK Utebord f\u00f6r 6 personer - Tr\u00e4look - Metallstomme - V\u00e4derbest\u00e4ndig - 145 x 85 x 72 cm - Gr\u00e5 - TRUUSK - Hem, Tr\u00e4dg\u00e5rd &amp; Fritid","isPartOf":{"@id":"https:\/\/truusk.store\/sv\/#website"},"primaryImageOfPage":{"@id":"https:\/\/truusk.store\/sv\/produkt\/truusk-utebord-for-6-personer-tralook-metallstomme-vaderbestandig-145-x-85-x-72-cm-gra\/#primaryimage"},"image":{"@id":"https:\/\/truusk.store\/sv\/produkt\/truusk-utebord-for-6-personer-tralook-metallstomme-vaderbestandig-145-x-85-x-72-cm-gra\/#primaryimage"},"thumbnailUrl":"https:\/\/i0.wp.com\/truusk.store\/wp-content\/uploads\/2024\/02\/utebord-for-6-personer-tralook-metallstomme-vaderbestandig-145-x-85-x-72-cm-gra.webp?fit=800%2C800&ssl=1","datePublished":"2024-02-14T06:23:22+00:00","dateModified":"2026-03-12T08:34:06+00:00","breadcrumb":{"@id":"https:\/\/truusk.store\/sv\/produkt\/truusk-utebord-for-6-personer-tralook-metallstomme-vaderbestandig-145-x-85-x-72-cm-gra\/#breadcrumb"},"inLanguage":"sv-SE","potentialAction":[{"@type":"ReadAction","target":["https:\/\/truusk.store\/sv\/produkt\/truusk-utebord-for-6-personer-tralook-metallstomme-vaderbestandig-145-x-85-x-72-cm-gra\/"]}]},{"@type":"ImageObject","inLanguage":"sv-SE","@id":"https:\/\/truusk.store\/sv\/produkt\/truusk-utebord-for-6-personer-tralook-metallstomme-vaderbestandig-145-x-85-x-72-cm-gra\/#primaryimage","url":"https:\/\/i0.wp.com\/truusk.store\/wp-content\/uploads\/2024\/02\/utebord-for-6-personer-tralook-metallstomme-vaderbestandig-145-x-85-x-72-cm-gra.webp?fit=800%2C800&ssl=1","contentUrl":"https:\/\/i0.wp.com\/truusk.store\/wp-content\/uploads\/2024\/02\/utebord-for-6-personer-tralook-metallstomme-vaderbestandig-145-x-85-x-72-cm-gra.webp?fit=800%2C800&ssl=1","width":800,"height":800,"caption":"Utebord F\u00f6r 6 Personer, Tr\u00e4look, Metallstomme, V\u00e4derbest\u00e4ndig, 145 X 85 X 72 Cm, Gr\u00e5 1"},{"@type":"BreadcrumbList","@id":"https:\/\/truusk.store\/sv\/produkt\/truusk-utebord-for-6-personer-tralook-metallstomme-vaderbestandig-145-x-85-x-72-cm-gra\/#breadcrumb","itemListElement":[{"@type":"ListItem","position":1,"name":"Home","item":"https:\/\/truusk.store\/sv\/"},{"@type":"ListItem","position":2,"name":"Shop","item":"https:\/\/truusk.store\/shop\/"},{"@type":"ListItem","position":3,"name":"TRUUSK Utebord f\u00f6r 6 personer &#8211; Tr\u00e4look &#8211; Metallstomme &#8211; V\u00e4derbest\u00e4ndig &#8211; 145 x 85 x 72 cm &#8211; Gr\u00e5"}]},{"@type":"WebSite","@id":"https:\/\/truusk.store\/sv\/#website","url":"https:\/\/truusk.store\/sv\/","name":"TRUUSK - Hem, Tr\u00e4dg\u00e5rd & Fritid","description":"","publisher":{"@id":"https:\/\/truusk.store\/sv\/#organization"},"potentialAction":[{"@type":"SearchAction","target":{"@type":"EntryPoint","urlTemplate":"https:\/\/truusk.store\/sv\/?s={search_term_string}"},"query-input":{"@type":"PropertyValueSpecification","valueRequired":true,"valueName":"search_term_string"}}],"inLanguage":"sv-SE"},{"@type":"Organization","@id":"https:\/\/truusk.store\/sv\/#organization","name":"TRUUSK - Hem, Tr\u00e4dg\u00e5rd & Fritid","url":"https:\/\/truusk.store\/sv\/","logo":{"@type":"ImageObject","inLanguage":"sv-SE","@id":"https:\/\/truusk.store\/sv\/#\/schema\/logo\/image\/","url":"https:\/\/i0.wp.com\/truusk.store\/wp-content\/uploads\/2026\/03\/cropped-TRUUSK.png?fit=2032%2C917&ssl=1","contentUrl":"https:\/\/i0.wp.com\/truusk.store\/wp-content\/uploads\/2026\/03\/cropped-TRUUSK.png?fit=2032%2C917&ssl=1","width":2032,"height":917,"caption":"TRUUSK - Hem, Tr\u00e4dg\u00e5rd & Fritid"},"image":{"@id":"https:\/\/truusk.store\/sv\/#\/schema\/logo\/image\/"}}]}},"jetpack_sharing_enabled":true,"_links":{"self":[{"href":"https:\/\/truusk.store\/sv\/wp-json\/wp\/v2\/product\/47622","targetHints":{"allow":["GET"]}}],"collection":[{"href":"https:\/\/truusk.store\/sv\/wp-json\/wp\/v2\/product"}],"about":[{"href":"https:\/\/truusk.store\/sv\/wp-json\/wp\/v2\/types\/product"}],"wp:featuredmedia":[{"embeddable":true,"href":"https:\/\/truusk.store\/sv\/wp-json\/wp\/v2\/media\/47623"}],"wp:attachment":[{"href":"https:\/\/truusk.store\/sv\/wp-json\/wp\/v2\/media?parent=47622"}],"wp:term":[{"taxonomy":"product_brand","embeddable":true,"href":"https:\/\/truusk.store\/sv\/wp-json\/wp\/v2\/product_brand?post=47622"},{"taxonomy":"product_cat","embeddable":true,"href":"https:\/\/truusk.store\/sv\/wp-json\/wp\/v2\/product_cat?post=47622"},{"taxonomy":"product_tag","embeddable":true,"href":"https:\/\/truusk.store\/sv\/wp-json\/wp\/v2\/product_tag?post=47622"}],"curies":[{"name":"wp","href":"https:\/\/api.w.org\/{rel}","templated":true}]}}