{"id":47661,"date":"2024-02-14T07:24:56","date_gmt":"2024-02-14T06:24:56","guid":{"rendered":"https:\/\/truusk.store\/product\/utomhusbistromobelset-tradgardsbistroset-hopfallbart-bistroset-535-cm-x-64-cm-x-93-cm-ljusgra\/"},"modified":"2026-03-12T09:34:09","modified_gmt":"2026-03-12T08:34:09","slug":"truusk-utomhusbistromobelset-tradgardsbistroset-hopfallbart-535-x-64-x-93-cm-ljusgra","status":"publish","type":"product","link":"https:\/\/truusk.store\/sv\/produkt\/truusk-utomhusbistromobelset-tradgardsbistroset-hopfallbart-535-x-64-x-93-cm-ljusgra\/","title":{"rendered":"TRUUSK Utomhusbistrom\u00f6belset &#8211; Tr\u00e4dg\u00e5rdsbistroset &#8211; Hopf\u00e4llbart &#8211; 53,5 x 64 x 93 cm &#8211; Ljusgr\u00e5"},"content":{"rendered":"<p>Tr\u00e4dg\u00e5rdsm\u00f6belsetet i tre delar best\u00e5r av ett soffbord med en skiva i h\u00e4rdat glas och tv\u00e5 f\u00e4llbara stolar med armst\u00f6d. Bordet och stolarna \u00e4r tillverkade av en metallram med en pulverlackerad yta, vilket g\u00f6r dem stabila och robusta. Den hopf\u00e4llbara designen g\u00f6r bordet och stolarna l\u00e4tta att f\u00f6rvara och transportera. Ett perfekt s\u00e4tt att njuta av dagen precis utanf\u00f6r d\u00f6rren.<\/p>\n<h3>Beskrivning:<\/h3>\n<ul>\n<li>Andningsbara meshs\u00e4ten med armst\u00f6d f\u00f6r optimal komfort<\/li>\n<li>Hopf\u00e4llbara bord och stolar \u00e4r l\u00e4tta att f\u00f6rvara n\u00e4r de inte anv\u00e4nds<\/li>\n<li>5 mm tjock h\u00e4rdat glasskiva s\u00e4kerst\u00e4ller stabilitet och enkel reng\u00f6ring.<\/li>\n<li>Pulverlackerad st\u00e5lram s\u00e4kerst\u00e4ller styrka och h\u00e5llbarhet<\/li>\n<li>Ett perfekt komplement till din uteplats, tr\u00e4dg\u00e5rd, uteplats och mer<\/li>\n<li>Ingen montering kr\u00e4vs<\/li>\n<\/ul>\n<h3>Teknisk data:<\/h3>\n<ul>\n<li>F\u00e4rg: ljusgr\u00e5<\/li>\n<li>Material: st\u00e5l, h\u00e4rdat glas, meshtyg<\/li>\n<li>Bordsm\u00e5tt: 45 x 50H cm<\/li>\n<li>Stolstorlek: 53,5L x 64W x 93H cm<\/li>\n<li>Storlek hopf\u00e4lld stol: 86L x 53,5W x 9H cm<\/li>\n<li>Vikt bordsstorlek: 64L x 45W x 7,5H cm<\/li>\n<li>Sitsstorlek: 43W x 40H cm<\/li>\n<li>Sitth\u00f6jd: 42 cm<\/li>\n<li>Ryggst\u00f6dsstorlek: 43W x 45H cm<\/li>\n<li>Bordets viktkapacitet: 25 kg<\/li>\n<li>Stolens viktkapacitet: 120 kg<\/li>\n<\/ul>\n<h3>Leveransens omfattning:<\/h3>\n<ul>\n<li>2 x stol<\/li>\n<li>1 x bord<\/li>\n<li>1 x manuell<\/li>\n<\/ul>\n","protected":false},"excerpt":{"rendered":"<p>Tr\u00e4dg\u00e5rdsm\u00f6belsetet i tre delar best\u00e5r av ett soffbord med en skiva i h\u00e4rdat glas och tv\u00e5 f\u00e4llbara stolar med armst\u00f6d&#8230;.<\/p>\n","protected":false},"featured_media":47662,"template":"","meta":[],"product_brand":[],"product_cat":[435,450,456],"product_tag":[],"class_list":{"0":"post-47661","1":"product","2":"type-product","3":"status-publish","4":"has-post-thumbnail","6":"product_cat-tradgard-och-terrass","7":"product_cat-tradgardsmobler","8":"product_cat-tradgardsmobler-set","10":"first","11":"instock","12":"sale","13":"taxable","14":"shipping-taxable","15":"purchasable","16":"product-type-simple"},"yoast_head":"<!-- This site is optimized with the Yoast SEO plugin v25.4 - https:\/\/yoast.com\/wordpress\/plugins\/seo\/ -->\n<title>TRUUSK Utomhusbistrom\u00f6belset - Tr\u00e4dg\u00e5rdsbistroset - Hopf\u00e4llbart - 53,5 x 64 x 93 cm - Ljusgr\u00e5 - TRUUSK - Hem, Tr\u00e4dg\u00e5rd &amp; Fritid<\/title>\n<meta name=\"robots\" content=\"index, follow, max-snippet:-1, max-image-preview:large, max-video-preview:-1\" \/>\n<link rel=\"canonical\" href=\"https:\/\/truusk.store\/sv\/produkt\/truusk-utomhusbistromobelset-tradgardsbistroset-hopfallbart-535-x-64-x-93-cm-ljusgra\/\" \/>\n<meta property=\"og:locale\" content=\"sv_SE\" \/>\n<meta property=\"og:type\" content=\"article\" \/>\n<meta property=\"og:title\" content=\"TRUUSK Utomhusbistrom\u00f6belset - Tr\u00e4dg\u00e5rdsbistroset - Hopf\u00e4llbart - 53,5 x 64 x 93 cm - Ljusgr\u00e5 - TRUUSK - Hem, Tr\u00e4dg\u00e5rd &amp; Fritid\" \/>\n<meta property=\"og:description\" content=\"Tr\u00e4dg\u00e5rdsm\u00f6belsetet i tre delar best\u00e5r av ett soffbord med en skiva i h\u00e4rdat glas och tv\u00e5 f\u00e4llbara stolar med armst\u00f6d....\" \/>\n<meta property=\"og:url\" content=\"https:\/\/truusk.store\/sv\/produkt\/truusk-utomhusbistromobelset-tradgardsbistroset-hopfallbart-535-x-64-x-93-cm-ljusgra\/\" \/>\n<meta property=\"og:site_name\" content=\"TRUUSK - Hem, Tr\u00e4dg\u00e5rd &amp; Fritid\" \/>\n<meta property=\"article:modified_time\" content=\"2026-03-12T08:34:09+00:00\" \/>\n<meta property=\"og:image\" content=\"https:\/\/i0.wp.com\/truusk.se\/wp-content\/uploads\/2024\/02\/utomhusbistromobelset-tradgardsbistroset-hopfallbart-bistroset-535-cm-x-64-cm-x-93-cm-ljusgra.webp?fit=800%2C800&ssl=1\" \/>\n\t<meta property=\"og:image:width\" content=\"800\" \/>\n\t<meta property=\"og:image:height\" content=\"800\" \/>\n\t<meta property=\"og:image:type\" content=\"image\/webp\" \/>\n<meta name=\"twitter:card\" content=\"summary_large_image\" \/>\n<meta name=\"twitter:label1\" content=\"Ber\u00e4knad l\u00e4stid\" \/>\n\t<meta name=\"twitter:data1\" content=\"1 minut\" \/>\n<!-- \/ Yoast SEO plugin. -->","yoast_head_json":{"title":"TRUUSK Utomhusbistrom\u00f6belset - Tr\u00e4dg\u00e5rdsbistroset - Hopf\u00e4llbart - 53,5 x 64 x 93 cm - Ljusgr\u00e5 - TRUUSK - Hem, Tr\u00e4dg\u00e5rd &amp; Fritid","robots":{"index":"index","follow":"follow","max-snippet":"max-snippet:-1","max-image-preview":"max-image-preview:large","max-video-preview":"max-video-preview:-1"},"canonical":"https:\/\/truusk.store\/sv\/produkt\/truusk-utomhusbistromobelset-tradgardsbistroset-hopfallbart-535-x-64-x-93-cm-ljusgra\/","og_locale":"sv_SE","og_type":"article","og_title":"TRUUSK Utomhusbistrom\u00f6belset - Tr\u00e4dg\u00e5rdsbistroset - Hopf\u00e4llbart - 53,5 x 64 x 93 cm - Ljusgr\u00e5 - TRUUSK - Hem, Tr\u00e4dg\u00e5rd &amp; Fritid","og_description":"Tr\u00e4dg\u00e5rdsm\u00f6belsetet i tre delar best\u00e5r av ett soffbord med en skiva i h\u00e4rdat glas och tv\u00e5 f\u00e4llbara stolar med armst\u00f6d....","og_url":"https:\/\/truusk.store\/sv\/produkt\/truusk-utomhusbistromobelset-tradgardsbistroset-hopfallbart-535-x-64-x-93-cm-ljusgra\/","og_site_name":"TRUUSK - Hem, Tr\u00e4dg\u00e5rd &amp; Fritid","article_modified_time":"2026-03-12T08:34:09+00:00","og_image":[{"width":800,"height":800,"url":"https:\/\/i0.wp.com\/truusk.se\/wp-content\/uploads\/2024\/02\/utomhusbistromobelset-tradgardsbistroset-hopfallbart-bistroset-535-cm-x-64-cm-x-93-cm-ljusgra.webp?fit=800%2C800&ssl=1","type":"image\/webp"}],"twitter_card":"summary_large_image","twitter_misc":{"Ber\u00e4knad l\u00e4stid":"1 minut"},"schema":{"@context":"https:\/\/schema.org","@graph":[{"@type":"WebPage","@id":"https:\/\/truusk.store\/sv\/produkt\/truusk-utomhusbistromobelset-tradgardsbistroset-hopfallbart-535-x-64-x-93-cm-ljusgra\/","url":"https:\/\/truusk.store\/sv\/produkt\/truusk-utomhusbistromobelset-tradgardsbistroset-hopfallbart-535-x-64-x-93-cm-ljusgra\/","name":"TRUUSK Utomhusbistrom\u00f6belset - Tr\u00e4dg\u00e5rdsbistroset - Hopf\u00e4llbart - 53,5 x 64 x 93 cm - Ljusgr\u00e5 - TRUUSK - Hem, Tr\u00e4dg\u00e5rd &amp; Fritid","isPartOf":{"@id":"https:\/\/truusk.store\/sv\/#website"},"primaryImageOfPage":{"@id":"https:\/\/truusk.store\/sv\/produkt\/truusk-utomhusbistromobelset-tradgardsbistroset-hopfallbart-535-x-64-x-93-cm-ljusgra\/#primaryimage"},"image":{"@id":"https:\/\/truusk.store\/sv\/produkt\/truusk-utomhusbistromobelset-tradgardsbistroset-hopfallbart-535-x-64-x-93-cm-ljusgra\/#primaryimage"},"thumbnailUrl":"https:\/\/i0.wp.com\/truusk.store\/wp-content\/uploads\/2024\/02\/utomhusbistromobelset-tradgardsbistroset-hopfallbart-bistroset-535-cm-x-64-cm-x-93-cm-ljusgra.webp?fit=800%2C800&ssl=1","datePublished":"2024-02-14T06:24:56+00:00","dateModified":"2026-03-12T08:34:09+00:00","breadcrumb":{"@id":"https:\/\/truusk.store\/sv\/produkt\/truusk-utomhusbistromobelset-tradgardsbistroset-hopfallbart-535-x-64-x-93-cm-ljusgra\/#breadcrumb"},"inLanguage":"sv-SE","potentialAction":[{"@type":"ReadAction","target":["https:\/\/truusk.store\/sv\/produkt\/truusk-utomhusbistromobelset-tradgardsbistroset-hopfallbart-535-x-64-x-93-cm-ljusgra\/"]}]},{"@type":"ImageObject","inLanguage":"sv-SE","@id":"https:\/\/truusk.store\/sv\/produkt\/truusk-utomhusbistromobelset-tradgardsbistroset-hopfallbart-535-x-64-x-93-cm-ljusgra\/#primaryimage","url":"https:\/\/i0.wp.com\/truusk.store\/wp-content\/uploads\/2024\/02\/utomhusbistromobelset-tradgardsbistroset-hopfallbart-bistroset-535-cm-x-64-cm-x-93-cm-ljusgra.webp?fit=800%2C800&ssl=1","contentUrl":"https:\/\/i0.wp.com\/truusk.store\/wp-content\/uploads\/2024\/02\/utomhusbistromobelset-tradgardsbistroset-hopfallbart-bistroset-535-cm-x-64-cm-x-93-cm-ljusgra.webp?fit=800%2C800&ssl=1","width":800,"height":800,"caption":"Utomhusbistrom\u00f6belset, Tr\u00e4dg\u00e5rdsbistroset, Hopf\u00e4llbart Bistroset, 53,5 Cm X 64 Cm X 93 Cm, Ljusgr\u00e5 1"},{"@type":"BreadcrumbList","@id":"https:\/\/truusk.store\/sv\/produkt\/truusk-utomhusbistromobelset-tradgardsbistroset-hopfallbart-535-x-64-x-93-cm-ljusgra\/#breadcrumb","itemListElement":[{"@type":"ListItem","position":1,"name":"Home","item":"https:\/\/truusk.store\/sv\/"},{"@type":"ListItem","position":2,"name":"Shop","item":"https:\/\/truusk.store\/shop\/"},{"@type":"ListItem","position":3,"name":"TRUUSK Utomhusbistrom\u00f6belset &#8211; Tr\u00e4dg\u00e5rdsbistroset &#8211; Hopf\u00e4llbart &#8211; 53,5 x 64 x 93 cm &#8211; Ljusgr\u00e5"}]},{"@type":"WebSite","@id":"https:\/\/truusk.store\/sv\/#website","url":"https:\/\/truusk.store\/sv\/","name":"TRUUSK - Hem, Tr\u00e4dg\u00e5rd & Fritid","description":"","publisher":{"@id":"https:\/\/truusk.store\/sv\/#organization"},"potentialAction":[{"@type":"SearchAction","target":{"@type":"EntryPoint","urlTemplate":"https:\/\/truusk.store\/sv\/?s={search_term_string}"},"query-input":{"@type":"PropertyValueSpecification","valueRequired":true,"valueName":"search_term_string"}}],"inLanguage":"sv-SE"},{"@type":"Organization","@id":"https:\/\/truusk.store\/sv\/#organization","name":"TRUUSK - Hem, Tr\u00e4dg\u00e5rd & Fritid","url":"https:\/\/truusk.store\/sv\/","logo":{"@type":"ImageObject","inLanguage":"sv-SE","@id":"https:\/\/truusk.store\/sv\/#\/schema\/logo\/image\/","url":"https:\/\/i0.wp.com\/truusk.store\/wp-content\/uploads\/2026\/03\/cropped-TRUUSK.png?fit=2032%2C917&ssl=1","contentUrl":"https:\/\/i0.wp.com\/truusk.store\/wp-content\/uploads\/2026\/03\/cropped-TRUUSK.png?fit=2032%2C917&ssl=1","width":2032,"height":917,"caption":"TRUUSK - Hem, Tr\u00e4dg\u00e5rd & Fritid"},"image":{"@id":"https:\/\/truusk.store\/sv\/#\/schema\/logo\/image\/"}}]}},"jetpack_sharing_enabled":true,"_links":{"self":[{"href":"https:\/\/truusk.store\/sv\/wp-json\/wp\/v2\/product\/47661","targetHints":{"allow":["GET"]}}],"collection":[{"href":"https:\/\/truusk.store\/sv\/wp-json\/wp\/v2\/product"}],"about":[{"href":"https:\/\/truusk.store\/sv\/wp-json\/wp\/v2\/types\/product"}],"wp:featuredmedia":[{"embeddable":true,"href":"https:\/\/truusk.store\/sv\/wp-json\/wp\/v2\/media\/47662"}],"wp:attachment":[{"href":"https:\/\/truusk.store\/sv\/wp-json\/wp\/v2\/media?parent=47661"}],"wp:term":[{"taxonomy":"product_brand","embeddable":true,"href":"https:\/\/truusk.store\/sv\/wp-json\/wp\/v2\/product_brand?post=47661"},{"taxonomy":"product_cat","embeddable":true,"href":"https:\/\/truusk.store\/sv\/wp-json\/wp\/v2\/product_cat?post=47661"},{"taxonomy":"product_tag","embeddable":true,"href":"https:\/\/truusk.store\/sv\/wp-json\/wp\/v2\/product_tag?post=47661"}],"curies":[{"name":"wp","href":"https:\/\/api.w.org\/{rel}","templated":true}]}}